{"id":27633,"date":"2022-08-29T06:57:51","date_gmt":"2022-09-30T00:14:55","guid":{"rendered":"https:\/\/webwilly.ca\/?post_type=product&#038;p=27633"},"modified":"2024-02-09T13:37:18","modified_gmt":"2024-02-09T18:37:18","slug":"support-technique","status":"publish","type":"product","link":"https:\/\/webwilly.ca\/fr\/acheter\/technologie\/support-technique\/","title":{"rendered":"Support technique"},"content":{"rendered":"<div class=\"one-fourth first top-section\">\n<p><strong>Objectifs<\/strong><\/p>\n<div class=\"one-fourth first\"><img loading=\"lazy\" decoding=\"async\" src=\"\/wp-content\/uploads\/2019\/05\/Profile.png\" alt=\"templates\" width=\"54\" height=\"54\" class=\"alignnone size-full wp-image-9224\" \/><\/div>\n<div class=\"three-fourths\">\n<p>Incluez vos objectifs pour cet appel.<\/p>\n<\/div>\n<\/div>\n<div class=\"one-fourth top-section\">\n<p><strong>Dur\u00e9e<\/strong><\/p>\n<div class=\"one-fourth first\"><img loading=\"lazy\" decoding=\"async\" src=\"\/wp-content\/uploads\/2018\/05\/Process-Delay.png\" alt=\"duration\" width=\"54\" height=\"54\" class=\"alignnone size-full wp-image-9198\" \/><\/div>\n<div class=\"three-fourths\">\n<p>Achetez jusqu&rsquo;\u00e0 2 heures d&rsquo;assistance.<\/p>\n<\/div>\n<\/div>\n<div class=\"one-fourth top-section\">\n<p><strong>\u00c0 distance<\/strong><\/p>\n<div class=\"one-fourth first\"><img loading=\"lazy\" decoding=\"async\" src=\"\/wp-content\/uploads\/2018\/05\/templates.png\" alt=\"Hosting\" width=\"54\" height=\"54\" class=\"alignnone size-full wp-image-9224\" \/><\/div>\n<div class=\"three-fourths\">\n<p>Acc\u00e8s \u00e0 distance avec TeamViewer.<\/p>\n<\/div>\n<\/div>\n<div class=\"one-fourth top-section\">\n<p><strong>Fichiers<\/strong><\/p>\n<div class=\"one-fourth first\"><img loading=\"lazy\" decoding=\"async\" src=\"\/wp-content\/uploads\/2019\/05\/pictures.png\" alt=\"support\" width=\"54\" height=\"54\" class=\"alignnone size-full wp-image-9230\" \/><\/div>\n<div class=\"three-fourths\">\n<p>T\u00e9l\u00e9verser des fichiers tels que des captures d&rsquo;\u00e9cran.<\/p>\n<\/div>\n<\/div>\n<div class=\"one-fourth first top-section\">\n<p><strong>Patient<\/strong><\/p>\n<div class=\"one-fourth first\"><img loading=\"lazy\" decoding=\"async\" src=\"\/wp-content\/uploads\/2021\/07\/webwilly-marketing-services.png\" alt=\"design\" width=\"54\" height=\"54\" class=\"alignnone size-full wp-image-9192\" \/><\/div>\n<div class=\"three-fourths\">\n<p>Support patient pour les clients moins techniques.<\/p>\n<\/div>\n<\/div>\n<div class=\"one-fourth top-section\">\n<p><strong>Bilingue<\/strong><\/p>\n<div class=\"one-fourth first\"><img loading=\"lazy\" decoding=\"async\" src=\"\/wp-content\/uploads\/2019\/05\/models.png\" alt=\"bilingual\" width=\"54\" height=\"54\" class=\"alignnone size-full wp-image-9194\" \/><\/div>\n<div class=\"three-fourths\">\n<p>Service offert en anglais et en fran\u00e7ais.<\/p>\n<\/div>\n<\/div>\n<div class=\"one-fourth top-section\"><strong>Paiement<\/strong><\/p>\n<div class=\"one-fourth first\"><img loading=\"lazy\" decoding=\"async\" class=\"alignnone size-full wp-image-9228\" src=\"\/wp-content\/uploads\/2018\/05\/payment.png\" alt=\"payment\" width=\"54\" height=\"54\" \/><\/div>\n<div class=\"three-fourths\">Nous acceptons toutes les cartes de cr\u00e9dit via Stripe.<\/div>\n<\/div>\n<div class=\"one-fourth top-section\">\n<p><strong>Soutien<\/strong><\/p>\n<div class=\"one-fourth first\"><img loading=\"lazy\" decoding=\"async\" src=\"\/wp-content\/uploads\/2018\/05\/support.png\" alt=\"support\" width=\"54\" height=\"54\" class=\"alignnone size-full wp-image-9230\" \/><\/div>\n<div class=\"three-fourths\">\n<p>N&rsquo;h\u00e9sitez pas \u00e0 nous contacter.<\/p>\n<\/div>\n<\/div>\n<div class=\"clear-both\"><\/div>\n<div class=\"two-thirds first service-section\">\n<h2>Service de support technique<\/h2>\n<p>\nwebwilly offre des services de support technique \u00e0 distance aux entreprises du Qu\u00e9bec. Ce service est destin\u00e9 aux entreprises qui ont besoin d&rsquo;aide pour r\u00e9soudre des probl\u00e8mes informatiques quotidiens au bureau. Achetez la dur\u00e9e qui d\u00e9passe le temps requis pour votre probl\u00e8me de support. webwilly peut fournir un support technique pour une vari\u00e9t\u00e9 de probl\u00e8mes informatiques courants. Fournir une demande d&rsquo;assistance d\u00e9taill\u00e9e avec des captures d&rsquo;\u00e9cran ou des images de messages d&rsquo;erreur peut am\u00e9liorer les d\u00e9lais d&rsquo;assistance. webwilly peut tr\u00e8s probablement trouver des recommandations pour am\u00e9liorer les performances de votre ordinateur si votre probl\u00e8me d&rsquo;assistance est r\u00e9solu et qu&rsquo;il vous reste encore du temps d&rsquo;assistance sur votre appel. Les appels d&rsquo;assistance n\u00e9cessitent du temps pour diagnostiquer correctement le probl\u00e8me.\n<\/p>\n<\/div>\n<div class=\"one-third service-section\">\n<img decoding=\"async\" src=\"\/wp-content\/uploads\/2022\/07\/webwilly-tech-support-service-business-quebec-montreal-4.jpg\" class=\"centered\" alt=\"Support technique informatique\">\n<\/div>\n<div class=\"clear-both\"><\/div>\n<div class=\"one-half first service-section\">\n<h2>Dur\u00e9e du service d&rsquo;assistance<\/h2>\n<p>webwilly permet au client d&rsquo;acheter le temps d&rsquo;assistance qu&rsquo;il souhaite. Si la limite de temps est atteinte, le client peut choisir d&rsquo;acheter du temps suppl\u00e9mentaire ou de mettre fin \u00e0 l&rsquo;appel. webwilly s&rsquo;efforcera toujours de r\u00e9soudre le probl\u00e8me le plus rapidement possible. Il est possible que la premi\u00e8re partie de l&rsquo;appel d&rsquo;assistance soit consacr\u00e9e au diagnostic du probl\u00e8me et \u00e0 en savoir plus sur la fa\u00e7on dont le client a rencontr\u00e9 ce probl\u00e8me. Une fois le probl\u00e8me correctement identifi\u00e9, webwilly tentera de r\u00e9soudre le probl\u00e8me en temps opportun.<\/p>\n<\/div>\n<div class=\"one-half service-section\">\n<div style=\"text-align:center;\">\n<h3>Dur\u00e9e de l&rsquo;appel d&rsquo;assistance<\/h3>\n<\/div>\n<div class=\"pricing-table\">\n<div class=\"plan one-third first\">\n<h4>30 min<\/h4>\n<ul>\n<li>Dur\u00e9e de l&rsquo;appel<br \/>\n<em>Jusqu&rsquo;\u00e0 30 minutes<\/em>\n<\/li>\n<\/ul>\n<\/div>\n<div class=\"plan one-third service-section\">\n<h4>1 Hour<\/h4>\n<ul>\n<li>Dur\u00e9e de l&rsquo;appel<br \/>\n<em>Jusqu&rsquo;\u00e0 1 heure<\/em>\n<\/li>\n<\/ul>\n<\/div>\n<div class=\"plan one-third service-section\">\n<h4>2 Hours<\/h4>\n<ul>\n<li>Dur\u00e9e de l&rsquo;appel<br \/>\n<em>Jusqu&rsquo;\u00e0 2 heures<\/em>\n<\/li>\n<\/ul>\n<\/div>\n<\/div>\n<\/div>\n<div class=\"clear-both\"><\/div>\n<div class=\"one-half first service-section\">\n<h2>Assistance d&rsquo;urgence<\/h2>\n<p>\nwebwilly peut potentiellement fournir des services d&rsquo;assistance d&rsquo;urgence. Appelez directement webwilly pour demander la disponibilit\u00e9 de l&rsquo;assistance d&rsquo;urgence. Si webwilly est disponible, vous pouvez acheter des services d&rsquo;assistance d&rsquo;urgence. Ce service n&rsquo;est pas garanti d&rsquo;\u00eatre disponible \u00e0 tout moment . Toutefois, ce service peut \u00eatre offert en dehors des heures normales d&rsquo;ouverture. Si vous avez besoin d&rsquo;assistance le soir ou le week-end, l&rsquo;assistance d&rsquo;urgence apr\u00e8s les heures d&rsquo;ouverture sera requise. webwilly ne garantit pas la disponibilit\u00e9 des services d&rsquo;assistance d&rsquo;urgence mais tentera toujours d&rsquo;accommoder les clients.\n<\/p>\n<\/div>\n<div class=\"one-half service-section\">\n<div style=\"text-align:center;\">\n<h3>Assistance d&rsquo;urgence<\/h3>\n<\/div>\n<div class=\"pricing-table\">\n<div class=\"plan one-third first\">\n<h4>Pas d&rsquo;urgence<\/h4>\n<ul>\n<li>L&rsquo;urgence de l&rsquo;appel<br \/>\n<em>Lorsque disponible<\/em>\n<\/li>\n<li>Heures de service<br \/>\n<em>Pendant les heures d&rsquo;ouverture<\/em>\n<\/li>\n<\/ul>\n<\/div>\n<div class=\"plan one-third service-section\">\n<h4>Urgence<\/h4>\n<ul>\n<li>L&rsquo;urgence de l&rsquo;appel<br \/>\n<em>Appelez pour disponibilit\u00e9 imm\u00e9diate<br \/>\n(438) 882-3255<\/em>\n<\/li>\n<li>Heures de service<br \/>\n<em>Pendant les heures d&rsquo;ouverture<\/em>\n<\/li>\n<\/ul>\n<\/div>\n<div class=\"plan one-third service-section\">\n<h4>Urgence apr\u00e8s les heures d&rsquo;ouverture<\/h4>\n<ul>\n<li>L&rsquo;urgence de l&rsquo;appel<br \/>\n<em>Appelez pour disponibilit\u00e9 imm\u00e9diate<br \/>\n(438) 882-3255<\/em>\n<\/li>\n<li>Heures de service<br \/>\n<em>Avant 8h30, apr\u00e8s 16h30, les week-ends, et les jours f\u00e9ri\u00e9s<\/em>\n<\/li>\n<\/ul>\n<\/div>\n<\/div>\n<\/div>\n<div class=\"clear-both\"><\/div>\n<div class=\"two-thirds first service-section\">\n<h2>Acc\u00e8s \u00e0 distance TeamViewer<\/h2>\n<p>\nwebwilly fournit une assistance \u00e0 l&rsquo;aide de TeamViewer pour se connecter \u00e0 distance \u00e0 votre ordinateur. Cela permettra \u00e0 webwilly de r\u00e9gler votre probl\u00e8me \u00e0 distance en contr\u00f4lant votre ordinateur. Vous pourrez voir tout ce que webwilly fait sur votre ordinateur. Ce logiciel peut \u00eatre t\u00e9l\u00e9charg\u00e9 gratuitement sur teamviewer.com. Gr\u00e2ce \u00e0 ce logiciel, vous pouvez g\u00e9n\u00e9rer un mot de passe \u00e0 usage unique \u00e0 donner \u00e0 webwilly par t\u00e9l\u00e9phone. Gr\u00e2ce \u00e0 votre identifiant et au mot de passe \u00e0 usage unique fourni, webwilly pourra se connecter \u00e0 votre ordinateur et le contr\u00f4ler \u00e0 distance. Vous pouvez fermer cette session d&rsquo;acc\u00e8s \u00e0 distance \u00e0 tout moment et supprimer la capacit\u00e9 de webwilly \u00e0 contr\u00f4ler votre ordinateur. Une fois la session ferm\u00e9e, webwilly ne peut se connecter \u00e0 votre ordinateur que si vous fournissez \u00e0 webwilly le nouveau mot de passe. Si vous n&rsquo;avez pas ce logiciel sur votre ordinateur, webwilly peut vous aider \u00e0 l&rsquo;installer par t\u00e9l\u00e9phone lors de votre premier appel.\n<\/p>\n<\/div>\n<div class=\"one-third service-section\">\n<img decoding=\"async\" src=\"\/wp-content\/uploads\/2022\/07\/webwilly-tech-support-service-business-quebec-montreal-7.jpg\" class=\"centered\" alt=\"acc\u00e8s \u00e0 distance\">\n<\/div>\n<div class=\"clear-both\"><\/div>\n<div class=\"one-half first service-section\">\n<h2>Assistance Windows uniquement<\/h2>\n<p>\nwebwilly ne fournit de l&rsquo;assistance que sur les syst\u00e8mes d&rsquo;exploitation Windows aussi anciens que Windows 7. Certains syst\u00e8mes d&rsquo;exploitation plus anciens comme Windows 7 et 8 peuvent avoir des probl\u00e8mes ou des bogues de compatibilit\u00e9 qui ne peuvent pas \u00eatre r\u00e9solus par webwilly. webwilly ne prend pas en charge d&rsquo;autres syst\u00e8mes d&rsquo;exploitation tels que Mac ou Linux. Vos appareils, tels que votre imprimante et votre scanner, doivent \u00e9galement \u00eatre compatibles avec le syst\u00e8me d&rsquo;exploitation Windows.\n<\/p>\n<\/div>\n<div class=\"one-half service-section\">\n<div style=\"text-align:center;\">\n<h3>Syst\u00e8mes d&rsquo;exploitation pris en charge<\/h3>\n<\/div>\n<div class=\"pricing-table\">\n<div class=\"plan one-third first\">\n<h4>Mac<\/h4>\n<ul>\n<li>Syst\u00e8me d&rsquo;exploitation<br \/>\n<em>Non pris en charge <\/em>\n<\/li>\n<li>Version<br \/>\n<em>Non applicable<\/em>\n<\/li>\n<\/ul>\n<\/div>\n<div class=\"plan one-third service-section\">\n<h4>Windows<\/h4>\n<ul>\n<li>Syst\u00e8me d&rsquo;exploitation<br \/>\n<em>Pris en charge<\/em>\n<\/li>\n<li>Version<br \/>\n<em>Windows 7, 8, 10 &#038; 11<br \/>\nWindows 9 n&rsquo;existe pas<\/em>\n<\/li>\n<\/ul>\n<\/div>\n<div class=\"plan one-third service-section\">\n<h4>Linux<\/h4>\n<ul>\n<li>Syst\u00e8me d&rsquo;exploitation<br \/>\n<em>Non pris en charge <\/em>\n<\/li>\n<li>Version<br \/>\n<em>Non applicable<\/em>\n<\/li>\n<\/ul>\n<\/div>\n<\/div>\n<\/div>\n<div class=\"clear-both\"><\/div>\n<div class=\"two-thirds first service-section\">\n<h2>Assistance technique pour les imprimantes<\/h2>\n<p>\nUn probl\u00e8me courant au bureau est lorsque l&rsquo;imprimante arr\u00eate d&rsquo;imprimer. webwilly peut tr\u00e8s probablement r\u00e9soudre votre probl\u00e8me d&rsquo;imprimante. Il est important de s&rsquo;assurer que l&rsquo;imprimante est correctement connect\u00e9e \u00e0 la prise de courant et \u00e0 Internet ou directement \u00e0 l&rsquo;ordinateur. La connexion de l&rsquo;imprimante \u00e0 Internet peut se faire via wifi , avec une imprimante wifi ou directement avec un c\u00e2ble ethernet (internet). La connexion directe de l&rsquo;imprimante \u00e0 l&rsquo;ordinateur peut \u00eatre effectu\u00e9e \u00e0 l&rsquo;aide d&rsquo;un c\u00e2ble USB, g\u00e9n\u00e9ralement fourni avec l&rsquo;imprimante. Si l&rsquo;imprimante est aliment\u00e9e et connect\u00e9e \u00e0 Internet, 30 minutes suffisent probablement. Si l&rsquo;imprimante est sous tension mais n&rsquo;est pas connect\u00e9e \u00e0 Internet, jusqu&rsquo;\u00e0 1 heure peut \u00eatre n\u00e9cessaire. Incluez votre mod\u00e8le d&rsquo;imprimante dans la demande d&rsquo;assistance. L&rsquo;imprimante doit avoir du papier et de l&rsquo;encre.<\/p>\n<\/div>\n<div class=\"one-third service-section\">\n<img decoding=\"async\" src=\"\/wp-content\/uploads\/2022\/07\/webwilly-tech-support-service-business-quebec-montreal-8.jpg\" class=\"centered\" alt=\"Support technique pour imprimantes\">\n<\/div>\n<div class=\"clear-both\"><\/div>\n<div class=\"two-thirds first service-section\">\n<h2>Assistance technique pour les scanners<\/h2>\n<p>\nUn autre probl\u00e8me courant avec les \u00e9quipements de bureau est lorsque le scanner arr\u00eate de num\u00e9riser. webwilly peut tr\u00e8s probablement r\u00e9soudre votre probl\u00e8me de scanner. La connexion du scanner \u00e0 l&rsquo;ordinateur se fait g\u00e9n\u00e9ralement avec un c\u00e2ble USB fourni avec le scanner. Une partie du processus d&rsquo;assistance peut n\u00e9cessiter que le client d\u00e9branche temporairement le scanner de l&rsquo;ordinateur. Si le scanner est aliment\u00e9 et fonctionnait auparavant, 30 minutes suffisent probablement. Si le scanner n&rsquo;a jamais \u00e9t\u00e9 install\u00e9 auparavant, une heure d&rsquo;assistance peut \u00eatre n\u00e9cessaire.\n<\/p>\n<\/div>\n<div class=\"one-third service-section\">\n<img decoding=\"async\" src=\"\/wp-content\/uploads\/2022\/08\/webwilly-tech-support-service.jpg\" class=\"centered\" alt=\"Support technique pour scanneur\">\n<\/div>\n<div class=\"clear-both\"><\/div>\n<div class=\"two-thirds first service-section\">\n<h2>Assistance technique pour les navigateurs Internet<\/h2>\n<p>\nLes employ\u00e9s peuvent parfois \u00eatre confront\u00e9s \u00e0 des bugs et \u00e0 des probl\u00e8mes lors de la navigation sur un site Web. Des probl\u00e8mes peuvent survenir lors de la tentative de t\u00e9l\u00e9chargement d&rsquo;un fichier PDF, de l&rsquo;affichage d&rsquo;une section sp\u00e9cifique du site Web, de la connexion au portail, de l&rsquo;ouverture d&rsquo;une fen\u00eatre contextuelle ou autres. En fonction de la nature du probl\u00e8me et de sa cause premi\u00e8re, webwilly peut probablement vous aider \u00e0 r\u00e9soudre le probl\u00e8me ou \u00e0 le contourner afin que vous puissiez continuer \u00e0 travailler. Dans la plupart des probl\u00e8mes de navigateur, lorsque le site Web lui-m\u00eame n&rsquo;est pas le probl\u00e8me, webwilly peut \u00eatre un support plus efficace que de contacter le site Web. Les solutions incluent souvent la suppression des cookies ou du cache du navigateur. Parfois, l&rsquo;installation d&rsquo;un nouveau navigateur est la solution. Des probl\u00e8mes peuvent \u00e9galement survenir avec le compte client associ\u00e9 au navigateur. Les probl\u00e8mes de prise en charge du navigateur peuvent g\u00e9n\u00e9ralement \u00eatre r\u00e9solus en 30 minutes.\n<\/p>\n<\/div>\n<div class=\"one-third service-section\">\n<img decoding=\"async\" src=\"\/wp-content\/uploads\/2022\/08\/webwilly-tech-support-services.jpg\" class=\"centered\" alt=\"Support technique pour navigateur internet\">\n<\/div>\n<div class=\"clear-both\"><\/div>\n<div class=\"two-thirds first service-section\">\n<h2>Assistance technique pour les ordinateurs lents<\/h2>\n<p>\nSi votre ordinateur est lent parce qu&rsquo;il est encombr\u00e9, webwilly peut vous aider \u00e0 nettoyer votre syst\u00e8me pour lib\u00e9rer de la m\u00e9moire et de l&rsquo;espace sur le disque dur. Cela se fait g\u00e9n\u00e9ralement en d\u00e9sinstallant les programmes que vous n&rsquo;utilisez pas ou que vous ne saviez pas que vous aviez. Une autre \u00e9tape importante consistera \u00e0 passer en revue les programmes qui se lancent au d\u00e9marrage de l&rsquo;ordinateur. Cela permettra notamment de r\u00e9duire le temps de d\u00e9marrage de l&rsquo;ordinateur et pour qu&rsquo;il soit op\u00e9rationnel. Si votre ordinateur a un certain \u00e2ge ou est situ\u00e9 sur le sol, vous devrez peut-\u00eatre le nettoyer physiquement pour enlever la poussi\u00e8re qui peut affecter les capacit\u00e9s de refroidissement. Si vous n&rsquo;avez besoin de rien d&rsquo;autre que de l&rsquo;assistance pour un ordinateur lent, un appel d&rsquo;assistance de 30 minutes devrait suffire, sauf si votre ordinateur est tr\u00e8s lent et encombr\u00e9. Si vous souhaitez que webwilly prenne en charge ce probl\u00e8me apr\u00e8s avoir pris en charge vos autres probl\u00e8mes, un appel d&rsquo;une heure est recommand\u00e9.\n<\/p>\n<\/div>\n<div class=\"one-third service-section\">\n<img decoding=\"async\" src=\"\/wp-content\/uploads\/2022\/07\/webwilly-tech-support-service-business-quebec-montreal-6.jpg\" class=\"centered\" alt=\"Support technique pour les ordinateurs lents\">\n<\/div>\n<div class=\"clear-both\"><\/div>\n<div class=\"two-thirds first service-section\">\n<h2>Assistance technique pour la s\u00e9curit\u00e9 g\u00e9n\u00e9rale<\/h2>\n<p>\nIl est \u00e9galement important de revoir la s\u00e9curit\u00e9 de votre ordinateur. webwilly vous recommandera des programmes antivirus gratuits \u00e0 installer et \u00e0 utiliser pour analyser votre ordinateur. Cela aidera \u00e0 nettoyer votre ordinateur des virus et des logiciels malveillants. Cela peut \u00e9galement aider \u00e0 am\u00e9liorer la vitesse de votre ordinateur et lors de la navigation sur Internet. Lors d&rsquo;un appel d&rsquo;assistance pour une prise en charge g\u00e9n\u00e9rale de la s\u00e9curit\u00e9, webwilly installera un logiciel anti-malware et anti-virus. Une fois ceux-ci install\u00e9s, webwilly lancera des scans dans les deux programmes. Cela devrait aider \u00e0 trouver et \u00e0 supprimer les logiciels malveillants et les virus courants. Ces programmes contribueront \u00e9galement \u00e0 assurer la s\u00e9curit\u00e9 de votre ordinateur lors de votre utilisation quotidienne. La mise \u00e0 jour de ces logiciels am\u00e9liorera la s\u00e9curit\u00e9.\n<\/p>\n<\/div>\n<div class=\"one-third service-section\">\n<img decoding=\"async\" src=\"\/wp-content\/uploads\/2022\/07\/webwilly-tech-support-service-business-quebec-montreal-3.jpg\" class=\"centered\" alt=\"S\u00e9curit\u00e9 informatique g\u00e9n\u00e9rale\"> <\/p>\n<\/div>\n<div class=\"clear-both\"><\/div>\n<div class=\"two-thirds first service-section\">\n<h2>Quels probl\u00e8mes ne peuvent pas \u00eatre pris en charge<\/h2>\n<p>\nSi votre ordinateur ne d\u00e9marre pas et n&rsquo;affiche aucune information, webwilly ne peut pas diagnostiquer grand-chose par t\u00e9l\u00e9phone. Vous aurez probablement besoin que quelqu&rsquo;un diagnostique l&rsquo;ordinateur en personne. Dans certains cas, le probl\u00e8me est moins grave qu&rsquo;il n&rsquo;y para\u00eet, mais le diagnostic de ces types de probl\u00e8mes n\u00e9cessitera beaucoup plus de participation de votre part. \u00c9tant donn\u00e9 que webwilly ne peut pas se connecter \u00e0 l&rsquo;ordinateur dans cet \u00e9tat, vous devrez effectuer le diagnostic afin que webwilly puisse recommander une solution. Si votre ordinateur n&rsquo;a pas d&rsquo;internet et que votre internet au bureau ne fonctionne pour personne, ce probl\u00e8me ne pourra probablement pas \u00eatre r\u00e9solu \u00e0 distance par webwilly. Si votre ordinateur est le seul ordinateur sans Internet au bureau, alors webwilly pourra peut-\u00eatre r\u00e9soudre ce probl\u00e8me. Si vous avez oubli\u00e9 votre mot de passe pour vous connecter \u00e0 votre compte Windows local, webwilly ne peut pas vous aider \u00e0 r\u00e9cup\u00e9rer votre acc\u00e8s. <\/p>\n<\/div>\n<div class=\"one-third service-section\">\n<img decoding=\"async\" src=\"\/wp-content\/uploads\/2022\/07\/webwilly-tech-support-service-business-quebec-montreal-2.jpg\" class=\"centered\" alt=\"Probl\u00e8mes non pris en charge\">\n<\/div>\n<div class=\"clear-both\"><\/div>\n<div class=\"two-thirds first service-section\">\n<h2>Pas de support en personne<\/h2>\n<p>\nSi webwilly ne peut pas r\u00e9soudre votre probl\u00e8me \u00e0 distance, alors webwilly ne prendra pas en charge votre probl\u00e8me en personne. Une fois qu&rsquo;il est clair que le probl\u00e8me ne peut pas \u00eatre r\u00e9solu \u00e0 distance par webwilly, webwilly essaiera de recommander des solutions \u00e0 votre probl\u00e8me. webwilly n&rsquo;est associ\u00e9 \u00e0 aucune solution de support technique en personne, mais webwilly peut vous pointer dans la bonne direction. webwilly peut \u00e9galement vous fournir une description du probl\u00e8me que vous pouvez utiliser pour expliquer votre probl\u00e8me aux autres.<\/p>\n<\/div>\n<div class=\"one-third service-section\">\n<img decoding=\"async\" src=\"\/wp-content\/uploads\/2022\/07\/webwilly-tech-support-service-business-quebec-montreal-9.jpg\" class=\"centered\" alt=\"Pas de support en personne\">\n<\/div>\n","protected":false},"excerpt":{"rendered":"<ul class=\"red-dot\" style=\"margin-bottom:35px;\">\n<li>Assistance technique pour les petites entreprises<\/li>\n<li>Support pour les syst\u00e8mes d&rsquo;exploitation Windows<\/li>\n<li>Acc\u00e8s \u00e0 distance \u00e0 votre ordinateur \u00e0 l&rsquo;aide de TeamViewer<\/li>\n<li>Probl\u00e8mes d&rsquo;imprimante, de navigateur, d&rsquo;ordinateur lent et autres<\/li>\n<li>Disponible en anglais et en fran\u00e7ais<\/li>\n<li>D\u00e9crivez bri\u00e8vement votre probl\u00e8me d&rsquo;assistance<\/li>\n<li>Choisir la dur\u00e9e de l&rsquo;appel d&rsquo;assistance<\/li>\n<\/ul>\n","protected":false},"featured_media":27578,"comment_status":"open","ping_status":"closed","template":"","meta":{"_genesis_hide_title":false,"_genesis_hide_breadcrumbs":false,"_genesis_hide_singular_image":false,"_genesis_hide_footer_widgets":false,"_genesis_custom_body_class":"","_genesis_custom_post_class":"","_genesis_layout":""},"product_brand":[],"product_cat":[98],"product_tag":[],"class_list":{"0":"post-27633","1":"product","2":"type-product","3":"status-publish","4":"has-post-thumbnail","6":"product_cat-technologie","7":"entry","9":"first","10":"instock","11":"sold-individually","12":"shipping-taxable","13":"purchasable","14":"product-type-variable"},"exclude_global_add_ons":[],"addons":[],"_links":{"self":[{"href":"https:\/\/webwilly.ca\/fr\/wp-json\/wp\/v2\/product\/27633","targetHints":{"allow":["GET"]}}],"collection":[{"href":"https:\/\/webwilly.ca\/fr\/wp-json\/wp\/v2\/product"}],"about":[{"href":"https:\/\/webwilly.ca\/fr\/wp-json\/wp\/v2\/types\/product"}],"replies":[{"embeddable":true,"href":"https:\/\/webwilly.ca\/fr\/wp-json\/wp\/v2\/comments?post=27633"}],"wp:featuredmedia":[{"embeddable":true,"href":"https:\/\/webwilly.ca\/fr\/wp-json\/wp\/v2\/media\/27578"}],"wp:attachment":[{"href":"https:\/\/webwilly.ca\/fr\/wp-json\/wp\/v2\/media?parent=27633"}],"wp:term":[{"taxonomy":"product_brand","embeddable":true,"href":"https:\/\/webwilly.ca\/fr\/wp-json\/wp\/v2\/product_brand?post=27633"},{"taxonomy":"product_cat","embeddable":true,"href":"https:\/\/webwilly.ca\/fr\/wp-json\/wp\/v2\/product_cat?post=27633"},{"taxonomy":"product_tag","embeddable":true,"href":"https:\/\/webwilly.ca\/fr\/wp-json\/wp\/v2\/product_tag?post=27633"}],"curies":[{"name":"wp","href":"https:\/\/api.w.org\/{rel}","templated":true}]}}