{"id":25849,"date":"2021-10-16T00:40:46","date_gmt":"2021-10-16T04:40:46","guid":{"rendered":"https:\/\/webwilly.ca\/buy\/non%20class\u00e9\/rapports-sur-le-site-web\/"},"modified":"2024-02-09T13:29:15","modified_gmt":"2024-02-09T18:29:15","slug":"rapports-sur-le-site-web","status":"publish","type":"product","link":"https:\/\/webwilly.ca\/fr\/acheter\/marketing-numerique\/services-de-design-de-site-web\/hebergement-et-securite-de-sites-web\/rapports-sur-le-site-web\/","title":{"rendered":"Rapports sur le site Web"},"content":{"rendered":"<div class=\"one-fourth first top-section\"><strong>G\u00e9r\u00e9<\/strong><\/p>\n<div class=\"one-fourth first\"><img loading=\"lazy\" decoding=\"async\" class=\"alignnone size-full wp-image-9192\" src=\"\/wp-content\/uploads\/2021\/07\/webwilly-marketing-services.png\" alt=\"G\u00e9r\u00e9\" width=\"54\" height=\"54\" \/><\/div>\n<div class=\"three-fourths\">Solution g\u00e9r\u00e9e avec peu d&rsquo;implication du client.<\/div>\n<\/div>\n<div class=\"one-fourth top-section\"><strong>H\u00e9bergement et sauvegardes<\/strong><\/p>\n<div class=\"one-fourth first\"><img loading=\"lazy\" decoding=\"async\" class=\"alignnone size-full wp-image-9224\" src=\"\/wp-content\/uploads\/2018\/05\/templates.png\" alt=\"h\u00e9bergement et sauvegardes\" width=\"54\" height=\"54\" \/><\/div>\n<div class=\"three-fourths\"><a href=\"\/fr\/acheter\/marketing-numerique\/services-de-design-de-site-web\/hebergement-et-securite-de-sites-web\/hebergement-et-maintenance-de-site-web\/\">H\u00e9bergement<\/a> requis et <a href=\"\/fr\/acheter\/marketing-numerique\/services-de-design-de-site-web\/hebergement-et-securite-de-sites-web\/sauvegardes-et-restauration-de-site-web\/\">sauvegardes<\/a> facultatives.<\/div>\n<\/div>\n<div class=\"one-fourth top-section\"><strong>Paiement<\/strong><\/p>\n<div class=\"one-fourth first\"><img loading=\"lazy\" decoding=\"async\" class=\"alignnone size-full wp-image-9228\" src=\"\/wp-content\/uploads\/2018\/05\/payment.png\" alt=\"Paiement\" width=\"54\" height=\"54\" \/><\/div>\n<div class=\"three-fourths\">Nous acceptons les cartes de cr\u00e9dit via Stripe.<\/div>\n<\/div>\n<div class=\"one-fourth top-section\"><strong>Support<\/strong><\/p>\n<div class=\"one-fourth first\"><img loading=\"lazy\" decoding=\"async\" class=\"alignnone size-full wp-image-9230\" src=\"\/wp-content\/uploads\/2018\/05\/support.png\" alt=\"support\" width=\"54\" height=\"54\" \/><\/div>\n<div class=\"three-fourths\">N&rsquo;h\u00e9sitez pas \u00e0 nous contacter.<\/div>\n<\/div>\n<div class=\"two-thirds first service-section\">\n<h2>Services de rapports de site Web<\/h2>\n<p>webwilly offre des services de rapports de sites Web aux entreprises du Qu\u00e9bec. Ce service s&rsquo;adresse aux entreprises qui souhaitent se tenir r\u00e9guli\u00e8rement inform\u00e9es de l&rsquo;\u00e9tat technique de leur site Internet. Les rapports peuvent inclure des informations de base sur la sant\u00e9 et les performances de votre site Web. Le rapport comprendra des donn\u00e9es relatives \u00e0 la mise \u00e0 jour des composants du site Web, au suivi des proc\u00e9dures de sauvegarde, \u00e0 la recherche de liens de sites Web rompus, \u00e0 la surveillance de la vitesse et de la disponibilit\u00e9 du site Web. Ce service de rapports a pour but de tenir le client inform\u00e9 des diff\u00e9rents services de maintenance du site Web effectu\u00e9es sur son site webwilly. Ce rapport ne fournira que des informations qui peuvent \u00eatre utilis\u00e9es pour prendre des d\u00e9cisions qui affectent l&rsquo;exp\u00e9rience et la sant\u00e9 globales du site Web, et non l&rsquo;acquisition de visiteurs. Nous proposons des rapports plus d\u00e9taill\u00e9s pour l&rsquo;acquisition d&rsquo;utilisateurs et les informations sur les visiteurs, vendus s\u00e9par\u00e9ment lors de l&rsquo;achat de comptes SEO.\n<\/p>\n<\/div>\n<div class=\"one-third service-section\">\n<img loading=\"lazy\" decoding=\"async\" src=\"\/wp-content\/uploads\/2021\/10\/website-and-hosting-reporting-2.png\" alt=\"Services de rapport de site Web\" width=\"300\" height=\"300\" class=\"centered wp-image-16339\" \/>\n<\/div>\n<div class=\"clear-both\"><\/div>\n<div class=\"one-half first service-section\">\n<h2>Services de rapports de site Web<\/h2>\n<p>L&rsquo;option de rapport \u00ab\u00a0Limit\u00e9\u00a0\u00bb est destin\u00e9e aux clients qui souhaitent revoir la maintenance du site Web. Ce niveau de service comprend uniquement des informations relatives aux mises \u00e0 jour des composants du site et aux optimisations effectu\u00e9es. Le niveau de service de rapport \u00ab\u00a0Am\u00e9lior\u00e9\u00a0\u00bb comprend le journal complet des proc\u00e9dures de sauvegarde et la surveillance de jusqu&rsquo;\u00e0 10\u00a0000\u00a0liens sur le site Web. Le niveau de service \u00ab\u00a0Avanc\u00e9\u00a0\u00bb ajoute des rapports sur les performances en fournissant des informations relatives \u00e0 la vitesse de chargement des pages et \u00e0 la surveillance de la disponibilit\u00e9. Le moniteur de disponibilit\u00e9 est utilis\u00e9 pour garder une trace de la disponibilit\u00e9 du site Web en ligne. Ces rapports sont destin\u00e9s \u00e0 fournir au client un aper\u00e7u de la situation technique, et non des visiteurs du site Web.\n<\/p>\n<\/div>\n<div class=\"one-half service-section\">\n<div style=\"text-align: center;\">\n<h3>Niveau de service de rapport<\/h3>\n<\/div>\n<div class=\"pricing-table\">\n<div class=\"plan one-third first\">\n<h4>Limit\u00e9<\/h4>\n<ul>\n<li>Informations incluses<br \/>\n<em>Mises \u00e0 jour et optimisations des composants<\/em><\/li>\n<\/ul>\n<\/div>\n<div class=\"plan one-third\">\n<h4>Am\u00e9lior\u00e9<\/h4>\n<ul>\n<li>Informations incluses<br \/>\n<em>Mises \u00e0 jour, optimisations, sauvegardes et moniteur de liens<\/em><\/li>\n<\/ul>\n<\/div>\n<div class=\"plan one-third\">\n<h4>Avanc\u00e9<\/h4>\n<ul>\n<li>Informations incluses<br \/>\n<em>Mises \u00e0 jour, optimisations, sauvegardes, moniteur de liens, vitesse de page et moniteur de disponibilit\u00e9<\/em><\/li>\n<\/ul>\n<\/div>\n<\/div>\n<\/div>\n<div class=\"clear-both\"><\/div>\n<div class=\"clear-both\"><\/div>\n<div class=\"one-half first service-section\">\n<h2>Fr\u00e9quence des rapports<\/h2>\n<p>La fr\u00e9quence des rapports d\u00e9termine la fr\u00e9quence \u00e0 laquelle le client recevra un rapport mettant en \u00e9vidence les donn\u00e9es techniques de son site Web. Si vous souhaitez recevoir un rapport une fois par mois, s\u00e9lectionnez la fr\u00e9quence mensuelle. Si vous souhaitez recevoir un rapport une fois toutes les deux semaines, s\u00e9lectionnez la fr\u00e9quence bihebdomadaire. Si vous souhaitez recevoir un rapport une fois par semaine, s\u00e9lectionnez la fr\u00e9quence de rapport hebdomadaire.\n<\/p>\n<\/div>\n<div class=\"one-half service-section\">\n<div style=\"text-align: center;\">\n<h3>Fr\u00e9quence des rapports<\/h3>\n<\/div>\n<div class=\"pricing-table\">\n<div class=\"plan one-third first\">\n<h4>Mensuelle<\/h4>\n<ul>\n<li>Fr\u00e9quence<br \/>\n<em>Une fois par mois<\/em><\/li>\n<\/ul>\n<\/div>\n<div class=\"plan one-third\">\n<h4>Bihebdomadaire<\/h4>\n<ul>\n<li>Fr\u00e9quence<br \/>\n<em>Une fois toutes les 2 semaines<\/em><\/li>\n<\/ul>\n<\/div>\n<div class=\"plan one-third\">\n<h4>Hebdomadaire<\/h4>\n<ul>\n<li>Fr\u00e9quence<br \/>\n<em>Une fois par semaine<\/em><\/li>\n<\/ul>\n<\/div>\n<\/div>\n<\/div>\n<div class=\"clear-both\"><\/div>\n<div class=\"two-thirds first service-section\">\n<h2>Niveau de service &#8211; Type de rapport limit\u00e9<\/h2>\n<p>Le niveau de service limit\u00e9 est achet\u00e9 par les clients qui souhaitent simplement recevoir les informations leur indiquant que leur site Web est maintenu. Le rapport fournira des donn\u00e9es sur les divers composants du site Web qui ont \u00e9t\u00e9 mises \u00e0 jour. Ces informations incluront les d\u00e9tails de la version des composants individuels du site Web. L&rsquo;autre section de ce rapport est utilis\u00e9e pour informer le client des optimisations et de la maintenance effectu\u00e9es sur son site Web. Ces informations incluent la quantit\u00e9 de donn\u00e9es qui ont \u00e9t\u00e9 nettoy\u00e9es en optimisant les tables de la base de donn\u00e9es, le nombre de r\u00e9visions de pages inutilis\u00e9es nettoy\u00e9es et le nombre de commentaires de spam non approuv\u00e9s.\n<\/p>\n<\/div>\n<div class=\"one-third\"><img decoding=\"async\" class=\"centered\" src=\"\/wp-content\/uploads\/2021\/10\/website-and-hosting-reporting-3.png\" alt=\"maintenance des rapports de site Web\" width=\"300px\" height=\"300px\" \/><\/div>\n<div class=\"clear-both\"><\/div>\n<div class=\"two-thirds first service-section\">\n<h2>Niveau de service &#8211; Type de rapport am\u00e9lior\u00e9<\/h2>\n<p>Le niveau de service am\u00e9lior\u00e9 est achet\u00e9 par les clients qui souhaitent s&rsquo;assurer que webwilly traite les sauvegardes du site Web et s&rsquo;assure que tous les liens sur leur site Web fonctionnent. Ce niveau de rapport est particuli\u00e8rement utile pour les entreprises qui ach\u00e8tent des sauvegardes hebdomadaires, quotidiennes et horaires. Le moniteur de liens informera le client si l&rsquo;un des liens de son site Web ne fonctionne pas. Les liens bris\u00e9s sont des liens qui ne m\u00e8nent pas \u00e0 des pages de sites Web existantes. Le plus souvent, cela se produit apr\u00e8s la modification de l&rsquo;adresse d&rsquo;une page de site Web, mais le lien n&rsquo;est pas corrig\u00e9 pour correspondre \u00e0 la nouvelle adresse. Ce type de rapport aide le client \u00e0 jouer un r\u00f4le proactif en am\u00e9liorant l&rsquo;exp\u00e9rience du visiteur. webwilly propose ce type de rapport dans le but de rendre les services d&rsquo;h\u00e9bergement plus transparents.\n<\/p>\n<\/div>\n<div class=\"one-third service-section\"><img decoding=\"async\" class=\"centered\" src=\"\/wp-content\/uploads\/2021\/10\/website-and-hosting-reporting-4.png\" alt=\"rapports de sites Web\" width=\"300px\" height=\"300px\" \/><\/div>\n<div class=\"clear-both\"><\/div>\n<div class=\"two-thirds first service-section\">\n<h2>Niveau de service &#8211; Type de rapport avanc\u00e9<\/h2>\n<p>Le niveau de service avanc\u00e9 est achet\u00e9 par les clients qui souhaitent surveiller de pr\u00e8s les performances de leur site Web. Cela inclut la vitesse de chargement d&rsquo;une page et si leur site Web n&rsquo;\u00e9tait pas disponible. Les entreprises qui souhaitent offrir la meilleure exp\u00e9rience utilisateur voudront s&rsquo;assurer que leur site Web fonctionne bien. Ce niveau de rapport comprendra des informations sur le temps qu&rsquo;il faut pour charger une page de site Web \u00e0 diff\u00e9rents moments au cours de la p\u00e9riode \u00e9coul\u00e9e. Une autre partie importante de ce rapport est le moniteur de disponibilit\u00e9, qui informera le client si son site Web \u00e9tait hors ligne au cours de la derni\u00e8re p\u00e9riode. Un autre bon aspect du moniteur de disponibilit\u00e9 est que webwilly sera imm\u00e9diatement averti si le site Web est d\u00e9tect\u00e9 comme \u00e9tant hors ligne.\n<\/p>\n<\/div>\n<div class=\"one-third service-section\"><img decoding=\"async\" class=\"centered\" src=\"\/wp-content\/uploads\/2021\/10\/website-and-hosting-reporting-1.png\" alt=\"performances des rapports de sites Web\" width=\"300px\" height=\"300px\" \/><\/div>\n","protected":false},"excerpt":{"rendered":"<ul class=\"red-dot\" style=\"margin-bottom: 35px;margin-left:20px;\">\n<li>Rapport sur la maintenance et les optimisations du site Web<\/li>\n<li>Rapport sur les proc\u00e9dures de sauvegarde et le moniteur des liens<\/li>\n<li>Rapport sur la vitesse de la page et le moniteur de la disponibilit\u00e9<\/li>\n<li>Choisissez la fr\u00e9quence des rapports<\/li>\n<li>N\u00e9cessite un abonnement actif \u00e0 l&rsquo;h\u00e9bergement de site Web webwilly<\/li>\n<\/ul>\n","protected":false},"featured_media":25825,"comment_status":"open","ping_status":"closed","template":"","meta":{"_genesis_hide_title":false,"_genesis_hide_breadcrumbs":false,"_genesis_hide_singular_image":false,"_genesis_hide_footer_widgets":false,"_genesis_custom_body_class":"","_genesis_custom_post_class":"","_genesis_layout":""},"product_brand":[],"product_cat":[87,38,47],"product_tag":[],"class_list":{"0":"post-25849","1":"product","2":"type-product","3":"status-publish","4":"has-post-thumbnail","6":"product_cat-hebergement-et-securite-de-sites-web","7":"product_cat-marketing-numerique","8":"product_cat-services-de-design-de-site-web","9":"entry","11":"first","12":"instock","13":"sold-individually","14":"shipping-taxable","15":"purchasable","16":"product-type-variable-subscription"},"exclude_global_add_ons":[],"addons":[],"_links":{"self":[{"href":"https:\/\/webwilly.ca\/fr\/wp-json\/wp\/v2\/product\/25849","targetHints":{"allow":["GET"]}}],"collection":[{"href":"https:\/\/webwilly.ca\/fr\/wp-json\/wp\/v2\/product"}],"about":[{"href":"https:\/\/webwilly.ca\/fr\/wp-json\/wp\/v2\/types\/product"}],"replies":[{"embeddable":true,"href":"https:\/\/webwilly.ca\/fr\/wp-json\/wp\/v2\/comments?post=25849"}],"wp:featuredmedia":[{"embeddable":true,"href":"https:\/\/webwilly.ca\/fr\/wp-json\/wp\/v2\/media\/25825"}],"wp:attachment":[{"href":"https:\/\/webwilly.ca\/fr\/wp-json\/wp\/v2\/media?parent=25849"}],"wp:term":[{"taxonomy":"product_brand","embeddable":true,"href":"https:\/\/webwilly.ca\/fr\/wp-json\/wp\/v2\/product_brand?post=25849"},{"taxonomy":"product_cat","embeddable":true,"href":"https:\/\/webwilly.ca\/fr\/wp-json\/wp\/v2\/product_cat?post=25849"},{"taxonomy":"product_tag","embeddable":true,"href":"https:\/\/webwilly.ca\/fr\/wp-json\/wp\/v2\/product_tag?post=25849"}],"curies":[{"name":"wp","href":"https:\/\/api.w.org\/{rel}","templated":true}]}}