{"id":25815,"date":"2021-10-15T15:48:26","date_gmt":"2021-10-15T19:48:26","guid":{"rendered":"https:\/\/webwilly.ca\/buy\/non%20class\u00e9\/sauvegardes-et-restauration-de-sites-web\/"},"modified":"2024-02-09T13:20:17","modified_gmt":"2024-02-09T18:20:17","slug":"sauvegardes-et-restauration-de-site-web","status":"publish","type":"product","link":"https:\/\/webwilly.ca\/fr\/acheter\/marketing-numerique\/services-de-design-de-site-web\/hebergement-et-securite-de-sites-web\/sauvegardes-et-restauration-de-site-web\/","title":{"rendered":"Sauvegardes et restauration de site Web"},"content":{"rendered":"<div class=\"one-fourth first top-section\"><strong>G\u00e9r\u00e9<\/strong><\/p>\n<div class=\"one-fourth first\"><img loading=\"lazy\" decoding=\"async\" class=\"alignnone size-full wp-image-9192\" src=\"\/wp-content\/uploads\/2021\/07\/webwilly-marketing-services.png\" alt=\"G\u00e9r\u00e9\" width=\"54\" height=\"54\" \/><\/div>\n<div class=\"three-fourths\">Solution g\u00e9r\u00e9e avec peu d&rsquo;implication du client.<\/div>\n<\/div>\n<div class=\"one-fourth top-section\"><strong>H\u00e9bergement et rapports<\/strong><\/p>\n<div class=\"one-fourth first\"><img loading=\"lazy\" decoding=\"async\" class=\"alignnone size-full wp-image-9224\" src=\"\/wp-content\/uploads\/2018\/05\/templates.png\" alt=\"Rapports\" width=\"54\" height=\"54\" \/><\/div>\n<div class=\"three-fourths\"><a href=\"\/fr\/acheter\/marketing-numerique\/services-de-design-de-site-web\/hebergement-et-securite-de-sites-web\/hebergement-et-maintenance-de-site-web\/\">H\u00e9bergement<\/a> requis et <a href=\"\/fr\/acheter\/marketing-numerique\/services-de-design-de-site-web\/hebergement-et-securite-de-sites-web\/rapports-sur-le-site-web\/\">rapports<\/a> facultatifs.<\/div>\n<\/div>\n<div class=\"one-fourth top-section\"><strong>Paiement<\/strong><\/p>\n<div class=\"one-fourth first\"><img loading=\"lazy\" decoding=\"async\" class=\"alignnone size-full wp-image-9228\" src=\"\/wp-content\/uploads\/2018\/05\/payment.png\" alt=\"Paiement\" width=\"54\" height=\"54\" \/><\/div>\n<div class=\"three-fourths\">Nous acceptons les cartes de cr\u00e9dit via Stripe.<\/div>\n<\/div>\n<div class=\"one-fourth top-section\"><strong>Support<\/strong><\/p>\n<div class=\"one-fourth first\"><img loading=\"lazy\" decoding=\"async\" class=\"alignnone size-full wp-image-9230\" src=\"\/wp-content\/uploads\/2018\/05\/support.png\" alt=\"support\" width=\"54\" height=\"54\" \/><\/div>\n<div class=\"three-fourths\">N\u2019h\u00e9sitez pas \u00e0 nous contacter.<\/div>\n<\/div>\n<div class=\"two-thirds first service-section\">\n<h2>Services de sauvegarde de site Web<\/h2>\n<p>webwilly offre des services de sauvegarde de sites Web aux entreprises du Qu\u00e9bec. Ce service s&rsquo;adresse aux entreprises qui ont besoin de sauvegarder leur site webwilly. La sauvegarde de votre site Web sera enti\u00e8rement g\u00e9r\u00e9e par webwilly. Les sites Web \u00e0 succ\u00e8s sont fr\u00e9quemment sauvegard\u00e9s. Nous offrons un service de sauvegarde g\u00e9r\u00e9e \u00e0 nos clients pour r\u00e9duire le stress et les risques li\u00e9s \u00e0 la gestion de sauvegardes et de restauration. Nos sauvegardes effectuent initialement une sauvegarde compl\u00e8te de votre site Web et continuent de maintenir cette sauvegarde \u00e0 jour avec les modifications apport\u00e9es \u00e0 votre site Web. Il est important de sauvegarder votre site Web, les modifications que nous y apportons et les mises \u00e0 jour effectu\u00e9es. Les sites Web se d\u00e9veloppent continuellement avec du nouveau contenu, de nouvelles soumissions d&rsquo;utilisateurs et de nouveaux visiteurs. Nous vous sugg\u00e9rons fortement de vous abonner au moins au service de sauvegarde mensuelle.\n<\/p>\n<\/div>\n<div class=\"one-third service-section\">\n<img loading=\"lazy\" decoding=\"async\" src=\"\/wp-content\/uploads\/2021\/09\/website-hosting-services_Website-Hosting.png\" alt=\"Services d'h\u00e9bergement de sites Web\" width=\"300\" height=\"300\" class=\"centered wp-image-16339\" \/>\n<\/div>\n<div class=\"clear-both\"><\/div>\n<div class=\"one-half first service-section\">\n<h2>L&rsquo;espace disque de sauvegarde<\/h2>\n<p>Les sauvegardes du site Web tiennent compte de l&rsquo;espace disque occup\u00e9 par le site Web. Les sites Web avec plus de pages n\u00e9cessitent plus d&rsquo;espace disque et cela n\u00e9cessite plus d&rsquo;espace pour les sauvegardes. Les sites Web avec plus de pages sont g\u00e9n\u00e9ralement plus comp\u00e9titifs et b\u00e9n\u00e9ficient donc davantage d&rsquo;un service de sauvegarde et de restauration enti\u00e8rement g\u00e9r\u00e9. Le but de la sauvegarde de votre site web est de pouvoir revenir \u00e0 un point pr\u00e9c\u00e9dent avant une erreur critique. Les erreurs critiques, telles que les piratages, ne se produisent pas souvent. Cependant, il est important d&rsquo;\u00eatre pr\u00e9par\u00e9 pour un tel \u00e9v\u00e9nement plut\u00f4t que de rester les mains vides. Pour cette raison, les sauvegardes de sites Web doivent inclure l&rsquo;int\u00e9gralit\u00e9 du site Web, les fichiers et les bases de donn\u00e9es. Pour cette raison, nous prenons en compte la taille du site Web.\n<\/p>\n<\/div>\n<div class=\"one-half service-section\">\n<div style=\"text-align: center;\">\n<h3>Espace disque<\/h3>\n<\/div>\n<div class=\"pricing-table\">\n<div class=\"plan one-fourth first\">\n<h4>1 000Mo<br \/>(10 pages)<\/h4>\n<ul>\n<li>Espace disque du site Web<br \/>\n<em>Moins de 11 pages ou 1 000Mo<\/em><\/li>\n<\/ul>\n<\/div>\n<div class=\"plan one-fourth\">\n<h4>2 500Mo<br \/>(25 pages)<\/h4>\n<ul>\n<li>Espace disque du site Web<br \/>\n<em>Moins de 26 pages ou 2 500Mo<\/em><\/li>\n<\/ul>\n<\/div>\n<div class=\"plan one-fourth\">\n<h4>5 000Mo<br \/>(50 pages)<\/h4>\n<ul>\n<li>Espace disque du site Web<br \/>\n<em>Moins de 51 pages ou 5 000Mo<\/em><\/li>\n<\/ul>\n<\/div>\n<div class=\"plan one-fourth\">\n<h4>10 000Mo<br \/>(100 pages)<\/h4>\n<ul>\n<li>Espace disque du site Web<br \/>\n<em>Moins de 101 pages ou 10 000Mo<\/em><\/li>\n<\/ul>\n<\/div>\n<\/div>\n<\/div>\n<div class=\"clear-both\"><\/div>\n<div class=\"clear-both\"><\/div>\n<div class=\"one-half first service-section\">\n<h2>Fr\u00e9quence de sauvegarde<\/h2>\n<p>Nous vous sugg\u00e9rons de choisir une option de sauvegarde qui correspond aux besoins de votre entreprise. Les sauvegardes \u00ab mensuelles \u00bb conviennent aux entreprises qui ne d\u00e9pendent pas du tout du site Web et qui ne craignent pas de perdre un mois de mises \u00e0 jour. L&rsquo;option de sauvegarde \u00ab\u00a0hebdomadaire\u00a0\u00bb est plus appropri\u00e9e pour une petite entreprise qui souhaite avoir une meilleure sauvegarde du site Web et des informations client captur\u00e9es. \u00ab Quotidienne \u00bb est id\u00e9al pour les entreprises qui ont des r\u00e9glementations de conformit\u00e9 plus strictes ou publient fr\u00e9quemment de nouveaux contenus et souhaitent conserver une sauvegarde tr\u00e8s r\u00e9cente. L&rsquo;option \u00ab\u00a0Horaire\u00a0\u00bb est destin\u00e9e aux entreprises en ligne qui se concentrent sur leur site Web comme principale source d&rsquo;activit\u00e9 et publient ou interagissent fr\u00e9quemment avec les clients via le site Web.\n<\/p>\n<\/div>\n<div class=\"one-half service-section\">\n<div style=\"text-align: center;\">\n<h3>Fr\u00e9quence de sauvegarde<\/h3>\n<\/div>\n<div class=\"pricing-table\">\n<div class=\"plan one-fourth first\">\n<h4>Mensuel<\/h4>\n<ul>\n<li>Fr\u00e9quence de sauvegarde<br \/>\n<em>Une fois par mois<\/em><\/li>\n<li>Type de sauvegarde<br \/>\n<em>Incr\u00e9mentale<\/em><\/li>\n<\/ul>\n<\/div>\n<div class=\"plan one-fourth\">\n<h4>Hebdomadaire<\/h4>\n<ul>\n<li>Fr\u00e9quence de sauvegarde<br \/>\n<em>Une fois par semaine<\/em><\/li>\n<li>Type de sauvegarde<br \/>\n<em>Incr\u00e9mentielle<\/em><\/li>\n<\/ul>\n<\/div>\n<div class=\"plan one-fourth\">\n<h4>Quotidien<\/h4>\n<ul>\n<li>Fr\u00e9quence de sauvegarde<br \/>\n<em>Une fois par jour<\/em><\/li>\n<li>Type de sauvegarde<br \/>\n<em>Incr\u00e9mentielle<\/em><\/li>\n<\/ul>\n<\/div>\n<div class=\"plan one-fourth\">\n<h4>Horaire<\/h4>\n<ul>\n<li>Fr\u00e9quence de sauvegarde<br \/>\n<em>Une fois par heure<\/em><\/li>\n<li>Type de sauvegarde<br \/>\n<em>Incr\u00e9mentielle<\/em><\/li>\n<\/ul>\n<\/div>\n<\/div>\n<\/div>\n<div class=\"clear-both\"><\/div>\n<div class=\"two-thirds first service-section\">\n<h2>Restauration de site Web \u00e0 partir d&rsquo;une sauvegarde<\/h2>\n<p>Nos services de sauvegarde et de restauration de sites Web incluent la restauration de votre site Web \u00e0 partir d&rsquo;une sauvegarde pr\u00e9c\u00e9dente si quelque chose de critique devait lui arriver. La restauration \u00e0 partir d&rsquo;une sauvegarde est utilis\u00e9e en dernier recours lorsque quelque chose ne peut pas \u00eatre r\u00e9par\u00e9. L&rsquo;abonnement \u00e0 ce service signifie que nous effectuons des sauvegardes r\u00e9guli\u00e8res de votre site Web et que nous pouvons utiliser cette sauvegarde pour restaurer votre site Web en cas de probl\u00e8me. La restauration d&rsquo;un site Web \u00e0 partir d&rsquo;une sauvegarde peut n\u00e9cessiter l&rsquo;achat de travaux suppl\u00e9mentaires pour peaufiner la version restaur\u00e9e du site Web dans sa forme la plus r\u00e9cente. Les sites Web sont continuellement scrut\u00e9s par les pirates et les robots. Les sites Web plus populaires n\u00e9cessiteront un meilleur service de sauvegarde pour correspondre \u00e0 leur rapport risque-rendement, ce qui favorise leur besoin de garder leur site Web en ligne et \u00e0 jour.\n<\/p>\n<\/div>\n<div class=\"one-third\"><img decoding=\"async\" class=\"centered\" src=\"\/wp-content\/uploads\/2021\/09\/website-hosting-services_Website-Hosting-Website-Maintenance.png\" alt=\"h\u00e9bergement maintenance site web\" width=\"300px\" height=\"300px\" \/><\/div>\n","protected":false},"excerpt":{"rendered":"<ul class=\"red-dot\" style=\"margin-bottom: 35px;margin-left:20px;\">\n<li>Sauvegardes incr\u00e9mentielles du site Web<\/li>\n<li>Restauration du site Web \u00e0 partir d&rsquo;une sauvegarde incluse<\/li>\n<li>La sauvegarde du site web inclus tous les fichiers et bases de donn\u00e9es<\/li>\n<li>Diverses options de fr\u00e9quence de sauvegarde<\/li>\n<li>N\u00e9cessite des services d&rsquo;h\u00e9bergement de sites Web<\/li>\n<\/ul>\n","protected":false},"featured_media":25787,"comment_status":"open","ping_status":"closed","template":"","meta":{"_genesis_hide_title":false,"_genesis_hide_breadcrumbs":false,"_genesis_hide_singular_image":false,"_genesis_hide_footer_widgets":false,"_genesis_custom_body_class":"","_genesis_custom_post_class":"","_genesis_layout":""},"product_brand":[],"product_cat":[87,38,47],"product_tag":[],"class_list":{"0":"post-25815","1":"product","2":"type-product","3":"status-publish","4":"has-post-thumbnail","6":"product_cat-hebergement-et-securite-de-sites-web","7":"product_cat-marketing-numerique","8":"product_cat-services-de-design-de-site-web","9":"entry","11":"first","12":"instock","13":"sold-individually","14":"shipping-taxable","15":"purchasable","16":"product-type-variable-subscription"},"exclude_global_add_ons":[],"addons":[],"_links":{"self":[{"href":"https:\/\/webwilly.ca\/fr\/wp-json\/wp\/v2\/product\/25815","targetHints":{"allow":["GET"]}}],"collection":[{"href":"https:\/\/webwilly.ca\/fr\/wp-json\/wp\/v2\/product"}],"about":[{"href":"https:\/\/webwilly.ca\/fr\/wp-json\/wp\/v2\/types\/product"}],"replies":[{"embeddable":true,"href":"https:\/\/webwilly.ca\/fr\/wp-json\/wp\/v2\/comments?post=25815"}],"wp:featuredmedia":[{"embeddable":true,"href":"https:\/\/webwilly.ca\/fr\/wp-json\/wp\/v2\/media\/25787"}],"wp:attachment":[{"href":"https:\/\/webwilly.ca\/fr\/wp-json\/wp\/v2\/media?parent=25815"}],"wp:term":[{"taxonomy":"product_brand","embeddable":true,"href":"https:\/\/webwilly.ca\/fr\/wp-json\/wp\/v2\/product_brand?post=25815"},{"taxonomy":"product_cat","embeddable":true,"href":"https:\/\/webwilly.ca\/fr\/wp-json\/wp\/v2\/product_cat?post=25815"},{"taxonomy":"product_tag","embeddable":true,"href":"https:\/\/webwilly.ca\/fr\/wp-json\/wp\/v2\/product_tag?post=25815"}],"curies":[{"name":"wp","href":"https:\/\/api.w.org\/{rel}","templated":true}]}}