{"id":21313,"date":"2021-08-21T16:43:21","date_gmt":"2021-08-21T20:43:21","guid":{"rendered":"https:\/\/webwilly.ca\/buy\/non%20class\u00e9\/design-de-tasse-a-cafe-personnalisee\/"},"modified":"2024-02-09T13:13:23","modified_gmt":"2024-02-09T18:13:23","slug":"design-de-tasse-a-cafe","status":"publish","type":"product","link":"https:\/\/webwilly.ca\/fr\/acheter\/design-de-marketing\/design-de-produits-promotionnels\/design-de-tasse-a-cafe\/","title":{"rendered":"Design de tasse \u00e0 caf\u00e9"},"content":{"rendered":"<div class=\"one-fourth first top-section\">\n<p><strong>Objectifs<\/strong><\/p>\n<div class=\"one-fourth first\"><img loading=\"lazy\" decoding=\"async\" src=\"\/wp-content\/uploads\/2019\/05\/Profile.png\" alt=\"Objectifs\" width=\"54\" height=\"54\" class=\"alignnone size-full wp-image-9224\" \/><\/div>\n<div class=\"three-fourths\">\n<p>Incluez vos objectifs pour ce design sp\u00e9cifique.<\/p>\n<\/div>\n<\/div>\n<div class=\"one-fourth top-section\">\n<p><strong>Dur\u00e9e<\/strong><\/p>\n<div class=\"one-fourth first\"><img loading=\"lazy\" decoding=\"async\" src=\"\/wp-content\/uploads\/2018\/05\/Process-Delay.png\" alt=\"Dur\u00e9e\" width=\"54\" height=\"54\" class=\"alignnone size-full wp-image-9198\" \/><\/div>\n<div class=\"three-fourths\">\n<p>Jusqu\u2019\u00e0 10 jours ouvrables pour le premier design.<\/p>\n<\/div>\n<\/div>\n<div class=\"one-fourth top-section\">\n<p><strong>Impression<\/strong><\/p>\n<div class=\"one-fourth first\"><img loading=\"lazy\" decoding=\"async\" src=\"\/wp-content\/uploads\/2018\/05\/design-1.png\" alt=\"Impression\" width=\"54\" height=\"54\" class=\"alignnone size-full wp-image-9228\" \/><\/div>\n<div class=\"three-fourths\">\n<p><a href=\"\/fr\/acheter\/marketing-imprime\/impression-de-produits-promotionnels\/tasses-a-cafe\/\">L\u2019impression des tasses<\/a> est vendue s\u00e9par\u00e9ment.<\/p>\n<\/div>\n<\/div>\n<div class=\"one-fourth top-section\">\n<p><strong>Licence<\/strong><\/p>\n<div class=\"one-fourth first\"><img loading=\"lazy\" decoding=\"async\" src=\"\/wp-content\/uploads\/2019\/05\/pictures.png\" alt=\"Licence\" width=\"54\" height=\"54\" class=\"alignnone size-full wp-image-9230\" \/><\/div>\n<div class=\"three-fourths\">\n<p>Ne t\u00e9l\u00e9versez que votre propri\u00e9t\u00e9 intellectuelle.\n<\/p>\n<\/div>\n<\/div>\n<div class=\"one-fourth first top-section\">\n<p><strong>Design<\/strong><\/p>\n<div class=\"one-fourth first\"><img loading=\"lazy\" decoding=\"async\" src=\"\/wp-content\/uploads\/2021\/07\/webwilly-marketing-services.png\" alt=\"Design\" width=\"54\" height=\"54\" class=\"alignnone size-full wp-image-9192\" \/><\/div>\n<div class=\"three-fourths\">\n<p>Style de design, polices et couleurs de votre marque.<\/p>\n<\/div>\n<\/div>\n<div class=\"one-fourth top-section\">\n<p><strong>Bilingue<\/strong><\/p>\n<div class=\"one-fourth first\"><img loading=\"lazy\" decoding=\"async\" src=\"\/wp-content\/uploads\/2019\/05\/models.png\" alt=\"Bilingue\" width=\"54\" height=\"54\" class=\"alignnone size-full wp-image-9194\" \/><\/div>\n<div class=\"three-fourths\">\n<p>Service offert en anglais et en fran\u00e7ais.<\/p>\n<\/div>\n<\/div>\n<div class=\"one-fourth top-section\">\n<p><strong>Paiement<\/strong><\/p>\n<div class=\"one-fourth first\"><img loading=\"lazy\" decoding=\"async\" src=\"\/wp-content\/uploads\/2018\/05\/payment.png\" alt=\"Paiement\" width=\"54\" height=\"54\" class=\"alignnone size-full wp-image-9228\" \/><\/div>\n<div class=\"three-fourths\">\n<p>Nous acceptons les cartes de cr\u00e9dit via Stripe.<\/p>\n<\/div>\n<\/div>\n<div class=\"one-fourth top-section\">\n<p><strong>Support<\/strong><\/p>\n<div class=\"one-fourth first\"><img loading=\"lazy\" decoding=\"async\" src=\"\/wp-content\/uploads\/2018\/05\/support.png\" alt=\"support\" width=\"54\" height=\"54\" class=\"alignnone size-full wp-image-9230\" \/><\/div>\n<div class=\"three-fourths\">\n<p>N\u2019h\u00e9sitez pas \u00e0 nous contacter.<\/p>\n<\/div>\n<\/div>\n<div class=\"clear-both\"><\/div>\n<div class=\"one-half first service-section\">\n<h2>Design de tasse \u00e0 caf\u00e9 personnalis\u00e9e<\/h2>\n<p>\nwebwilly offre des services de design de tasses \u00e0 caf\u00e9 personnalis\u00e9 aux entreprises du Qu\u00e9bec. Ce service est destin\u00e9 aux entreprises qui ont besoin d&rsquo;un nouveau design de tasse \u00e0 caf\u00e9 personnalis\u00e9 \u00e0 un prix avantageux. Votre nouveau design de tasse \u00e0 caf\u00e9 personnalis\u00e9 doit s&rsquo;adapter \u00e0 tous vos autres designs de marketing d&rsquo;impression. Faites-nous savoir quel est l&rsquo;objectif de ce design de tasse \u00e0 caf\u00e9 personnalis\u00e9e et nous allons d\u00e9signer votre tasse \u00e0 caf\u00e9 en cons\u00e9quence. Lorsque vous utilisez les tasses \u00e0 caf\u00e9 \u00e0 l&rsquo;interne au bureau, nous vous sugg\u00e9rons d&rsquo;avoir plus d&rsquo;un design afin que toutes les tasses ne se ressemblent pas. Lorsque vous offrez des tasses \u00e0 caf\u00e9 en cadeau, nous vous sugg\u00e9rons d&rsquo;acheter un mod\u00e8le qui convient \u00e0 tous pour \u00e9conomiser sur les co\u00fbts.\n<\/p>\n<\/div>\n<div class=\"one-half service-section\">\n<h2>Design de tasses personnalis\u00e9es pour le marketing<\/h2>\n<p>\nUne tasse \u00e0 caf\u00e9 personnalis\u00e9e est un excellent cadeau pour les clients qui travaillent dans des bureaux ou qui aiment le caf\u00e9 et le th\u00e9. C&rsquo;est aussi un cadeau utile qu&rsquo;ils continueront \u00e0 utiliser. Les tasses \u00e0 caf\u00e9 personnalis\u00e9es sont particuli\u00e8rement adapt\u00e9es aux entreprises qui vendent leurs produits ou services \u00e0 d&rsquo;autres entreprises. Votre design de tasse personnalis\u00e9e fera un excellent cadeau qui g\u00e9n\u00e9rera une exposition continue de votre marque.\n<\/p>\n<\/div>\n<div class=\"one-half first service-section\">\n<h2>R\u00e9visions du design de la tasse personnalis\u00e9e<\/h2>\n<p>\nLes r\u00e9visions du design de la tasse personnalis\u00e9e permettent au client de r\u00e9viser le design de la tasse personnalis\u00e9e et de fournir des commentaires et une orientation pour le design. Si vous souhaitez un design de base et que vous ne voulez pas perdre de temps \u00e0 r\u00e9viser le design, choisissez l&rsquo;option \u00ab\u00a0Design final\u00a0\u00bb. Si vous souhaitez revoir le design et orienter le design vers vos pr\u00e9f\u00e9rences, s\u00e9lectionnez 1 ou 2 r\u00e9visions de design. Pour notre meilleure design, plus de r\u00e9visions sont \u00e9gales \u00e0 plus d&rsquo;heures de design et plus de budget pour les mat\u00e9riaux. Les r\u00e9visions de design doivent \u00eatre constructives et d\u00e9taill\u00e9es.\n<\/p>\n<\/div>\n<div class=\"one-half service-section\">\n<div style=\"text-align:center;\">\n<h3> R\u00e9visions de design <\/h3>\n<\/div>\n<div class=\"pricing-table\">\n<div class=\"plan one-third first\">\n<h4> Design final <\/h4>\n<ul>\n<li> Heures de design <br \/>\n<em> Jusqu&rsquo;\u00e0 2 heures <\/em>\n<\/li>\n<li> Budget des mat\u00e9riaux <br \/>\n<em> Jusqu&rsquo;\u00e0 50$ <\/em>\n<\/li>\n<\/ul>\n<\/div>\n<div class=\"plan one-third\">\n<h4> Design +1 r\u00e9vision <\/h4>\n<ul>\n<li> Heures de design <br \/>\n<em> Jusqu&rsquo;\u00e0 2h + 2h <\/em>\n<\/li>\n<li> Budget des mat\u00e9riaux <br \/>\n<em> Jusqu&rsquo;\u00e0 50$ + 50$ <\/em>\n<\/li>\n<\/ul>\n<\/div>\n<div class=\"plan one-third\">\n<h4> Design +2 r\u00e9visions <\/h4>\n<ul>\n<li> Heures de design <br \/>\n<em> Jusqu&rsquo;\u00e0 2h + 2h + 2h <\/em>\n<\/li>\n<li> Budget des mat\u00e9riaux <br \/>\n<em> Jusqu&rsquo;\u00e0 50$ + 50$ + 50$ <\/em>\n<\/li>\n<\/ul>\n<\/div>\n<\/div>\n<\/div>\n<div class=\"one-half first service-section\">\n<h2>Langage du design de tasse \u00e0 caf\u00e9 personnalis\u00e9e<\/h2>\n<p>\nwebwilly fournit des services de design de tasses personnalis\u00e9es en anglais, fran\u00e7ais, bilingue, ou 1 en anglais et 1 en fran\u00e7ais. Cette offre de service est sp\u00e9cialement con\u00e7ue pour les entreprises du Qu\u00e9bec qui ont besoin d&rsquo;une tasse \u00e0 caf\u00e9 dans les deux langues. Notre option de langue \u00ab Bilingue \u00bb est con\u00e7ue pour qu&rsquo;une tasse personnalis\u00e9e ait les deux langues. Cela peut r\u00e9duire le co\u00fbt d&rsquo;impression, mais cela r\u00e9duit \u00e9galement consid\u00e9rablement la quantit\u00e9 de contenu dans le design.\n<\/p>\n<\/div>\n<div class=\"one-half service-section\">\n<div style=\"text-align:center;\">\n<h3> Langue <\/h3>\n<\/div>\n<div class=\"pricing-table\">\n<div class=\"plan one-fourth first\">\n<h4> Anglais <\/h4>\n<ul>\n<li> Heures de design <br \/>\n<em> 1x heures de design <\/em>\n<\/li>\n<li> Heures de contenu <br \/>\n<em> 1x heures de contenu <\/em>\n<\/li>\n<\/ul>\n<\/div>\n<div class=\"plan one-fourth\">\n<h4> Fran\u00e7ais <\/h4>\n<ul>\n<li> Heures de design <br \/>\n<em> 1x heures de design <\/em>\n<\/li>\n<li> Heures de contenu <br \/>\n<em> 1x heures de contenu <\/em>\n<\/li>\n<\/ul>\n<\/div>\n<div class=\"plan one-fourth\">\n<h4> Bilingue <\/h4>\n<ul>\n<li> Heures de design <br \/>\n<em> 1,5x heures de design <\/em>\n<\/li>\n<li> Heures de contenu <br \/>\n<em> 1,5x heures de contenu <\/em>\n<\/li>\n<\/ul>\n<\/div>\n<div class=\"plan one-fourth\">\n<h4> 1 anglais et <br \/> 1 fran\u00e7ais <\/h4>\n<ul>\n<li> Heures de design <br \/>\n<em> 1,75x heures de design <\/em>\n<\/li>\n<li> Heures de contenu <br \/>\n<em> 1,75x heures de contenu <\/em>\n<\/li>\n<\/ul>\n<\/div>\n<\/div>\n<\/div>\n<div class=\"clear-both\"><\/div>\n<div class=\"one-half first service-section\">\n<h2>Custom Coffee Mug Design Content<\/h2>\n<p>\nSi vous souhaitez que nous utilisions le contenu que vous fournissez, veuillez nous le fournir enti\u00e8rement corrig\u00e9 et pr\u00eat \u00e0 \u00eatre utilis\u00e9. Choisissez l&rsquo;option \u00ab\u00a0Copier &#038; Coller\u00a0\u00bb et nous copierons et collerons ce que vous nous donnez dans votre design de tasse personnalis\u00e9e. Si vous souhaitez que nous corrigions le contenu de votre design de tasse personnalis\u00e9e dans la ou les langues s\u00e9lectionn\u00e9es, s\u00e9lectionnez l&rsquo;option \u00ab\u00a0Correction\u00a0\u00bb. Si vous souhaitez que nous traduisions le contenu de votre design de tasse personnalis\u00e9e entre l&rsquo;anglais et le fran\u00e7ais, s\u00e9lectionnez l&rsquo;option \u00ab\u00a0Traduction\u00a0\u00bb. Si vous souhaitez que nous r\u00e9digions votre contenu de design de tasse personnalis\u00e9e dans la ou les langues de votre choix, s\u00e9lectionnez l&rsquo;option \u00ab\u00a0Cr\u00e9ation\u00a0\u00bb.\n<\/p>\n<\/div>\n<div class=\"one-half service-section\">\n<div style=\"text-align:center;\">\n<h3> Contenu <\/h3>\n<\/div>\n<div class=\"pricing-table\">\n<div class=\"plan one-fourth first\">\n<h4> Copier et coller <\/h4>\n<ul>\n<li> Heures de contenu <br \/>\n<em> Aucune<\/em>\n<\/li>\n<li> Travail sur le contenu <br \/>\n<em> Aucun <\/em>\n<\/li>\n<\/ul>\n<\/div>\n<div class=\"plan one-fourth\">\n<h4> Correction <\/h4>\n<ul>\n<li> Heures de contenu <br \/>\n<em> Jusqu&rsquo;\u00e0 1 heure <\/em>\n<\/li>\n<li> Travail sur le contenu <br \/>\n<em> Correction <\/em>\n<\/li>\n<\/ul>\n<\/div>\n<div class=\"plan one-fourth\">\n<h4> Traduction <\/h4>\n<ul>\n<li> Heures de contenu <br \/>\n<em> Jusqu&rsquo;\u00e0 1.5 heures<\/em>\n<\/li>\n<li> Travail sur le contenu <br \/>\n<em> Traduction et correction <\/em>\n<\/li>\n<\/ul>\n<\/div>\n<div class=\"plan one-fourth\">\n<h4> Cr\u00e9ation <\/h4>\n<ul>\n<li> Heures de contenu <br \/>\n<em> Jusqu&rsquo;\u00e0 2 heures <\/em>\n<\/li>\n<li> Travail sur le contenu <br \/>\n<em> Cr\u00e9ation, traduction, et correction <\/em>\n<\/li>\n<\/ul>\n<\/div>\n<\/div>\n<\/div>\n","protected":false},"excerpt":{"rendered":"<ul class=\"red-dot\" style=\"margin-bottom:35px;margin-left:20px;\">\n<li>Fournissez-nous vos objectifs de design de tasse \u00e0 caf\u00e9<\/li>\n<li>R\u00e9viser le design avec les r\u00e9visions de design<\/li>\n<li>Design disponible en anglais et en fran\u00e7ais<\/li>\n<li>Le design s&rsquo;enroule presque enti\u00e8rement autour de la tasse<\/li>\n<li>Impression non incluse<\/li>\n<\/ul>\n","protected":false},"featured_media":21890,"comment_status":"open","ping_status":"closed","template":"","meta":{"_genesis_hide_title":false,"_genesis_hide_breadcrumbs":false,"_genesis_hide_singular_image":false,"_genesis_hide_footer_widgets":false,"_genesis_custom_body_class":"","_genesis_custom_post_class":"","_genesis_layout":""},"product_brand":[],"product_cat":[37,92],"product_tag":[],"class_list":{"0":"post-21313","1":"product","2":"type-product","3":"status-publish","4":"has-post-thumbnail","6":"product_cat-design-de-marketing","7":"product_cat-design-de-produits-promotionnels","8":"entry","10":"first","11":"instock","12":"shipping-taxable","13":"purchasable","14":"product-type-variable"},"exclude_global_add_ons":false,"addons":[{"name":"Budget d'images stock","type":"custom_price","position":0,"required":false,"title_format":"heading","default":"","description_enable":true,"description":"Les images de stock haut de gamme co\u00fbtent environ 20$ +taxes par image. Les images de stock r\u00e9guli\u00e8res co\u00fbtent environ 10$ +taxes par image. Soumettez vos pr\u00e9f\u00e9rences dans les d\u00e9tails de design. Budget minimum de 25$. Laissez ce champ vide si vous t\u00e9l\u00e9versez vos propres images. Si vous ne fournissez pas d'images et ne fournissez pas de budget, nous utiliserons des images de stock gratuites et moins attrayantes. Un cr\u00e9dit peut \u00eatre accord\u00e9 au photographe.","placeholder_enable":false,"placeholder":"","display":"select","restrictions_type":"any_text","adjust_price":false,"price":"","price_type":"quantity_based","restrictions":true,"min":"25","max":"555","options":[]}],"_links":{"self":[{"href":"https:\/\/webwilly.ca\/fr\/wp-json\/wp\/v2\/product\/21313","targetHints":{"allow":["GET"]}}],"collection":[{"href":"https:\/\/webwilly.ca\/fr\/wp-json\/wp\/v2\/product"}],"about":[{"href":"https:\/\/webwilly.ca\/fr\/wp-json\/wp\/v2\/types\/product"}],"replies":[{"embeddable":true,"href":"https:\/\/webwilly.ca\/fr\/wp-json\/wp\/v2\/comments?post=21313"}],"wp:featuredmedia":[{"embeddable":true,"href":"https:\/\/webwilly.ca\/fr\/wp-json\/wp\/v2\/media\/21890"}],"wp:attachment":[{"href":"https:\/\/webwilly.ca\/fr\/wp-json\/wp\/v2\/media?parent=21313"}],"wp:term":[{"taxonomy":"product_brand","embeddable":true,"href":"https:\/\/webwilly.ca\/fr\/wp-json\/wp\/v2\/product_brand?post=21313"},{"taxonomy":"product_cat","embeddable":true,"href":"https:\/\/webwilly.ca\/fr\/wp-json\/wp\/v2\/product_cat?post=21313"},{"taxonomy":"product_tag","embeddable":true,"href":"https:\/\/webwilly.ca\/fr\/wp-json\/wp\/v2\/product_tag?post=21313"}],"curies":[{"name":"wp","href":"https:\/\/api.w.org\/{rel}","templated":true}]}}