{"id":21253,"date":"2021-08-21T14:33:56","date_gmt":"2021-08-21T18:33:56","guid":{"rendered":"https:\/\/webwilly.ca\/buy\/non%20class\u00e9\/tasses-a-cafe-personnalisees\/"},"modified":"2024-02-09T13:08:47","modified_gmt":"2024-02-09T18:08:47","slug":"tasses-a-cafe","status":"publish","type":"product","link":"https:\/\/webwilly.ca\/fr\/acheter\/marketing-imprime\/impression-de-produits-promotionnels\/tasses-a-cafe\/","title":{"rendered":"Tasses \u00e0 caf\u00e9"},"content":{"rendered":"<div class=\"one-fourth first top-section\">\n<p><strong>Mod\u00e8les<\/strong><\/p>\n<div class=\"one-fourth first\"><img loading=\"lazy\" decoding=\"async\" src=\"\/wp-content\/uploads\/2018\/05\/templates.png\" alt=\"templates\" width=\"54\" height=\"54\" class=\"alignnone size-full wp-image-9224\" \/><\/div>\n<div class=\"three-fourths\">\n<p>T\u00e9l\u00e9chargez des mod\u00e8les \u00e0 partir de l\u2019onglet Mod\u00e8les.<\/p>\n<\/div>\n<\/div>\n<div class=\"one-fourth top-section\">\n<p><strong>Design<\/strong><\/p>\n<div class=\"one-fourth first\"><img loading=\"lazy\" decoding=\"async\" src=\"\/wp-content\/uploads\/2018\/05\/design-print.png\" alt=\"design\" width=\"54\" height=\"54\" class=\"alignnone size-full wp-image-9233\" \/><\/div>\n<div class=\"three-fourths\">\n<p><a href=\"\/fr\/acheter\/design-de-marketing\/design-de-produits-promotionnels\/design-de-tasse-a-cafe\/\">Design de tasses<\/a> vendus s\u00e9par\u00e9ment.<\/p>\n<\/div>\n<\/div>\n<div class=\"one-fourth top-section\">\n<p><strong>Exp\u00e9dition<\/strong><\/p>\n<div class=\"one-fourth first\"><img loading=\"lazy\" decoding=\"async\" src=\"\/wp-content\/uploads\/2018\/05\/shipping.png\" alt=\"Exp\u00e9dition\" width=\"54\" height=\"54\" class=\"alignnone size-full wp-image-9196\" \/><\/div>\n<div class=\"three-fourths\">\n<p>Exp\u00e9di\u00e9 \u00e0 votre porte, au Qu\u00e9bec, \u00e0 partir de 12,99$.<\/p>\n<\/div>\n<\/div>\n<div class=\"one-fourth top-section\">\n<p><strong>Dur\u00e9e<\/strong><\/p>\n<div class=\"one-fourth first\"><img loading=\"lazy\" decoding=\"async\" src=\"\/wp-content\/uploads\/2018\/05\/Process-Delay.png\" alt=\"Dur\u00e9e\" width=\"54\" height=\"54\" class=\"alignnone size-full wp-image-9198\" \/><\/div>\n<div class=\"three-fourths\">\n<p>\u00c0 votre porte dans 5 \u00e0 15 jours ouvrables.<\/p>\n<\/div>\n<\/div>\n<div class=\"one-fourth first top-section\">\n<p><strong>Mat\u00e9riel<\/strong><\/p>\n<div class=\"one-fourth first\"><img loading=\"lazy\" decoding=\"async\" src=\"\/wp-content\/uploads\/2018\/05\/Paper-Card-Stock.png\" alt=\"Mat\u00e9riel\" width=\"54\" height=\"54\" class=\"alignnone size-full wp-image-9192\" \/><\/div>\n<div class=\"three-fourths\">\n<p>Nous utilisons des mat\u00e9riaux durables de haute qualit\u00e9.<\/p>\n<\/div>\n<\/div>\n<div class=\"one-fourth top-section\">\n<p><strong>Couleurs<\/strong><\/p>\n<div class=\"one-fourth first\">\n<img loading=\"lazy\" decoding=\"async\" src=\"\/wp-content\/uploads\/2021\/07\/webwilly-marketing-services.png\" alt=\"Couleurs\" width=\"54\" height=\"54\" class=\"alignnone size-full wp-image-9194\" \/><\/div>\n<div class=\"three-fourths\">\n<p>Impression couleur de la plus haute pr\u00e9cision.<\/p>\n<\/div>\n<\/div>\n<div class=\"one-fourth top-section\">\n<p><strong>Paiement<\/strong><\/p>\n<div class=\"one-fourth first\"><img loading=\"lazy\" decoding=\"async\" src=\"\/wp-content\/uploads\/2018\/05\/payment.png\" alt=\"payment\" width=\"54\" height=\"54\" class=\"alignnone size-full wp-image-9228\" \/><\/div>\n<div class=\"three-fourths\">\n<p>Nous acceptons les cartes de cr\u00e9dit via Stripe.<\/p>\n<\/div>\n<\/div>\n<div class=\"one-fourth top-section\">\n<p><strong>Support<\/strong><\/p>\n<div class=\"one-fourth first\"><img loading=\"lazy\" decoding=\"async\" src=\"\/wp-content\/uploads\/2018\/05\/support.png\" alt=\"support\" width=\"54\" height=\"54\" class=\"alignnone size-full wp-image-9230\" \/><\/div>\n<div class=\"three-fourths\">\n<p>N\u2019h\u00e9sitez pas \u00e0 nous contacter.<\/p>\n<\/div>\n<\/div>\n<div class=\"clear-both\"><\/div>\n<div class=\"two-thirds first service-section\">\n<h3>Services d&rsquo;impression de tasses \u00e0 caf\u00e9 personnalis\u00e9es<\/h3>\n<p>webwilly offre des services d&rsquo;impression de tasses \u00e0 caf\u00e9 personnalis\u00e9es aux entreprises du Qu\u00e9bec. Ce service s&rsquo;adresse aux entreprises qui ont d\u00e9j\u00e0 un design de tasse personnalis\u00e9e, pr\u00eat \u00e0 \u00eatre imprim\u00e9. Le design de tasse personnalis\u00e9e du client doit repr\u00e9senter son entreprise et sa marque. C&rsquo;est pourquoi webwilly propose \u00e9galement un design de tasse personnalis\u00e9, vendu s\u00e9par\u00e9ment. Les tasses personnalis\u00e9es sont une excellente id\u00e9e de cadeau pour les clients professionnels qui travaillent dans des bureaux. Les designs de tasses personnalis\u00e9es peuvent fournir une exposition utile \u00e0 la marque dans les bureaux. Pour les entreprises qui fournissent des services et des produits \u00e0 d&rsquo;autres entreprises, les tasses personnalis\u00e9es peuvent \u00eatre une excellente id\u00e9e de cadeau qui fait conna\u00eetre la marque. Les tasses personnalis\u00e9es sont \u00e9galement tr\u00e8s utiles dans votre bureau. Les employ\u00e9s peuvent utiliser vos tasses personnalis\u00e9es pendant les heures de travail et les visiteurs peuvent les utiliser pendant les r\u00e9unions. Pour les grands bureaux, nous vous sugg\u00e9rons d&rsquo;avoir plusieurs mod\u00e8les de tasses personnalis\u00e9es afin que tout le monde n&rsquo;utilise pas une tasse qui se ressemble.\n<\/p>\n<\/div>\n<div class=\"one-third service-section\">\n<img decoding=\"async\" src=\"\/wp-content\/uploads\/2021\/08\/custom-coffee-mugs.png\" class=\"centered\" alt=\"tasses personnalis\u00e9es\" width=\"300px\" height=\"300px\">\n<\/div>\n<div class=\"clear-both\"><\/div>\n<div class=\"two-thirds first service-section\">\n<h3>Tasses \u00e0 caf\u00e9 personnalis\u00e9es<\/h3>\n<p>Votre design est imprim\u00e9 presque tout autour de la tasse \u00e0 caf\u00e9. Pour cette raison, les designs avec un fond transparent fonctionnent mieux s&rsquo;ils ressortent sur un fond blanc. Nous vous sugg\u00e9rons de garder l&rsquo;arri\u00e8re-plan transparent, sauf si cela va \u00e0 l&rsquo;encontre des couleurs de votre marque.<\/p>\n<ul class=\"red-dot\">\n<li><strong>Id\u00e9al pour\u00a0:<\/strong> les entreprises de bureau et les clients de bureau. <\/li>\n<li><strong>Pas pour\u00a0:<\/strong> une utilisation quotidienne \u00e0 long terme.<\/li>\n<\/ul>\n<\/div>\n<div class=\"one-third service-section\">\n<img decoding=\"async\" src=\"\/wp-content\/uploads\/2021\/08\/custom-coffee-mugs-2.png\" class=\"centered\" alt=\"tasse personnalis\u00e9e tout blanche\" width=\"300px\" height=\"300px\">\n<\/div>\n","protected":false},"excerpt":{"rendered":"<ul class=\"red-dot\" style=\"margin-bottom:35px;margin-left:20px;\">\n<li>Imprimez votre design de marque sur une tasse en c\u00e9ramique<\/li>\n<li>Tasse en c\u00e9ramique d&rsquo;une capacit\u00e9 de 11oz<\/li>\n<li>Les tasses personnalis\u00e9es passent au micro-ondes<\/li>\n<li>Les tasses personnalis\u00e9es vont au lave-vaisselle<\/li>\n<li>Impression enveloppante de haute qualit\u00e9<\/li>\n<li>L&rsquo;impression enveloppante ne couvre pas la totalit\u00e9 de la tasse<\/li>\n<li>T\u00e9l\u00e9charger le mod\u00e8le dans l&rsquo;onglet mod\u00e8les<\/li>\n<\/ul>\n","protected":false},"featured_media":21884,"comment_status":"open","ping_status":"closed","template":"","meta":{"_genesis_hide_title":false,"_genesis_hide_breadcrumbs":false,"_genesis_hide_singular_image":false,"_genesis_hide_footer_widgets":false,"_genesis_custom_body_class":"","_genesis_custom_post_class":"","_genesis_layout":""},"product_brand":[],"product_cat":[95,45],"product_tag":[],"class_list":{"0":"post-21253","1":"product","2":"type-product","3":"status-publish","4":"has-post-thumbnail","6":"product_cat-impression-de-produits-promotionnels","7":"product_cat-marketing-imprime","8":"product_shipping_class-produits-plus-grands","9":"entry","11":"first","12":"instock","13":"shipping-taxable","14":"purchasable","15":"product-type-variable"},"exclude_global_add_ons":[],"addons":[],"_links":{"self":[{"href":"https:\/\/webwilly.ca\/fr\/wp-json\/wp\/v2\/product\/21253","targetHints":{"allow":["GET"]}}],"collection":[{"href":"https:\/\/webwilly.ca\/fr\/wp-json\/wp\/v2\/product"}],"about":[{"href":"https:\/\/webwilly.ca\/fr\/wp-json\/wp\/v2\/types\/product"}],"replies":[{"embeddable":true,"href":"https:\/\/webwilly.ca\/fr\/wp-json\/wp\/v2\/comments?post=21253"}],"wp:featuredmedia":[{"embeddable":true,"href":"https:\/\/webwilly.ca\/fr\/wp-json\/wp\/v2\/media\/21884"}],"wp:attachment":[{"href":"https:\/\/webwilly.ca\/fr\/wp-json\/wp\/v2\/media?parent=21253"}],"wp:term":[{"taxonomy":"product_brand","embeddable":true,"href":"https:\/\/webwilly.ca\/fr\/wp-json\/wp\/v2\/product_brand?post=21253"},{"taxonomy":"product_cat","embeddable":true,"href":"https:\/\/webwilly.ca\/fr\/wp-json\/wp\/v2\/product_cat?post=21253"},{"taxonomy":"product_tag","embeddable":true,"href":"https:\/\/webwilly.ca\/fr\/wp-json\/wp\/v2\/product_tag?post=21253"}],"curies":[{"name":"wp","href":"https:\/\/api.w.org\/{rel}","templated":true}]}}