{"id":19905,"date":"2021-02-05T18:39:42","date_gmt":"2021-02-05T18:39:42","guid":{"rendered":"https:\/\/webwilly.ca\/buy\/design-detiquettes-postales\/"},"modified":"2024-02-09T12:52:20","modified_gmt":"2024-02-09T17:52:20","slug":"design-detiquettes-postales","status":"publish","type":"product","link":"https:\/\/webwilly.ca\/fr\/acheter\/design-de-marketing\/design-etiquettes-et-autocollants\/design-detiquettes-postales\/","title":{"rendered":"Design d&rsquo;\u00e9tiquettes postales"},"content":{"rendered":"<div class=\"one-fourth first top-section\">\n<p><strong>Objectifs<\/strong><\/p>\n<div class=\"one-fourth first\"><img loading=\"lazy\" decoding=\"async\" src=\"\/wp-content\/uploads\/2019\/05\/Profile.png\" alt=\"Objectifs\" width=\"54\" height=\"54\" class=\"alignnone size-full wp-image-9224\" \/><\/div>\n<div class=\"three-fourths\">\n<p>Incluez vos objectifs pour ce design sp\u00e9cifique.\n<\/p>\n<\/div>\n<\/div>\n<div class=\"one-fourth top-section\">\n<p><strong>Dur\u00e9e<\/strong><\/p>\n<div class=\"one-fourth first\"><img loading=\"lazy\" decoding=\"async\" src=\"\/wp-content\/uploads\/2018\/05\/Process-Delay.png\" alt=\"Dur\u00e9e\" width=\"54\" height=\"54\" class=\"alignnone size-full wp-image-9198\" \/><\/div>\n<div class=\"three-fourths\">\n<p>Jusqu\u2019\u00e0 10 jours ouvrables pour le premier design.<\/p>\n<\/div>\n<\/div>\n<div class=\"one-fourth top-section\">\n<p><strong>Impression<\/strong><\/p>\n<div class=\"one-fourth first\"><img loading=\"lazy\" decoding=\"async\" src=\"\/wp-content\/uploads\/2018\/05\/design-1.png\" alt=\"Impression\" width=\"54\" height=\"54\" class=\"alignnone size-full wp-image-9228\" \/><\/div>\n<div class=\"three-fourths\">\n<p><a href=\"\/fr\/acheter\/marketing-imprime\/impression-etiquettes-et-autocollants\/petites-etiquettes-postales\/\">L\u2019impression des \u00e9tiquettes<\/a> est vendue s\u00e9par\u00e9ment.\n<\/p>\n<\/div>\n<\/div>\n<div class=\"one-fourth top-section\">\n<p><strong>Licence<\/strong><\/p>\n<div class=\"one-fourth first\"><img loading=\"lazy\" decoding=\"async\" src=\"\/wp-content\/uploads\/2019\/05\/pictures.png\" alt=\"Licence\" width=\"54\" height=\"54\" class=\"alignnone size-full wp-image-9230\" \/><\/div>\n<div class=\"three-fourths\">\n<p>Ne t\u00e9l\u00e9versez que votre propri\u00e9t\u00e9 intellectuelle.<\/p>\n<\/div>\n<\/div>\n<div class=\"one-fourth first top-section\">\n<p><strong>Design<\/strong><\/p>\n<div class=\"one-fourth first\"><img loading=\"lazy\" decoding=\"async\" src=\"\/wp-content\/uploads\/2021\/07\/webwilly-marketing-services.png\" alt=\"Design\" width=\"54\" height=\"54\" class=\"alignnone size-full wp-image-9192\" \/><\/div>\n<div class=\"three-fourths\">\n<p>Style de design, polices et couleurs de votre marque.<\/p>\n<\/div>\n<\/div>\n<div class=\"one-fourth top-section\">\n<p><strong>Bilingue<\/strong><\/p>\n<div class=\"one-fourth first\"><img loading=\"lazy\" decoding=\"async\" src=\"\/wp-content\/uploads\/2019\/05\/models.png\" alt=\"Bilingue\" width=\"54\" height=\"54\" class=\"alignnone size-full wp-image-9194\" \/><\/div>\n<div class=\"three-fourths\">\n<p>Service offert en anglais et en fran\u00e7ais.<\/p>\n<\/div>\n<\/div>\n<div class=\"one-fourth top-section\">\n<p><strong>Paiement<\/strong><\/p>\n<div class=\"one-fourth first\"><img loading=\"lazy\" decoding=\"async\" src=\"\/wp-content\/uploads\/2018\/05\/payment.png\" alt=\"Paiement\" width=\"54\" height=\"54\" class=\"alignnone size-full wp-image-9228\" \/><\/div>\n<div class=\"three-fourths\">\n<p>Nous acceptons les cartes de cr\u00e9dit via Stripe.<\/p>\n<\/div>\n<\/div>\n<div class=\"one-fourth top-section\">\n<p><strong>Support<\/strong><\/p>\n<div class=\"one-fourth first\"><img loading=\"lazy\" decoding=\"async\" src=\"\/wp-content\/uploads\/2018\/05\/support.png\" alt=\"support\" width=\"54\" height=\"54\" class=\"alignnone size-full wp-image-9230\" \/><\/div>\n<div class=\"three-fourths\">\n<p>N\u2019h\u00e9sitez pas \u00e0 nous contacter.<\/p>\n<\/div>\n<\/div>\n<div class=\"clear-both\"><\/div>\n<div class=\"one-half first service-section\">\n<h2>Service de design d&rsquo;\u00e9tiquettes postales<\/h2>\n<p>\nwebwilly offre des services de design d&rsquo;\u00e9tiquettes postales aux entreprises du Qu\u00e9bec. Ce service est destin\u00e9 aux entreprises qui ont besoin d&rsquo;un nouveau design d&rsquo;\u00e9tiquettes postales \u00e0 un prix avantageux. Ce design d&rsquo;\u00e9tiquette comprend g\u00e9n\u00e9ralement un espace pour \u00e9crire \u00e0 la main l&rsquo;adresse de livraison. Fournissez-nous vos objectifs et vos exigences.<\/p>\n<\/div>\n<div class=\"one-half service-section\">\n<h2> Design d&rsquo;\u00e9tiquettes postales pour le marketing <\/h2>\n<p>\nUne \u00e9tiquette postale est id\u00e9ale pour d\u00e9corer votre courrier. C&rsquo;est une m\u00e9thode utile pour attirer l&rsquo;attention lorsque votre client tient votre enveloppe. Int\u00e9grez un design qui changeant \u00e0 chaque saison pour rafra\u00eechir l&rsquo;impact de vos \u00e9tiquettes postales. Les designs d&rsquo;\u00e9tiquettes postales doivent simplement marquer vos enveloppes avec vos couleurs et votre logo.\n<\/p>\n<\/div>\n<div class=\"one-half first service-section\">\n<h2> R\u00e9visions du design des \u00e9tiquettes<\/h2>\n<p>\nLes r\u00e9visions du design d&rsquo;\u00e9tiquettes postales permettent au client de r\u00e9viser le design de l&rsquo;\u00e9tiquette postales et de fournir des commentaires et des directives pour le design. Si vous voulez un design de base et ne voulez pas passer du temps \u00e0 r\u00e9viser le design, choisissez l&rsquo;option \u00abDesign final\u00bb. Si vous souhaitez r\u00e9viser le design et orienter le design vers vos pr\u00e9f\u00e9rences, s\u00e9lectionnez 1 ou 2 r\u00e9visions de design. Pour notre meilleur design, plus de r\u00e9visions \u00e9quivaut \u00e0 plus d&rsquo;heures de design et plus de budget pour les mat\u00e9riaux. Les r\u00e9visions de design devraient \u00eatre constructives et d\u00e9taill\u00e9es.\n<\/p>\n<\/div>\n<div class=\"one-half service-section\">\n<div style=\"text-align:center;\">\n<h3> R\u00e9visions <\/h3>\n<\/div>\n<div class=\"pricing-table\">\n<div class=\"plan one-third first\">\n<h4> Design final <\/h4>\n<ul>\n<li> Heures de design <br \/>\n<em> Jusqu&rsquo;\u00e0 1 heure <\/em>\n<\/li>\n<li> Budget des mat\u00e9riaux <br \/>\n<em> Jusqu&rsquo;\u00e0 25$ <\/em>\n<\/li>\n<\/ul>\n<\/div>\n<div class=\"plan one-third\">\n<h4> Design +1 r\u00e9vision <\/h4>\n<ul>\n<li> Heures de design <br \/>\n<em> Jusqu&rsquo;\u00e0 1h + 1h <\/em>\n<\/li>\n<li> Budget des mat\u00e9riaux <br \/>\n<em> Jusqu&rsquo;\u00e0 25$ + 25$ <\/em>\n<\/li>\n<\/ul>\n<\/div>\n<div class=\"plan one-third\">\n<h4> Design +2 r\u00e9visions <\/h4>\n<ul>\n<li> Heures de design <br \/>\n<em> Jusqu&rsquo;\u00e0 1h + 1h + 1h <\/em>\n<\/li>\n<li> Budget des mat\u00e9riaux <br \/>\n<em> Jusqu&rsquo;\u00e0 25$ + 25$ + 25$ <\/em>\n<\/li>\n<\/ul>\n<\/div>\n<\/div>\n<\/div>\n<div class=\"one-half first service-section\">\n<h2> Langage du design des \u00e9tiquettes<\/h2>\n<p>\nwebwilly fournit des services de design d&rsquo;\u00e9tiquettes postales en anglais, fran\u00e7ais, bilingue, ou 1 en anglais et 1 en fran\u00e7ais. Cette offre de services est sp\u00e9cialement con\u00e7ue pour les entreprises du Qu\u00e9bec qui ont besoin de fournir une \u00e9tiquette postale dans les deux langues. Notre option de langue bilingue est con\u00e7ue de mani\u00e8re qu&rsquo;une \u00e9tiquette postale ait les deux langues. Cela peut r\u00e9duire le co\u00fbt d&rsquo;impression, mais cela r\u00e9duit \u00e9galement consid\u00e9rablement la quantit\u00e9 de contenu qui peut s&rsquo;int\u00e9grer dans le design.\n<\/p>\n<\/div>\n<div class=\"one-half service-section\">\n<div style=\"text-align:center;\">\n<h3> Langue <\/h3>\n<\/div>\n<div class=\"pricing-table\">\n<div class=\"plan one-fourth first\">\n<h4> Anglais <\/h4>\n<ul>\n<li> Heures de design <br \/>\n<em> 1x heures de design <\/em>\n<\/li>\n<\/ul>\n<\/div>\n<div class=\"plan one-fourth\">\n<h4> Fran\u00e7ais <\/h4>\n<ul>\n<li> Heures de design <br \/>\n<em> 1x heures de design <\/em>\n<\/li>\n<\/ul>\n<\/div>\n<div class=\"plan one-fourth\">\n<h4> Bilingue <\/h4>\n<ul>\n<li> Heures de design <br \/>\n<em> 1,5x heures de design <\/em>\n<\/li>\n<\/ul>\n<\/div>\n<div class=\"plan one-fourth\">\n<h4> 1 anglais et <br \/> 1 fran\u00e7ais <\/h4>\n<ul>\n<li> Heures de design <br \/>\n<em> 1,75x heures de design <\/em>\n<\/li>\n<\/ul>\n<\/div>\n<\/div>\n<\/div>\n","protected":false},"excerpt":{"rendered":"<ul class = \"red-dot\" style = \"margin-bottom: 35px;margin-left:20px;\">\n<li> Fournissez-nous vos objectifs de design d&rsquo;\u00e9tiquettes postales <\/li>\n<li> Revissez le design avec les r\u00e9visions de design <\/li>\n<li> Design disponible en anglais et en fran\u00e7ais <\/li>\n<li> Consultez nos suggestions de design d&rsquo;\u00e9tiquettes postales <\/li>\n<li> Impression non incluse <\/li>\n<\/ul>\n","protected":false},"featured_media":17802,"comment_status":"open","ping_status":"closed","template":"","meta":{"_genesis_hide_title":false,"_genesis_hide_breadcrumbs":false,"_genesis_hide_singular_image":false,"_genesis_hide_footer_widgets":false,"_genesis_custom_body_class":"","_genesis_custom_post_class":"","_genesis_layout":""},"product_brand":[],"product_cat":[88,37],"product_tag":[],"class_list":{"0":"post-19905","1":"product","2":"type-product","3":"status-publish","4":"has-post-thumbnail","6":"product_cat-design-etiquettes-et-autocollants","7":"product_cat-design-de-marketing","8":"entry","10":"first","11":"instock","12":"shipping-taxable","13":"purchasable","14":"product-type-variable"},"exclude_global_add_ons":false,"addons":[{"name":"Budget d'images stock","type":"custom_price","position":0,"required":false,"title_format":"heading","default":"","description_enable":true,"description":"Les images de stock haut de gamme co\u00fbtent environ 20$ +taxes par image. Les images de stock r\u00e9guli\u00e8res co\u00fbtent environ 10$ +taxes par image. Soumettez vos pr\u00e9f\u00e9rences dans les d\u00e9tails de design. Budget minimum de 25$. Laissez ce champ vide si vous t\u00e9l\u00e9versez vos propres images. Si vous ne fournissez pas d'images et ne fournissez pas de budget, nous utiliserons des images de stock gratuites et moins attrayantes. Un cr\u00e9dit peut \u00eatre accord\u00e9 au photographe.","placeholder_enable":false,"placeholder":"","display":"select","restrictions_type":"any_text","adjust_price":false,"price":"","price_type":"quantity_based","restrictions":true,"min":"25","max":"555","options":[]}],"_links":{"self":[{"href":"https:\/\/webwilly.ca\/fr\/wp-json\/wp\/v2\/product\/19905","targetHints":{"allow":["GET"]}}],"collection":[{"href":"https:\/\/webwilly.ca\/fr\/wp-json\/wp\/v2\/product"}],"about":[{"href":"https:\/\/webwilly.ca\/fr\/wp-json\/wp\/v2\/types\/product"}],"replies":[{"embeddable":true,"href":"https:\/\/webwilly.ca\/fr\/wp-json\/wp\/v2\/comments?post=19905"}],"wp:featuredmedia":[{"embeddable":true,"href":"https:\/\/webwilly.ca\/fr\/wp-json\/wp\/v2\/media\/17802"}],"wp:attachment":[{"href":"https:\/\/webwilly.ca\/fr\/wp-json\/wp\/v2\/media?parent=19905"}],"wp:term":[{"taxonomy":"product_brand","embeddable":true,"href":"https:\/\/webwilly.ca\/fr\/wp-json\/wp\/v2\/product_brand?post=19905"},{"taxonomy":"product_cat","embeddable":true,"href":"https:\/\/webwilly.ca\/fr\/wp-json\/wp\/v2\/product_cat?post=19905"},{"taxonomy":"product_tag","embeddable":true,"href":"https:\/\/webwilly.ca\/fr\/wp-json\/wp\/v2\/product_tag?post=19905"}],"curies":[{"name":"wp","href":"https:\/\/api.w.org\/{rel}","templated":true}]}}