{"id":19655,"date":"2021-02-05T18:39:39","date_gmt":"2021-02-05T18:39:39","guid":{"rendered":"https:\/\/webwilly.ca\/buy\/design-de-flyers\/"},"modified":"2024-02-09T11:00:30","modified_gmt":"2024-02-09T16:00:30","slug":"design-de-flyer","status":"publish","type":"product","link":"https:\/\/webwilly.ca\/fr\/acheter\/design-de-marketing\/design-de-materiel-de-marketing\/design-de-flyer\/","title":{"rendered":"Design de flyer"},"content":{"rendered":"<div class=\"one-fourth first top-section\">\n<p><strong>Objectifs<\/strong><\/p>\n<div class=\"one-fourth first\"><img loading=\"lazy\" decoding=\"async\" src=\"\/wp-content\/uploads\/2019\/05\/Profile.png\" alt=\"Objectifs\" width=\"54\" height=\"54\" class=\"alignnone size-full wp-image-9224\" \/><\/div>\n<div class=\"three-fourths\">\n<p>Incluez vos objectifs pour ce design sp\u00e9cifique.<\/p>\n<\/div>\n<\/div>\n<div class=\"one-fourth top-section\">\n<p><strong>Dur\u00e9e<\/strong><\/p>\n<div class=\"one-fourth first\"><img loading=\"lazy\" decoding=\"async\" src=\"\/wp-content\/uploads\/2018\/05\/Process-Delay.png\" alt=\"Dur\u00e9e\" width=\"54\" height=\"54\" class=\"alignnone size-full wp-image-9198\" \/><\/div>\n<div class=\"three-fourths\">\n<p>Jusqu\u2019\u00e0 10 jours ouvrables pour le premier design.<\/p>\n<\/div>\n<\/div>\n<div class=\"one-fourth top-section\">\n<p><strong>Impression<\/strong><\/p>\n<div class=\"one-fourth first\"><img loading=\"lazy\" decoding=\"async\" src=\"\/wp-content\/uploads\/2018\/05\/design-1.png\" alt=\"Impression\" width=\"54\" height=\"54\" class=\"alignnone size-full wp-image-9228\" \/><\/div>\n<div class=\"three-fourths\">\n<p><a href=\"\/fr\/acheter\/marketing-imprime\/impression-de-materiel-de-marketing\/flyers\/\">L\u2019impression des flyers<\/a> est vendue s\u00e9par\u00e9ment.<\/p>\n<\/div>\n<\/div>\n<div class=\"one-fourth top-section\">\n<p><strong>Licence<\/strong><\/p>\n<div class=\"one-fourth first\"><img loading=\"lazy\" decoding=\"async\" src=\"\/wp-content\/uploads\/2019\/05\/pictures.png\" alt=\"Licence\" width=\"54\" height=\"54\" class=\"alignnone size-full wp-image-9230\" \/><\/div>\n<div class=\"three-fourths\">\n<p>Ne t\u00e9l\u00e9versez que votre propri\u00e9t\u00e9 intellectuelle.<\/p>\n<\/div>\n<\/div>\n<div class=\"one-fourth first top-section\">\n<p><strong>Design<\/strong><\/p>\n<div class=\"one-fourth first\"><img loading=\"lazy\" decoding=\"async\" src=\"\/wp-content\/uploads\/2021\/07\/webwilly-marketing-services.png\" alt=\"Design\" width=\"54\" height=\"54\" class=\"alignnone size-full wp-image-9192\" \/><\/div>\n<div class=\"three-fourths\">\n<p>Style de design, polices et couleurs de votre marque.<\/p>\n<\/div>\n<\/div>\n<div class=\"one-fourth top-section\">\n<p><strong>Bilingue<\/strong><\/p>\n<div class=\"one-fourth first\">\n<img loading=\"lazy\" decoding=\"async\" src=\"\/wp-content\/uploads\/2019\/05\/models.png\" alt=\"Bilingue\" width=\"54\" height=\"54\" class=\"alignnone size-full wp-image-9194\" \/><\/div>\n<div class=\"three-fourths\">\n<p>Service offert en anglais et en fran\u00e7ais.<\/p>\n<\/div>\n<\/div>\n<div class=\"one-fourth top-section\">\n<p><strong>Paiement<\/strong><\/p>\n<div class=\"one-fourth first\"><img loading=\"lazy\" decoding=\"async\" src=\"\/wp-content\/uploads\/2018\/05\/payment.png\" alt=\"Paiement\" width=\"54\" height=\"54\" class=\"alignnone size-full wp-image-9228\" \/><\/div>\n<div class=\"three-fourths\">\n<p>Nous acceptons les cartes de cr\u00e9dit via Stripe.<\/p>\n<\/div>\n<\/div>\n<div class=\"one-fourth top-section\">\n<p><strong>Support<\/strong><\/p>\n<div class=\"one-fourth first\"><img loading=\"lazy\" decoding=\"async\" src=\"\/wp-content\/uploads\/2018\/05\/support.png\" alt=\"support\" width=\"54\" height=\"54\" class=\"alignnone size-full wp-image-9230\" \/><\/div>\n<div class=\"three-fourths\">\n<p>N\u2019h\u00e9sitez pas \u00e0 nous contacter.<\/p>\n<\/div>\n<\/div>\n<div class=\"clear-both\"><\/div>\n<div class=\"one-half first service-section\">\n<h2>Service de design de flyers<\/h2>\n<p>\nwebwilly offre des services de design de flyers aux entreprises du Qu\u00e9bec. Ce service est destin\u00e9 aux entreprises qui ont besoin d&rsquo;un nouveau design de flyer \u00e0 un prix avantageux. Selon les objectifs du design du flyer, une bonne quantit\u00e9 d&rsquo;informations peut \u00eatre incluse dans un format facile \u00e0 lire. Les informations pr\u00e9sent\u00e9es devraient aider \u00e0 convaincre le lecteur d&rsquo;atteindre l&rsquo;objectif que vous vous \u00eates fix\u00e9 pour ce design de flyer.\n<\/p>\n<\/div>\n<div class=\"one-half service-section\">\n<h2>Design de flyers pour le marketing<\/h2>\n<p>\nUn flyer est utile pour communiquer une offre de produit ou de service avec suffisamment de d\u00e9tails. C&rsquo;est une m\u00e9thode utile pour attirer l&rsquo;attention avec des images \u00e0 fort impact et communiquer des informations importantes avec des titres forts. Les mod\u00e8les de flyers sont parfaits pour les marques de style de vie qui utilisent des images, des invitations \u00e0 des \u00e9v\u00e9nements, des offres sp\u00e9ciales ou des descriptions d\u00e9taill\u00e9es de produits et de services. Ces flyers s&rsquo;int\u00e8grent \u00e9galement tr\u00e8s bien dans les dossiers de pr\u00e9sentation, vendus s\u00e9par\u00e9ment.\n<\/p>\n<\/div>\n<div class=\"one-half first service-section\">\n<h2>R\u00e9visions de design de flyer<\/h2>\n<p>\nLes r\u00e9visions de design de flyer permettent au client de revoir le design de flyer et de fournir des commentaires et une orientation pour le design. Si vous voulez un design de base et ne voulez pas passer du temps \u00e0 revoir le design, choisissez l&rsquo;option de design final. Si vous souhaitez revoir le design et orienter le design vers vos pr\u00e9f\u00e9rences, s\u00e9lectionnez 1 ou 2 r\u00e9visions de design. Pour les clients qui souhaitent un design haut de gamme, plus de r\u00e9visions \u00e9quivaut \u00e0 plus d&rsquo;heures de design et plus de budget pour les mat\u00e9riaux. Les r\u00e9visions de design devraient \u00eatre constructives et d\u00e9taill\u00e9es.\n<\/p>\n<\/div>\n<div class=\"one-half service-section\">\n<div style=\"text-align:center;\">\n<h3>R\u00e9visions de design<\/h3>\n<\/div>\n<div class=\"pricing-table\">\n<div class=\"plan one-third first\">\n<h4> Design final <\/h4>\n<ul>\n<li> Heures de design <br \/>\n<em> Jusqu&rsquo;\u00e0 4h <\/em>\n<\/li>\n<li> Budget des mat\u00e9riaux <br \/>\n<em> Jusqu&rsquo;\u00e0 150$ <\/em>\n<\/li>\n<\/ul>\n<\/div>\n<div class=\"plan one-third\">\n<h4>Design +1 r\u00e9vision <\/h4>\n<ul>\n<li> Heures de design <br \/>\n<em> Jusqu&rsquo;\u00e0 4h + 4h <\/em>\n<\/li>\n<li> Budget des mat\u00e9riaux <br \/>\n<em> Jusqu&rsquo;\u00e0 150$ + 150$ <\/em>\n<\/li>\n<\/ul>\n<\/div>\n<div class=\"plan one-third\">\n<h4> Design +2 r\u00e9visions <\/h4>\n<ul>\n<li> Heures de design <br \/>\n<em> Jusqu&rsquo;\u00e0 4h + 4h + 4h <\/em>\n<\/li>\n<li> Budget des mat\u00e9riaux <br \/>\n<em> Jusqu&rsquo;\u00e0 150$ + 150$ + 150$ <\/em>\n<\/li>\n<\/ul>\n<\/div>\n<\/div>\n<\/div>\n<div class=\"one-half first service-section\">\n<h2>Langage de design de flyer<\/h2>\n<p>\nwebwilly fournit des services de design de flyers en anglais, fran\u00e7ais, bilingue, ou 1 en anglais et 1 en fran\u00e7ais. Cette offre de services est sp\u00e9cialement con\u00e7ue pour les entreprises du Qu\u00e9bec qui ont besoin d&rsquo;un design de flyer dans les deux langues. Notre option de langue bilingue est con\u00e7ue de mani\u00e8re \u00e0 ce qu&rsquo;un seul flyer ait les deux langues. Cela peut r\u00e9duire le co\u00fbt d&rsquo;impression, mais cela r\u00e9duit \u00e9galement consid\u00e9rablement la quantit\u00e9 de contenu qui peut s&rsquo;int\u00e9grer dans le design.\n<\/p>\n<\/div>\n<div class=\"one-half service-section\">\n<div style=\"text-align:center;\">\n<h3>Langue<\/h3>\n<\/div>\n<div class=\"pricing-table\">\n<div class=\"plan one-fourth first\">\n<h4>Anglais<\/h4>\n<ul>\n<li>Heures de design<br \/>\n<em>1x heures de design<\/em>\n<\/li>\n<li>Heures de contenu<br \/>\n<em>1x heures de contenu<\/em>\n<\/li>\n<\/ul>\n<\/div>\n<div class=\"plan one-fourth\">\n<h4> Fran\u00e7ais <\/h4>\n<ul>\n<li> Heures de design <br \/>\n<em> 1x heures de design <\/em>\n<\/li>\n<li> Heures de contenu <br \/>\n<em> 1x heures de contenu <\/em>\n<\/li>\n<\/ul>\n<\/div>\n<div class=\"plan one-fourth\">\n<h4> Bilingue <\/h4>\n<ul>\n<li> Heures de design <br \/>\n<em> 1,5x heures de design <\/em>\n<\/li>\n<li> Heures de contenu <br \/>\n<em> 1,5x heures de contenu <\/em>\n<\/li>\n<\/ul>\n<\/div>\n<div class=\"plan one-fourth\">\n<h4> 1 anglais et <br \/> 1 fran\u00e7ais <\/h4>\n<ul>\n<li> Heures de design <br \/>\n<em> 1,75x heures de design <\/em>\n<\/li>\n<li> Heures de contenu <br \/>\n<em> 1,75x heures de contenu <\/em>\n<\/li>\n<\/ul>\n<\/div>\n<\/div>\n<\/div>\n<div class=\"clear-both\"><\/div>\n<div class=\"one-half first service-section\">\n<h2>Contenu de design de flyer<\/h2>\n<p>\nSi vous souhaitez que webwilly utilise le contenu que vous fournissez, veuillez le fournir enti\u00e8rement corrig\u00e9 et pr\u00eat \u00e0 \u00eatre utilis\u00e9. Choisissez l&rsquo;option \u00ab\u00a0Copier et coller\u00a0\u00bb et webwilly copiera et collera ce que vous fournissez dans le design de votre flyer. Si vous souhaitez que webwilly corrige le contenu de votre design de flyer dans la ou les langues s\u00e9lectionn\u00e9es, s\u00e9lectionnez l&rsquo;option \u00ab\u00a0Correction\u00a0\u00bb. Si vous souhaitez que webwilly traduise le contenu de votre design de flyer entre l&rsquo;anglais et le fran\u00e7ais, s\u00e9lectionnez l&rsquo;option \u00ab\u00a0Traduction\u00a0\u00bb. Si vous souhaitez que webwilly r\u00e9dige le contenu de votre design de flyer dans la ou les langues de votre choix, s\u00e9lectionnez l&rsquo;option \u00ab\u00a0Cr\u00e9ation\u00a0\u00bb. Pour de meilleurs r\u00e9sultats, s\u00e9lectionnez l&rsquo;option \u00ab\u00a0Cr\u00e9ation\u00a0\u00bb et fournissez du contenu \u00e0 webwilly.\n<\/p>\n<\/div>\n<div class=\"one-half service-section\">\n<div style=\"text-align:center;\">\n<h3> Contenu <\/h3>\n<\/div>\n<div class=\"pricing-table\">\n<div class=\"plan one-fourth first\">\n<h4> Copier et coller <\/h4>\n<ul>\n<li> Heures de contenu <br \/>\n<em> Aucune<\/em>\n<\/li>\n<li> Travail de contenu <br \/>\n<em> Aucun <\/em>\n<\/li>\n<\/ul>\n<\/div>\n<div class=\"plan one-fourth\">\n<h4> Correction <\/h4>\n<ul>\n<li> Heures de contenu <br \/>\n<em> Jusqu&rsquo;\u00e0 2 heures <\/em>\n<\/li>\n<li> Travail de contenu <br \/>\n<em> Correction <\/em>\n<\/li>\n<\/ul>\n<\/div>\n<div class=\"plan one-fourth\">\n<h4> Traduction <\/h4>\n<ul>\n<li> Heures de contenu <br \/>\n<em> Jusqu&rsquo;\u00e0 3 heures <\/em>\n<\/li>\n<li> Travail de contenu <br \/>\n<em> Traduction et correction <\/em>\n<\/li>\n<\/ul>\n<\/div>\n<div class=\"plan one-fourth\">\n<h4> Cr\u00e9ation <\/h4>\n<ul>\n<li> Heures de contenu <br \/>\n<em> Jusqu&rsquo;\u00e0 4 heures <\/em>\n<\/li>\n<li> Travail de contenu <br \/>\n<em> Cr\u00e9ation, traduction, et correction <\/em>\n<\/li>\n<\/ul>\n<\/div>\n<\/div>\n<\/div>\n","protected":false},"excerpt":{"rendered":"<ul class = \"red-dot\" style = \"margin-bottom: 35px;margin-left:20px;\">\n<li> Fournissez des objectifs de design pour votre flyer <\/li>\n<li> Revissez le design du flyer avec des r\u00e9visions <\/li>\n<li> Design de flyer disponible en anglais et en fran\u00e7ais <\/li>\n<li> Diverses options de contenu disponibles <\/li>\n<li> Consultez nos suggestions de design de flyers <\/li>\n<\/ul>\n","protected":false},"featured_media":17777,"comment_status":"open","ping_status":"closed","template":"","meta":{"_genesis_hide_title":false,"_genesis_hide_breadcrumbs":false,"_genesis_hide_singular_image":false,"_genesis_hide_footer_widgets":false,"_genesis_custom_body_class":"","_genesis_custom_post_class":"","_genesis_layout":""},"product_brand":[],"product_cat":[37,91],"product_tag":[],"class_list":{"0":"post-19655","1":"product","2":"type-product","3":"status-publish","4":"has-post-thumbnail","6":"product_cat-design-de-marketing","7":"product_cat-design-de-materiel-de-marketing","8":"entry","10":"first","11":"instock","12":"shipping-taxable","13":"purchasable","14":"product-type-variable"},"exclude_global_add_ons":false,"addons":[{"name":"Budget d'images stock","type":"custom_price","position":0,"required":false,"title_format":"heading","default":"","description_enable":true,"description":"Les images de stock haut de gamme co\u00fbtent environ 20$ +taxes par image. Les images de stock r\u00e9guli\u00e8res co\u00fbtent environ 10$ +taxes par image. Soumettez vos pr\u00e9f\u00e9rences dans les d\u00e9tails de design. Budget minimum de 25$. Laissez ce champ vide si vous t\u00e9l\u00e9versez vos propres images. Si vous ne fournissez pas d'images et ne fournissez pas de budget, nous utiliserons des images de stock gratuites et moins attrayantes. Un cr\u00e9dit peut \u00eatre accord\u00e9 au photographe.","placeholder_enable":false,"placeholder":"","display":"select","restrictions_type":"any_text","adjust_price":false,"price":"","price_type":"quantity_based","restrictions":true,"min":"25","max":"555","options":[]}],"_links":{"self":[{"href":"https:\/\/webwilly.ca\/fr\/wp-json\/wp\/v2\/product\/19655","targetHints":{"allow":["GET"]}}],"collection":[{"href":"https:\/\/webwilly.ca\/fr\/wp-json\/wp\/v2\/product"}],"about":[{"href":"https:\/\/webwilly.ca\/fr\/wp-json\/wp\/v2\/types\/product"}],"replies":[{"embeddable":true,"href":"https:\/\/webwilly.ca\/fr\/wp-json\/wp\/v2\/comments?post=19655"}],"wp:featuredmedia":[{"embeddable":true,"href":"https:\/\/webwilly.ca\/fr\/wp-json\/wp\/v2\/media\/17777"}],"wp:attachment":[{"href":"https:\/\/webwilly.ca\/fr\/wp-json\/wp\/v2\/media?parent=19655"}],"wp:term":[{"taxonomy":"product_brand","embeddable":true,"href":"https:\/\/webwilly.ca\/fr\/wp-json\/wp\/v2\/product_brand?post=19655"},{"taxonomy":"product_cat","embeddable":true,"href":"https:\/\/webwilly.ca\/fr\/wp-json\/wp\/v2\/product_cat?post=19655"},{"taxonomy":"product_tag","embeddable":true,"href":"https:\/\/webwilly.ca\/fr\/wp-json\/wp\/v2\/product_tag?post=19655"}],"curies":[{"name":"wp","href":"https:\/\/api.w.org\/{rel}","templated":true}]}}