{"id":19590,"date":"2021-02-05T18:39:37","date_gmt":"2021-02-05T18:39:37","guid":{"rendered":"https:\/\/webwilly.ca\/buy\/design-de-logo\/"},"modified":"2024-02-08T17:05:00","modified_gmt":"2024-02-08T22:05:00","slug":"design-de-logo","status":"publish","type":"product","link":"https:\/\/webwilly.ca\/fr\/acheter\/design-de-marketing\/design-de-logo\/design-de-logo\/","title":{"rendered":"Design de logo"},"content":{"rendered":"<div class=\"one-fourth first top-section\">\n<p><strong>Objectifs<\/strong><\/p>\n<div class=\"one-fourth first\"><img loading=\"lazy\" decoding=\"async\" src=\"\/wp-content\/uploads\/2019\/05\/Profile.png\" alt=\"Objectifs\" width=\"54\" height=\"54\" class=\"alignnone size-full wp-image-9224\" \/><\/div>\n<div class=\"three-fourths\">\n<p>Incluez vos objectifs pour ce design sp\u00e9cifique.<\/p>\n<\/div>\n<\/div>\n<div class=\"one-fourth top-section\">\n<p><strong>Dur\u00e9e<\/strong><\/p>\n<div class=\"one-fourth first\"><img loading=\"lazy\" decoding=\"async\" src=\"\/wp-content\/uploads\/2018\/05\/Process-Delay.png\" alt=\"Dur\u00e9e\" width=\"54\" height=\"54\" class=\"alignnone size-full wp-image-9198\" \/><\/div>\n<div class=\"three-fourths\">\n<p>Jusqu\u2019\u00e0 15 jours ouvrables pour le premier design.<\/p>\n<\/div>\n<\/div>\n<div class=\"one-fourth top-section\">\n<p><strong>Impression<\/strong><\/p>\n<div class=\"one-fourth first\"><img loading=\"lazy\" decoding=\"async\" src=\"\/wp-content\/uploads\/2018\/05\/design-1.png\" alt=\"Impression\" width=\"54\" height=\"54\" class=\"alignnone size-full wp-image-9228\" \/><\/div>\n<div class=\"three-fourths\">\n<p>Logo pr\u00eat pour l&rsquo;impression et le num\u00e9rique.<\/p>\n<\/div>\n<\/div>\n<div class=\"one-fourth top-section\">\n<p><strong>Licence<\/strong><\/p>\n<div class=\"one-fourth first\"><img loading=\"lazy\" decoding=\"async\" src=\"\/wp-content\/uploads\/2019\/05\/pictures.png\" alt=\"Licence\" width=\"54\" height=\"54\" class=\"alignnone size-full wp-image-9230\" \/><\/div>\n<div class=\"three-fourths\">\n<p>Ne t\u00e9l\u00e9versez que votre propri\u00e9t\u00e9 intellectuelle.<\/p>\n<\/div>\n<\/div>\n<div class=\"one-fourth first top-section\">\n<p><strong>Design<\/strong><\/p>\n<div class=\"one-fourth first\"><img loading=\"lazy\" decoding=\"async\" src=\"\/wp-content\/uploads\/2021\/07\/webwilly-marketing-services.png\" alt=\"Design\" width=\"54\" height=\"54\" class=\"alignnone size-full wp-image-9192\" \/><\/div>\n<div class=\"three-fourths\">\n<p>Style de design, polices et couleurs de votre marque.<\/p>\n<\/div>\n<\/div>\n<div class=\"one-fourth top-section\">\n<p><strong>Bilingue<\/strong><\/p>\n<div class=\"one-fourth first\">\n<img loading=\"lazy\" decoding=\"async\" src=\"\/wp-content\/uploads\/2019\/05\/models.png\" alt=\"Bilingue\" width=\"54\" height=\"54\" class=\"alignnone size-full wp-image-9194\" \/><\/div>\n<div class=\"three-fourths\">\n<p>Service offert en anglais et en fran\u00e7ais.<\/p>\n<\/div>\n<\/div>\n<div class=\"one-fourth top-section\">\n<p><strong>Paiement<\/strong><\/p>\n<div class=\"one-fourth first\"><img loading=\"lazy\" decoding=\"async\" src=\"\/wp-content\/uploads\/2018\/05\/payment.png\" alt=\"Paiement\" width=\"54\" height=\"54\" class=\"alignnone size-full wp-image-9228\" \/><\/div>\n<div class=\"three-fourths\">\n<p>Nous acceptons les cartes de cr\u00e9dit via Stripe.<\/p>\n<\/div>\n<\/div>\n<div class=\"one-fourth top-section\">\n<p><strong>Support<\/strong><\/p>\n<div class=\"one-fourth first\"><img loading=\"lazy\" decoding=\"async\" src=\"\/wp-content\/uploads\/2018\/05\/support.png\" alt=\"support\" width=\"54\" height=\"54\" class=\"alignnone size-full wp-image-9230\" \/><\/div>\n<div class=\"three-fourths\">\n<p>N\u2019h\u00e9sitez pas \u00e0 nous contacter.<\/p>\n<\/div>\n<\/div>\n<div class=\"clear-both\"><\/div>\n<div class=\"two-thirds first service-section\">\n<h2>Design de logo pour les entreprises<\/h2>\n<p>\nwebwilly offre des services de design de logo aux entreprises du Qu\u00e9bec. Ce service est principalement destin\u00e9 aux petites entreprises qui ont besoin d&rsquo;un nouveau logo \u00e0 un prix avantageux. Votre logo doit repr\u00e9senter les valeurs et l&rsquo;image de marque de votre entreprise. Un logo fait presque toujours partie de tous les efforts de marketing. Il agit comme un symbole qui repr\u00e9sente votre entreprise et cr\u00e9e une notori\u00e9t\u00e9 de marque. Passez en revue votre logo actuel et la reconnaissance de votre marque, si cela est important, il peut \u00eatre judicieux de moderniser votre logo au lieu d&rsquo;en cr\u00e9er un nouveau.\n<\/p>\n<\/div>\n<div class=\"one-third service-section\">\n<img loading=\"lazy\" decoding=\"async\" src=\"\/wp-content\/uploads\/2021\/04\/logo-design-service_logo-design-service.png\" alt=\"Design de logo\" width=\"250\" height=\"250\" class=\"centered size-thumbnail wp-image-14035\" \/>\n<\/div>\n<div class=\"two-thirds first service-section\">\n<h2>Design de logo pour le marketing<\/h2>\n<p>\nIncluez une description de vos valeurs commerciales afin que nous puissions int\u00e9grer notre interpr\u00e9tation de ces valeurs dans le design de votre logo. Les couleurs jouent un r\u00f4le important dans la perception d&rsquo;un logo et des valeurs que repr\u00e9sente l&rsquo;entreprise. Passez en revue les logos d&rsquo;entreprises concurrents sur votre march\u00e9 et comparez les s\u00e9lections de couleurs. Certaines couleurs repr\u00e9sentent des produits, des services et des march\u00e9s sp\u00e9cifiques. D&rsquo;autres couleurs peuvent \u00eatre facilement associ\u00e9es \u00e0 des valeurs et des \u00e9motions. La combinaison de ces couleurs constituera votre s\u00e9lection de couleurs de design de logo.\n<\/p>\n<\/div>\n<div class=\"one-third service-section\">\n<img loading=\"lazy\" decoding=\"async\" src=\"\/wp-content\/uploads\/2021\/04\/logo-design-service_logo-design-revisions.png\" alt=\"Design de logo pour le marketing\" width=\"250\" height=\"250\" class=\"centered size-thumbnail wp-image-14035\" \/>\n<\/div>\n<div class=\"clear-both\"><\/div>\n<div class=\"one-half first service-section\">\n<h2>R\u00e9visions du design de logo<\/h2>\n<p>\nLes r\u00e9visions de design du logo permettent au client de revoir le design du logo afin de fournir des commentaires et une orientation pour un design nouveau ou modifi\u00e9. Une r\u00e9vision de design peut \u00eatre l\u2019\u00e9quivalent d\u2019un tout nouveau design de logo. Si vous souhaitez un design avec des modifications mineures, choisissez l&rsquo;option \u00ab Design final \u00bb. Si vous souhaitez revoir le design et orienter le design vers vos pr\u00e9f\u00e9rences, s\u00e9lectionnez 1 ou 2 r\u00e9visions de design. Pour les clients qui souhaitent un design haut de gamme, plus de r\u00e9visions \u00e9quivaut \u00e0 plus d&rsquo;heures de design et plus de budget pour les mat\u00e9riaux. Les r\u00e9visions de design devraient \u00eatre constructives et d\u00e9taill\u00e9es.\n<\/p>\n<\/div>\n<div class=\"one-half service-section\">\n<div style=\"text-align:center;\">\n<h3>R\u00e9visions de design<\/h3>\n<\/div>\n<div class=\"pricing-table\">\n<div class=\"plan one-third first\">\n<h4>Design Final<\/h4>\n<ul>\n<li>Heures de design<br \/>\n<em>Jusqu&rsquo;\u00e0 4 heures<\/em>\n<\/li>\n<li>Budget des mat\u00e9riaux<br \/>\n<em>Jusqu&rsquo;\u00e0 100$<\/em>\n<\/li>\n<\/ul>\n<\/div>\n<div class=\"plan one-third\">\n<h4>Design +1 r\u00e9vision<\/h4>\n<ul>\n<li>Heures de design<br \/>\n<em>Jusqu&rsquo;\u00e0 4h + 4h<\/em>\n<\/li>\n<li>Budget des mat\u00e9riaux<br \/>\n<em>Jusqu&rsquo;\u00e0 100$ + 100$<\/em>\n<\/li>\n<\/ul>\n<\/div>\n<div class=\"plan one-third\">\n<h4>Design +2 r\u00e9visions<\/h4>\n<ul>\n<li>Heures de design<br \/>\n<em>Jusqu&rsquo;\u00e0 4h + 4h + 4h<\/em>\n<\/li>\n<li>Budget des mat\u00e9riaux<br \/>\n<em>Jusqu&rsquo;\u00e0 100$ + 100$ + 100$<\/em>\n<\/li>\n<\/ul>\n<\/div>\n<\/div>\n<\/div>\n<div class=\"one-half first service-section\">\n<h2>Langage du design de logo<\/h2>\n<p>\nwebwilly fournit des services de design de logo en anglais, fran\u00e7ais, bilingue, ou 1 en anglais et 1 en fran\u00e7ais. Cette offre de services est sp\u00e9cialement con\u00e7ue pour les entreprises qu\u00e9b\u00e9coises qui doivent fournir un logo dans les deux langues. Si vous souhaitez avoir un logo distinct pour chaque langue, s\u00e9lectionnez l&rsquo;option \u00ab\u00a01 anglais et 1 fran\u00e7ais\u00a0\u00bb. Si vous voulez qu&rsquo;un logo qui int\u00e8gre les deux langues, s\u00e9lectionnez l&rsquo;option \u00ab\u00a0Bilingue\u00a0\u00bb. Si vous souhaitez que votre logo soit uniquement en anglais, s\u00e9lectionnez \u00ab\u00a0Anglais\u00a0\u00bb. Si vous souhaitez que votre logo soit uniquement en fran\u00e7ais, s\u00e9lectionnez \u00ab\u00a0Fran\u00e7ais\u00a0\u00bb.\n<\/p>\n<\/div>\n<div class=\"one-half service-section\">\n<div style=\"text-align:center;\">\n<h3>Langue<\/h3>\n<\/div>\n<div class=\"pricing-table\">\n<div class=\"plan one-fourth first\">\n<h4>Anglais<\/h4>\n<ul>\n<li>Heures de design<br \/>\n<em>1x heures de design<\/em>\n<\/li>\n<\/ul>\n<\/div>\n<div class=\"plan one-fourth\">\n<h4>Fran\u00e7ais<\/h4>\n<ul>\n<li>Heures de design<br \/>\n<em>1x heures de design<\/em>\n<\/li>\n<\/ul>\n<\/div>\n<div class=\"plan one-fourth\">\n<h4>Bilingue<\/h4>\n<ul>\n<li>Heures de design<br \/>\n<em>1,25x heures de design<\/em>\n<\/li>\n<\/ul>\n<\/div>\n<div class=\"plan one-fourth\">\n<h4>1 anglais et <br \/> 1 fran\u00e7ais<\/h4>\n<ul>\n<li>Heures de design<br \/>\n<em>1,5x heures de design<\/em>\n<\/li>\n<\/ul>\n<\/div>\n<\/div>\n<\/div>\n<div class=\"clear-both\"><\/div>\n<div class=\"two-thirds first service-section\">\n<h2>Design de logo pour votre march\u00e9 cible<\/h2>\n<p>\nDonnez-nous plus de d\u00e9tails sur votre march\u00e9 cible, cela nous aidera dans notre prise de d\u00e9cision pour le design de votre logo. Les consommateurs d&rsquo;\u00e2ges, de lieux, d&rsquo;ethnies et de sexes diff\u00e9rents pr\u00e9f\u00e8rent tous des styles de design diff\u00e9rents. Notre processus de design de logo prendra en compte les donn\u00e9es d\u00e9mographiques de votre march\u00e9 lors de la planification du design de votre logo.\n<\/p>\n<\/div>\n<div class=\"one-third service-section\">\n<img loading=\"lazy\" decoding=\"async\" src=\"\/wp-content\/uploads\/2021\/04\/logo-design-service_logo-design-demographics.png\" alt=\"Design de logo \" width=\"250\" height=\"250\" class=\"centered size-thumbnail wp-image-14035\" \/>\n<\/div>\n<div class=\"two-thirds first service-section\">\n<h2>Design de logo pour votre position sur le march\u00e9<\/h2>\n<p>\nIl peut \u00eatre avantageux pour l&rsquo;entreprise de changer de logo pour refl\u00e9ter une nouvelle position sur le march\u00e9. Consid\u00e9rez cette nouvelle position et les valeurs qui doivent l&rsquo;accompagner. Nous vous sugg\u00e9rons de s\u00e9lectionner un style et des couleurs de design de logo qui plaisent \u00e0 votre march\u00e9 cible et aux valeurs qu&rsquo;ils recherchent dans votre offre de produits.\n<\/p>\n<\/div>\n<div class=\"one-third service-section\">\n<img loading=\"lazy\" decoding=\"async\" src=\"\/wp-content\/uploads\/2021\/04\/logo-design-service_logo-design-values.png\" alt=\"Design de logo\" width=\"250\" height=\"250\" class=\"centered size-thumbnail wp-image-14035\" \/>\n<\/div>\n","protected":false},"excerpt":{"rendered":"<ul class = \"red-dot\" style = \"margin-bottom: 35px;margin-left:20px;\">\n<li> Service de design de logo <\/li>\n<li> Importez et modernisez le design de votre logo existant <\/li>\n<li> Parlez-nous de votre entreprise et de ses valeurs <\/li>\n<li> Parlez-nous de votre march\u00e9 cible et de vos zones g\u00e9ographiques <\/li>\n<\/ul>\n","protected":false},"featured_media":17765,"comment_status":"open","ping_status":"closed","template":"","meta":{"_genesis_hide_title":false,"_genesis_hide_breadcrumbs":false,"_genesis_hide_singular_image":false,"_genesis_hide_footer_widgets":false,"_genesis_custom_body_class":"","_genesis_custom_post_class":"","_genesis_layout":""},"product_brand":[],"product_cat":[90,37],"product_tag":[],"class_list":{"0":"post-19590","1":"product","2":"type-product","3":"status-publish","4":"has-post-thumbnail","6":"product_cat-design-de-logo","7":"product_cat-design-de-marketing","8":"entry","10":"first","11":"instock","12":"sold-individually","13":"shipping-taxable","14":"purchasable","15":"product-type-variable"},"exclude_global_add_ons":[],"addons":[],"_links":{"self":[{"href":"https:\/\/webwilly.ca\/fr\/wp-json\/wp\/v2\/product\/19590","targetHints":{"allow":["GET"]}}],"collection":[{"href":"https:\/\/webwilly.ca\/fr\/wp-json\/wp\/v2\/product"}],"about":[{"href":"https:\/\/webwilly.ca\/fr\/wp-json\/wp\/v2\/types\/product"}],"replies":[{"embeddable":true,"href":"https:\/\/webwilly.ca\/fr\/wp-json\/wp\/v2\/comments?post=19590"}],"wp:featuredmedia":[{"embeddable":true,"href":"https:\/\/webwilly.ca\/fr\/wp-json\/wp\/v2\/media\/17765"}],"wp:attachment":[{"href":"https:\/\/webwilly.ca\/fr\/wp-json\/wp\/v2\/media?parent=19590"}],"wp:term":[{"taxonomy":"product_brand","embeddable":true,"href":"https:\/\/webwilly.ca\/fr\/wp-json\/wp\/v2\/product_brand?post=19590"},{"taxonomy":"product_cat","embeddable":true,"href":"https:\/\/webwilly.ca\/fr\/wp-json\/wp\/v2\/product_cat?post=19590"},{"taxonomy":"product_tag","embeddable":true,"href":"https:\/\/webwilly.ca\/fr\/wp-json\/wp\/v2\/product_tag?post=19590"}],"curies":[{"name":"wp","href":"https:\/\/api.w.org\/{rel}","templated":true}]}}