{"id":19540,"date":"2021-02-05T18:39:32","date_gmt":"2021-02-05T18:39:32","guid":{"rendered":"https:\/\/webwilly.ca\/buy\/design-de-cartes-daffaires\/"},"modified":"2024-02-08T16:59:02","modified_gmt":"2024-02-08T21:59:02","slug":"design-de-carte-daffaires","status":"publish","type":"product","link":"https:\/\/webwilly.ca\/fr\/acheter\/design-de-marketing\/design-de-materiel-de-marketing\/design-de-carte-daffaires\/","title":{"rendered":"Design de carte d&rsquo;affaires"},"content":{"rendered":"<div class=\"one-fourth first top-section\">\n<p><strong>Objectifs<\/strong><\/p>\n<div class=\"one-fourth first\"><img loading=\"lazy\" decoding=\"async\" src=\"\/wp-content\/uploads\/2019\/05\/Profile.png\" alt=\"Objectifs\" width=\"54\" height=\"54\" class=\"alignnone size-full wp-image-9224\" \/><\/div>\n<div class=\"three-fourths\">\n<p>Incluez vos objectifs pour ce design sp\u00e9cifique.<\/p>\n<\/div>\n<\/div>\n<div class=\"one-fourth top-section\">\n<p><strong>Dur\u00e9e<\/strong><\/p>\n<div class=\"one-fourth first\"><img loading=\"lazy\" decoding=\"async\" src=\"\/wp-content\/uploads\/2018\/05\/Process-Delay.png\" alt=\"Dur\u00e9e\" width=\"54\" height=\"54\" class=\"alignnone size-full wp-image-9198\" \/><\/div>\n<div class=\"three-fourths\">\n<p>Jusqu\u2019\u00e0 10 jours ouvrables pour le premier design.<\/p>\n<\/div>\n<\/div>\n<div class=\"one-fourth top-section\">\n<p><strong>Impression<\/strong><\/p>\n<div class=\"one-fourth first\"><img loading=\"lazy\" decoding=\"async\" src=\"\/wp-content\/uploads\/2018\/05\/design-1.png\" alt=\"Impression\" width=\"54\" height=\"54\" class=\"alignnone size-full wp-image-9228\" \/><\/div>\n<div class=\"three-fourths\">\n<p><a href=\"\/fr\/acheter\/marketing-imprime\/impression-de-materiel-de-marketing\/cartes-daffaires\/\">L&rsquo;impression des cartes<\/a> est vendue s\u00e9par\u00e9ment.<\/p>\n<\/div>\n<\/div>\n<div class=\"one-fourth top-section\">\n<p><strong>Licence<\/strong><\/p>\n<div class=\"one-fourth first\"><img loading=\"lazy\" decoding=\"async\" src=\"\/wp-content\/uploads\/2019\/05\/pictures.png\" alt=\"Licence\" width=\"54\" height=\"54\" class=\"alignnone size-full wp-image-9230\" \/><\/div>\n<div class=\"three-fourths\">\n<p>Ne t\u00e9l\u00e9versez que votre propri\u00e9t\u00e9 intellectuelle.<\/p>\n<\/div>\n<\/div>\n<div class=\"one-fourth first top-section\">\n<p><strong>Design<\/strong><\/p>\n<div class=\"one-fourth first\"><img loading=\"lazy\" decoding=\"async\" src=\"\/wp-content\/uploads\/2021\/07\/webwilly-marketing-services.png\" alt=\"Design\" width=\"54\" height=\"54\" class=\"alignnone size-full wp-image-9192\" \/><\/div>\n<div class=\"three-fourths\">\n<p>Style de design, polices et couleurs de votre marque.<\/p>\n<\/div>\n<\/div>\n<div class=\"one-fourth top-section\">\n<p><strong>Bilingue<\/strong><\/p>\n<div class=\"one-fourth first\"><img loading=\"lazy\" decoding=\"async\" src=\"\/wp-content\/uploads\/2019\/05\/models.png\" alt=\"Bilingue\" width=\"54\" height=\"54\" class=\"alignnone size-full wp-image-9194\" \/><\/div>\n<div class=\"three-fourths\">Service offert en anglais et en fran\u00e7ais.<\/p>\n<\/div>\n<\/div>\n<div class=\"one-fourth top-section\">\n<p><strong>Paiement<\/strong><\/p>\n<div class=\"one-fourth first\"><img loading=\"lazy\" decoding=\"async\" src=\"\/wp-content\/uploads\/2018\/05\/payment.png\" alt=\"Paiement\" width=\"54\" height=\"54\" class=\"alignnone size-full wp-image-9228\" \/><\/div>\n<div class=\"three-fourths\">\n<p>Nous acceptons les cartes de cr\u00e9dit via Stripe.<\/p>\n<\/div>\n<\/div>\n<div class=\"one-fourth top-section\">\n<p><strong>Support<\/strong><\/p>\n<div class=\"one-fourth first\"><img loading=\"lazy\" decoding=\"async\" src=\"\/wp-content\/uploads\/2018\/05\/support.png\" alt=\"support\" width=\"54\" height=\"54\" class=\"alignnone size-full wp-image-9230\" \/><\/div>\n<div class=\"three-fourths\">\n<p>N\u2019h\u00e9sitez pas \u00e0 nous contacter.<\/p>\n<\/div>\n<\/div>\n<div class=\"clear-both\"><\/div>\n<div class=\"one-half first service-section\">\n<h2>Service de design de carte d&rsquo;affaires<\/h2>\n<p>\nwebwilly offre des services de design de carte d&rsquo;affaires aux entreprises situ\u00e9es au Qu\u00e9bec qui ont besoin d&rsquo;un nouveau design \u00e0 un prix avantageux. Le design de carte d&rsquo;affaires doit refl\u00e9ter la marque avec un style de design et une s\u00e9lection de couleurs assorties. Le design doit \u00e9galement repr\u00e9senter les valeurs que le public cible recherche dans la marque et les produits et services de l&rsquo;entreprise.\n<\/p>\n<\/div>\n<div class=\"one-half service-section\">\n<h2>Carte d&rsquo;affaires pour le marketing<\/h2>\n<p>\nUne carte d&rsquo;affaires fait toujours partie de chaque plan marketing. C&rsquo;est un outil important pour le d\u00e9veloppement des affaires et le r\u00e9seautage. Les designs de cartes d&rsquo;affaires pour diff\u00e9rentes entreprises peuvent avoir des objectifs tr\u00e8s distincts. Fournissez l&rsquo;objectif du design de cette carte d&rsquo;affaires sp\u00e9cifique.\n<\/p>\n<\/div>\n<div class=\"one-half first service-section\">\n<h2>R\u00e9visions du design de la carte<\/h2>\n<p>\nLes r\u00e9visions de design de carte d&rsquo;affaires permettent au client de revoir le design de la carte et de fournir des commentaires et une orientation pour le design. Si vous voulez un design de base et ne voulez pas passer du temps \u00e0 revoir le design, choisissez l&rsquo;option de \u00ab\u00a0Design final\u00a0\u00bb. Si vous souhaitez revoir le design et orienter le design vers vos pr\u00e9f\u00e9rences, s\u00e9lectionnez 1 ou 2 r\u00e9visions de design. Pour les clients qui souhaitent un design haut de gamme, plus de r\u00e9visions \u00e9quivaut \u00e0 plus d&rsquo;heures de design et plus de budget pour les mat\u00e9riaux. Les r\u00e9visions de design devraient \u00eatre constructives et d\u00e9taill\u00e9es.\n<\/p>\n<\/div>\n<div class=\"one-half service-section\">\n<div style=\"text-align:center;\">\n<h3>R\u00e9visions de design<\/h3>\n<\/div>\n<div class=\"pricing-table\">\n<div class=\"plan one-third first\">\n<h4>Design final<\/h4>\n<ul>\n<li>Heures de design<br \/>\n<em>Jusqu&rsquo;\u00e0 2 heures<\/em>\n<\/li>\n<li>Budget des mat\u00e9riaux<br \/>\n<em>Jusqu&rsquo;\u00e0 75$<\/em>\n<\/li>\n<\/ul>\n<\/div>\n<div class=\"plan one-third\">\n<h4>Design +1 r\u00e9vision<\/h4>\n<ul>\n<li>Heures de design<br \/>\n<em>Jusqu&rsquo;\u00e0 2h + 2h<\/em>\n<\/li>\n<li>Budget des mat\u00e9riaux<br \/>\n<em>Jusqu&rsquo;\u00e0 75$ + 75$<\/em>\n<\/li>\n<\/ul>\n<\/div>\n<div class=\"plan one-third\">\n<h4>Design +2 r\u00e9visions<\/h4>\n<ul>\n<li>Heures de design<br \/>\n<em>Jusqu&rsquo;\u00e0 2h + 2h + 2h<\/em>\n<\/li>\n<li>Budget des mat\u00e9riaux<br \/>\n<em>Jusqu&rsquo;\u00e0 75$ + 75$ + 75$<\/em>\n<\/li>\n<\/ul>\n<\/div>\n<\/div>\n<\/div>\n<div class=\"one-half first service-section\">\n<h2>Langage du design de la carte<\/h2>\n<p>\nwebwilly fournit des services de design de carte d&rsquo;affaires en anglais, en fran\u00e7ais, ou 1 en anglais et 1 en fran\u00e7ais. Cette offre de services est sp\u00e9cialement con\u00e7ue pour les entreprises du Qu\u00e9bec qui ont besoin de fournir une carte d&rsquo;affaires dans les deux langues. Notre option de langue bilingue est con\u00e7ue de mani\u00e8re \u00e0 ce qu&rsquo;une carte ait les deux langues. Cela peut r\u00e9duire le co\u00fbt d&rsquo;impression, mais cela r\u00e9duit \u00e9galement consid\u00e9rablement la quantit\u00e9 de contenu qui peut s&rsquo;int\u00e9grer dans le design.\n<\/p>\n<\/div>\n<div class=\"one-half service-section\">\n<div style=\"text-align:center;\">\n<h3>Langue<\/h3>\n<\/div>\n<div class=\"pricing-table\">\n<div class=\"plan one-fourth first\">\n<h4>Anglais<\/h4>\n<ul>\n<li>Heures de design<br \/>\n<em>1x heures de design<\/em>\n<\/li>\n<li>Heures de contenu<br \/>\n<em>1x heures de contenu<\/em>\n<\/li>\n<\/ul>\n<\/div>\n<div class=\"plan one-fourth\">\n<h4>Fran\u00e7ais<\/h4>\n<ul>\n<li>Heures de design<br \/>\n<em>1x heures de design<\/em>\n<\/li>\n<li>Heures de contenu<br \/>\n<em>1x heures de contenu<\/em>\n<\/li>\n<\/ul>\n<\/div>\n<div class=\"plan one-fourth\">\n<h4>Bilingue<\/h4>\n<ul>\n<li>Heures de design<br \/>\n<em>1,5x heures de design<\/em>\n<\/li>\n<li>Heures de contenu<br \/>\n<em>1,5x heures de contenu<\/em>\n<\/li>\n<\/ul>\n<\/div>\n<div class=\"plan one-fourth\">\n<h4>1 anglais et <br \/> 1 fran\u00e7ais<\/h4>\n<ul>\n<li>Heures de design<br \/>\n<em>1,75x heures de design<\/em>\n<\/li>\n<li>Heures de contenu<br \/>\n<em>1,75x heures de contenu<\/em>\n<\/li>\n<\/ul>\n<\/div>\n<\/div>\n<\/div>\n<div class=\"clear-both\"><\/div>\n<div class=\"one-half first service-section\">\n<h2>Contenu du design de la carte<\/h2>\n<p>\nSi vous souhaitez que nous utilisions le contenu que vous fournissez, veuillez nous le fournir enti\u00e8rement corrig\u00e9 et pr\u00eat \u00e0 \u00eatre utilis\u00e9. Choisissez l&rsquo;option \u00ab\u00a0Copier et coller\u00a0\u00bb et nous copierons et collerons ce que vous nous donnez dans le design de votre carte. Si vous souhaitez que nous corrigions le contenu du design de votre carte dans la ou les langues s\u00e9lectionn\u00e9es, s\u00e9lectionnez l&rsquo;option \u00ab\u00a0Correction\u00a0\u00bb. Si vous souhaitez que nous traduisions le contenu du design de votre carte entre l&rsquo;anglais et le fran\u00e7ais, s\u00e9lectionnez l&rsquo;option \u00ab\u00a0Traduction\u00a0\u00bb. Si vous souhaitez que nous r\u00e9digions le contenu du design de votre carte dans la ou les langues de votre choix, s\u00e9lectionnez l&rsquo;option \u00ab\u00a0Cr\u00e9ation\u00a0\u00bb. Pour le meilleur service, s\u00e9lectionnez l&rsquo;option \u00ab\u00a0Cr\u00e9ation\u00a0\u00bb et fournissez-nous du contenu.\n<\/p>\n<\/div>\n<div class=\"one-half service-section\">\n<div style=\"text-align:center;\">\n<h3>Contenu<\/h3>\n<\/div>\n<div class=\"pricing-table\">\n<div class=\"plan one-fourth first\">\n<h4>Copier et coller<\/h4>\n<ul>\n<li>Heures de contenu<br \/>\n<em>Aucune<\/em>\n<\/li>\n<li>Travail de contenu<br \/>\n<em>Aucune<\/em>\n<\/li>\n<\/ul>\n<\/div>\n<div class=\"plan one-fourth\">\n<h4>Correction<\/h4>\n<ul>\n<li>Heures de contenu<br \/>\n<em>Jusqu&rsquo;\u00e0 1 heure<\/em>\n<\/li>\n<li>Travail de contenu<br \/>\n<em>Correction<\/em>\n<\/li>\n<\/ul>\n<\/div>\n<div class=\"plan one-fourth\">\n<h4>Traduction<\/h4>\n<ul>\n<li>Heures de contenu<br \/>\n<em>Jusqu&rsquo;\u00e0 1,5 heure<\/em>\n<\/li>\n<li>Travail de contenu<br \/>\n<em>Traduction et correction<\/em>\n<\/li>\n<\/ul>\n<\/div>\n<div class=\"plan one-fourth\">\n<h4>Cr\u00e9ation<\/h4>\n<ul>\n<li>Heures de contenu<br \/>\n<em>Jusqu&rsquo;\u00e0 2 heures<\/em>\n<\/li>\n<li>Travail de contenu<br \/>\n<em>Cr\u00e9ation, traduction, et correction<\/em>\n<\/li>\n<\/ul>\n<\/div>\n<\/div>\n<\/div>\n","protected":false},"excerpt":{"rendered":"<ul class = \"red-dot\" style = \"margin-bottom: 35px;margin-left:20px;\">\n<li> Donnez-nous les objectifs du design de votre carte <\/li>\n<li> Revissez le design de la carte avec les r\u00e9visions de design <\/li>\n<li> Design disponible en anglais et en fran\u00e7ais <\/li>\n<li> Diverses options de contenu disponibles <\/li>\n<li> Consultez nos suggestions de design de carte d&rsquo;affaires <\/li>\n<\/ul>\n","protected":false},"featured_media":17770,"comment_status":"open","ping_status":"closed","template":"","meta":{"_genesis_hide_title":false,"_genesis_hide_breadcrumbs":false,"_genesis_hide_singular_image":false,"_genesis_hide_footer_widgets":false,"_genesis_custom_body_class":"","_genesis_custom_post_class":"","_genesis_layout":""},"product_brand":[],"product_cat":[37,91],"product_tag":[],"class_list":{"0":"post-19540","1":"product","2":"type-product","3":"status-publish","4":"has-post-thumbnail","6":"product_cat-design-de-marketing","7":"product_cat-design-de-materiel-de-marketing","8":"entry","10":"first","11":"instock","12":"shipping-taxable","13":"purchasable","14":"product-type-variable"},"exclude_global_add_ons":false,"addons":[{"name":"Budget d'images stock","type":"custom_price","position":0,"required":false,"title_format":"heading","default":"","description_enable":true,"description":"Les images de stock haut de gamme co\u00fbtent environ 20$ +taxes par image. Les images de stock r\u00e9guli\u00e8res co\u00fbtent environ 10$ +taxes par image. Soumettez vos pr\u00e9f\u00e9rences dans les d\u00e9tails de design. Budget minimum de 25$. Laissez ce champ vide si vous t\u00e9l\u00e9versez vos propres images. Si vous ne fournissez pas d'images et ne fournissez pas de budget, nous utiliserons des images de stock gratuites et moins attrayantes. Un cr\u00e9dit peut \u00eatre accord\u00e9 au photographe.","placeholder_enable":false,"placeholder":"","display":"select","restrictions_type":"any_text","adjust_price":false,"price":"","price_type":"quantity_based","restrictions":true,"min":"25","max":"555","options":[]}],"_links":{"self":[{"href":"https:\/\/webwilly.ca\/fr\/wp-json\/wp\/v2\/product\/19540","targetHints":{"allow":["GET"]}}],"collection":[{"href":"https:\/\/webwilly.ca\/fr\/wp-json\/wp\/v2\/product"}],"about":[{"href":"https:\/\/webwilly.ca\/fr\/wp-json\/wp\/v2\/types\/product"}],"replies":[{"embeddable":true,"href":"https:\/\/webwilly.ca\/fr\/wp-json\/wp\/v2\/comments?post=19540"}],"wp:featuredmedia":[{"embeddable":true,"href":"https:\/\/webwilly.ca\/fr\/wp-json\/wp\/v2\/media\/17770"}],"wp:attachment":[{"href":"https:\/\/webwilly.ca\/fr\/wp-json\/wp\/v2\/media?parent=19540"}],"wp:term":[{"taxonomy":"product_brand","embeddable":true,"href":"https:\/\/webwilly.ca\/fr\/wp-json\/wp\/v2\/product_brand?post=19540"},{"taxonomy":"product_cat","embeddable":true,"href":"https:\/\/webwilly.ca\/fr\/wp-json\/wp\/v2\/product_cat?post=19540"},{"taxonomy":"product_tag","embeddable":true,"href":"https:\/\/webwilly.ca\/fr\/wp-json\/wp\/v2\/product_tag?post=19540"}],"curies":[{"name":"wp","href":"https:\/\/api.w.org\/{rel}","templated":true}]}}