{"id":19516,"date":"2021-02-05T02:17:10","date_gmt":"2021-02-05T02:17:10","guid":{"rendered":"https:\/\/webwilly.ca\/buy\/tapis-de-souris\/"},"modified":"2024-02-08T16:34:38","modified_gmt":"2024-02-08T21:34:38","slug":"tapis-de-souris","status":"publish","type":"product","link":"https:\/\/webwilly.ca\/fr\/acheter\/marketing-imprime\/impression-de-produits-promotionnels\/tapis-de-souris\/","title":{"rendered":"Tapis de souris"},"content":{"rendered":"<div class=\"one-fourth first top-section\">\n<p><strong>Mod\u00e8les<\/strong><\/p>\n<div class=\"one-fourth first\"><img loading=\"lazy\" decoding=\"async\" src=\"\/wp-content\/uploads\/2018\/05\/templates.png\" alt=\"templates\" width=\"54\" height=\"54\" class=\"alignnone size-full wp-image-9224\" \/><\/div>\n<div class=\"three-fourths\">\n<p>T\u00e9l\u00e9chargez des mod\u00e8les \u00e0 partir de l\u2019onglet Mod\u00e8les.<\/p>\n<\/div>\n<\/div>\n<div class=\"one-fourth top-section\">\n<p><strong>Design<\/strong><\/p>\n<div class=\"one-fourth first\"><img loading=\"lazy\" decoding=\"async\" src=\"\/wp-content\/uploads\/2018\/05\/design-print.png\" alt=\"design\" width=\"54\" height=\"54\" class=\"alignnone size-full wp-image-9233\" \/><\/div>\n<div class=\"three-fourths\">\n<p><a href=\"\/fr\/acheter\/design-de-marketing\/design-de-produits-promotionnels\/design-de-tapis-de-souris\/\">Design de tapis de souris<\/a> vendus s\u00e9par\u00e9ment.<\/p>\n<\/div>\n<\/div>\n<div class=\"one-fourth top-section\">\n<p><strong>Exp\u00e9dition<\/strong><\/p>\n<div class=\"one-fourth first\"><img loading=\"lazy\" decoding=\"async\" src=\"\/wp-content\/uploads\/2018\/05\/shipping.png\" alt=\"shipping\" width=\"54\" height=\"54\" class=\"alignnone size-full wp-image-9196\" \/><\/div>\n<div class=\"three-fourths\">\n<p>Exp\u00e9di\u00e9 \u00e0 votre porte, au Qu\u00e9bec, \u00e0 partir de 12,99$.<\/p>\n<\/div>\n<\/div>\n<div class=\"one-fourth top-section\">\n<p><strong>Dur\u00e9e<\/strong><\/p>\n<div class=\"one-fourth first\"><img loading=\"lazy\" decoding=\"async\" src=\"\/wp-content\/uploads\/2018\/05\/Process-Delay.png\" alt=\"process\" width=\"54\" height=\"54\" class=\"alignnone size-full wp-image-9198\" \/><\/div>\n<div class=\"three-fourths\">\n<p>\u00c0 votre porte dans 5 \u00e0 15 jours ouvrables.<\/p>\n<\/div>\n<\/div>\n<div class=\"one-fourth first top-section\">\n<p><strong>Mat\u00e9riel<\/strong><\/p>\n<div class=\"one-fourth first\"><img loading=\"lazy\" decoding=\"async\" src=\"\/wp-content\/uploads\/2018\/05\/Paper-Card-Stock.png\" alt=\"Mat\u00e9riel\" width=\"54\" height=\"54\" class=\"alignnone size-full wp-image-9192\" \/><\/div>\n<div class=\"three-fourths\">\n<p>Nous utilisons des mat\u00e9riaux durables de haute qualit\u00e9.<\/p>\n<\/div>\n<\/div>\n<div class=\"one-fourth top-section\">\n<p><strong>Couleurs<\/strong><\/p>\n<div class=\"one-fourth first\">\n<img loading=\"lazy\" decoding=\"async\" src=\"\/wp-content\/uploads\/2021\/07\/webwilly-marketing-services.png\" alt=\"color\" width=\"54\" height=\"54\" class=\"alignnone size-full wp-image-9194\" \/><\/div>\n<div class=\"three-fourths\">\n<p>Impression couleur de la plus haute pr\u00e9cision.<\/p>\n<\/div>\n<\/div>\n<div class=\"one-fourth top-section\">\n<p><strong>Paiement<\/strong><\/p>\n<div class=\"one-fourth first\"><img loading=\"lazy\" decoding=\"async\" src=\"\/wp-content\/uploads\/2018\/05\/payment.png\" alt=\"Paiement\" width=\"54\" height=\"54\" class=\"alignnone size-full wp-image-9228\" \/><\/div>\n<div class=\"three-fourths\">\n<p>Nous acceptons les cartes de cr\u00e9dit via Stripe.<\/p>\n<\/div>\n<\/div>\n<div class=\"one-fourth top-section\">\n<p><strong>Support<\/strong><\/p>\n<div class=\"one-fourth first\"><img loading=\"lazy\" decoding=\"async\" src=\"\/wp-content\/uploads\/2018\/05\/support.png\" alt=\"support\" width=\"54\" height=\"54\" class=\"alignnone size-full wp-image-9230\" \/><\/div>\n<div class=\"three-fourths\">\n<p>N\u2019h\u00e9sitez pas \u00e0 nous contacter.<\/p>\n<\/div>\n<\/div>\n<div class=\"clear-both\"><\/div>\n<div class=\"two-thirds first service-section\">\n<h3>Services d&rsquo;impression de tapis de souris<\/h3>\n<p>\nwebwilly offre des services d&rsquo;impression de tapis de souris aux entreprises du Qu\u00e9bec. Ce service est destin\u00e9 aux entreprises qui ont d\u00e9j\u00e0 un design de tapis de souris complet, pr\u00eat pour l&rsquo;impression. Les tapis de souris aideront votre marque \u00e0 rester dans l&rsquo;esprit de vos clients en restant sur leur bureau. webwilly propose des tapis de souris de qualit\u00e9 sup\u00e9rieure qui dureront plus longtemps pour un faible co\u00fbt.\n<\/p>\n<p>\nLes tapis de souris sont un excellent cadeau promotionnel et un outil de bureau. Ils affichent le logo de l&rsquo;entreprise et l&rsquo;identit\u00e9 de la marque sur les bureaux toute la journ\u00e9e. Les tapis de souris doivent \u00eatre similaires \u00e0 vos autres designs marketing pour cr\u00e9er une coh\u00e9sion entre tous votre marketing de marque.\n<\/p>\n<\/div>\n<div class=\"one-third service-section\">\n<img decoding=\"async\" src=\"\/wp-content\/uploads\/2021\/02\/mouse-pad-05-1.jpg\" class=\"centered\" alt=\"Services d'impression de tapis de souris\" width=\"250px\" height=\"250px\">\n<\/div>\n<div class=\"clear-both\"><\/div>\n<div class=\"two-thirds first service-section\">\n<h3>Taille du tapis de souris<\/h3>\n<p>Votre design est imprim\u00e9 sur des tapis de souris normaux de 235mm x 195mm. Les clients appr\u00e9cieront l&rsquo;\u00e9paisseur suppl\u00e9mentaire du tapis de souris.<\/p>\n<ul class=\"red-dot\">\n<li> <strong> Id\u00e9al pour: <\/strong> Offrir en cadeau ou pour les employ\u00e9s de bureau. <\/li>\n<li> <strong> Pas pour: <\/strong> Convertir les clients en clients payants. <\/li>\n<li> <strong> Ressenti comme: <\/strong> Un tapis de souris \u00e9pais de qualit\u00e9 sup\u00e9rieure. <\/li>\n<\/ul>\n<\/div>\n<div class=\"one-third service-section\">\n<img decoding=\"async\" src=\"\/wp-content\/uploads\/2021\/04\/mouse-pad-04.jpg\" class=\"centered\" alt=\" tapis de souris\" width=\"250px\" height=\"250px\">\n<\/div>\n","protected":false},"excerpt":{"rendered":"<ul class = \"red-dot\" style = \"margin-bottom: 35px;margin-left:20px;\">\n<li> Mat\u00e9riau haut de gamme durable <\/li>\n<li> Processus d&rsquo;impression par sublimation thermique <\/li>\n<li> Impression et couleurs de haute qualit\u00e9 <\/li>\n<li> T\u00e9l\u00e9charger le mod\u00e8le dans l&rsquo;onglet Mod\u00e8les <\/li>\n<\/ul>\n","protected":false},"featured_media":18467,"comment_status":"open","ping_status":"closed","template":"","meta":{"_genesis_hide_title":false,"_genesis_hide_breadcrumbs":false,"_genesis_hide_singular_image":false,"_genesis_hide_footer_widgets":false,"_genesis_custom_body_class":"","_genesis_custom_post_class":"","_genesis_layout":""},"product_brand":[],"product_cat":[95,45],"product_tag":[],"class_list":{"0":"post-19516","1":"product","2":"type-product","3":"status-publish","4":"has-post-thumbnail","6":"product_cat-impression-de-produits-promotionnels","7":"product_cat-marketing-imprime","8":"product_shipping_class-produits-plus-grands","9":"entry","11":"first","12":"instock","13":"shipping-taxable","14":"purchasable","15":"product-type-variable"},"exclude_global_add_ons":[],"addons":[],"_links":{"self":[{"href":"https:\/\/webwilly.ca\/fr\/wp-json\/wp\/v2\/product\/19516","targetHints":{"allow":["GET"]}}],"collection":[{"href":"https:\/\/webwilly.ca\/fr\/wp-json\/wp\/v2\/product"}],"about":[{"href":"https:\/\/webwilly.ca\/fr\/wp-json\/wp\/v2\/types\/product"}],"replies":[{"embeddable":true,"href":"https:\/\/webwilly.ca\/fr\/wp-json\/wp\/v2\/comments?post=19516"}],"wp:featuredmedia":[{"embeddable":true,"href":"https:\/\/webwilly.ca\/fr\/wp-json\/wp\/v2\/media\/18467"}],"wp:attachment":[{"href":"https:\/\/webwilly.ca\/fr\/wp-json\/wp\/v2\/media?parent=19516"}],"wp:term":[{"taxonomy":"product_brand","embeddable":true,"href":"https:\/\/webwilly.ca\/fr\/wp-json\/wp\/v2\/product_brand?post=19516"},{"taxonomy":"product_cat","embeddable":true,"href":"https:\/\/webwilly.ca\/fr\/wp-json\/wp\/v2\/product_cat?post=19516"},{"taxonomy":"product_tag","embeddable":true,"href":"https:\/\/webwilly.ca\/fr\/wp-json\/wp\/v2\/product_tag?post=19516"}],"curies":[{"name":"wp","href":"https:\/\/api.w.org\/{rel}","templated":true}]}}