{"id":19492,"date":"2021-02-05T02:17:09","date_gmt":"2021-02-05T02:17:09","guid":{"rendered":"https:\/\/webwilly.ca\/buy\/etiquettes-dadresse-de-retour\/"},"modified":"2024-02-08T16:20:14","modified_gmt":"2024-02-08T21:20:14","slug":"etiquettes-dadresse-de-retour","status":"publish","type":"product","link":"https:\/\/webwilly.ca\/fr\/acheter\/marketing-imprime\/impression-etiquettes-et-autocollants\/etiquettes-dadresse-de-retour\/","title":{"rendered":"\u00c9tiquettes d&rsquo;adresse de retour"},"content":{"rendered":"<div class=\"one-fourth first top-section\">\n<p><strong>Mod\u00e8les<\/strong><\/p>\n<div class=\"one-fourth first\"><img loading=\"lazy\" decoding=\"async\" src=\"\/wp-content\/uploads\/2018\/05\/templates.png\" alt=\"Mod\u00e8les\" width=\"54\" height=\"54\" class=\"alignnone size-full wp-image-9224\" \/><\/div>\n<div class=\"three-fourths\">\n<p>T\u00e9l\u00e9chargez des mod\u00e8les \u00e0 partir de l&rsquo;onglet Mod\u00e8les.<\/p>\n<\/div>\n<\/div>\n<div class=\"one-fourth top-section\">\n<p><strong>Design<\/strong><\/p>\n<div class=\"one-fourth first\"><img loading=\"lazy\" decoding=\"async\" src=\"\/wp-content\/uploads\/2018\/05\/design-print.png\" alt=\"design\" width=\"54\" height=\"54\" class=\"alignnone size-full wp-image-9233\" \/><\/div>\n<div class=\"three-fourths\">\n<p><a href=\"\/fr\/acheter\/design-de-marketing\/design-etiquettes-et-autocollants\/design-detiquettes-dadresse-de-retour\/\">Design d&rsquo;\u00e9tiquettes<\/a> vendus s\u00e9par\u00e9ment.<\/p>\n<\/div>\n<\/div>\n<div class=\"one-fourth top-section\">\n<p><strong>Exp\u00e9dition<\/strong><\/p>\n<div class=\"one-fourth first\"><img loading=\"lazy\" decoding=\"async\" src=\"\/wp-content\/uploads\/2018\/05\/shipping.png\" alt=\"Exp\u00e9dition\" width=\"54\" height=\"54\" class=\"alignnone size-full wp-image-9196\" \/><\/div>\n<div class=\"three-fourths\">\n<p>Exp\u00e9di\u00e9 \u00e0 votre porte, au Qu\u00e9bec, \u00e0 partir de 7,99$.<\/p>\n<\/div>\n<\/div>\n<div class=\"one-fourth top-section\">\n<p><strong>Dur\u00e9e<\/strong><\/p>\n<div class=\"one-fourth first\"><img loading=\"lazy\" decoding=\"async\" src=\"\/wp-content\/uploads\/2018\/05\/Process-Delay.png\" alt=\"process\" width=\"54\" height=\"54\" class=\"alignnone size-full wp-image-9198\" \/><\/div>\n<div class=\"three-fourths\">\n<p>\u00c0 votre porte dans 3 \u00e0 15 jours ouvrables.<\/p>\n<\/div>\n<\/div>\n<div class=\"one-fourth first top-section\">\n<p><strong>Stock<\/strong><\/p>\n<div class=\"one-fourth first\"><img loading=\"lazy\" decoding=\"async\" src=\"\/wp-content\/uploads\/2018\/05\/Paper-Card-Stock.png\" alt=\"Paper-Card-Stock\" width=\"54\" height=\"54\" class=\"alignnone size-full wp-image-9192\" \/><\/div>\n<div class=\"three-fourths\">\n<p>Nous utilisons des stocks durables de qualit\u00e9.<\/p>\n<\/div>\n<\/div>\n<div class=\"one-fourth top-section\">\n<p><strong>Couleurs<\/strong><\/p>\n<div class=\"one-fourth first\">\n<img loading=\"lazy\" decoding=\"async\" src=\"\/wp-content\/uploads\/2021\/07\/webwilly-marketing-services.png\" alt=\"color\" width=\"54\" height=\"54\" class=\"alignnone size-full wp-image-9194\" \/><\/div>\n<div class=\"three-fourths\">\n<p>Impression couleur de la plus haute pr\u00e9cision.<\/p>\n<\/div>\n<\/div>\n<div class=\"one-fourth top-section\">\n<p><strong>Paiement<\/strong><\/p>\n<div class=\"one-fourth first\"><img loading=\"lazy\" decoding=\"async\" src=\"\/wp-content\/uploads\/2018\/05\/payment.png\" alt=\"Paiement\" width=\"54\" height=\"54\" class=\"alignnone size-full wp-image-9228\" \/><\/div>\n<div class=\"three-fourths\">\n<p>Nous acceptons les cartes de cr\u00e9dit via Stripe.<\/p>\n<\/div>\n<\/div>\n<div class=\"one-fourth top-section\">\n<p><strong>Support<\/strong><\/p>\n<div class=\"one-fourth first\"><img loading=\"lazy\" decoding=\"async\" src=\"\/wp-content\/uploads\/2018\/05\/support.png\" alt=\"support\" width=\"54\" height=\"54\" class=\"alignnone size-full wp-image-9230\" \/><\/div>\n<div class=\"three-fourths\">\n<p>N\u2019h\u00e9sitez pas \u00e0 nous contacter.<\/p>\n<\/div>\n<\/div>\n<div class=\"clear-both\"><\/div>\n<div class=\"two-thirds first service-section\">\n<h3>Services d&rsquo;impression d&rsquo;\u00e9tiquettes d&rsquo;adresse de retour<\/h3>\n<p>\nwebwilly offre des services d&rsquo;impression d&rsquo;\u00e9tiquettes d&rsquo;adresse de retour aux entreprises du Qu\u00e9bec. Ce service est destin\u00e9 aux entreprises qui ont d\u00e9j\u00e0 un design d&rsquo;\u00e9tiquette d&rsquo;adresse de retour complet, pr\u00eat \u00e0 \u00eatre imprim\u00e9e. Les \u00e9tiquettes doivent repr\u00e9senter l&rsquo;entreprise et la marque. webwilly propose des services d&rsquo;impression d&rsquo;\u00e9tiquettes \u00e0 faible co\u00fbt.\n<\/p>\n<p>\nLes \u00e9tiquettes d&rsquo;adresse de retour sont utiles si l&rsquo;entreprise envoie beaucoup de courrier. Ils affichent le logo de l&rsquo;entreprise et l&rsquo;identit\u00e9 de la marque sur les enveloppes envoy\u00e9es aux clients. Les \u00e9tiquettes d&rsquo;adresse de retour doivent \u00eatre similaires \u00e0 vos autres designs de marketing pour cr\u00e9er une coh\u00e9sion entre toutes vos marques.\n<\/p>\n<\/div>\n<div class=\"one-third service-section\">\n<img decoding=\"async\" src=\"\/wp-content\/uploads\/2021\/04\/return-address-labels.png\" class=\"centered\" alt=\"return-address-labels\" width=\"250px\" height=\"250px\">\n<\/div>\n<div class=\"clear-both\"><\/div>\n<div class=\"two-thirds first service-section\">\n<h3>Taille de l&rsquo;\u00e9tiquette d&rsquo;adresse de retour<\/h3>\n<p>Ces \u00e9tiquettes d&rsquo;adresse de retour sont imprim\u00e9es sur de petites \u00e9tiquettes de 68mm x 21mm. Cette taille est con\u00e7ue pour s&rsquo;adapter \u00e0 toutes les enveloppes. Les clients remarqueront la marque suppl\u00e9mentaire pr\u00e9sente sur les enveloppes qu&rsquo;ils re\u00e7oivent.<\/p>\n<ul class=\"red-dot\">\n<li> <strong> Id\u00e9al pour: <\/strong> La plupart des enveloppes de courrier. <\/li>\n<li> <strong> Pas pour: <\/strong> Les entreprises qui n&rsquo;envoient jamais de courrier. <\/li>\n<li> <strong> Ressenti comme: <\/strong> Les \u00e9tiquettes sont un peu petits mais pas trop. <\/li>\n<\/ul>\n<\/div>\n<div class=\"one-third service-section\">\n<img decoding=\"async\" src=\"\/wp-content\/uploads\/2021\/04\/return-address-labels-2.png\" class=\"centered\" alt=\"\u00e9tiquette adresse de retour\" width=\"250px\" height=\"250px\">\n<\/div>\n","protected":false},"excerpt":{"rendered":"<ul class=\"red-dot\" style=\"margin-bottom: 35px;margin-left:20px;\">\n<li> Pr\u00eat \u00e0 \u00eatre utilis\u00e9 <\/li>\n<li> Adh\u00e9sif puissant <\/li>\n<li> Impression et couleurs 300 DPI de haute qualit\u00e9 <\/li>\n<li> T\u00e9l\u00e9charger le mod\u00e8le dans l&rsquo;onglet Mod\u00e8les <\/li>\n<\/ul>\n","protected":false},"featured_media":17426,"comment_status":"open","ping_status":"closed","template":"","meta":{"_genesis_hide_title":false,"_genesis_hide_breadcrumbs":false,"_genesis_hide_singular_image":false,"_genesis_hide_footer_widgets":false,"_genesis_custom_body_class":"","_genesis_custom_post_class":"","_genesis_layout":""},"product_brand":[],"product_cat":[93,45],"product_tag":[],"class_list":{"0":"post-19492","1":"product","2":"type-product","3":"status-publish","4":"has-post-thumbnail","6":"product_cat-impression-etiquettes-et-autocollants","7":"product_cat-marketing-imprime","8":"entry","10":"first","11":"instock","12":"shipping-taxable","13":"purchasable","14":"product-type-variable"},"exclude_global_add_ons":[],"addons":[],"_links":{"self":[{"href":"https:\/\/webwilly.ca\/fr\/wp-json\/wp\/v2\/product\/19492","targetHints":{"allow":["GET"]}}],"collection":[{"href":"https:\/\/webwilly.ca\/fr\/wp-json\/wp\/v2\/product"}],"about":[{"href":"https:\/\/webwilly.ca\/fr\/wp-json\/wp\/v2\/types\/product"}],"replies":[{"embeddable":true,"href":"https:\/\/webwilly.ca\/fr\/wp-json\/wp\/v2\/comments?post=19492"}],"wp:featuredmedia":[{"embeddable":true,"href":"https:\/\/webwilly.ca\/fr\/wp-json\/wp\/v2\/media\/17426"}],"wp:attachment":[{"href":"https:\/\/webwilly.ca\/fr\/wp-json\/wp\/v2\/media?parent=19492"}],"wp:term":[{"taxonomy":"product_brand","embeddable":true,"href":"https:\/\/webwilly.ca\/fr\/wp-json\/wp\/v2\/product_brand?post=19492"},{"taxonomy":"product_cat","embeddable":true,"href":"https:\/\/webwilly.ca\/fr\/wp-json\/wp\/v2\/product_cat?post=19492"},{"taxonomy":"product_tag","embeddable":true,"href":"https:\/\/webwilly.ca\/fr\/wp-json\/wp\/v2\/product_tag?post=19492"}],"curies":[{"name":"wp","href":"https:\/\/api.w.org\/{rel}","templated":true}]}}