{"id":19471,"date":"2021-02-05T02:17:07","date_gmt":"2021-02-05T02:17:07","guid":{"rendered":"https:\/\/webwilly.ca\/buy\/cartons-dinformation\/"},"modified":"2024-02-08T16:07:14","modified_gmt":"2024-02-08T21:07:14","slug":"cartons-dinformation","status":"publish","type":"product","link":"https:\/\/webwilly.ca\/fr\/acheter\/marketing-imprime\/impression-de-materiel-de-marketing\/cartons-dinformation\/","title":{"rendered":"Cartons d&rsquo;information"},"content":{"rendered":"<div class=\"one-fourth first top-section\">\n<p><strong>Mod\u00e8les<\/strong><\/p>\n<div class=\"one-fourth first\"><img loading=\"lazy\" decoding=\"async\" src=\"\/wp-content\/uploads\/2018\/05\/templates.png\" alt=\"Mod\u00e8les\" width=\"54\" height=\"54\" class=\"alignnone size-full wp-image-9224\" \/><\/div>\n<div class=\"three-fourths\">\n<p>T\u00e9l\u00e9chargez des mod\u00e8les \u00e0 partir de l\u2019onglet Mod\u00e8les.<\/p>\n<\/div>\n<\/div>\n<div class=\"one-fourth top-section\">\n<p><strong>Design<\/strong><\/p>\n<div class=\"one-fourth first\"><img loading=\"lazy\" decoding=\"async\" src=\"\/wp-content\/uploads\/2018\/05\/design-print.png\" alt=\"design\" width=\"54\" height=\"54\" class=\"alignnone size-full wp-image-9233\" \/><\/div>\n<div class=\"three-fourths\">\n<p><a href=\"\/fr\/acheter\/design-de-marketing\/design-de-materiel-de-marketing\/design-de-carton-dinformation\/\">Design de carton<\/a> vendus s\u00e9par\u00e9ment.<\/p>\n<\/div>\n<\/div>\n<div class=\"one-fourth top-section\">\n<p><strong>Exp\u00e9dition<\/strong><\/p>\n<div class=\"one-fourth first\"><img loading=\"lazy\" decoding=\"async\" src=\"\/wp-content\/uploads\/2018\/05\/shipping.png\" alt=\"Exp\u00e9dition\" width=\"54\" height=\"54\" class=\"alignnone size-full wp-image-9196\" \/><\/div>\n<div class=\"three-fourths\">\n<p>Exp\u00e9di\u00e9 \u00e0 votre porte, au Qu\u00e9bec, \u00e0 partir de 7,99$.<\/p>\n<\/div>\n<\/div>\n<div class=\"one-fourth top-section\">\n<p><strong>Dur\u00e9e<\/strong><\/p>\n<div class=\"one-fourth first\"><img loading=\"lazy\" decoding=\"async\" src=\"\/wp-content\/uploads\/2018\/05\/Process-Delay.png\" alt=\"Dur\u00e9e\" width=\"54\" height=\"54\" class=\"alignnone size-full wp-image-9198\" \/><\/div>\n<div class=\"three-fourths\">\n<p>\u00c0 votre porte dans 3 \u00e0 15 jours ouvrables.<\/p>\n<\/div>\n<\/div>\n<div class=\"one-fourth first top-section\">\n<p><strong>Stock<\/strong><\/p>\n<div class=\"one-fourth first\"><img loading=\"lazy\" decoding=\"async\" src=\"\/wp-content\/uploads\/2018\/05\/Paper-Card-Stock.png\" alt=\"Paper-Card-Stock\" width=\"54\" height=\"54\" class=\"alignnone size-full wp-image-9192\" \/><\/div>\n<div class=\"three-fourths\">\n<p>Nous utilisons des stocks durables de qualit\u00e9.<\/p>\n<\/div>\n<\/div>\n<div class=\"one-fourth top-section\">\n<p><strong>Couleurs<\/strong><\/p>\n<div class=\"one-fourth first\">\n<img loading=\"lazy\" decoding=\"async\" src=\"\/wp-content\/uploads\/2021\/07\/webwilly-marketing-services.png\" alt=\"color\" width=\"54\" height=\"54\" class=\"alignnone size-full wp-image-9194\" \/><\/div>\n<div class=\"three-fourths\">\n<p>Impression couleur de la plus haute pr\u00e9cision.<\/p>\n<\/div>\n<\/div>\n<div class=\"one-fourth top-section\">\n<p><strong>Paiement<\/strong><\/p>\n<div class=\"one-fourth first\"><img loading=\"lazy\" decoding=\"async\" src=\"\/wp-content\/uploads\/2018\/05\/payment.png\" alt=\"Paiement\" width=\"54\" height=\"54\" class=\"alignnone size-full wp-image-9228\" \/><\/div>\n<div class=\"three-fourths\">\n<p>Nous acceptons les cartes de cr\u00e9dit via Stripe.<\/p>\n<\/div>\n<\/div>\n<div class=\"one-fourth top-section\">\n<p><strong>Support<\/strong><\/p>\n<div class=\"one-fourth first\"><img loading=\"lazy\" decoding=\"async\" src=\"\/wp-content\/uploads\/2018\/05\/support.png\" alt=\"support\" width=\"54\" height=\"54\" class=\"alignnone size-full wp-image-9230\" \/><\/div>\n<div class=\"three-fourths\">\n<p>N\u2019h\u00e9sitez pas \u00e0 nous contacter.<\/p>\n<\/div>\n<\/div>\n<div class=\"clear-both\"><\/div>\n<div class=\"two-thirds first service-section\">\n<h3>Services d&rsquo;impression de cartons d&rsquo;information<\/h3>\n<p>\nwebwilly offre des services d&rsquo;impression de cartons d&rsquo;information aux entreprises du Qu\u00e9bec. Ce service est destin\u00e9 aux entreprises qui ont d\u00e9j\u00e0 un design complet de cartons d&rsquo;information, pr\u00eats \u00e0 \u00eatre imprim\u00e9es. Les cartons d&rsquo;information du client doivent repr\u00e9senter leur entreprise et leur marque. C&rsquo;est pourquoi webwilly propose 2 types diff\u00e9rents de stocks de papier pour les entreprises ayant des besoins de marque diff\u00e9rents.\n<\/p>\n<p>\nLes cartons d&rsquo;information sont un mat\u00e9riel de marketing important. Ils transmettent rapidement des informations sur les produits, les services et les \u00e9v\u00e9nements aux clients potentiels tr\u00e8s occup\u00e9s. Des options de papier glac\u00e9 et mat se trouvent dans la plupart de nos produits d&rsquo;impression. Nous vous sugg\u00e9rons de s\u00e9lectionner le m\u00eame papier pour tous vos produits de marketing imprim\u00e9.\n<\/p>\n<\/div>\n<div class=\"one-third service-section\">\n<img decoding=\"async\" src=\"\/wp-content\/uploads\/2021\/04\/rack-cards.png\" class=\"centered\" alt=\"cartons dinformation\" width=\"250px\" height=\"250px\">\n<\/div>\n<div class=\"clear-both\"><\/div>\n<div class=\"two-thirds first service-section\">\n<h3>Cartons d&rsquo;information d&rsquo;une taille de 3,74&Prime; x 8,27&Prime;<\/h3>\n<p>Les cartons d&rsquo;information sont imprim\u00e9es sur du papier de taille 3,74&Prime; x 8,27&Prime;. Taille de carte de rack standard.<\/p>\n<ul class=\"red-dot\">\n<li> <strong> Id\u00e9al pour: <\/strong> Informer rapidement un client potentiel. <\/li>\n<li> <strong> Pas pour: <\/strong> Beaucoup d&rsquo;informations et de d\u00e9tails. <\/li>\n<li> <strong> Ressenti comme: <\/strong> Quelque chose \u00e0 accepter facilement comme document. <\/li>\n<\/ul>\n<\/div>\n<div class=\"one-third service-section\">\n<img decoding=\"async\" src=\"\/wp-content\/uploads\/2021\/04\/rack-cards-2.png\" class=\"centered\" alt=\"Cartons d'information\" width=\"250px\" height=\"250px\">\n<\/div>\n<div class=\"clear-both\"><\/div>\n<div class=\"two-thirds first service-section\">\n<h3>Cartons d&rsquo;information avec fa\u00e7ade glac\u00e9<\/h3>\n<p>Le cartons glac\u00e9 fournit l&rsquo;impact \u00e9lev\u00e9 qu&rsquo;une entreprise souhaite pour une meilleure image de marque. Le brillant accrocheur fait ressortir les designs vibrants. <\/p>\n<ul class=\"red-dot\">\n<li> <strong> Id\u00e9al pour: <\/strong> Les designs photographiques ou dynamiques. <\/li>\n<li> <strong> Pas pour: <\/strong> Les designs qui utilisent moins d&rsquo;encre; designs blancs. <\/li>\n<li> <strong> Ressenti comme: <\/strong> Un devant lisse et un dos soyeux. <\/li>\n<\/ul>\n<\/div>\n<div class=\"one-third service-section\">\n<img decoding=\"async\" src=\"\/wp-content\/uploads\/2021\/04\/glossy-paper-stock-finish.png\" class=\"centered\" alt=\"cartons glac\u00e9\" width=\"200px\" height=\"200px\">\n<\/div>\n<div class=\"clear-both\"><\/div>\n<div class=\"two-thirds first service-section\">\n<h3>Cartons d&rsquo;information avec fa\u00e7ade mat<\/h3>\n<p>Le papier mat est id\u00e9al pour les marques robustes et matures dans des domaines tels que la construction et le droit. Rev\u00eatu d&rsquo;une sensation douce pour une lisibilit\u00e9 facile.<\/p>\n<ul class=\"red-dot\">\n<li> <strong> Id\u00e9al pour: <\/strong> Motifs de couleur claire. <\/li>\n<li> <strong> Pas pour: <\/strong> Les couleurs sombres et vibrantes. <\/li>\n<li> <strong> Ressenti comme: <\/strong> Devant verni, dos soyeux. <\/li>\n<\/ul>\n<\/div>\n<div class=\"one-third service-section\">\n<img decoding=\"async\" src=\"\/wp-content\/uploads\/2021\/04\/matte-paper-stock-finish.png\" class=\"centered\" alt=\"cartons mat\" width=\"200px\" height=\"200px\">\n<\/div>\n","protected":false},"excerpt":{"rendered":"<ul class = \"red-dot\" style = \"margin-bottom: 35px;margin-left:20px;\">\n<li> Taille de 3,74&Prime; x 8,27&Prime; <\/li>\n<li> Devant vernis UV glac\u00e9 ou vernis mat <\/li>\n<li> Derri\u00e8re demi-mat pour les deux options <\/li>\n<li> Les deux options utilisent du papier premium 16pt. <\/li>\n<li> Impression et couleurs 300 DPI de haute qualit\u00e9 <\/li>\n<li> T\u00e9l\u00e9charger le mod\u00e8le dans l&rsquo;onglet Mod\u00e8les <\/li>\n<\/ul>\n","protected":false},"featured_media":17414,"comment_status":"open","ping_status":"closed","template":"","meta":{"_genesis_hide_title":false,"_genesis_hide_breadcrumbs":false,"_genesis_hide_singular_image":false,"_genesis_hide_footer_widgets":false,"_genesis_custom_body_class":"","_genesis_custom_post_class":"","_genesis_layout":""},"product_brand":[],"product_cat":[94,45],"product_tag":[],"class_list":{"0":"post-19471","1":"product","2":"type-product","3":"status-publish","4":"has-post-thumbnail","6":"product_cat-impression-de-materiel-de-marketing","7":"product_cat-marketing-imprime","8":"entry","10":"first","11":"instock","12":"shipping-taxable","13":"purchasable","14":"product-type-variable"},"exclude_global_add_ons":false,"addons":[{"name":"Pr\u00e9sentoirs de cartons d'information","type":"input_multiplier","position":0,"required":false,"title_format":"heading","default":"","description_enable":true,"description":"Ajoutez des pr\u00e9sentoirs en acrylique \u00e0 votre commande. Nous sugg\u00e9rons 2 pr\u00e9sentoirs par design pour afficher les deux c\u00f4t\u00e9s. Maximum de 10.","placeholder_enable":false,"placeholder":"","display":"select","restrictions_type":"any_text","adjust_price":true,"price":"20","price_type":"quantity_based","restrictions":true,"min":"0","max":"10","options":[]}],"_links":{"self":[{"href":"https:\/\/webwilly.ca\/fr\/wp-json\/wp\/v2\/product\/19471","targetHints":{"allow":["GET"]}}],"collection":[{"href":"https:\/\/webwilly.ca\/fr\/wp-json\/wp\/v2\/product"}],"about":[{"href":"https:\/\/webwilly.ca\/fr\/wp-json\/wp\/v2\/types\/product"}],"replies":[{"embeddable":true,"href":"https:\/\/webwilly.ca\/fr\/wp-json\/wp\/v2\/comments?post=19471"}],"wp:featuredmedia":[{"embeddable":true,"href":"https:\/\/webwilly.ca\/fr\/wp-json\/wp\/v2\/media\/17414"}],"wp:attachment":[{"href":"https:\/\/webwilly.ca\/fr\/wp-json\/wp\/v2\/media?parent=19471"}],"wp:term":[{"taxonomy":"product_brand","embeddable":true,"href":"https:\/\/webwilly.ca\/fr\/wp-json\/wp\/v2\/product_brand?post=19471"},{"taxonomy":"product_cat","embeddable":true,"href":"https:\/\/webwilly.ca\/fr\/wp-json\/wp\/v2\/product_cat?post=19471"},{"taxonomy":"product_tag","embeddable":true,"href":"https:\/\/webwilly.ca\/fr\/wp-json\/wp\/v2\/product_tag?post=19471"}],"curies":[{"name":"wp","href":"https:\/\/api.w.org\/{rel}","templated":true}]}}