{"id":19460,"date":"2021-02-05T02:17:07","date_gmt":"2021-02-05T02:17:07","guid":{"rendered":"https:\/\/webwilly.ca\/buy\/dossiers-de-presentation\/"},"modified":"2024-02-08T16:00:12","modified_gmt":"2024-02-08T21:00:12","slug":"dossiers-de-presentation","status":"publish","type":"product","link":"https:\/\/webwilly.ca\/fr\/acheter\/marketing-imprime\/impression-de-materiel-de-marketing\/dossiers-de-presentation\/","title":{"rendered":"Dossiers de pr\u00e9sentation"},"content":{"rendered":"<div class=\"one-fourth first top-section\">\n<p><strong>Mod\u00e8les<\/strong><\/p>\n<div class=\"one-fourth first\"><img loading=\"lazy\" decoding=\"async\" src=\"\/wp-content\/uploads\/2018\/05\/templates.png\" alt=\"Mod\u00e8les\" width=\"54\" height=\"54\" class=\"alignnone size-full wp-image-9224\" \/><\/div>\n<div class=\"three-fourths\">\n<p>T\u00e9l\u00e9chargez des mod\u00e8les \u00e0 partir de l\u2019onglet Mod\u00e8les.<\/p>\n<\/div>\n<\/div>\n<div class=\"one-fourth top-section\">\n<p><strong>Design<\/strong><\/p>\n<div class=\"one-fourth first\"><img loading=\"lazy\" decoding=\"async\" src=\"\/wp-content\/uploads\/2018\/05\/design-print.png\" alt=\"design\" width=\"54\" height=\"54\" class=\"alignnone size-full wp-image-9233\" \/><\/div>\n<div class=\"three-fourths\">\n<p><a href=\"\/fr\/acheter\/design-de-marketing\/design-de-materiel-de-marketing\/design-de-dossier-de-presentation\/\">Design de dossier<\/a> vendus s\u00e9par\u00e9ment.<\/p>\n<\/div>\n<\/div>\n<div class=\"one-fourth top-section\">\n<p><strong>Exp\u00e9dition<\/strong><\/p>\n<div class=\"one-fourth first\"><img loading=\"lazy\" decoding=\"async\" src=\"\/wp-content\/uploads\/2018\/05\/shipping.png\" alt=\"shipping\" width=\"54\" height=\"54\" class=\"alignnone size-full wp-image-9196\" \/><\/div>\n<div class=\"three-fourths\">\n<p>Exp\u00e9di\u00e9 \u00e0 votre porte, au Qu\u00e9bec, \u00e0 partir de 12,99$.<\/p>\n<\/div>\n<\/div>\n<div class=\"one-fourth top-section\">\n<p><strong>Dur\u00e9e<\/strong><\/p>\n<div class=\"one-fourth first\"><img loading=\"lazy\" decoding=\"async\" src=\"\/wp-content\/uploads\/2018\/05\/Process-Delay.png\" alt=\"Dur\u00e9e\" width=\"54\" height=\"54\" class=\"alignnone size-full wp-image-9198\" \/><\/div>\n<div class=\"three-fourths\">\n<p>\u00c0 votre porte dans 5 \u00e0 15 jours ouvrables.<\/p>\n<\/div>\n<\/div>\n<div class=\"one-fourth first top-section\">\n<p><strong>Stock<\/strong><\/p>\n<div class=\"one-fourth first\"><img loading=\"lazy\" decoding=\"async\" src=\"\/wp-content\/uploads\/2018\/05\/Paper-Card-Stock.png\" alt=\"Stock\" width=\"54\" height=\"54\" class=\"alignnone size-full wp-image-9192\" \/><\/div>\n<div class=\"three-fourths\">\n<p>Nous utilisons des stocks durables de qualit\u00e9.<\/p>\n<\/div>\n<\/div>\n<div class=\"one-fourth top-section\">\n<p><strong>Couleurs<\/strong><\/p>\n<div class=\"one-fourth first\">\n<img loading=\"lazy\" decoding=\"async\" src=\"\/wp-content\/uploads\/2021\/07\/webwilly-marketing-services.png\" alt=\"color\" width=\"54\" height=\"54\" class=\"alignnone size-full wp-image-9194\" \/><\/div>\n<div class=\"three-fourths\">\n<p>Impression couleur de la plus haute pr\u00e9cision.<\/p>\n<\/div>\n<\/div>\n<div class=\"one-fourth top-section\">\n<p><strong>Paiement<\/strong><\/p>\n<div class=\"one-fourth first\"><img loading=\"lazy\" decoding=\"async\" src=\"\/wp-content\/uploads\/2018\/05\/payment.png\" alt=\"Paiement\" width=\"54\" height=\"54\" class=\"alignnone size-full wp-image-9228\" \/><\/div>\n<div class=\"three-fourths\">\n<p>Nous acceptons les cartes de cr\u00e9dit via Stripe.<\/p>\n<\/div>\n<\/div>\n<div class=\"one-fourth top-section\">\n<p><strong>Support<\/strong><\/p>\n<div class=\"one-fourth first\"><img loading=\"lazy\" decoding=\"async\" src=\"\/wp-content\/uploads\/2018\/05\/support.png\" alt=\"support\" width=\"54\" height=\"54\" class=\"alignnone size-full wp-image-9230\" \/><\/div>\n<div class=\"three-fourths\">\n<p>N\u2019h\u00e9sitez pas \u00e0 nous contacter.<\/p>\n<\/div>\n<\/div>\n<div class=\"clear-both\"><\/div>\n<div class=\"two-thirds first service-section\">\n<h3>Services d&rsquo;impression de dossiers de pr\u00e9sentation<\/h3>\n<p>\nwebwilly offre des services d&rsquo;impression de dossiers de pr\u00e9sentation aux entreprises du Qu\u00e9bec. Ce service est destin\u00e9 aux entreprises qui ont d\u00e9j\u00e0 un design de dossier de pr\u00e9sentation complet, pr\u00eat \u00e0 \u00eatre imprim\u00e9e. Les dossiers de pr\u00e9sentation du client doivent repr\u00e9senter leur entreprise et leur marque. C&rsquo;est pourquoi webwilly propose seulement l&rsquo;option Premium 16pt. \u00e0 finition glac\u00e9 avec un panneau int\u00e9rieur renforc\u00e9 pour prot\u00e9ger les poches.\n<\/p>\n<p>\nLes dossiers de pr\u00e9sentation sont un outil important pour les r\u00e9unions avec les clients. Ils pr\u00e9sentent des documents pour les clients et aident \u00e0 centrer la conversation de la r\u00e9union. Les dossiers de pr\u00e9sentation peuvent vraiment am\u00e9liorer le processus de vente en les incluant dans les r\u00e9unions avec les clients pour cr\u00e9er un meilleur impact de marque.\n<\/p>\n<\/div>\n<div class=\"one-third service-section\">\n<img decoding=\"async\" src=\"\/wp-content\/uploads\/2021\/04\/presentation-folders-printing.png\" class=\"centered\" alt=\"Presentation Folder Printing Services\" width=\"300px\" height=\"300px\">\n<\/div>\n<div class=\"clear-both\"><\/div>\n<div class=\"two-thirds first service-section\">\n<h3>Taille du dossier de pr\u00e9sentation 9,5&Prime; x 12&Prime;<\/h3>\n<p>\nCes dossiers de pr\u00e9sentation sont imprim\u00e9s, pli\u00e9s et assembl\u00e9s. Cette taille est parfaite pour s&rsquo;adapter \u00e0 tous vos documents au format lettre. Les clients appr\u00e9cient la pr\u00e9sentation organis\u00e9e et prot\u00e9g\u00e9e de leurs documents.\n<\/p>\n<ul class=\"red-dot\">\n<li> <strong> Id\u00e9al pour: <\/strong> Pr\u00e9sentation du mat\u00e9riel marketing et premi\u00e8res impressions.<\/li>\n<li> <strong> Pas pour: <\/strong> L&rsquo;utilisation prolong\u00e9e, documents surdimensionn\u00e9s et de centaines de pages.<\/li>\n<li> <strong> Ressenti comme: <\/strong> Un excellent outil de pr\u00e9sentation de documents. <\/li>\n<\/ul>\n<\/div>\n<div class=\"one-third service-section\">\n<img decoding=\"async\" src=\"\/wp-content\/uploads\/2021\/02\/presentation-folder-1.jpg\" class=\"centered\" alt=\"dossier de pr\u00e9sentation\" width=\"300px\" height=\"300px\">\n<\/div>\n<div class=\"clear-both\"><\/div>\n<div class=\"two-thirds first service-section\">\n<h3>Dossiers de pr\u00e9sentation avec finition glac\u00e9<\/h3>\n<p>\nLa finition glac\u00e9e fournit l&rsquo;impact \u00e9lev\u00e9 qu&rsquo;une entreprise souhaite pour les dossiers de pr\u00e9sentation. Le dossier de pr\u00e9sentation est rempli de documents et une carte d&rsquo;affaires peut \u00eatre ins\u00e9r\u00e9e dans la fente de la poche pour cr\u00e9er un impact durable par la marque une fois la r\u00e9union termin\u00e9e.\n<\/p>\n<ul class=\"red-dot\">\n<li> <strong> Id\u00e9al pour: <\/strong> Des designs qui attirent l&rsquo;attention et ont un impact.<\/li>\n<li> <strong> Pas pour: <\/strong> Des designs encombr\u00e9s qui incluent beaucoup de contenu et d&rsquo;informations.<\/li>\n<li> <strong> Ressenti comme: <\/strong> Une finition de qualit\u00e9 sup\u00e9rieure. <\/li>\n<\/ul>\n<\/div>\n<div class=\"one-third service-section\">\n<img decoding=\"async\" src=\"\/wp-content\/uploads\/2021\/02\/presentation-folder-02.jpg\" class=\"centered\" alt=\"Dossiers de pr\u00e9sentation\" width=\"300px\" height=\"300px\">\n<\/div>\n","protected":false},"excerpt":{"rendered":"<ul class=\"red-dot\" style=\"margin-bottom: 35px;margin-left:20px;\">\n<li> Papier \u00e9pais 16 pt. de qualit\u00e9 sup\u00e9rieure et impression de haute qualit\u00e9 <\/li>\n<li> Le format 9,5&Prime; x 12&Prime; est parfait pour les documents commerciaux <\/li>\n<li> Emplacement pour carte d&rsquo;affaires sur la poche lat\u00e9rale droite <\/li>\n<li> Finition glac\u00e9 pour faire ressortir les images et les couleurs <\/li>\n<li> Renforc\u00e9 avec un panneau suppl\u00e9mentaire pour prot\u00e9ger les poches <\/li>\n<li> T\u00e9l\u00e9charger le mod\u00e8le dans l&rsquo;onglet Mod\u00e8les <\/li>\n<\/ul>\n","protected":false},"featured_media":18443,"comment_status":"open","ping_status":"closed","template":"","meta":{"_genesis_hide_title":false,"_genesis_hide_breadcrumbs":false,"_genesis_hide_singular_image":false,"_genesis_hide_footer_widgets":false,"_genesis_custom_body_class":"","_genesis_custom_post_class":"","_genesis_layout":""},"product_brand":[],"product_cat":[94,45],"product_tag":[],"class_list":{"0":"post-19460","1":"product","2":"type-product","3":"status-publish","4":"has-post-thumbnail","6":"product_cat-impression-de-materiel-de-marketing","7":"product_cat-marketing-imprime","8":"product_shipping_class-produits-plus-grands","9":"entry","11":"first","12":"instock","13":"shipping-taxable","14":"purchasable","15":"product-type-variable"},"exclude_global_add_ons":[],"addons":[],"_links":{"self":[{"href":"https:\/\/webwilly.ca\/fr\/wp-json\/wp\/v2\/product\/19460","targetHints":{"allow":["GET"]}}],"collection":[{"href":"https:\/\/webwilly.ca\/fr\/wp-json\/wp\/v2\/product"}],"about":[{"href":"https:\/\/webwilly.ca\/fr\/wp-json\/wp\/v2\/types\/product"}],"replies":[{"embeddable":true,"href":"https:\/\/webwilly.ca\/fr\/wp-json\/wp\/v2\/comments?post=19460"}],"wp:featuredmedia":[{"embeddable":true,"href":"https:\/\/webwilly.ca\/fr\/wp-json\/wp\/v2\/media\/18443"}],"wp:attachment":[{"href":"https:\/\/webwilly.ca\/fr\/wp-json\/wp\/v2\/media?parent=19460"}],"wp:term":[{"taxonomy":"product_brand","embeddable":true,"href":"https:\/\/webwilly.ca\/fr\/wp-json\/wp\/v2\/product_brand?post=19460"},{"taxonomy":"product_cat","embeddable":true,"href":"https:\/\/webwilly.ca\/fr\/wp-json\/wp\/v2\/product_cat?post=19460"},{"taxonomy":"product_tag","embeddable":true,"href":"https:\/\/webwilly.ca\/fr\/wp-json\/wp\/v2\/product_tag?post=19460"}],"curies":[{"name":"wp","href":"https:\/\/api.w.org\/{rel}","templated":true}]}}