{"id":19402,"date":"2021-02-05T02:17:05","date_gmt":"2021-02-05T02:17:05","guid":{"rendered":"https:\/\/webwilly.ca\/buy\/depliants-a-trois-volets\/"},"modified":"2024-02-08T15:35:10","modified_gmt":"2024-02-08T20:35:10","slug":"depliants-a-trois-volets","status":"publish","type":"product","link":"https:\/\/webwilly.ca\/fr\/acheter\/marketing-imprime\/impression-de-materiel-de-marketing\/depliants-a-trois-volets\/","title":{"rendered":"D\u00e9pliants \u00e0 trois volets"},"content":{"rendered":"<div class=\"one-fourth first top-section\">\n<p><strong>Mod\u00e8les<\/strong><\/p>\n<div class=\"one-fourth first\"><img loading=\"lazy\" decoding=\"async\" src=\"\/wp-content\/uploads\/2018\/05\/templates.png\" alt=\"Mod\u00e8les\" width=\"54\" height=\"54\" class=\"alignnone size-full wp-image-9224\" \/><\/div>\n<div class=\"three-fourths\">\n<p>T\u00e9l\u00e9chargez des mod\u00e8les \u00e0 partir de l&rsquo;onglet Mod\u00e8les.<\/p>\n<\/div>\n<\/div>\n<div class=\"one-fourth top-section\">\n<p><strong>Design<\/strong><\/p>\n<div class=\"one-fourth first\"><img loading=\"lazy\" decoding=\"async\" src=\"\/wp-content\/uploads\/2018\/05\/design-print.png\" alt=\"design\" width=\"54\" height=\"54\" class=\"alignnone size-full wp-image-9233\" \/><\/div>\n<div class=\"three-fourths\">\n<p><a href=\"\/fr\/acheter\/design-de-marketing\/design-de-materiel-de-marketing\/design-de-depliant\/\">Design de d\u00e9pliant \u00e0 trois volets<\/a> vendu s\u00e9par\u00e9ment.<\/p>\n<\/div>\n<\/div>\n<div class=\"one-fourth top-section\">\n<p><strong>Exp\u00e9dition<\/strong><\/p>\n<div class=\"one-fourth first\"><img loading=\"lazy\" decoding=\"async\" src=\"\/wp-content\/uploads\/2018\/05\/shipping.png\" alt=\"Exp\u00e9dition\" width=\"54\" height=\"54\" class=\"alignnone size-full wp-image-9196\" \/><\/div>\n<div class=\"three-fourths\">\n<p>Exp\u00e9di\u00e9 \u00e0 votre porte, au Qu\u00e9bec, \u00e0 partir de 7,99$.<\/p>\n<\/div>\n<\/div>\n<div class=\"one-fourth top-section\">\n<p><strong>Dur\u00e9e<\/strong><\/p>\n<div class=\"one-fourth first\"><img loading=\"lazy\" decoding=\"async\" src=\"\/wp-content\/uploads\/2018\/05\/Process-Delay.png\" alt=\"process\" width=\"54\" height=\"54\" class=\"alignnone size-full wp-image-9198\" \/><\/div>\n<div class=\"three-fourths\">\n<p>\u00c0 votre porte dans 3 \u00e0 15 jours ouvrables.<\/p>\n<\/div>\n<\/div>\n<div class=\"one-fourth first top-section\">\n<p><strong>Stock<\/strong><\/p>\n<div class=\"one-fourth first\"><img loading=\"lazy\" decoding=\"async\" src=\"\/wp-content\/uploads\/2018\/05\/Paper-Card-Stock.png\" alt=\"Paper-Card-Stock\" width=\"54\" height=\"54\" class=\"alignnone size-full wp-image-9192\" \/><\/div>\n<div class=\"three-fourths\">\n<p>Nous utilisons des stocks durables de qualit\u00e9.<\/p>\n<\/div>\n<\/div>\n<div class=\"one-fourth top-section\">\n<p><strong>Couleurs<\/strong><\/p>\n<div class=\"one-fourth first\">\n<img loading=\"lazy\" decoding=\"async\" src=\"\/wp-content\/uploads\/2021\/07\/webwilly-marketing-services.png\" alt=\"color\" width=\"54\" height=\"54\" class=\"alignnone size-full wp-image-9194\" \/><\/div>\n<div class=\"three-fourths\">\n<p>Impression couleur de la plus haute pr\u00e9cision.<\/p>\n<\/div>\n<\/div>\n<div class=\"one-fourth top-section\">\n<p><strong>Paiement<\/strong><\/p>\n<div class=\"one-fourth first\"><img loading=\"lazy\" decoding=\"async\" src=\"\/wp-content\/uploads\/2018\/05\/payment.png\" alt=\"Paiement\" width=\"54\" height=\"54\" class=\"alignnone size-full wp-image-9228\" \/><\/div>\n<div class=\"three-fourths\">\n<p>Nous acceptons les cartes de cr\u00e9dit via Stripe.<\/p>\n<\/div>\n<\/div>\n<div class=\"one-fourth top-section\">\n<p><strong>Support<\/strong><\/p>\n<div class=\"one-fourth first\"><img loading=\"lazy\" decoding=\"async\" src=\"\/wp-content\/uploads\/2018\/05\/support.png\" alt=\"support\" width=\"54\" height=\"54\" class=\"alignnone size-full wp-image-9230\" \/><\/div>\n<div class=\"three-fourths\">\n<p>N\u2019h\u00e9sitez pas \u00e0 nous contacter.<\/p>\n<\/div>\n<\/div>\n<div class=\"clear-both\"><\/div>\n<div class=\"two-thirds first service-section\">\n<h3>Services d&rsquo;impression de d\u00e9pliants \u00e0 trois volets<\/h3>\n<p>\nwebwilly offre des services d&rsquo;impression de d\u00e9pliants \u00e0 trois volets aux entreprises du Qu\u00e9bec. Ce service est destin\u00e9 aux entreprises qui ont d\u00e9j\u00e0 un design de d\u00e9pliant \u00e0 trois volets complet, pr\u00eat \u00e0 \u00eatre imprim\u00e9e. Les d\u00e9pliants du client doivent repr\u00e9senter l&rsquo;entreprise du client et sa marque. C&rsquo;est pourquoi webwilly propose 3 tailles de d\u00e9pliants diff\u00e9rents et 2 types de papier diff\u00e9rents.\n<\/p>\n<p>\nLes d\u00e9pliants \u00e0 trois volets sont un outil important pour les pr\u00e9sentations de produits en personne. Ils pr\u00e9sentent des informations sp\u00e9cifiques sur les produits et services du client pour accro\u00eetre l&rsquo;int\u00e9r\u00eat pour leur offre. Des options de papier glac\u00e9 et mat se trouvent dans la plupart de nos produits d&rsquo;impression. webwilly sugg\u00e8re de s\u00e9lectionner le m\u00eame papier pour tous vos produits de marketing imprim\u00e9.\n<\/p>\n<\/div>\n<div class=\"one-third service-section\">\n<img decoding=\"async\" src=\"\/wp-content\/uploads\/2021\/04\/tri-fold-brochure-4.png\" class=\"centered\" alt=\"Services d'impression de d\u00e9pliants \u00e0 trois volets\" width=\"250px\" height=\"250px\">\n<\/div>\n<div class=\"clear-both\"><\/div>\n<div class=\"two-thirds first service-section\">\n<h3>D\u00e9pliants \u00e0 trois volets de 8,5&Prime; x 11&Prime;<\/h3>\n<p>Ces d\u00e9pliants sont imprim\u00e9es sur du papier de format lettre pli\u00e9 en trois. Il s&rsquo;agit de la taille de d\u00e9pliant \u00e0 trois volets la plus courante.<\/p>\n<ul class=\"red-dot\">\n<li> <strong> Id\u00e9al pour <\/strong>: Tr\u00e8s peu d&rsquo;informations. <\/li>\n<li> <strong> Pas pour: <\/strong> Informations d\u00e9taill\u00e9es et paragraphes. <\/li>\n<li> <strong> Ressenti comme: <\/strong> Petite taille simple. <\/li>\n<\/ul>\n<\/div>\n<div class=\"one-third service-section\">\n<img decoding=\"async\" src=\"\/wp-content\/uploads\/2021\/04\/tri-fold-brochure-1.png\" class=\"centered\" alt=\"D\u00e9pliants \u00e0 trois volets\" width=\"250px\" height=\"250px\">\n<\/div>\n<div class=\"clear-both\"><\/div>\n<div class=\"two-thirds first service-section\">\n<h3>D\u00e9pliants \u00e0 trois volets au format 8,5&Prime; x 14&Prime;<\/h3>\n<p>Ces d\u00e9pliants sont imprim\u00e9es sur du papier l\u00e9g\u00e8rement plus grand pli\u00e9 en trois. Ils constituent un bon compromis entre les deux autres tailles.<\/p>\n<ul class=\"red-dot\">\n<li><strong>Id\u00e9al pour:<\/strong> Grandes images et suffisamment d&rsquo;informations.<\/li>\n<li><strong>Pas pour:<\/strong> Les strat\u00e9gies de r\u00e9duction des co\u00fbts.<\/li>\n<li><strong>Ressenti comme:<\/strong> D\u00e9pliant de taille moyenne.<\/li>\n<\/ul>\n<\/div>\n<div class=\"one-third service-section\">\n<img decoding=\"async\" src=\"\/wp-content\/uploads\/2021\/04\/tri-fold-brochure-3.png\" class=\"centered\" alt=\"tri-fold-brochure\" width=\"250px\" height=\"250px\">\n<\/div>\n<div class=\"clear-both\"><\/div>\n<div class=\"two-thirds first service-section\">\n<h3>D\u00e9pliants \u00e0 trois volets de 9&Prime; x 16&Prime;<\/h3>\n<p>Ces d\u00e9pliants sont fait d&rsquo;un papier de format 9&Prime; x 16&Prime; pli\u00e9 en trois. Ces d\u00e9pliants sont plus spacieux.<\/p>\n<ul class=\"red-dot\">\n<li> <strong> Id\u00e9al pour: <\/strong> Bonne quantit\u00e9 d&rsquo;informations. <\/li>\n<li> <strong> Pas pour: <\/strong> Design qui a tr\u00e8s peu de contenu. <\/li>\n<li> <strong> Ressenti comme: <\/strong> Bonne taille qui se d\u00e9marque. <\/li>\n<\/ul>\n<\/div>\n<div class=\"one-third service-section\">\n<img decoding=\"async\" src=\"\/wp-content\/uploads\/2021\/09\/tri-fold-brochure-2.jpg\" class=\"centered\" alt=\"D\u00e9pliants \u00e0 trois volets\" width=\"250px\" height=\"250px\">\n<\/div>\n<div class=\"clear-both\"><\/div>\n<div class=\"two-thirds first service-section\">\n<h3>D\u00e9pliants \u00e0 trois volets avec papier glac\u00e9<\/h3>\n<p>Le papier glac\u00e9 fournit l&rsquo;impact \u00e9lev\u00e9 qu&rsquo;une entreprise souhaite pour une meilleure image de marque. Le brillant accrocheur fait ressortir les designs vibrants. <\/p>\n<ul class=\"red-dot\">\n<li> <strong> Id\u00e9al pour: <\/strong> Les designs photographiques ou dynamiques. <\/li>\n<li> <strong> Pas pour: <\/strong> Les designs qui utilisent moins d&rsquo;encre; designs blancs. <\/li>\n<li> <strong> Ressenti comme: <\/strong> Un devant lisse et un dos soyeux. <\/li>\n<\/ul>\n<\/div>\n<div class=\"one-third service-section\">\n<img decoding=\"async\" src=\"\/wp-content\/uploads\/2021\/04\/glossy-paper-stock-finish.png\" class=\"centered\" alt=\"Brochures \u00e0 trois volets glac\u00e9\" width=\"250px\" height=\"250px\">\n<\/div>\n<div class=\"clear-both\"><\/div>\n<div class=\"two-thirds first service-section\">\n<h3>D\u00e9pliants \u00e0 trois volets avec papier mat<\/h3>\n<p>Le papier mat est id\u00e9al pour les marques robustes et matures dans des domaines tels que la construction et le droit. Rev\u00eatu d&rsquo;une sensation douce pour une lisibilit\u00e9 facile.<\/p>\n<ul class=\"red-dot\">\n<li> <strong> Id\u00e9al pour: <\/strong> Motifs de couleur claire. <\/li>\n<li> <strong> Pas pour: <\/strong> Les couleurs sombres et vibrantes. <\/li>\n<li> <strong> Ressenti comme: <\/strong> Devant verni, dos soyeux. <\/li>\n<\/ul>\n<\/div>\n<div class=\"one-third service-section\">\n<img decoding=\"async\" src=\"\/wp-content\/uploads\/2021\/04\/matte-paper-stock-finish.png\" class=\"centered\" alt=\"Brochures \u00e0 trois volets mat\" width=\"250px\" height=\"250px\">\n<\/div>\n","protected":false},"excerpt":{"rendered":"<ul class = \"red-dot\" style = \"margin-bottom: 35px;margin-left:20px;\">\n<li> Options de stock de papier premium glac\u00e9 9pt. et premium mat 9.5pt.<\/li>\n<li> Disponible en: 8,5\u2033 x 11\u2033, 8,5\u2033 x 14\u2033, et 9\u2033 x 16\u2033<\/li>\n<li> Impression et couleurs 300 DPI de haute qualit\u00e9 <\/li>\n<li> T\u00e9l\u00e9charger le mod\u00e8le d&rsquo;impression dans l&rsquo;onglet Mod\u00e8les <\/li>\n<\/ul>\n","protected":false},"featured_media":18415,"comment_status":"open","ping_status":"closed","template":"","meta":{"_genesis_hide_title":false,"_genesis_hide_breadcrumbs":false,"_genesis_hide_singular_image":false,"_genesis_hide_footer_widgets":false,"_genesis_custom_body_class":"","_genesis_custom_post_class":"","_genesis_layout":""},"product_brand":[],"product_cat":[94,45],"product_tag":[],"class_list":{"0":"post-19402","1":"product","2":"type-product","3":"status-publish","4":"has-post-thumbnail","6":"product_cat-impression-de-materiel-de-marketing","7":"product_cat-marketing-imprime","8":"entry","10":"first","11":"instock","12":"shipping-taxable","13":"purchasable","14":"product-type-variable"},"exclude_global_add_ons":[],"addons":[],"_links":{"self":[{"href":"https:\/\/webwilly.ca\/fr\/wp-json\/wp\/v2\/product\/19402","targetHints":{"allow":["GET"]}}],"collection":[{"href":"https:\/\/webwilly.ca\/fr\/wp-json\/wp\/v2\/product"}],"about":[{"href":"https:\/\/webwilly.ca\/fr\/wp-json\/wp\/v2\/types\/product"}],"replies":[{"embeddable":true,"href":"https:\/\/webwilly.ca\/fr\/wp-json\/wp\/v2\/comments?post=19402"}],"wp:featuredmedia":[{"embeddable":true,"href":"https:\/\/webwilly.ca\/fr\/wp-json\/wp\/v2\/media\/18415"}],"wp:attachment":[{"href":"https:\/\/webwilly.ca\/fr\/wp-json\/wp\/v2\/media?parent=19402"}],"wp:term":[{"taxonomy":"product_brand","embeddable":true,"href":"https:\/\/webwilly.ca\/fr\/wp-json\/wp\/v2\/product_brand?post=19402"},{"taxonomy":"product_cat","embeddable":true,"href":"https:\/\/webwilly.ca\/fr\/wp-json\/wp\/v2\/product_cat?post=19402"},{"taxonomy":"product_tag","embeddable":true,"href":"https:\/\/webwilly.ca\/fr\/wp-json\/wp\/v2\/product_tag?post=19402"}],"curies":[{"name":"wp","href":"https:\/\/api.w.org\/{rel}","templated":true}]}}