{"id":19356,"date":"2021-02-05T02:17:05","date_gmt":"2021-02-05T02:17:05","guid":{"rendered":"https:\/\/webwilly.ca\/buy\/depliants-a-deux-volets\/"},"modified":"2024-02-08T15:45:26","modified_gmt":"2024-02-08T20:45:26","slug":"depliants-a-deux-volets","status":"publish","type":"product","link":"https:\/\/webwilly.ca\/fr\/acheter\/marketing-imprime\/impression-de-materiel-de-marketing\/depliants-a-deux-volets\/","title":{"rendered":"D\u00e9pliants \u00e0 deux volets"},"content":{"rendered":"<div class=\"one-fourth first top-section\">\n<p><strong>Mod\u00e8les<\/strong><\/p>\n<div class=\"one-fourth first\"><img loading=\"lazy\" decoding=\"async\" src=\"\/wp-content\/uploads\/2018\/05\/templates.png\" alt=\"templates\" width=\"54\" height=\"54\" class=\"alignnone size-full wp-image-9224\" \/><\/div>\n<div class=\"three-fourths\">\n<p>T\u00e9l\u00e9chargez des mod\u00e8les \u00e0 partir de l\u2019onglet Mod\u00e8les.<\/p>\n<\/div>\n<\/div>\n<div class=\"one-fourth top-section\">\n<p><strong>Design<\/strong><\/p>\n<div class=\"one-fourth first\"><img loading=\"lazy\" decoding=\"async\" src=\"\/wp-content\/uploads\/2018\/05\/design-print.png\" alt=\"design\" width=\"54\" height=\"54\" class=\"alignnone size-full wp-image-9233\" \/><\/div>\n<div class=\"three-fourths\">\n<p><a href=\"\/fr\/acheter\/design-de-marketing\/design-de-materiel-de-marketing\/design-de-depliant\/\">Design de d\u00e9pliant \u00e0 deux volets<\/a> vendu s\u00e9par\u00e9ment.<\/p>\n<\/div>\n<\/div>\n<div class=\"one-fourth top-section\">\n<p><strong>Exp\u00e9dition<\/strong><\/p>\n<div class=\"one-fourth first\"><img loading=\"lazy\" decoding=\"async\" src=\"\/wp-content\/uploads\/2018\/05\/shipping.png\" alt=\"Exp\u00e9dition\" width=\"54\" height=\"54\" class=\"alignnone size-full wp-image-9196\" \/><\/div>\n<div class=\"three-fourths\">\n<p>Exp\u00e9di\u00e9 \u00e0 votre porte, au Qu\u00e9bec, \u00e0 partir de 7,99$.<\/p>\n<\/div>\n<\/div>\n<div class=\"one-fourth top-section\">\n<p><strong>Dur\u00e9e<\/strong><\/p>\n<div class=\"one-fourth first\"><img loading=\"lazy\" decoding=\"async\" src=\"\/wp-content\/uploads\/2018\/05\/Process-Delay.png\" alt=\"Dur\u00e9e\" width=\"54\" height=\"54\" class=\"alignnone size-full wp-image-9198\" \/><\/div>\n<div class=\"three-fourths\">\n<p>\u00c0 votre porte dans 3 \u00e0 15 jours ouvrables.<\/p>\n<\/div>\n<\/div>\n<div class=\"one-fourth first top-section\">\n<p><strong>Stock<\/strong><\/p>\n<div class=\"one-fourth first\"><img loading=\"lazy\" decoding=\"async\" src=\"\/wp-content\/uploads\/2018\/05\/Paper-Card-Stock.png\" alt=\"Stock\" width=\"54\" height=\"54\" class=\"alignnone size-full wp-image-9192\" \/><\/div>\n<div class=\"three-fourths\">\n<p>Nous utilisons des stocks durables de qualit\u00e9.<\/p>\n<\/div>\n<\/div>\n<div class=\"one-fourth top-section\">\n<p><strong>Couleurs<\/strong><\/p>\n<div class=\"one-fourth first\">\n<img loading=\"lazy\" decoding=\"async\" src=\"\/wp-content\/uploads\/2021\/07\/webwilly-marketing-services.png\" alt=\"color\" width=\"54\" height=\"54\" class=\"alignnone size-full wp-image-9194\" \/><\/div>\n<div class=\"three-fourths\">\n<p>Impression couleur de la plus haute pr\u00e9cision.<\/p>\n<\/div>\n<\/div>\n<div class=\"one-fourth top-section\">\n<p><strong>Paiement<\/strong><\/p>\n<div class=\"one-fourth first\"><img loading=\"lazy\" decoding=\"async\" src=\"\/wp-content\/uploads\/2018\/05\/payment.png\" alt=\"payment\" width=\"54\" height=\"54\" class=\"alignnone size-full wp-image-9228\" \/><\/div>\n<div class=\"three-fourths\">\n<p>Nous acceptons les cartes de cr\u00e9dit via Stripe.<\/p>\n<\/div>\n<\/div>\n<div class=\"one-fourth top-section\">\n<p><strong>Support<\/strong><\/p>\n<div class=\"one-fourth first\"><img loading=\"lazy\" decoding=\"async\" src=\"\/wp-content\/uploads\/2018\/05\/support.png\" alt=\"support\" width=\"54\" height=\"54\" class=\"alignnone size-full wp-image-9230\" \/><\/div>\n<div class=\"three-fourths\">\n<p>N\u2019h\u00e9sitez pas \u00e0 nous contacter.<\/p>\n<\/div>\n<\/div>\n<div class=\"clear-both\"><\/div>\n<div class=\"two-thirds first service-section\">\n<h3>Services d&rsquo;impression de d\u00e9pliants \u00e0 deux volets<\/h3>\n<p>\nwebwilly offre des services d&rsquo;impression de d\u00e9pliants \u00e0 deux volets aux entreprises du Qu\u00e9bec. Ce service est destin\u00e9 aux entreprises qui ont d\u00e9j\u00e0 un design de d\u00e9pliant \u00e0 deux volets complet, pr\u00eat \u00e0 \u00eatre imprim\u00e9e. Les d\u00e9pliants du client doivent repr\u00e9senter leur entreprise et leur marque. webwilly propose 3 tailles de d\u00e9pliants diff\u00e9rentes et 2 options diff\u00e9rentes de stocks de papier.\n<\/p>\n<p>\nLes d\u00e9pliants \u00e0 deux volets sont un outil important pour la pr\u00e9sentation des produits. Ils pr\u00e9sentent des informations sp\u00e9cifiques sur les produits et services du client pour accro\u00eetre l&rsquo;int\u00e9r\u00eat pour l&rsquo;offre du client. Des options de papier glac\u00e9 et mat se trouvent dans la plupart de nos produits d&rsquo;impression. Nous vous sugg\u00e9rons de s\u00e9lectionner le m\u00eame papier pour tous les produits de marketing imprim\u00e9.\n<\/p>\n<\/div>\n<div class=\"one-third service-section\">\n<img decoding=\"async\" src=\"\/wp-content\/uploads\/2021\/08\/bi-fold-brochure-4.png\" class=\"centered\" alt=\"Services d'impression de d\u00e9pliants \u00e0 deux volets\" width=\"250px\" height=\"250px\">\n<\/div>\n<div class=\"clear-both\"><\/div>\n<div class=\"two-thirds first service-section\">\n<h3>D\u00e9pliants \u00e0 deux volets avec papier glac\u00e9<\/h3>\n<p>\nLe papier glac\u00e9 fournit l&rsquo;impact \u00e9lev\u00e9 qu&rsquo;une entreprise souhaite pour une meilleure image de marque. Le brillant accrocheur fait ressortir les designs vibrants.\n <\/p>\n<ul class=\"red-dot\">\n<li> <strong> Id\u00e9al pour: <\/strong> Les designs photographiques ou dynamiques. <\/li>\n<li> <strong> Pas pour: <\/strong> Les designs qui utilisent moins d&rsquo;encre; designs blancs. <\/li>\n<li> <strong> Ressenti comme: <\/strong> Un devant lisse et un dos soyeux. <\/li>\n<\/ul>\n<\/div>\n<div class=\"one-third service-section\">\n<img decoding=\"async\" src=\"\/wp-content\/uploads\/2021\/04\/glossy-paper-stock-finish.png\" class=\"centered\" alt=\"D\u00e9pliants \u00e0 deux volets avec papier glac\u00e9\" width=\"250px\" height=\"250px\">\n<\/div>\n<div class=\"clear-both\"><\/div>\n<div class=\"two-thirds first service-section\">\n<h3>D\u00e9pliants \u00e0 deux volets avec papier mat<\/h3>\n<p>\nLe papier mat est id\u00e9al pour les marques robustes et matures dans des domaines tels que la construction et le droit. Rev\u00eatu d&rsquo;une sensation douce pour une lisibilit\u00e9 facile.\n<\/p>\n<ul class=\"red-dot\">\n<li> <strong> Id\u00e9al pour: <\/strong> Les designs de couleur claire. <\/li>\n<li> <strong> Pas pour: <\/strong> Les designs de couleurs sombres et vibrantes. <\/li>\n<li> <strong> Ressenti comme: <\/strong> Devant verni, dos soyeux. <\/li>\n<\/ul>\n<\/div>\n<div class=\"one-third service-section\">\n<img decoding=\"async\" src=\"\/wp-content\/uploads\/2021\/04\/matte-paper-stock-finish.png\" class=\"centered\" alt=\"D\u00e9pliants \u00e0 deux volets avec papier mat\" width=\"250px\" height=\"250px\">\n<\/div>\n<div class=\"clear-both\"><\/div>\n<div class=\"two-thirds first service-section\">\n<h3>D\u00e9pliants \u00e0 deux volets de 8,5&Prime; x 11&Prime;<\/h3>\n<p>\nCes d\u00e9pliants sont imprim\u00e9s sur du papier de format lettre pli\u00e9 en deux. Il s&rsquo;agit de la taille de brochure \u00e0 deux volets la plus courante.\n<\/p>\n<ul class=\"red-dot\">\n<li> <strong> Id\u00e9al pour: <\/strong> La plupart des utilisations et des entreprises. <\/li>\n<li> <strong> Pas pour: <\/strong> D\u00e9pliants plus grandes avec beaucoup d&rsquo;informations et de d\u00e9tails. <\/li>\n<li> <strong> Ressenti comme: <\/strong> Taille normale pour avoir suffisamment d&rsquo;informations. <\/li>\n<\/ul>\n<\/div>\n<div class=\"one-third service-section\">\n<img decoding=\"async\" src=\"\/wp-content\/uploads\/2021\/02\/brochure-004.jpg\" class=\"centered\" alt=\"D\u00e9pliants \u00e0 deux volets avec papier mat\" width=\"250px\" height=\"250px\">\n<\/div>\n<div class=\"clear-both\"><\/div>\n<div class=\"two-thirds first service-section\">\n<h3>D\u00e9pliants \u00e0 deux volets de 9&Prime; x 8&Prime;<\/h3>\n<p>\nCes d\u00e9pliants sont fabriqu\u00e9s \u00e0 partir d&rsquo;un papier de format 9&Prime; x 8&Prime; pli\u00e9 en deux. Ils sont petits.\n<\/p>\n<ul class=\"red-dot\">\n<li> <strong> Id\u00e9al pour <\/strong>: Tr\u00e8s peu d&rsquo;informations. <\/li>\n<li> <strong> Pas pour: <\/strong> Informations d\u00e9taill\u00e9es et paragraphes. <\/li>\n<li> <strong> Ressenti comme: <\/strong> Facile \u00e0 partager et facile \u00e0 oublier. <\/li>\n<\/ul>\n<\/div>\n<div class=\"one-third service-section\">\n<img decoding=\"async\" src=\"\/wp-content\/uploads\/2021\/04\/bi-fold-brochure-print.jpg\" class=\"centered\" alt=\"D\u00e9pliants \u00e0 deux volets\" width=\"250px\" height=\"250px\">\n<\/div>\n<div class=\"clear-both\"><\/div>\n<div class=\"two-thirds first service-section\">\n<h3>D\u00e9pliants \u00e0 deux volets de 11&Prime; x 17&Prime;<\/h3>\n<p>\nCes grands d\u00e9pliants sont faits de papier 11&Prime; x 17&Prime; pli\u00e9 en deux. Ils sont tr\u00e8s spacieux.<\/p>\n<ul class=\"red-dot\">\n<li> <strong> Id\u00e9al pour: <\/strong> Produits et services d\u00e9taill\u00e9s avec des sp\u00e9cificit\u00e9s du secteur. <\/li>\n<li> <strong> Pas pour: <\/strong> strat\u00e9gies de r\u00e9duction des co\u00fbts. <\/li>\n<li> <strong> Ressenti comme: <\/strong> Un d\u00e9pliant plus s\u00e9rieux \u00e0 lire. <\/li>\n<\/ul>\n<\/div>\n<div class=\"one-third service-section\">\n<img decoding=\"async\" src=\"\/wp-content\/uploads\/2021\/08\/bi-fold-brochure-1.png\" class=\"centered\" alt=\"D\u00e9pliants \u00e0 deux volets\" width=\"250px\" height=\"250px\">\n<\/div>\n","protected":false},"excerpt":{"rendered":"<ul class=\"red-dot\" style=\"margin-bottom: 35px;margin-left:20px;\">\n<li> Options de stock de papier Premium Glac\u00e9 9pt. et Premium Mat 9.5pt.<\/li>\n<li> 3 tailles disponibles: 8,5&Prime; x 11&Prime;, 9&Prime; x 8&Prime;, et 11&Prime; x 17&Prime; <\/li>\n<li> Impression et couleurs 300 DPI de haute qualit\u00e9 <\/li>\n<li> T\u00e9l\u00e9charger le mod\u00e8le d&rsquo;impression dans l&rsquo;onglet Mod\u00e8les <\/li>\n<\/ul>\n","protected":false},"featured_media":17394,"comment_status":"open","ping_status":"closed","template":"","meta":{"_genesis_hide_title":false,"_genesis_hide_breadcrumbs":false,"_genesis_hide_singular_image":false,"_genesis_hide_footer_widgets":false,"_genesis_custom_body_class":"","_genesis_custom_post_class":"","_genesis_layout":""},"product_brand":[],"product_cat":[94,45],"product_tag":[],"class_list":{"0":"post-19356","1":"product","2":"type-product","3":"status-publish","4":"has-post-thumbnail","6":"product_cat-impression-de-materiel-de-marketing","7":"product_cat-marketing-imprime","8":"entry","10":"first","11":"instock","12":"shipping-taxable","13":"purchasable","14":"product-type-variable"},"exclude_global_add_ons":[],"addons":[],"_links":{"self":[{"href":"https:\/\/webwilly.ca\/fr\/wp-json\/wp\/v2\/product\/19356","targetHints":{"allow":["GET"]}}],"collection":[{"href":"https:\/\/webwilly.ca\/fr\/wp-json\/wp\/v2\/product"}],"about":[{"href":"https:\/\/webwilly.ca\/fr\/wp-json\/wp\/v2\/types\/product"}],"replies":[{"embeddable":true,"href":"https:\/\/webwilly.ca\/fr\/wp-json\/wp\/v2\/comments?post=19356"}],"wp:featuredmedia":[{"embeddable":true,"href":"https:\/\/webwilly.ca\/fr\/wp-json\/wp\/v2\/media\/17394"}],"wp:attachment":[{"href":"https:\/\/webwilly.ca\/fr\/wp-json\/wp\/v2\/media?parent=19356"}],"wp:term":[{"taxonomy":"product_brand","embeddable":true,"href":"https:\/\/webwilly.ca\/fr\/wp-json\/wp\/v2\/product_brand?post=19356"},{"taxonomy":"product_cat","embeddable":true,"href":"https:\/\/webwilly.ca\/fr\/wp-json\/wp\/v2\/product_cat?post=19356"},{"taxonomy":"product_tag","embeddable":true,"href":"https:\/\/webwilly.ca\/fr\/wp-json\/wp\/v2\/product_tag?post=19356"}],"curies":[{"name":"wp","href":"https:\/\/api.w.org\/{rel}","templated":true}]}}