{"id":19337,"date":"2021-02-05T02:17:04","date_gmt":"2021-02-05T02:17:04","guid":{"rendered":"https:\/\/webwilly.ca\/buy\/cartes-daffaires\/"},"modified":"2024-02-08T15:26:00","modified_gmt":"2024-02-08T20:26:00","slug":"cartes-daffaires","status":"publish","type":"product","link":"https:\/\/webwilly.ca\/fr\/acheter\/marketing-imprime\/impression-de-materiel-de-marketing\/cartes-daffaires\/","title":{"rendered":"Cartes d&rsquo;affaires"},"content":{"rendered":"<div class=\"one-fourth first top-section\">\n<p><strong>Mod\u00e8les<\/strong><\/p>\n<div class=\"one-fourth first\"><img loading=\"lazy\" decoding=\"async\" src=\"\/wp-content\/uploads\/2018\/05\/templates.png\" alt=\"Mod\u00e8les\" width=\"54\" height=\"54\" class=\"alignnone size-full wp-image-9224\" \/><\/div>\n<div class=\"three-fourths\">\n<p>T\u00e9l\u00e9chargez des mod\u00e8les \u00e0 partir de l&rsquo;onglet Mod\u00e8les.<\/p>\n<\/div>\n<\/div>\n<div class=\"one-fourth top-section\">\n<p><strong>Design<\/strong><\/p>\n<div class=\"one-fourth first\"><img loading=\"lazy\" decoding=\"async\" src=\"\/wp-content\/uploads\/2018\/05\/design-print.png\" alt=\"design\" width=\"54\" height=\"54\" class=\"alignnone size-full wp-image-9233\" \/><\/div>\n<div class=\"three-fourths\">\n<p><a href=\"\/fr\/acheter\/design-de-marketing\/design-de-materiel-de-marketing\/design-de-carte-daffaires\/\">Design de cartes d&rsquo;affaires<\/a> vendue s\u00e9par\u00e9ment.<\/p>\n<\/div>\n<\/div>\n<div class=\"one-fourth top-section\">\n<p><strong>Exp\u00e9dition<\/strong><\/p>\n<div class=\"one-fourth first\"><img loading=\"lazy\" decoding=\"async\" src=\"\/wp-content\/uploads\/2018\/05\/shipping.png\" alt=\"Exp\u00e9dition\" width=\"54\" height=\"54\" class=\"alignnone size-full wp-image-9196\" \/><\/div>\n<div class=\"three-fourths\">\n<p>Exp\u00e9di\u00e9 \u00e0 votre porte, au Qu\u00e9bec, \u00e0 partir de 7,99$.<\/p>\n<\/div>\n<\/div>\n<div class=\"one-fourth top-section\">\n<p><strong>Dur\u00e9e<\/strong><\/p>\n<div class=\"one-fourth first\"><img loading=\"lazy\" decoding=\"async\" src=\"\/wp-content\/uploads\/2018\/05\/Process-Delay.png\" alt=\"Dur\u00e9e\" width=\"54\" height=\"54\" class=\"alignnone size-full wp-image-9198\" \/><\/div>\n<div class=\"three-fourths\">\n<p>\u00c0 votre porte dans 3 \u00e0 15 jours ouvrables.<\/p>\n<\/div>\n<\/div>\n<div class=\"one-fourth first top-section\">\n<p><strong>Stock<\/strong><\/p>\n<div class=\"one-fourth first\"><img loading=\"lazy\" decoding=\"async\" src=\"\/wp-content\/uploads\/2018\/05\/Paper-Card-Stock.png\" alt=\"stock de papier\" width=\"54\" height=\"54\" class=\"alignnone size-full wp-image-9192\" \/><\/div>\n<div class=\"three-fourths\">\n<p>Nous utilisons des stocks durables de qualit\u00e9.<\/p>\n<\/div>\n<\/div>\n<div class=\"one-fourth top-section\">\n<p><strong>Couleurs<\/strong><\/p>\n<div class=\"one-fourth first\">\n<img loading=\"lazy\" decoding=\"async\" src=\"\/wp-content\/uploads\/2021\/07\/webwilly-marketing-services.png\" alt=\"Couleurs\" width=\"54\" height=\"54\" class=\"alignnone size-full wp-image-9194\" \/><\/div>\n<div class=\"three-fourths\">\n<p>Impression couleur de la plus haute pr\u00e9cision.<\/p>\n<\/div>\n<\/div>\n<div class=\"one-fourth top-section\">\n<p><strong>Paiement<\/strong><\/p>\n<div class=\"one-fourth first\"><img loading=\"lazy\" decoding=\"async\" src=\"\/wp-content\/uploads\/2018\/05\/payment.png\" alt=\"Paiement\" width=\"54\" height=\"54\" class=\"alignnone size-full wp-image-9228\" \/><\/div>\n<div class=\"three-fourths\">\n<p>Nous acceptons les cartes de cr\u00e9dit via Stripe.<\/p>\n<\/div>\n<\/div>\n<div class=\"one-fourth top-section\">\n<p><strong>Support<\/strong><\/p>\n<div class=\"one-fourth first\"><img loading=\"lazy\" decoding=\"async\" src=\"\/wp-content\/uploads\/2018\/05\/support.png\" alt=\"support\" width=\"54\" height=\"54\" class=\"alignnone size-full wp-image-9230\" \/><\/div>\n<div class=\"three-fourths\">\n<p>N\u2019h\u00e9sitez pas \u00e0 nous contacter.<\/p>\n<\/div>\n<\/div>\n<div class=\"clear-both\"><\/div>\n<div class=\"two-thirds first service-section\">\n<h3>Services d&rsquo;impression de cartes d&rsquo;affaires<\/h3>\n<p>\nwebwilly offre des services d&rsquo;impression de cartes d&rsquo;affaires aux entreprises du Qu\u00e9bec. Ce service est destin\u00e9 aux entreprises qui ont d\u00e9j\u00e0 un design de carte d&rsquo;affaire, pr\u00eat \u00e0 \u00eatre imprim\u00e9e. Le client peut acheter des services de design de cartes d&rsquo;affaires, vendus s\u00e9par\u00e9ment, s&rsquo;il ne dispose pas d\u00e9j\u00e0 d&rsquo;un design de carte d&rsquo;affaires. T\u00e9l\u00e9chargez le mod\u00e8le vierge dans l&rsquo;onglet Mod\u00e8les pour avoir les dimensions d&rsquo;impression appropri\u00e9es pour le design de votre carte d&rsquo;affaires. Les cartes d&rsquo;affaires du client doivent repr\u00e9senter leur entreprise et leur marque. webwilly propose deux options diff\u00e9rentes d&rsquo;\u00e9paisseurs de papier et 2 options diff\u00e9rentes de stocks de papier.\n<\/p>\n<\/div>\n<div class=\"one-third service-section\">\n<img decoding=\"async\" src=\"\/wp-content\/uploads\/2021\/04\/business-card-print.jpg\" class=\"centered\" alt=\"Services d'impression de cartes d'affaires\" width=\"250px\" height=\"250px\">\n<\/div>\n<div class=\"clear-both\"><\/div>\n<div class=\"two-thirds first service-section\">\n<h3>Cartes d&rsquo;affaires pour le marketing<\/h3>\n<p>\nLes cartes d&rsquo;affaires sont un outil important pour le d\u00e9veloppement des affaires. Ils incitent les clients potentiels \u00e0 poursuivre la conversation apr\u00e8s la r\u00e9union initiale. Les professionnels doivent toujours tenir des cartes d&rsquo;affaires lors de r\u00e9unions d&rsquo;affaires en personne afin d&rsquo;\u00e9changer facilement des informations de contact d\u00e9taill\u00e9es. Les options de papier glac\u00e9 et mat se trouvent dans la plupart de nos produits d&rsquo;impression. webwilly sugg\u00e8re de s\u00e9lectionner le m\u00eame papier pour tous vos produits de marketing imprim\u00e9.\n<\/p>\n<\/div>\n<div class=\"one-third service-section\">\n<img decoding=\"async\" src=\"\/wp-content\/uploads\/2021\/04\/business-card-print-2.jpg\" class=\"centered\" alt=\"Cartes d'affaires pour le marketing\" width=\"250px\" height=\"250px\">\n<\/div>\n<div class=\"clear-both\"><\/div>\n<div class=\"two-thirds first service-section\">\n<h3>Cartes d&rsquo;affaires d&rsquo;une \u00e9paisseur de 16pt.<\/h3>\n<p>L&rsquo;\u00e9paisseur 16pt. du papier est juste assez \u00e9paisse pour ne pas sembler trop mince et fragile. C&rsquo;est une \u00e9paisseur de papier d\u00e9cente pour un bon prix.<\/p>\n<ul class=\"red-dot\">\n<li> <strong> Id\u00e9al pour: <\/strong> grandes quantit\u00e9s et strat\u00e9gies de r\u00e9duction des co\u00fbts. <\/li>\n<li> <strong> Pas pour: <\/strong> les marques de luxe et les entreprises haut de gamme. <\/li>\n<li> <strong> Ressenti comme: <\/strong> L&rsquo;\u00e9paisseur de la carte d&rsquo;affaires n&rsquo;est pas mauvaise. <\/li>\n<\/ul>\n<\/div>\n<div class=\"one-third service-section\">\n<img decoding=\"async\" src=\"\/wp-content\/uploads\/2021\/04\/premium-business-card-stack.jpg\" class=\"centered\" alt=\"Cartes d'affaires pour le marketing\" width=\"250px\" height=\"250px\">\n<\/div>\n<div class=\"clear-both\"><\/div>\n<div class=\"two-thirds first service-section\">\n<h3>Cartes d&rsquo;affaires d&rsquo;une \u00e9paisseur de 18 pt.<\/h3>\n<p>L&rsquo;\u00e9paisseur du papier 18pt. est plus \u00e9paisse mais pas trop \u00e9paisse comme le carton. C&rsquo;est un bon choix pour les entreprises qui souhaitent avoir une meilleure image de marque \u00e0 un prix rentable.<\/p>\n<ul class=\"red-dot\">\n<li> <strong> Id\u00e9al pour: <\/strong> Toutes les entreprises. <\/li>\n<li> <strong> Pas pour: <\/strong> Strat\u00e9gies strictes de r\u00e9duction des co\u00fbts. <\/li>\n<li> <strong> Ressenti comme: <\/strong> Papier plus \u00e9pais, juste parfait. <\/li>\n<\/ul>\n<\/div>\n<div class=\"one-third service-section\">\n<img decoding=\"async\" src=\"\/wp-content\/uploads\/2021\/04\/premium-plus-business-card-stack.jpg\" class=\"centered\" alt=\"Cartes d'affaires pour le marketing\" width=\"250px\" height=\"250px\">\n<\/div>\n<div class=\"clear-both\"><\/div>\n<div class=\"two-thirds first service-section\">\n<h3>Cartes d&rsquo;affaires avec papier glac\u00e9<\/h3>\n<p>Le papier glac\u00e9 fournit l&rsquo;impact \u00e9lev\u00e9 qu&rsquo;une entreprise souhaite pour une meilleure image de marque. Brillant qui attire la lumi\u00e8re pour faire ressortir les designs vibrants.<\/p>\n<ul class=\"red-dot\">\n<li> <strong> Id\u00e9al pour: <\/strong> Les designs photographiques ou dynamiques. <\/li>\n<li> <strong> Pas pour: <\/strong> Les designs qui utilisent moins d&rsquo;encre; designs blancs. <\/li>\n<li> <strong> Ressenti comme: <\/strong> Un devant lisse et un dos soyeux. <\/li>\n<\/ul>\n<\/div>\n<div class=\"one-third service-section\">\n<img decoding=\"async\" src=\"\/wp-content\/uploads\/2021\/04\/glossy-paper-stock-finish.png\" class=\"centered\" alt=\"Cartes d'affaires avec papier glac\u00e9\" width=\"250px\" height=\"250px\">\n<\/div>\n<div class=\"clear-both\"><\/div>\n<div class=\"two-thirds first service-section\">\n<h3>Cartes d&rsquo;affaires avec papier mat<\/h3>\n<p>Le papier mat est id\u00e9al pour les marques robustes et matures dans des domaines tels que la construction et le droit. Rev\u00eatu d&rsquo;une sensation douce pour une lisibilit\u00e9 facile.<\/p>\n<ul class=\"red-dot\">\n<li> <strong> Id\u00e9al pour: <\/strong> Les designs de couleurs claires <\/li>\n<li> <strong> Pas pour: <\/strong> Les designs de couleurs sombres et vibrantes <\/li>\n<li> <strong> Ressenti comme: <\/strong> Devant verni, dos soyeux <\/li>\n<\/ul>\n<\/div>\n<div class=\"one-third service-section\">\n<img decoding=\"async\" src=\"\/wp-content\/uploads\/2021\/04\/matte-paper-stock-finish.png\" class=\"centered\" alt=\"Cartes d'affaires avec papier mat\" width=\"250px\" height=\"250px\">\n<\/div>\n","protected":false},"excerpt":{"rendered":"<ul class = \"red-dot\" style = \"margin-bottom: 35px;margin-left:20px;\">\n<li> Premium 16 pt. et 18 pt. \u00e9paisseur du papier <\/li>\n<li> Options de stock de papier glac\u00e9 et mat <\/li>\n<li>Options de coins standard et arrondis<\/li>\n<li> Impression et couleurs 300 DPI de haute qualit\u00e9 <\/li>\n<li> T\u00e9l\u00e9charger le mod\u00e8le d&rsquo;impression dans l&rsquo;onglet Mod\u00e8les <\/li>\n<\/ul>\n","protected":false},"featured_media":17770,"comment_status":"open","ping_status":"closed","template":"","meta":{"_genesis_hide_title":false,"_genesis_hide_breadcrumbs":false,"_genesis_hide_singular_image":false,"_genesis_hide_footer_widgets":false,"_genesis_custom_body_class":"","_genesis_custom_post_class":"","_genesis_layout":""},"product_brand":[],"product_cat":[94,45],"product_tag":[],"class_list":{"0":"post-19337","1":"product","2":"type-product","3":"status-publish","4":"has-post-thumbnail","6":"product_cat-impression-de-materiel-de-marketing","7":"product_cat-marketing-imprime","8":"entry","10":"first","11":"instock","12":"shipping-taxable","13":"purchasable","14":"product-type-variable"},"exclude_global_add_ons":false,"addons":[{"name":"Pr\u00e9sentoirs de cartes d'affaires de bureau en marbre","type":"input_multiplier","position":0,"required":false,"title_format":"heading","default":"","description_enable":true,"description":"Ajoutez des pr\u00e9sentoirs de cartes d'affaires de bureau en marbre \u00e9l\u00e9gants et durables \u00e0 votre commande. Peut contenir jusqu'\u00e0 25 cartes. Maximum de 10.","placeholder_enable":false,"placeholder":"","display":"select","restrictions_type":"any_text","adjust_price":true,"price":"20","price_type":"quantity_based","restrictions":true,"min":"0","max":"10","options":[]}],"_links":{"self":[{"href":"https:\/\/webwilly.ca\/fr\/wp-json\/wp\/v2\/product\/19337","targetHints":{"allow":["GET"]}}],"collection":[{"href":"https:\/\/webwilly.ca\/fr\/wp-json\/wp\/v2\/product"}],"about":[{"href":"https:\/\/webwilly.ca\/fr\/wp-json\/wp\/v2\/types\/product"}],"replies":[{"embeddable":true,"href":"https:\/\/webwilly.ca\/fr\/wp-json\/wp\/v2\/comments?post=19337"}],"wp:featuredmedia":[{"embeddable":true,"href":"https:\/\/webwilly.ca\/fr\/wp-json\/wp\/v2\/media\/17770"}],"wp:attachment":[{"href":"https:\/\/webwilly.ca\/fr\/wp-json\/wp\/v2\/media?parent=19337"}],"wp:term":[{"taxonomy":"product_brand","embeddable":true,"href":"https:\/\/webwilly.ca\/fr\/wp-json\/wp\/v2\/product_brand?post=19337"},{"taxonomy":"product_cat","embeddable":true,"href":"https:\/\/webwilly.ca\/fr\/wp-json\/wp\/v2\/product_cat?post=19337"},{"taxonomy":"product_tag","embeddable":true,"href":"https:\/\/webwilly.ca\/fr\/wp-json\/wp\/v2\/product_tag?post=19337"}],"curies":[{"name":"wp","href":"https:\/\/api.w.org\/{rel}","templated":true}]}}