{"id":19300,"date":"2021-02-04T02:01:05","date_gmt":"2021-02-04T02:01:05","guid":{"rendered":"https:\/\/webwilly.ca\/buy\/campagne-publicitaire-facebook\/"},"modified":"2024-02-08T09:18:47","modified_gmt":"2024-02-08T14:18:47","slug":"campagne-publicitaire-facebook","status":"publish","type":"product","link":"https:\/\/webwilly.ca\/fr\/acheter\/marketing-numerique\/marketing-des-medias-sociaux\/campagne-publicitaire-facebook\/","title":{"rendered":"Campagne publicitaire Facebook"},"content":{"rendered":"<div class=\"one-fourth first top-section\">\n<p><strong>G\u00e9r\u00e9<\/strong><\/p>\n<div class=\"one-fourth first\"><img loading=\"lazy\" decoding=\"async\" src=\"\/wp-content\/uploads\/2021\/07\/webwilly-marketing-services.png\" alt=\"G\u00e9r\u00e9\" width=\"54\" height=\"54\" class=\"alignnone size-full wp-image-9192\" \/><\/div>\n<div class=\"three-fourths\">\n<p>Service de campagne publicitaire Facebook.<\/p>\n<\/div>\n<\/div>\n<div class=\"one-fourth top-section\">\n<p><strong>Gestionnaire de publicit\u00e9s<\/strong><\/p>\n<div class=\"one-fourth first\"><img loading=\"lazy\" decoding=\"async\" src=\"\/wp-content\/uploads\/2018\/05\/templates.png\" alt=\"gestionnaire de publicit\u00e9s\" width=\"54\" height=\"54\" class=\"alignnone size-full wp-image-9224\" \/><\/div>\n<div class=\"three-fourths\">\n<p><a href=\"\/fr\/acheter\/marketing-numerique\/marketing-des-medias-sociaux\/gestionnaire-de-publicites-facebook\/\">Gestionnaire de publicit\u00e9s Facebook<\/a> requis.<\/p>\n<\/div>\n<\/div>\n<div class=\"one-fourth top-section\">\n<p><strong>Paiement<\/strong><\/p>\n<div class=\"one-fourth first\"><img loading=\"lazy\" decoding=\"async\" src=\"\/wp-content\/uploads\/2018\/05\/payment.png\" alt=\"payment\" width=\"54\" height=\"54\" class=\"alignnone size-full wp-image-9228\" \/><\/div>\n<div class=\"three-fourths\">\n<p>Nous acceptons les cartes de cr\u00e9dit via Stripe.<\/p>\n<\/div>\n<\/div>\n<div class=\"one-fourth top-section\">\n<p><strong>Support<\/strong><\/p>\n<div class=\"one-fourth first\"><img loading=\"lazy\" decoding=\"async\" src=\"\/wp-content\/uploads\/2018\/05\/support.png\" alt=\"support\" width=\"54\" height=\"54\" class=\"alignnone size-full wp-image-9230\" \/><\/div>\n<div class=\"three-fourths\">\n<p>N\u2019h\u00e9sitez pas \u00e0 nous contacter.<\/p>\n<\/div>\n<\/div>\n<div class=\"clear-both\"><\/div>\n<div class=\"two-thirds first service-section\">\n<h2>Campagne publicitaire Facebook<\/h2>\n<p>\nwebwilly offre des services de campagnes publicitaires Facebook aux entreprises du Qu\u00e9bec. Notre objectif est de faciliter la publicit\u00e9 sur Facebook pour nos clients afin de leur faire gagner du temps et de l&rsquo;\u00e9nergie. Ce service comprend la cr\u00e9ation et la gestion d&rsquo;une campagne publicitaire. Une campagne a un budget et un objectif. Le d\u00e9ploiement simultan\u00e9 de plusieurs campagnes publicitaires est souvent une strat\u00e9gie recommand\u00e9e. Chaque campagne est vendue s\u00e9par\u00e9ment. Ce service n&rsquo;inclut pas la messagerie ni l&rsquo;interaction avec d&rsquo;autres visiteurs et utilisateurs de la page Facebook.\n<\/p>\n<\/div>\n<div class=\"one-third service-section\">\n<img decoding=\"async\" src=\"\/wp-content\/uploads\/2020\/06\/Social-media-_Facebook-business-page-design-2.png\" class=\"centered\" alt=\"Campagne publicitaire Facebook\" width=\"250px\" height=\"250px\">\n<\/div>\n<div class=\"clear-both\"><\/div>\n<div class=\"two-thirds first service-section\">\n<h2>Service de campagne publicitaire Facebook<\/h2>\n<p>\nCe service est destin\u00e9 \u00e0 aider les clients webwilly existants \u00e0 acheter et \u00e0 g\u00e9rer des campagnes publicitaires Facebook. webwilly configurera la campagne publicitaire Facebook en fonction de l&rsquo;objectif de campagne s\u00e9lectionn\u00e9 par le client et la g\u00e9rera jusqu&rsquo;\u00e0 son ach\u00e8vement. Cela comprend la gestion de l&rsquo;objectif, du budget, du calendrier, des m\u00e9dias, du contenu, et de la publication de la campagne. webwilly cr\u00e9era et g\u00e9rera la campagne publicitaire Facebook du client dans Facebook Ads Manager. webwilly cr\u00e9era une campagne publicitaire Facebook en utilisant l&rsquo;interpr\u00e9tation de webwilly de la demande du client. Les campagnes publicitaires peuvent diff\u00e9rer consid\u00e9rablement en fonction de la demande du client, des options de service s\u00e9lectionn\u00e9es, et de l&rsquo;objectif s\u00e9lectionn\u00e9.\n<\/p>\n<\/div>\n<div class=\"one-third service-section\">\n<img decoding=\"async\" src=\"\/wp-content\/uploads\/2020\/06\/Social-media-_Facebook-page-design-1.png\" class=\"centered\" alt=\"Service de campagne publicitaire Facebook\" width=\"250px\" height=\"250px\">\n<\/div>\n<div class=\"clear-both\"><\/div>\n<div class=\"two-thirds first service-section\">\n<h2>Objectif de la campagne publicitaire Facebook<\/h2>\n<p>\nUne campagne publicitaire a un objectif de campagne. Cet objectif est le but final de la campagne publicitaire. L&rsquo;objectif de trafic de la page du site Web ou de l&rsquo;article de blog est utilis\u00e9 pour envoyer du trafic vers le site Web du client. L&rsquo;objectif de la campagne d&rsquo;engagement de publication Facebook est utilis\u00e9 pour annoncer une publication Facebook nouvelle ou existante. L&rsquo;objectif de campagne J&rsquo;aime pour la page Facebook est utilis\u00e9 pour augmenter les likes de la page Facebook du client. L&rsquo;objectif de la campagne d&rsquo;abonnements aux \u00e9v\u00e9nements est utilis\u00e9 pour attirer les utilisateurs de Facebook vers un \u00e9v\u00e9nement Facebook existant. L&rsquo;objectif de la campagne de vues de la vid\u00e9o est utilis\u00e9 pour augmenter les vues sur une vid\u00e9o. L&rsquo;objectif de la campagne de g\u00e9n\u00e9ration de leads est utilis\u00e9 pour g\u00e9n\u00e9rer des leads \u00e0 partir de formulaires ou d&rsquo;appels instantan\u00e9s.\n <\/p>\n<\/div>\n<div class=\"one-third service-section\">\n<img decoding=\"async\" src=\"\/wp-content\/uploads\/2021\/03\/Social-media-_Facebook-Ads-Manager-Pixel-Integration.png\" class=\"centered\" alt=\"domain integration\" width=\"250px\" height=\"250px\">\n<\/div>\n<div class=\"clear-both\"><\/div>\n<div class=\"two-thirds first service-section\">\n<h2>R\u00e9visions du design de la campagne publicitaire<\/h2>\n<p>\nLes r\u00e9visions du design de la publicit\u00e9 Facebook permettent au client de r\u00e9viser la campagne publicitaire Facebook et de fournir des commentaires et des directives pour le design et la configuration de la campagne. Si le client ne souhaite pas passer du temps \u00e0 examiner le design et la configuration, il peut choisir l&rsquo;option de design final. Si le client souhaite revoir le design et orienter le design vers ses pr\u00e9f\u00e9rences, le client doit s\u00e9lectionner 1 ou 2 r\u00e9visions de design. Les r\u00e9visions de design devraient \u00eatre constructives et d\u00e9taill\u00e9es. Pour les campagnes publicitaires Facebook, les r\u00e9visions sont principalement utiles pour les entreprises qui souhaitent examiner la campagne \u00e0 des fins l\u00e9gales avant sa publication.\n<\/p>\n<\/div>\n<div class=\"one-third service-section\">\n<div style=\"text-align:center;\">\n<h3>R\u00e9visions du design<\/h3>\n<\/div>\n<div class=\"pricing-table\">\n<div class=\"plan one-third first\">\n<h4>Design final<\/h4>\n<ul>\n<li>Heures de design<br \/>\n<em>Jusqu&rsquo;\u00e0 30 minutes<\/em>\n<\/li>\n<\/ul>\n<\/div>\n<div class=\"plan one-third\">\n<h4>Design +1 r\u00e9vision<\/h4>\n<ul>\n<li>Heures de design<br \/>\n<em>Jusqu&rsquo;\u00e0 30min + 30min<\/em>\n<\/li>\n<\/ul>\n<\/div>\n<div class=\"plan one-third\">\n<h4>Design +2 r\u00e9visions<\/h4>\n<ul>\n<li>Heures de design<br \/>\n<em>Jusqu&rsquo;\u00e0 30min + 30min + 30min<\/em>\n<\/li>\n<\/ul>\n<\/div>\n<\/div>\n<\/div>\n<div class=\"clear-both\"><\/div>\n<div class=\"two-thirds first service-section\">\n<h2>Langage du design de la campagne publicitaire<\/h2>\n<p>\nwebwilly fournit un service de design de campagnes publicitaires Facebook en anglais, fran\u00e7ais, ou bilingue. Cette offre de services est sp\u00e9cialement con\u00e7ue pour les entreprises du Qu\u00e9bec qui ont besoin de faire conna\u00eetre leur campagne Facebook en anglais et \/ ou en fran\u00e7ais. Pour faire de la publicit\u00e9 en anglais aupr\u00e8s des utilisateurs Facebook anglophones, s\u00e9lectionnez l&rsquo;option de langue anglaise. Pour faire de la publicit\u00e9 en fran\u00e7ais aupr\u00e8s des utilisateurs Facebook francophones, s\u00e9lectionnez l&rsquo;option de langue fran\u00e7aise. Pour faire de la publicit\u00e9 en anglais pour les utilisateurs Facebook anglophones et en fran\u00e7ais pour les utilisateurs Facebook francophones, s\u00e9lectionnez l&rsquo;option de langue bilingue. Lorsque cela est possible, la campagne publicitaire bilingue fera de la publicit\u00e9 aupr\u00e8s de l&rsquo;utilisateur Facebook dans sa langue pr\u00e9f\u00e9r\u00e9e.\n<\/p>\n<\/div>\n<div class=\"one-third service-section\">\n<div style=\"text-align:center;\">\n<h3>Langue<\/h3>\n<\/div>\n<div class=\"pricing-table\">\n<div class=\"plan one-third first\">\n<h4>Anglais<\/h4>\n<ul>\n<li>Heures de design<br \/>\n<em>1x heures de design<\/em>\n<\/li>\n<li>Heures de contenu<br \/>\n<em>1x heures de contenu<\/em>\n<\/li>\n<\/ul>\n<\/div>\n<div class=\"plan one-third\">\n<h4>Fran\u00e7ais<\/h4>\n<ul>\n<li>Heures de design<br \/>\n<em>1x heures de design<\/em>\n<\/li>\n<li>Heures de contenu<br \/>\n<em>1x heures de contenu<\/em>\n<\/li>\n<\/ul>\n<\/div>\n<div class=\"plan one-third\">\n<h4>Bilingue<\/h4>\n<ul>\n<li>Heures de design<br \/>\n<em>1,5x heures de design<\/em>\n<\/li>\n<li>Heures de contenu<br \/>\n<em>1,5x heures de contenu<\/em>\n<\/li>\n<\/ul>\n<\/div>\n<\/div>\n<\/div>\n<div class=\"clear-both\"><\/div>\n<div class=\"one-half first service-section\">\n<h2>Contenu du design de la publicit\u00e9<\/h2>\n<p>\nSi le client souhaite que webwilly utilise le contenu fournit, le client doit fournir le contenu enti\u00e8rement corrig\u00e9 et pr\u00eat \u00e0 \u00eatre utilis\u00e9. Le client doit choisir l&rsquo;option \u00ab\u00a0Copier et coller\u00a0\u00bb et webwilly copiera et collera le contenu t\u00e9l\u00e9charg\u00e9 dans la campagne publicitaire. Si le client souhaite que webwilly corrige le contenu de la campagne publicitaire Facebook dans la ou les langues s\u00e9lectionn\u00e9es, le client doit s\u00e9lectionner l&rsquo;option \u00abCorrection\u00bb. Si le client souhaite que webwilly traduise le contenu de la campagne publicitaire Facebook entre l&rsquo;anglais et le fran\u00e7ais, le client doit s\u00e9lectionner l&rsquo;option \u00abTraduction\u00bb. Si le client souhaite que webwilly r\u00e9dige le contenu de la campagne publicitaire Facebook dans la ou les langues s\u00e9lectionn\u00e9es, le client doit s\u00e9lectionnez l&rsquo;option \u00abCr\u00e9ation\u00bb.\n<\/p>\n<\/div>\n<div class=\"one-half service-section\">\n<div style=\"text-align:center;\">\n<h3>Contenu<\/h3>\n<\/div>\n<div class=\"pricing-table\">\n<div class=\"plan one-fourth first\">\n<h4>Copier et coller<\/h4>\n<ul>\n<li>Heures de contenu<br \/>\n<em>Aucune<\/em>\n<\/li>\n<li>Travail de contenu<br \/>\n<em>Aucun<\/em>\n<\/li>\n<\/ul>\n<\/div>\n<div class=\"plan one-fourth\">\n<h4>Correction<\/h4>\n<ul>\n<li>Heures de contenu<br \/>\n<em>Jusqu&rsquo;\u00e0 30 minutes<\/em>\n<\/li>\n<li>Travail de contenu<br \/>\n<em>Correction<\/em>\n<\/li>\n<\/ul>\n<\/div>\n<div class=\"plan one-fourth\">\n<h4>Traduction<\/h4>\n<ul>\n<li>Heures de contenu<br \/>\n<em>Jusqu&rsquo;\u00e0 45 minutes<\/em>\n<\/li>\n<li>Travail de contenu<br \/>\n<em>Traduction et correction<\/em>\n<\/li>\n<\/ul>\n<\/div>\n<div class=\"plan one-fourth\">\n<h4>Cr\u00e9ation<\/h4>\n<ul>\n<li>Heures de contenu<br \/>\n<em>Jusqu&rsquo;\u00e0 1 heure<\/em>\n<\/li>\n<li>Travail de contenu<br \/>\n<em>Cr\u00e9ation, traduction, et correction<\/em>\n<\/li>\n<\/ul>\n<\/div>\n<\/div>\n<\/div>\n<div class=\"clear-both\"><\/div>\n<div class=\"two-thirds first service-section\">\n<h2>Configuration du budget publicitaire Facebook<\/h2>\n<p>\nLe client peut choisir le budget qu&rsquo;il souhaite allouer \u00e0 cette seule campagne publicitaire \u00e0 condition qu&rsquo;il soit au minimum de 100 $ et au maximum de 1000 $. webwilly \u00e9tablira le budget publicitaire de la campagne publicitaire Facebook du client. Le budget d&rsquo;entr\u00e9e du client comprend une commission de 10% pour webwilly. Les 90% restants sont consacr\u00e9s \u00e0 la campagne publicitaire et aux taxes. webwilly d\u00e9terminera le type d&rsquo;allocation budg\u00e9taire utilis\u00e9 pour la campagne publicitaire du client. Selon le type d&rsquo;allocation de budget s\u00e9lectionn\u00e9 pour la campagne publicitaire, le budget peut ne pas \u00eatre d\u00e9pens\u00e9 uniform\u00e9ment pendant toute la dur\u00e9e de la campagne. Une fois la campagne termin\u00e9e, webwilly examinera le montant total d\u00e9pens\u00e9 pour la campagne et inclura ces informations dans le r\u00e9sum\u00e9 pr\u00e9sent\u00e9 au client.\n<\/p>\n<\/div>\n<div class=\"one-third service-section\">\n<img decoding=\"async\" src=\"\/wp-content\/uploads\/2020\/06\/Social-media-_Facebook-page-budget-1.png\" class=\"centered\" alt=\"domain integration\" width=\"250px\" height=\"250px\">\n<\/div>\n<div class=\"clear-both\"><\/div>\n<div class=\"two-thirds first service-section\">\n<h2>Calendrier et dur\u00e9e de la publicit\u00e9 sur Facebook<\/h2>\n<p>\nLes campagnes publicitaires durent g\u00e9n\u00e9ralement entre quelques semaines et quelques mois. En fonction de la demande et du budget du client, webwilly d\u00e9terminera le calendrier et la dur\u00e9e de la campagne publicitaire. Le client peut mentionner la date de fin ou la date de d\u00e9but dans les d\u00e9tails de design. Le client doit prendre en compte le temps de cr\u00e9ation, de la publication, et de la dur\u00e9e de la campagne publicitaire avant d&rsquo;acheter une campagne publicitaire avec une contrainte de temps. Facebook a des restrictions sur les budgets minimaux et la planification. Le client doit donner la priorit\u00e9 \u00e0 la date de d\u00e9but ou \u00e0 la date de fin dans les d\u00e9tails de design. De cette fa\u00e7on, webwilly aura la possibilit\u00e9 de d\u00e9terminer la dur\u00e9e et le calendrier de la campagne publicitaire.\n<\/p>\n<\/div>\n<div class=\"one-third service-section\">\n<img decoding=\"async\" src=\"\/wp-content\/uploads\/2021\/03\/Social-media_Facebook-ads-manager-service.png\" class=\"centered\" alt=\"Calendrier et dur\u00e9e de la publicit\u00e9 sur Facebook\" width=\"250px\" height=\"250px\">\n<\/div>\n<div class=\"clear-both\"><\/div>\n<div class=\"two-thirds first service-section\">\n<h2>Examen de la publicit\u00e9 Facebook<\/h2>\n<p>\nUne fois qu&rsquo;une campagne est termin\u00e9e, il est important de passer en revue son succ\u00e8s et d&rsquo;interpr\u00e9ter les r\u00e9sultats pour am\u00e9liorer la publicit\u00e9 future. Les campagnes publicitaires r\u00e9ussies sur Facebook ne n\u00e9cessitent souvent pas beaucoup de modifications et peuvent \u00eatre test\u00e9es \u00e0 nouveau pour un succ\u00e8s r\u00e9p\u00e9t\u00e9. Si une campagne Facebook n&rsquo;atteint pas un niveau de succ\u00e8s satisfaisant, nous examinerons les r\u00e9sultats et proposerons des recommandations. Ces recommandations peuvent inclure la modification du march\u00e9 cible, du message, des m\u00e9dias, du calendrier, de la fr\u00e9quence, du budget, etc.\n<\/p>\n<\/div>\n<div class=\"one-third service-section\">\n<img decoding=\"async\" src=\"\/wp-content\/uploads\/2020\/06\/Social-media-_Facebook-page-review-1.png\" class=\"centered\" alt=\"Examen de la publicit\u00e9 Facebook\" width=\"250px\" height=\"250px\">\n<\/div>\n","protected":false},"excerpt":{"rendered":"<ul class = \"red-dot\" style = \"margin-bottom: 35px;margin-left:20px;\">\n<li> Cr\u00e9ation d&rsquo;une campagne publicitaire Facebook <\/li>\n<li> Gestion d&rsquo;une campagne publicitaire Facebook <\/li>\n<li> Configuration du budget de la campagne publicitaire Facebook <\/li>\n<li> Examen des r\u00e9sultats de la campagne publicitaire <\/li>\n<li> N\u00e9cessite une adh\u00e9sion au gestionnaire de publicit\u00e9s Facebook dans la langue correspondante<\/li>\n<\/ul>\n","protected":false},"featured_media":25775,"comment_status":"open","ping_status":"closed","template":"","meta":{"_genesis_hide_title":false,"_genesis_hide_breadcrumbs":false,"_genesis_hide_singular_image":false,"_genesis_hide_footer_widgets":false,"_genesis_custom_body_class":"","_genesis_custom_post_class":"","_genesis_layout":""},"product_brand":[],"product_cat":[41,38],"product_tag":[],"class_list":{"0":"post-19300","1":"product","2":"type-product","3":"status-publish","4":"has-post-thumbnail","6":"product_cat-marketing-des-medias-sociaux","7":"product_cat-marketing-numerique","8":"entry","10":"first","11":"instock","12":"featured","13":"shipping-taxable","14":"purchasable","15":"product-type-variable"},"exclude_global_add_ons":false,"addons":[{"name":"Budget publicitaire total","type":"custom_price","position":0,"required":true,"title_format":"heading","default":"","description_enable":true,"description":"Comprends les frais de commission de 10%. Incluant les taxes sur la publicit\u00e9. Minimum 100 $. Maximum 1000 $.","placeholder_enable":false,"placeholder":"","display":"select","restrictions_type":"any_text","adjust_price":false,"price":"","price_type":"quantity_based","restrictions":true,"min":"100","max":"1000","options":[]},{"name":"Budget d'images stock","type":"custom_price","position":0,"required":false,"title_format":"heading","default":"","description_enable":true,"description":"Les images de stock haut de gamme co\u00fbtent environ 20$ +taxes par image. Les images de stock r\u00e9guli\u00e8res co\u00fbtent environ 10$ +taxes par image. Soumettez vos pr\u00e9f\u00e9rences dans les d\u00e9tails de design. Budget minimum de 25$. Laissez ce champ vide si vous t\u00e9l\u00e9versez vos propres images. Si vous ne fournissez pas d'images et ne fournissez pas de budget, nous utiliserons des images de stock gratuites et moins attrayantes. Un cr\u00e9dit peut \u00eatre accord\u00e9 au photographe.","placeholder_enable":false,"placeholder":"","display":"select","restrictions_type":"any_text","adjust_price":false,"price":"","price_type":"quantity_based","restrictions":true,"min":"25","max":"555","options":[]}],"_links":{"self":[{"href":"https:\/\/webwilly.ca\/fr\/wp-json\/wp\/v2\/product\/19300","targetHints":{"allow":["GET"]}}],"collection":[{"href":"https:\/\/webwilly.ca\/fr\/wp-json\/wp\/v2\/product"}],"about":[{"href":"https:\/\/webwilly.ca\/fr\/wp-json\/wp\/v2\/types\/product"}],"replies":[{"embeddable":true,"href":"https:\/\/webwilly.ca\/fr\/wp-json\/wp\/v2\/comments?post=19300"}],"wp:featuredmedia":[{"embeddable":true,"href":"https:\/\/webwilly.ca\/fr\/wp-json\/wp\/v2\/media\/25775"}],"wp:attachment":[{"href":"https:\/\/webwilly.ca\/fr\/wp-json\/wp\/v2\/media?parent=19300"}],"wp:term":[{"taxonomy":"product_brand","embeddable":true,"href":"https:\/\/webwilly.ca\/fr\/wp-json\/wp\/v2\/product_brand?post=19300"},{"taxonomy":"product_cat","embeddable":true,"href":"https:\/\/webwilly.ca\/fr\/wp-json\/wp\/v2\/product_cat?post=19300"},{"taxonomy":"product_tag","embeddable":true,"href":"https:\/\/webwilly.ca\/fr\/wp-json\/wp\/v2\/product_tag?post=19300"}],"curies":[{"name":"wp","href":"https:\/\/api.w.org\/{rel}","templated":true}]}}