{"id":19285,"date":"2021-02-04T01:45:48","date_gmt":"2021-02-04T01:45:48","guid":{"rendered":"https:\/\/webwilly.ca\/buy\/design-de-page-facebook\/"},"modified":"2024-02-08T14:08:05","modified_gmt":"2024-02-08T19:08:05","slug":"design-de-page-facebook","status":"publish","type":"product","link":"https:\/\/webwilly.ca\/fr\/acheter\/marketing-numerique\/marketing-des-medias-sociaux\/design-de-page-facebook\/","title":{"rendered":"Design de page Facebook"},"content":{"rendered":"<div class=\"one-fourth first top-section\">\n<p><strong>Design<\/strong><\/p>\n<div class=\"one-fourth first\"><img loading=\"lazy\" decoding=\"async\" src=\"\/wp-content\/uploads\/2021\/07\/webwilly-marketing-services.png\" alt=\"Design\" width=\"54\" height=\"54\" class=\"alignnone size-full wp-image-9192\" \/><\/div>\n<div class=\"three-fourths\">\n<p>Design d&rsquo;image de couverture Facebook.<\/p>\n<\/div>\n<\/div>\n<div class=\"one-fourth top-section\">\n<p><strong>H\u00e9bergement<\/strong><\/p>\n<div class=\"one-fourth first\"><img loading=\"lazy\" decoding=\"async\" src=\"\/wp-content\/uploads\/2018\/05\/templates.png\" alt=\"H\u00e9bergement\" width=\"54\" height=\"54\" class=\"alignnone size-full wp-image-9224\" \/><\/div>\n<div class=\"three-fourths\">\n<p><a href=\"\/fr\/acheter\/marketing-numerique\/services-de-design-de-site-web\/hebergement-et-securite-de-sites-web\/hebergement-et-maintenance-de-site-web\/\">H\u00e9bergement de site Web<\/a> requis.<\/p>\n<\/div>\n<\/div>\n<div class=\"one-fourth top-section\">\n<p><strong>Paiement<\/strong><\/p>\n<div class=\"one-fourth first\"><img loading=\"lazy\" decoding=\"async\" src=\"\/wp-content\/uploads\/2018\/05\/payment.png\" alt=\"Paiement\" width=\"54\" height=\"54\" class=\"alignnone size-full wp-image-9228\" \/><\/div>\n<div class=\"three-fourths\">\n<p>Nous acceptons les cartes de cr\u00e9dit via Stripe.<\/p>\n<\/div>\n<\/div>\n<div class=\"one-fourth top-section\">\n<p><strong>Support<\/strong><\/p>\n<div class=\"one-fourth first\"><img loading=\"lazy\" decoding=\"async\" src=\"\/wp-content\/uploads\/2018\/05\/support.png\" alt=\"support\" width=\"54\" height=\"54\" class=\"alignnone size-full wp-image-9230\" \/><\/div>\n<div class=\"three-fourths\">\n<p>N\u2019h\u00e9sitez pas \u00e0 nous contacter.<\/p>\n<\/div>\n<\/div>\n<div class=\"clear-both\"><\/div>\n<div class=\"two-thirds first service-section\">\n<h2>Services de design de page Facebook<\/h2>\n<p>\nwebwilly fournit des services de design de pages Facebook aux entreprises du Qu\u00e9bec. Ce service est achet\u00e9 par les clients de site Web webwilly pour d\u00e9signer une page commerciale Facebook nouvelle ou existante. Ce design comprend le design de l&rsquo;image de couverture et de l&rsquo;image de profil. Pour acheter un nouveau design de page Facebook, s\u00e9lectionnez l&rsquo;option Design d&rsquo;une nouvelle page et webwilly cr\u00e9era une toute nouvelle page Facebook pour l&rsquo;entreprise du client. Pour acheter r\u00e9guli\u00e8rement des services de design de page Facebook, s\u00e9lectionnez le design de page mensuelle, le design de page bi-hebdomadaire ou le design de page hebdomadaire, selon la fr\u00e9quence souhait\u00e9e. Ce service n&rsquo;inclut aucune publication ou messagerie avec les utilisateurs de Facebook. Ce service n&rsquo;inclut pas le gestionnaire de publicit\u00e9s Facebook ni les campagnes publicitaires. L&rsquo;option de service Design d&rsquo;une nouvelle page Facebook expirera apr\u00e8s le premier mois.\n<\/p>\n<\/div>\n<div class=\"one-third service-section\">\n<img loading=\"lazy\" decoding=\"async\" src=\"\/wp-content\/uploads\/2021\/03\/Social-media_Facebook-ads-manager-service.png\" alt=\"Design de page Facebook\" width=\"250\" height=\"250\" class=\"centered size-thumbnail\" \/>\n<\/div>\n<div class=\"clear-both\"><\/div>\n<div class=\"two-thirds first service-section\">\n<h2>Image de couverture de page Facebook<\/h2>\n<p>\nUne page Facebook professionnelle a une image de couverture situ\u00e9e en haut et qui sert de banni\u00e8re \u00e0 la page. Les images de couverture ont des dimensions sp\u00e9cifiques que webwilly devra respecter lors du design de la nouvelle image de couverture du client. Le client peut prendre des photos de son entreprise et les t\u00e9l\u00e9charger dans les d\u00e9tails de design pour que webwilly les utilise dans le design de l&rsquo;image de couverture. Habituellement, une image de couverture comprendra une quantit\u00e9 minimale de texte, un filigrane du logo du client et une image d&rsquo;arri\u00e8re-plan. Avec l&rsquo;achat de services de design de page mensuelle, webwilly d\u00e9signera chaque mois une nouvelle image de couverture pour la page Facebook du client. Avec l&rsquo;achat de services de design de pages bi-hebdomadaires, webwilly d\u00e9signera 2 nouvelles images de couverture chaque mois. Enfin, avec l&rsquo;achat des services Weekly Page Design, webwilly d\u00e9signera 4 nouvelles images de couverture chaque mois.\n<\/p>\n<\/div>\n<div class=\"one-third service-section\">\n<img decoding=\"async\" src=\"\/wp-content\/uploads\/2020\/06\/Social-media-_Facebook-page-design.png\" class=\"centered\" alt=\"Image de couverture de page Facebook\" width=\"250px\" height=\"250px\">\n<\/div>\n<div class=\"clear-both\"><\/div>\n<div class=\"pricing-table\">\n<div class=\"plan first one-fourth\">\n<h4>Design d&rsquo;une nouvelle page<\/h4>\n<ul>\n<li>Heures de design<br \/>\n<em>Jusqu&rsquo;\u00e0 1 heure<\/em>\n<\/li>\n<li>Budget des mat\u00e9riaux<br \/>\n<em>Jusqu&rsquo;\u00e0 50 $<\/em>\n<\/li>\n<li>Nombre d&rsquo;images de couverture<br \/>\n<em>1<\/em>\n<\/li>\n<\/ul>\n<\/div>\n<div class=\"plan one-fourth\">\n<h4>Design de page mensuelle<\/h4>\n<ul>\n<li>Heures de design<br \/>\n<em>Jusqu&rsquo;\u00e0 1 heure par mois<\/em>\n<\/li>\n<li>Budget des mat\u00e9riaux<br \/>\n<em>Jusqu&rsquo;\u00e0 50 $ par mois<\/em>\n<\/li>\n<li>Nombre d&rsquo;images de couverture<br \/>\n<em>1<\/em>\n<\/li>\n<\/ul>\n<\/div>\n<div class=\"plan one-fourth\">\n<h4>Design de page bi-hebdomadaire<\/h4>\n<ul>\n<li>Heures de design<br \/>\n<em>Jusqu&rsquo;\u00e0 2 heures par mois<\/em>\n<\/li>\n<li>Budget des mat\u00e9riaux<br \/>\n<em>Jusqu&rsquo;\u00e0 100 $ par mois<\/em>\n<\/li>\n<li>Nombre d&rsquo;images de couverture<br \/>\n<em>2<\/em>\n<\/li>\n<\/ul>\n<\/div>\n<div class=\"plan one-fourth\">\n<h4>Design de page hebdomadaire<\/h4>\n<ul>\n<li>Heures de design<br \/>\n<em>Jusqu&rsquo;\u00e0 4 heures par mois<\/em>\n<\/li>\n<li>Budget des mat\u00e9riaux<br \/>\n<em>Jusqu&rsquo;\u00e0 200 $ par mois<\/em>\n<\/li>\n<li>Nombre d&rsquo;images de couverture<br \/>\n<em>4<\/em>\n<\/li>\n<\/ul>\n<\/div>\n<\/div>\n<div class=\"clear-both\"><\/div>\n<div class=\"two-thirds first service-section\">\n<h2>Photo de profil de la page Facebook<\/h2>\n<p>\nUne page Facebook a \u00e9galement une image de profil qui est utilis\u00e9e pour identifier la page et l&rsquo;entreprise \u00e0 l&rsquo;aide d&rsquo;une image de taille miniature lors de l&rsquo;interaction avec d&rsquo;autres utilisateurs de Facebook. Une photo de profil Facebook est situ\u00e9e en haut \u00e0 gauche, sous l&rsquo;image de couverture sur la page Facebook Business. La photo de profil ne doit pas changer radicalement souvent car elle contribue \u00e0 la reconnaissance de la marque. En achetant le service de design de page mensuelle, webwilly cr\u00e9era une nouvelle image de profil chaque mois. En achetant le service de design de page bi-hebdomadaire, webwilly cr\u00e9era 2 nouvelles photos de profil chaque mois. En achetant le service de design de page hebdomadaire, webwilly cr\u00e9era 4 nouvelles photos de profil chaque mois. Ce service n&rsquo;inclut pas un nouveau design de logo et le client doit t\u00e9l\u00e9verser son logo pour que webwilly l&rsquo;utilise dans la photo de profil.\n<\/p>\n<\/div>\n<div class=\"one-third service-section\">\n<img decoding=\"async\" src=\"\/wp-content\/uploads\/2020\/06\/Social-media-_Facebook-page-social.png\" class=\"centered\" alt=\"Photo de profil de la page Facebook\" width=\"250px\" height=\"250px\">\n<\/div>\n<div class=\"clear-both\"><\/div>\n<div class=\"pricing-table\">\n<div class=\"plan first one-fourth\">\n<h4>Design d&rsquo;une nouvelle page<\/h4>\n<ul>\n<li>Heures de design<br \/>\n<em>Jusqu&rsquo;\u00e0 30 minutes<\/em>\n<\/li>\n<li>Nombre de photos de profil<br \/>\n<em>1<\/em>\n<\/li>\n<\/ul>\n<\/div>\n<div class=\"plan one-fourth\">\n<h4>Design de page mensuelle<\/h4>\n<ul>\n<li>Heures de design<br \/>\n<em>Jusqu&rsquo;\u00e0 30 minutes par mois<\/em>\n<\/li>\n<li>Nombre de photos de profil<br \/>\n<em>1<\/em>\n<\/li>\n<\/ul>\n<\/div>\n<div class=\"plan one-fourth\">\n<h4>Design de page bi-hebdomadaire<\/h4>\n<ul>\n<li>Heures de design<br \/>\n<em>Jusqu&rsquo;\u00e0 1 heure par mois<\/em>\n<\/li>\n<li>Nombre de photos de profil<br \/>\n<em>2<\/em>\n<\/li>\n<\/ul>\n<\/div>\n<div class=\"plan one-fourth\">\n<h4>Design de page hebdomadaire<\/h4>\n<ul>\n<li>Heures de design<br \/>\n<em>Jusqu&rsquo;\u00e0 2 heures par mois<\/em>\n<\/li>\n<li>Nombre de photos de profil<br \/>\n<em>4<\/em>\n<\/li>\n<\/ul>\n<\/div>\n<\/div>\n<div class=\"clear-both\"><\/div>\n<div class=\"two-thirds first service-section\">\n<h2>Langue de la page Facebook<\/h2>\n<p>\nwebwilly fournit des services de design de pages Facebook en anglais, fran\u00e7ais ou bilingue. Cette offre de services est sp\u00e9cialement con\u00e7ue pour les entreprises du Qu\u00e9bec qui ont besoin que leur page Facebook soit d\u00e9sign\u00e9 en anglais et en fran\u00e7ais. Notre option de langue bilingue est con\u00e7ue de sorte qu&rsquo;un design de page Facebook utilise les deux langues. Le client peut choisir de se concentrer sur une langue ou sur les deux langues. Si le client s\u00e9lectionne l&rsquo;option anglaise, webwilly d\u00e9signera la ou les images de couverture en anglais uniquement. Si le client s\u00e9lectionne l&rsquo;option fran\u00e7aise, webwilly d\u00e9signera la ou les images de couverture en fran\u00e7ais uniquement. Si le client s\u00e9lectionne l&rsquo;option bilingue, webwilly d\u00e9signera la ou les images de couverture en utilisant les deux langues dans le m\u00eame design d&rsquo;image de couverture.\n<\/p>\n<\/div>\n<div class=\"one-third service-section\">\n<img loading=\"lazy\" decoding=\"async\" src=\"\/wp-content\/uploads\/2021\/03\/Social-Media-Facebook-Ads-Manager-language.png\" alt=\"Langue de la page Facebook\" width=\"250\" height=\"250\" class=\"centered size-thumbnail wp-image-14035\" \/>\n<\/div>\n","protected":false},"excerpt":{"rendered":"<ul class = \"red-dot\" style = \"margin-bottom: 35px;margin-left:20px;\">\n<li> Design de l&rsquo;image de couverture Facebook <\/li>\n<li> Design de la photo de profil Facebook <\/li>\n<li> Nouvelle page d&rsquo;entreprise Facebook <\/li>\n<li> N&rsquo;inclut pas le gestionnaire de publicit\u00e9s Facebook ni la publicit\u00e9. <\/li>\n<li> N&rsquo;inclut pas la messagerie ni la publication de post Facebook <\/li>\n<\/ul>\n","protected":false},"featured_media":25771,"comment_status":"open","ping_status":"closed","template":"","meta":{"_genesis_hide_title":false,"_genesis_hide_breadcrumbs":false,"_genesis_hide_singular_image":false,"_genesis_hide_footer_widgets":false,"_genesis_custom_body_class":"","_genesis_custom_post_class":"","_genesis_layout":""},"product_brand":[],"product_cat":[41,38],"product_tag":[],"class_list":{"0":"post-19285","1":"product","2":"type-product","3":"status-publish","4":"has-post-thumbnail","6":"product_cat-marketing-des-medias-sociaux","7":"product_cat-marketing-numerique","8":"entry","10":"first","11":"instock","12":"featured","13":"sold-individually","14":"shipping-taxable","15":"purchasable","16":"product-type-variable-subscription"},"exclude_global_add_ons":[],"addons":[],"_links":{"self":[{"href":"https:\/\/webwilly.ca\/fr\/wp-json\/wp\/v2\/product\/19285","targetHints":{"allow":["GET"]}}],"collection":[{"href":"https:\/\/webwilly.ca\/fr\/wp-json\/wp\/v2\/product"}],"about":[{"href":"https:\/\/webwilly.ca\/fr\/wp-json\/wp\/v2\/types\/product"}],"replies":[{"embeddable":true,"href":"https:\/\/webwilly.ca\/fr\/wp-json\/wp\/v2\/comments?post=19285"}],"wp:featuredmedia":[{"embeddable":true,"href":"https:\/\/webwilly.ca\/fr\/wp-json\/wp\/v2\/media\/25771"}],"wp:attachment":[{"href":"https:\/\/webwilly.ca\/fr\/wp-json\/wp\/v2\/media?parent=19285"}],"wp:term":[{"taxonomy":"product_brand","embeddable":true,"href":"https:\/\/webwilly.ca\/fr\/wp-json\/wp\/v2\/product_brand?post=19285"},{"taxonomy":"product_cat","embeddable":true,"href":"https:\/\/webwilly.ca\/fr\/wp-json\/wp\/v2\/product_cat?post=19285"},{"taxonomy":"product_tag","embeddable":true,"href":"https:\/\/webwilly.ca\/fr\/wp-json\/wp\/v2\/product_tag?post=19285"}],"curies":[{"name":"wp","href":"https:\/\/api.w.org\/{rel}","templated":true}]}}