{"id":19275,"date":"2021-02-04T01:08:45","date_gmt":"2021-02-04T01:08:45","guid":{"rendered":"https:\/\/webwilly.ca\/buy\/gestionnaire-d-annonces-de-page-facebook\/"},"modified":"2024-02-08T13:46:04","modified_gmt":"2024-02-08T18:46:04","slug":"gestionnaire-de-publicites-facebook","status":"publish","type":"product","link":"https:\/\/webwilly.ca\/fr\/acheter\/marketing-numerique\/marketing-des-medias-sociaux\/gestionnaire-de-publicites-facebook\/","title":{"rendered":"Gestionnaire de publicit\u00e9s Facebook"},"content":{"rendered":"<div class=\"one-fourth first top-section\">\n<p><strong>G\u00e9r\u00e9<\/strong><\/p>\n<div class=\"one-fourth first\"><img loading=\"lazy\" decoding=\"async\" src=\"\/wp-content\/uploads\/2021\/07\/webwilly-marketing-services.png\" alt=\"G\u00e9r\u00e9\" width=\"54\" height=\"54\" class=\"alignnone size-full wp-image-9192\" \/><\/div>\n<div class=\"three-fourths\">\n<p>Enti\u00e8rement g\u00e9r\u00e9e avec peu d\u2019implication du client.<\/p>\n<\/div>\n<\/div>\n<div class=\"one-fourth top-section\">\n<p><strong>H\u00e9bergement<\/strong><\/p>\n<div class=\"one-fourth first\"><img loading=\"lazy\" decoding=\"async\" src=\"\/wp-content\/uploads\/2018\/05\/templates.png\" alt=\"H\u00e9bergement\" width=\"54\" height=\"54\" class=\"alignnone size-full wp-image-9224\" \/><\/div>\n<div class=\"three-fourths\">\n<p><a href=\"\/fr\/acheter\/marketing-numerique\/services-de-design-de-site-web\/hebergement-et-securite-de-sites-web\/hebergement-et-maintenance-de-site-web\/\">H\u00e9bergement de site Web<\/a> requis.<\/p>\n<\/div>\n<\/div>\n<div class=\"one-fourth top-section\">\n<p><strong>Paiement<\/strong><\/p>\n<div class=\"one-fourth first\"><img loading=\"lazy\" decoding=\"async\" src=\"\/wp-content\/uploads\/2018\/05\/payment.png\" alt=\"Paiement\" width=\"54\" height=\"54\" class=\"alignnone size-full wp-image-9228\" \/><\/div>\n<div class=\"three-fourths\">\n<p>Nous acceptons les cartes de cr\u00e9dit via Stripe.<\/p>\n<\/div>\n<\/div>\n<div class=\"one-fourth top-section\">\n<p><strong>Support<\/strong><\/p>\n<div class=\"one-fourth first\"><img loading=\"lazy\" decoding=\"async\" src=\"\/wp-content\/uploads\/2018\/05\/support.png\" alt=\"support\" width=\"54\" height=\"54\" class=\"alignnone size-full wp-image-9230\" \/><\/div>\n<div class=\"three-fourths\">\n<p>N\u2019h\u00e9sitez pas \u00e0 nous contacter.<\/p>\n<\/div>\n<\/div>\n<div class=\"clear-both\"><\/div>\n<div class=\"two-thirds first service-section\">\n<h2>Services de gestion des publicit\u00e9s de page Facebook<\/h2>\n<p>\nwebwilly offre des services de gestion de Facebook Ads Manager aux clients du Qu\u00e9bec qui ont besoin d&rsquo;aide pour g\u00e9rer leur gestionnaire de publicit\u00e9s Facebook et qui souhaitent acheter des campagnes publicitaires Facebook de webwilly, vendues s\u00e9par\u00e9ment. Ce service n\u00e9cessite une adh\u00e9sion active \u00e0 l&rsquo;h\u00e9bergement de sites Web. Le gestionnaire de publicit\u00e9s Facebook est la plateforme utilis\u00e9e par webwilly pour g\u00e9rer les publicit\u00e9s sp\u00e9cifiques \u00e0 la page Facebook de l&rsquo;entreprise du client. Avec cette adh\u00e9sion au gestionnaire de publicit\u00e9s Facebook active, webwilly g\u00e9rera le compte Facebook Ads Manager du client, les int\u00e9grations de sites Web et le client pourra acheter des campagnes publicitaires Facebook sur webwilly. Ce service n&rsquo;inclut pas les campagnes, la messagerie, la publication ou l&rsquo;interaction avec les visiteurs du site Web et les utilisateurs de Facebook.\n<\/p>\n<\/div>\n<div class=\"one-third service-section\">\n<img loading=\"lazy\" decoding=\"async\" src=\"\/wp-content\/uploads\/2021\/03\/Social-media_Facebook-ads-manager.png\" alt=\"\" width=\"250\" height=\"250\" class=\"centered size-thumbnail wp-image-13638\" \/>\n<\/div>\n<div class=\"clear-both\"><\/div>\n<div class=\"two-thirds first service-section\">\n<h2>Service de gestion des publicit\u00e9s de page Facebook<\/h2>\n<p>\nAvec le gestionnaire de publicit\u00e9s Facebook et le r\u00f4le d&rsquo;utilisateur appropri\u00e9, webwilly peut acc\u00e9der aux fonctionnalit\u00e9s publicitaires de la page commerciale Facebook du client. Le gestionnaire de publicit\u00e9s est utilis\u00e9 pour g\u00e9rer les audiences cibl\u00e9es Facebook du client, les actifs, la messagerie du site Web, les pixels, etc. Le gestionnaire de publicit\u00e9s est un outil fourni par Facebook pour les soci\u00e9t\u00e9s de marketing comme webwilly pour concevoir et d\u00e9ployer des campagnes publicitaires pour leurs clients. webwilly peut \u00e9galement cr\u00e9er et g\u00e9rer les diff\u00e9rentes audiences cibles Facebook du client utilis\u00e9es pour les diff\u00e9rentes campagnes publicitaires du client. Le gestionnaire de publicit\u00e9s g\u00e9n\u00e8re \u00e9galement des donn\u00e9es de rapport pour chaque campagne que webwilly peut interpr\u00e9ter pour aider \u00e0 d\u00e9terminer les performances de la campagne du client, l&rsquo;audience-cible, et plus encore. Le service de gestionnaire de publicit\u00e9s n&rsquo;inclut pas la publicit\u00e9, mais son adh\u00e9sion comprend des heures d&rsquo;administration qui sont consacr\u00e9es \u00e0 la gestion des int\u00e9grations du site Web du client, du gestionnaire de publicit\u00e9s Facebook, et de ses diff\u00e9rents composants.\n<\/p>\n<\/div>\n<div class=\"one-third service-section\">\n<img loading=\"lazy\" decoding=\"async\" src=\"\/wp-content\/uploads\/2021\/03\/Social-media_Facebook-ads-manager-service.png\"  alt=\"Service de gestion des publicit\u00e9s de page Facebook\" width=\"250\" height=\"250\" class=\"centered size-thumbnail wp-image-13613\" \/>\n<\/div>\n<div class=\"clear-both\"><\/div>\n<div class=\"one-half first service-section\">\n<h2>Gestionnaire de publicit\u00e9s Facebook<\/h2>\n<p>\nPendant le temps allou\u00e9, webwilly g\u00e9rera les diff\u00e9rentes int\u00e9grations de sites Web et les audiences cibl\u00e9es qui ressemblent aux march\u00e9s cibl\u00e9s du client. L&rsquo;une de ces audiences Facebook peut \u00eatre cibl\u00e9e par l&rsquo;une des campagnes publicitaires du client, vendue s\u00e9par\u00e9ment, pour atteindre son march\u00e9 cible s\u00e9lectionn\u00e9. Diff\u00e9rents march\u00e9s cibles ou diff\u00e9rentes strat\u00e9gies de marketing peuvent n\u00e9cessiter diff\u00e9rentes audiences cibl\u00e9es. Chaque niveau de service est livr\u00e9 avec une int\u00e9gration de site Web. L&rsquo;int\u00e9gration de la messagerie du site Web permettra aux visiteurs du site Web d&rsquo;envoyer directement un message \u00e0 la page Facebook du client. Les autres int\u00e9grations de sites Web permettent d&rsquo;utilis\u00e9es des audiences personnalis\u00e9es pour le remarketing ou la publicit\u00e9 \u00e9v\u00e9nementielle.\n<\/p>\n<\/div>\n<div class=\"one-half service-section\">\n<div style=\"text-align:center;\">\n<h3>Gestionnaire de publicit\u00e9s<\/h3>\n<\/div>\n<div class=\"pricing-table\">\n<div class=\"plan one-third first\">\n<h4>Limit\u00e9<\/h4>\n<ul>\n<li>Heures d&rsquo;administration<br \/>\n<em>Jusqu&rsquo;\u00e0 2 heures par mois<\/em>\n<\/li>\n<li>Int\u00e9gration de site Web<br \/>\n<em>Messagerie de site Web<\/em>\n<\/li>\n<li>Type d&rsquo;audience<br \/>\n<em>Audience cibl\u00e9e r\u00e9guli\u00e8re<\/em>\n<\/li>\n<\/ul>\n<\/div>\n<div class=\"plan one-third\">\n<h4>Am\u00e9lior\u00e9<\/h4>\n<ul>\n<li>Heures d&rsquo;administration<br \/>\n<em>Jusqu&rsquo;\u00e0 4 heures par mois<\/em>\n<\/li>\n<li>Int\u00e9gration de site Web<br \/>\n<em>Messagerie et pixel de suivi<\/em>\n<\/li>\n<li>Type d&rsquo;audience<br \/>\n<em>Audience r\u00e9guli\u00e8re et de remarketing<\/em>\n<\/li>\n<\/ul>\n<\/div>\n<div class=\"plan one-third\">\n<h4>Avanc\u00e9<\/h4>\n<ul>\n<li>Heures d&rsquo;administration<br \/>\n<em>Jusqu&rsquo;\u00e0 8 heures par mois<\/em>\n<\/li>\n<li>Int\u00e9gration de site Web<br \/>\n<em>Messagerie, pixel, et suivi des \u00e9v\u00e9nements<\/em>\n<\/li>\n<li>Type d&rsquo;audience<br \/>\n<em>Audience r\u00e9guli\u00e8re, de remarketing, et \u00e9v\u00e9nementielle<\/em>\n<\/li>\n<\/ul>\n<\/div>\n<\/div>\n<\/div>\n<div class=\"clear-both\"><\/div>\n<div class=\"two-thirds first service-section\">\n<h2>Langue de la page Facebook<\/h2>\n<p>\nwebwilly propose son service de gestionnaire de publicit\u00e9s Facebook en anglais, fran\u00e7ais, ou bilingue. Cette offre de services est sp\u00e9cialement con\u00e7ue pour les entreprises du Qu\u00e9bec qui ont besoin d&rsquo;ex\u00e9cuter leur gestionnaire de publicit\u00e9s Facebook en anglais et en fran\u00e7ais. L&rsquo;option de langue bilingue de webwilly est con\u00e7ue pour qu&rsquo;un seul compte du gestionnaire de publicit\u00e9s soit optimis\u00e9 pour faire de la publicit\u00e9 sur les march\u00e9s dans les deux langues. Lors de l&rsquo;achat de l&rsquo;option de langue bilingue, webwilly peut diff\u00e9rencier les publics cibles dans les deux langues. Ceci est particuli\u00e8rement utile si le client souhaite faire de la publicit\u00e9 dans les deux langues, car une campagne en anglais peut cibler les utilisateurs Facebook anglophones et une campagne en fran\u00e7ais peut cibler les utilisateurs francophones. Il est \u00e9galement possible que les publics cibles optimis\u00e9s anglophones et francophones diff\u00e8rent sur des donn\u00e9es d\u00e9mographiques autres que la langue.\n<\/p>\n<\/div>\n<div class=\"one-third service-section\">\n<img loading=\"lazy\" decoding=\"async\" src=\"\/wp-content\/uploads\/2021\/03\/Social-Media-Facebook-Ads-Manager-language.png\" alt=\"Langue de la page Facebook\" width=\"250\" height=\"250\" class=\"centered size-thumbnail wp-image-14035\" \/>\n<\/div>\n<div class=\"clear-both\"><\/div>\n<div class=\"one-half first service-section\">\n<h2>Langue de la page Facebook<\/h2>\n<p>\nSi le site Web du client est disponible dans les deux langues, le gestionnaire de publicit\u00e9s Facebook du client doit \u00eatre bilingue. Les publicit\u00e9s dans chaque langue devront \u00eatre dirig\u00e9es vers le site Web du client dans la langue appropri\u00e9e. Si le site Web et le march\u00e9 cibl\u00e9 du client sont bilingues, s\u00e9lectionnez l&rsquo;option de langue bilingue. En fonction de l&rsquo;activit\u00e9 du client et de ses publics cibles, il peut \u00e9galement \u00eatre avantageux de diff\u00e9rencier les publics par langue. Cela permet \u00e0 webwilly de cibler des publicit\u00e9s sp\u00e9cifiques sur des donn\u00e9es d\u00e9mographiques linguistiques sp\u00e9cifiques. Si le site Web du client est uniquement fourni en anglais et que le march\u00e9 cible est l&rsquo;anglais, s\u00e9lectionnez l&rsquo;option de langue anglaise. Si votre site Web n&rsquo;est fourni qu&rsquo;en fran\u00e7ais et que le march\u00e9 cible est le fran\u00e7ais, s\u00e9lectionnez l&rsquo;option de langue fran\u00e7aise.\n<\/p>\n<\/div>\n<div class=\"one-half service-section\">\n<div style=\"text-align:center;\">\n<h3>Langue<\/h3>\n<\/div>\n<div class=\"pricing-table\">\n<div class=\"plan one-third first\">\n<h4>Anglais<\/h4>\n<ul>\n<li>L&rsquo;audience cibl\u00e9e<br \/>\n<em>March\u00e9 anglais<\/em>\n<\/li>\n<li>Heures d&rsquo;administration<br \/>\n<em>1x heures d&rsquo;administration<\/em>\n<\/li>\n<\/ul>\n<\/div>\n<div class=\"plan one-third\">\n<h4>fran\u00e7ais<\/h4>\n<ul>\n<li>L&rsquo;audience cibl\u00e9e<br \/>\n<em>March\u00e9 fran\u00e7ais<\/em>\n<\/li>\n<li>Heures d&rsquo;administration<br \/>\n<em>1x heures d&rsquo;administration<\/em>\n<\/li>\n<\/ul>\n<\/div>\n<div class=\"plan one-third\">\n<h4>Bilingue<\/h4>\n<ul>\n<li>L&rsquo;audience cibl\u00e9e<br \/>\n<em>March\u00e9s anglais et fran\u00e7ais<\/em>\n<\/li>\n<li>Heures d&rsquo;administration<br \/>\n<em>1,5x heures d&rsquo;administration<\/em>\n<\/li>\n<\/ul>\n<\/div>\n<\/div>\n<\/div>\n<div class=\"clear-both\"><\/div>\n<div class=\"three-fourths first service-section\">\n<h2>Int\u00e9grations de sites Web Facebook<\/h2>\n<p>\nLe gestionnaire de publicit\u00e9s est \u00e9galement utilis\u00e9 pour g\u00e9rer les int\u00e9grations du site Web Facebook du client, telles que le pixel Facebook et la messagerie Facebook. L&rsquo;int\u00e9gration de la messagerie de site Web de Facebook ajoute Facebook Messenger au site Web webwilly du client afin que les visiteurs puissent contacter directement la page Facebook de leur entreprise. Le client ou son personnel sera averti via l&rsquo;application Facebook Messenger. Le pixel Facebook ajoute des fonctionnalit\u00e9s de suivi et de remarketing avec des audiences personnalis\u00e9es Facebook et des capacit\u00e9s de suivi des \u00e9v\u00e9nements. En utilisant les audiences personnalis\u00e9es Facebook int\u00e9gr\u00e9es dans le gestionnaire de publicit\u00e9s, webwilly peut programmer des campagnes publicitaires pour cibler les visiteurs pr\u00e9c\u00e9dents du site Web. Ces efforts de remarketing optimisent davantage les campagnes pour concentrer le budget du client sur les visiteurs r\u00e9currents. Cette audience personnalis\u00e9e est particuli\u00e8rement efficace pour les entreprises qui fournissent des produits et services pouvant \u00eatre achet\u00e9s \u00e0 plusieurs reprises. \u00c0 l&rsquo;aide des capacit\u00e9s de suivi des \u00e9v\u00e9nements, webwilly peut faire de la publicit\u00e9 aupr\u00e8s d&rsquo;un public sp\u00e9cifique compos\u00e9 de ceux qui ont d\u00e9clench\u00e9 un \u00e9v\u00e9nement sp\u00e9cifique sur le site Web, comme la visualisation d&rsquo;une page de produit. Cela peut \u00eatre utile pour cibler des visiteurs de pages sp\u00e9cifiques avec des publicit\u00e9s li\u00e9es \u00e0 cette m\u00eame page. Les audiences de suivi des \u00e9v\u00e9nements sont similaires aux audiences de remarketing, mais elles sont plus finement ajust\u00e9es pour cibler une audience plus sp\u00e9cifique.\n<\/p>\n<\/div>\n<div class=\"one-fourth service-section\">\n<img decoding=\"async\" src=\"\/wp-content\/uploads\/2021\/03\/Social-media-_Facebook-Ads-Manager-Pixel-Integration.png\" class=\"centered\" alt=\"Int\u00e9gration du pixel Facebook de la page\" width=\"250px\" height=\"250px\">\n<\/div>\n","protected":false},"excerpt":{"rendered":"<ul class = \"red-dot\" style = \"margin-bottom: 35px;margin-left:20px;\">\n<li>Heures d&rsquo;administration de Facebook Ads Manager <\/li>\n<li>Configuration et gestion de Facebook Ads Manager <\/li>\n<li>Int\u00e9gration et gestion de la messagerie site Web Facebook<\/li>\n<li>Int\u00e9gration et gestion du pixel Facebook <\/li>\n<li>Recherche et gestion de base du public cible Facebook <\/li>\n<li>Audiences cibles r\u00e9guli\u00e8res, de remarketing, et personnalis\u00e9es <\/li>\n<li>N\u00e9cessite un abonnement \u00e0 l&rsquo;h\u00e9bergement de site Web dans la langue correspondante<\/li>\n<\/ul>\n","protected":false},"featured_media":25767,"comment_status":"open","ping_status":"closed","template":"","meta":{"_genesis_hide_title":false,"_genesis_hide_breadcrumbs":false,"_genesis_hide_singular_image":false,"_genesis_hide_footer_widgets":false,"_genesis_custom_body_class":"","_genesis_custom_post_class":"","_genesis_layout":""},"product_brand":[],"product_cat":[41,38],"product_tag":[],"class_list":{"0":"post-19275","1":"product","2":"type-product","3":"status-publish","4":"has-post-thumbnail","6":"product_cat-marketing-des-medias-sociaux","7":"product_cat-marketing-numerique","8":"entry","10":"first","11":"instock","12":"featured","13":"sold-individually","14":"shipping-taxable","15":"purchasable","16":"product-type-variable-subscription"},"exclude_global_add_ons":[],"addons":[],"_links":{"self":[{"href":"https:\/\/webwilly.ca\/fr\/wp-json\/wp\/v2\/product\/19275","targetHints":{"allow":["GET"]}}],"collection":[{"href":"https:\/\/webwilly.ca\/fr\/wp-json\/wp\/v2\/product"}],"about":[{"href":"https:\/\/webwilly.ca\/fr\/wp-json\/wp\/v2\/types\/product"}],"replies":[{"embeddable":true,"href":"https:\/\/webwilly.ca\/fr\/wp-json\/wp\/v2\/comments?post=19275"}],"wp:featuredmedia":[{"embeddable":true,"href":"https:\/\/webwilly.ca\/fr\/wp-json\/wp\/v2\/media\/25767"}],"wp:attachment":[{"href":"https:\/\/webwilly.ca\/fr\/wp-json\/wp\/v2\/media?parent=19275"}],"wp:term":[{"taxonomy":"product_brand","embeddable":true,"href":"https:\/\/webwilly.ca\/fr\/wp-json\/wp\/v2\/product_brand?post=19275"},{"taxonomy":"product_cat","embeddable":true,"href":"https:\/\/webwilly.ca\/fr\/wp-json\/wp\/v2\/product_cat?post=19275"},{"taxonomy":"product_tag","embeddable":true,"href":"https:\/\/webwilly.ca\/fr\/wp-json\/wp\/v2\/product_tag?post=19275"}],"curies":[{"name":"wp","href":"https:\/\/api.w.org\/{rel}","templated":true}]}}