{"id":19226,"date":"2021-02-04T00:20:38","date_gmt":"2021-02-04T00:20:38","guid":{"rendered":"https:\/\/webwilly.ca\/buy\/campagne-de-marketing-par-e-mail\/"},"modified":"2024-02-08T11:45:30","modified_gmt":"2024-02-08T16:45:30","slug":"campagne-de-marketing-par-e-mail","status":"publish","type":"product","link":"https:\/\/webwilly.ca\/fr\/acheter\/marketing-numerique\/marketing-par-courriel\/campagne-de-marketing-par-e-mail\/","title":{"rendered":"Campagne de marketing par e-mail"},"content":{"rendered":"<div class=\"one-fourth first top-section\">\n<p><strong>Objectifs<\/strong><\/p>\n<div class=\"one-fourth first\"><img loading=\"lazy\" decoding=\"async\" src=\"\/wp-content\/uploads\/2019\/05\/Profile.png\" alt=\"Objectifs\" width=\"54\" height=\"54\" class=\"alignnone size-full wp-image-9224\" \/><\/div>\n<div class=\"three-fourths\">\n<p>Incluez vos objectifs pour ce design sp\u00e9cifique.<\/p>\n<\/div>\n<\/div>\n<div class=\"one-fourth top-section\">\n<p><strong>Dur\u00e9e<\/strong><\/p>\n<div class=\"one-fourth first\"><img loading=\"lazy\" decoding=\"async\" src=\"\/wp-content\/uploads\/2018\/05\/Process-Delay.png\" alt=\"Dur\u00e9e\" width=\"54\" height=\"54\" class=\"alignnone size-full wp-image-9198\" \/><\/div>\n<div class=\"three-fourths\">\n<p>Jusqu&rsquo;\u00e0 10 jours ouvrables pour le premier design.<\/p>\n<\/div>\n<\/div>\n<div class=\"one-fourth top-section\">\n<p><strong>H\u00e9bergement<\/strong><\/p>\n<div class=\"one-fourth first\"><img loading=\"lazy\" decoding=\"async\" src=\"\/wp-content\/uploads\/2018\/05\/templates.png\" alt=\"H\u00e9bergement\" width=\"54\" height=\"54\" class=\"alignnone size-full wp-image-9224\" \/><\/div>\n<div class=\"three-fourths\">\n<p><a href=\"\/fr\/acheter\/marketing-numerique\/services-de-design-de-site-web\/hebergement-et-securite-de-sites-web\/hebergement-et-maintenance-de-site-web\/\">H\u00e9bergement<\/a> et <a href=\"\/fr\/acheter\/marketing-numerique\/marketing-par-courriel\/plateforme-de-marketing-par-e-mail-et-crm\/\">plateforme d&rsquo;e-mail<\/a> requis.<\/p>\n<\/div>\n<\/div>\n<div class=\"one-fourth top-section\">\n<p><strong>Licence<\/strong><\/p>\n<div class=\"one-fourth first\"><img loading=\"lazy\" decoding=\"async\" src=\"\/wp-content\/uploads\/2019\/05\/pictures.png\" alt=\"Licence\" width=\"54\" height=\"54\" class=\"alignnone size-full wp-image-9230\" \/><\/div>\n<div class=\"three-fourths\">\n<p>T\u00e9l\u00e9versez votre propri\u00e9t\u00e9 intellectuelle.<\/p>\n<\/div>\n<\/div>\n<div class=\"one-fourth first top-section\">\n<p><strong>Design<\/strong><\/p>\n<div class=\"one-fourth first\"><img loading=\"lazy\" decoding=\"async\" src=\"\/wp-content\/uploads\/2021\/07\/webwilly-marketing-services.png\" alt=\"Design\" width=\"54\" height=\"54\" class=\"alignnone size-full wp-image-9192\" \/><\/div>\n<div class=\"three-fourths\">\n<p>Style de design, polices et couleurs de votre marque.<\/p>\n<\/div>\n<\/div>\n<div class=\"one-fourth top-section\">\n<p><strong>Bilingue<\/strong><\/p>\n<div class=\"one-fourth first\"><img loading=\"lazy\" decoding=\"async\" src=\"\/wp-content\/uploads\/2019\/05\/models.png\" alt=\"Bilingue\" width=\"54\" height=\"54\" class=\"alignnone size-full wp-image-9194\" \/><\/div>\n<div class=\"three-fourths\">\n<p>Service offert en anglais et en fran\u00e7ais.<\/p>\n<\/div>\n<\/div>\n<div class=\"one-fourth top-section\">\n<p><strong>Paiement<\/strong><\/p>\n<div class=\"one-fourth first\"><img loading=\"lazy\" decoding=\"async\" src=\"\/wp-content\/uploads\/2018\/05\/payment.png\" alt=\"Paiement\" width=\"54\" height=\"54\" class=\"alignnone size-full wp-image-9228\" \/><\/div>\n<div class=\"three-fourths\">\n<p>Nous acceptons les cartes de cr\u00e9dit via Stripe.<\/p>\n<\/div>\n<\/div>\n<div class=\"one-fourth top-section\">\n<p><strong>Support<\/strong><\/p>\n<div class=\"one-fourth first\"><img loading=\"lazy\" decoding=\"async\" src=\"\/wp-content\/uploads\/2018\/05\/support.png\" alt=\"support\" width=\"54\" height=\"54\" class=\"alignnone size-full wp-image-9230\" \/><\/div>\n<div class=\"three-fourths\">\n<p>N\u2019h\u00e9sitez pas \u00e0 nous contacter.<\/p>\n<\/div>\n<\/div>\n<div class=\"clear-both\"><\/div>\n<div class=\"two-thirds first service-section\">\n<h2>Campagne par e-mail pour le marketing<\/h2>\n<p>\nwebwilly offre des services de design de campagnes de marketing par courriel aux entreprises du Qu\u00e9bec qui poss\u00e8dent un site Web et qui ont besoin d&rsquo;une nouvelle campagne de marketing par courriel. Les campagnes de marketing par e-mail sont achet\u00e9es par les clients webwilly pour envoyer une campagne de marketing par courrier \u00e9lectronique HTML con\u00e7ue par webwilly \u00e0 leurs contacts. Ce service n\u00e9cessite un site Web webwilly actif, un abonnement d&rsquo;h\u00e9bergement de site Web actif et un abonnement actif \u00e0 la gestion de la plateforme de marketing par e-mail pendant au moins 2 p\u00e9riodes cons\u00e9cutives. La nouvelle campagne de marketing par e-mail du client sera con\u00e7ue et envoy\u00e9e \u00e0 la liste de contacts choisie par le client.\n<\/p>\n<\/div>\n<div class=\"one-fourth service-section\">\n<img decoding=\"async\" src=\"\/wp-content\/uploads\/2021\/02\/email-marketing-campaign_email-marketing-campaign-content-300x300.png\" alt=\"campagne marketing par e-mail\" width=\"250px\" height=\"250px\" class=\"centered size-medium wp-image-17221\" srcset=\"https:\/\/webwilly.ca\/wp-content\/uploads\/2021\/02\/email-marketing-campaign_email-marketing-campaign-content-300x300.png 300w, https:\/\/webwilly.ca\/wp-content\/uploads\/2021\/02\/email-marketing-campaign_email-marketing-campaign-content-150x150.png 150w, https:\/\/webwilly.ca\/wp-content\/uploads\/2021\/02\/email-marketing-campaign_email-marketing-campaign-content-100x100.png 100w, https:\/\/webwilly.ca\/wp-content\/uploads\/2021\/02\/email-marketing-campaign_email-marketing-campaign-content.png 600w\" sizes=\"(max-width: 300px) 100vw, 300px\" \/>\n<\/div>\n<div class=\"clear-both\"><\/div>\n<div class=\"two-thirds first service-section\">\n<h2>Services de campagne de marketing par e-mail<\/h2>\n<p>\nLes campagnes de marketing par e-mail peuvent \u00eatre utilis\u00e9es pour promouvoir l&rsquo;une des pages du site Web ou des articles de blog du client. Ces pages de site Web et ces articles de blog sont vendus s\u00e9par\u00e9ment, mais une partie de leur contenu peut \u00eatre utilis\u00e9e dans le design du e-mail. Le client peut \u00e9galement choisir de communiquer des informations sur ses activit\u00e9s commerciales telles que les jours f\u00e9ri\u00e9s ou les nouveaux employ\u00e9s. webwilly peut d\u00e9signer la campagne de marketing par e-mail pour inclure le logo du client, les images et les couleurs de la marque.\n<\/p>\n<\/div>\n<div class=\"one-fourth service-section\">\n<img decoding=\"async\" src=\"\/wp-content\/uploads\/2020\/02\/email-marketing-campaign_email-marketing-campaign-service.png\" class=\"centered\" alt=\"Services de campagne de marketing par e-mail\" width=\"250px\" height=\"250px\">\n<\/div>\n<div class=\"clear-both\"><\/div>\n<div class=\"two-thirds first service-section\">\n<h2>Objectifs de la campagne de marketing par e-mail<\/h2>\n<p>\nLa plupart des campagnes de marketing par e-mail inciteront les contacts \u00e0 cliquer pour visiter le site Web du client. Leur destination sur le site Web du client d\u00e9pend des objectifs de la campagne. Ce service est mieux combin\u00e9 avec une page de site Web ou le design d&rsquo;un article de blog. La page ou l&rsquo;article de blog et la campagne par e-mail partagent les m\u00eames objectifs. La campagne par e-mail permet de promouvoir la page ou l&rsquo;article de blog qui concerne le produit, le service, l&rsquo;\u00e9v\u00e9nement, et autres, du client.\n<\/p>\n<\/div>\n<div class=\"one-fourth service-section\">\n<img decoding=\"async\" src=\"\/wp-content\/uploads\/2020\/02\/email-marketing-campaign_email-marketing-campaign-objectives.png\" class=\"centered\" alt=\"email campaign objectives\" width=\"250px\" height=\"250px\">\n<\/div>\n<div class=\"clear-both\"><\/div>\n<div class=\"one-half first service-section\">\n<h2>R\u00e9visions du design de la campagne<\/h2>\n<p>\nLes r\u00e9visions du design de la campagne de marketing par e-mail permettent au client de revoir le design de l&rsquo;e-mail et de fournir des commentaires et une orientation pour le design. Si le client souhaite un design de base et ne souhaite pas passer du temps \u00e0 examiner le design, il doit choisir l&rsquo;option de design final. Si le client souhaite revoir le design et orienter le design vers ses pr\u00e9f\u00e9rences, il doit s\u00e9lectionner 1 ou 2 r\u00e9visions de design. Pour les clients qui souhaitent un design plus esth\u00e9tique, plus de r\u00e9visions \u00e9quivaut \u00e0 plus d&rsquo;heures de design. Les r\u00e9visions de design devraient \u00eatre constructives et d\u00e9taill\u00e9es.\n<\/p>\n<\/div>\n<div class=\"one-half service-section\">\n<div style=\"text-align:center;\">\n<h3>R\u00e9visions de design<\/h3>\n<\/div>\n<div class=\"pricing-table\">\n<div class=\"plan one-third first\">\n<h4>Design final<\/h4>\n<ul>\n<li>Heures de design<br \/>\n<em>Jusqu&rsquo;\u00e0 2 heures<\/em>\n<\/li>\n<\/ul>\n<\/div>\n<div class=\"plan one-third\">\n<h4>Design +1 r\u00e9vision<\/h4>\n<ul>\n<li>Heures de design<br \/>\n<em>Jusqu&rsquo;\u00e0 2h + 2h<\/em>\n<\/li>\n<\/ul>\n<\/div>\n<div class=\"plan one-third\">\n<h4>Design +2 r\u00e9visions<\/h4>\n<ul>\n<li>Heures de design<br \/>\n<em>Jusqu&rsquo;\u00e0 2h + 2h + 2h<\/em>\n<\/li>\n<\/ul>\n<\/div>\n<\/div>\n<\/div>\n<div class=\"clear-both\"><\/div>\n<div class=\"one-half first service-section\">\n<h2>Langage du design de la campagne<\/h2>\n<p>\nwebwilly fournit des services de design de campagnes de marketing par courriel en anglais, en fran\u00e7ais, bilingue ou 1 anglais et 1 fran\u00e7ais. Cette offre de services est sp\u00e9cialement con\u00e7ue pour les entreprises du Qu\u00e9bec qui ont besoin d&rsquo;envoyer des campagnes de marketing par courriel. La langue de service achet\u00e9e par le client doit refl\u00e9ter la structure des listes de contacts par courrier \u00e9lectronique du client. Si les listes des clients sont segment\u00e9es par langue, s\u00e9lectionnez l&rsquo;option \u00ab\u00a01 anglais et 1 fran\u00e7ais\u00a0\u00bb et webwilly cr\u00e9era un e-mail pour chaque langue. Si les listes de courriels du client ne sont pas segment\u00e9es par langue mais incluent des contacts qui parlent les deux langues, s\u00e9lectionnez \u00abBilingue\u00bb et webwilly cr\u00e9era un courriel avec les deux langues. L&rsquo;option bilingue comprend techniquement moins de contenu.\n<\/p>\n<\/div>\n<div class=\"one-half service-section\">\n<div style=\"text-align:center;\">\n<h3>Langue<\/h3>\n<\/div>\n<div class=\"pricing-table\">\n<div class=\"plan one-fourth first\">\n<h4>Anglais<\/h4>\n<ul>\n<li>Heures de design<br \/>\n<em>1x heures de design<\/em>\n<\/li>\n<li>Heures de contenu<br \/>\n<em>1x heures de contenu<\/em>\n<\/li>\n<\/ul>\n<\/div>\n<div class=\"plan one-fourth\">\n<h4>Fran\u00e7ais<\/h4>\n<ul>\n<li>Heures de design<br \/>\n<em>1x heures de design<\/em>\n<\/li>\n<li>Heures de contenu<br \/>\n<em>1x heures de contenu<\/em>\n<\/li>\n<\/ul>\n<\/div>\n<div class=\"plan one-fourth\">\n<h4>Bilingue<\/h4>\n<ul>\n<li>Heures de design<br \/>\n<em>1,5x heures de design<\/em>\n<\/li>\n<li>Heures de contenu<br \/>\n<em>1,5x heures de contenu<\/em>\n<\/li>\n<\/ul>\n<\/div>\n<div class=\"plan one-fourth\">\n<h4>1 anglais et <br \/> 1 fran\u00e7ais<\/h4>\n<ul>\n<li>Heures de design<br \/>\n<em>1,75x heures de design<\/em>\n<\/li>\n<li>Heures de contenu<br \/>\n<em>1,75x heures de contenu<\/em>\n<\/li>\n<\/ul>\n<\/div>\n<\/div>\n<\/div>\n<div class=\"clear-both\"><\/div>\n<div class=\"one-half first service-section\">\n<h2>Contenu du design de la campagne<\/h2>\n<p>\nSi le client souhaite que webwilly utilise le contenu fourni par le client, le client doit fournir le contenu pr\u00eat \u00e0 \u00eatre publi\u00e9 et s\u00e9lectionner l&rsquo;option \u00ab\u00a0Copier et coller\u00a0\u00bb. webwilly copiera et collera le contenu fourni par le client dans les d\u00e9tails de design, tel quel. Si le client souhaite que webwilly corrige le contenu fourni par le client, le client doit fournir le contenu dans la ou les langues s\u00e9lectionn\u00e9es et s\u00e9lectionner l&rsquo;option \u00ab\u00a0Correction\u00a0\u00bb. Si le client souhaite que webwilly traduise le contenu fourni par le client, le client doit fournir le contenu en anglais ou en fran\u00e7ais et s\u00e9lectionner l&rsquo;option \u00ab\u00a0Traduction\u00a0\u00bb. Si le client souhaite que webwilly r\u00e9dige le contenu de l&rsquo;e-mail, le client doit fournir une direction pour le contenu et s\u00e9lectionner l&rsquo;option \u00ab\u00a0Cr\u00e9ation\u00a0\u00bb.\n<\/p>\n<\/div>\n<div class=\"one-half service-section\">\n<div style=\"text-align:center;\">\n<h3>Contenu<\/h3>\n<\/div>\n<div class=\"pricing-table\">\n<div class=\"plan one-fourth first\">\n<h4>Copier et coller<\/h4>\n<ul>\n<li>Heures de contenu<br \/>\n<em>Aucune<\/em>\n<\/li>\n<li>Travail de contenu<br \/>\n<em>Aucun<\/em>\n<\/li>\n<\/ul>\n<\/div>\n<div class=\"plan one-fourth\">\n<h4>Correction<\/h4>\n<ul>\n<li>Heures de contenu<br \/>\n<em>Jusqu&rsquo;\u00e0 1 heure<\/em>\n<\/li>\n<li>Travail de contenu<br \/>\n<em>Correction<\/em>\n<\/li>\n<\/ul>\n<\/div>\n<div class=\"plan one-fourth\">\n<h4>Traduction<\/h4>\n<ul>\n<li>Heures de contenu<br \/>\n<em>Jusqu&rsquo;\u00e0 2 heures<\/em>\n<\/li>\n<li>Travail de contenu<br \/>\n<em>Traduction et correction<\/em>\n<\/li>\n<\/ul>\n<\/div>\n<div class=\"plan one-fourth\">\n<h4>Cr\u00e9ation<\/h4>\n<ul>\n<li>Heures de contenu<br \/>\n<em>Jusqu&rsquo;\u00e0 3 heures<\/em>\n<\/li>\n<li>Travail de contenu<br \/>\n<em>Cr\u00e9ation, traduction, et correction<\/em>\n<\/li>\n<\/ul>\n<\/div>\n<\/div>\n<\/div>\n<div class=\"clear-both\"><\/div>\n<div class=\"two-thirds first service-section\">\n<h2>L&rsquo;envoi de la campagne de marketing par e-mail<\/h2>\n<p>\nLe client doit indiquer dans les d\u00e9tails de design quelle liste de contacts doit \u00eatre cibl\u00e9e. Le client doit acheter ce service \u00e0 l&rsquo;avance afin que la campagne de marketing par e-mail puisse \u00eatre termin\u00e9e avant la date d&rsquo;envoi pr\u00e9vue id\u00e9ale du client. webwilly enverra le design final de la campagne de marketing par e-mail, apr\u00e8s l&rsquo;approbation du client, \u00e0 la liste de contacts s\u00e9lectionn\u00e9e par le client. Pour les clients avec l&rsquo;adh\u00e9sion au marketing automatis\u00e9, indiquez dans les d\u00e9tails de design si cette campagne doit \u00eatre automatis\u00e9e au lieu d&rsquo;\u00eatre envoy\u00e9e.\n<\/p>\n<\/div>\n<div class=\"one-fourth service-section\">\n<img decoding=\"async\" src=\"\/wp-content\/uploads\/2020\/02\/email-marketing-campaign_email-marketing-campaign-sending.png\" class=\"centered\" alt=\"Envoi de campagnes de marketing par e-mail\" width=\"250px\" height=\"250px\">\n<\/div>\n<div class=\"clear-both\"><\/div>\n<div class=\"two-thirds first service-section\">\n<h2>Suivi et rapports de la campagne de marketing<\/h2>\n<p>\nChaque e-mail envoy\u00e9 \u00e0 un contact est suivi pour enregistrer si le contact a ouvert ou cliqu\u00e9 sur l&rsquo;e-mail. Une fois la campagne envoy\u00e9e, webwilly examinera et rapportera au client les statistiques de la campagne par e-mail. Ces statistiques tiendront le client inform\u00e9 de l&rsquo;avancement de la campagne d&#8217;email. La comparaison de plusieurs campagnes, de leur contenu et de leurs statistiques aidera le client \u00e0 comprendre quel contenu fonctionne le mieux avec ses contacts.\n<\/p>\n<\/div>\n<div class=\"one-fourth service-section\">\n<img decoding=\"async\" src=\"\/wp-content\/uploads\/2020\/02\/email-marketing-campaign_email-marketing-campaign-reporting.png\" class=\"centered\" alt=\"Suivi et rapports des campagnes de marketing par e-mail\" width=\"250px\" height=\"250px\">\n<\/div>\n","protected":false},"excerpt":{"rendered":"<ul class=\"red-dot\" style=\"margin-bottom: 35px;margin-left:20px;\">\n<li> Design d&rsquo;une campagne de marketing par e-mail <\/li>\n<li> Envoi d&rsquo;une campagne de marketing par e-mail <\/li>\n<li> Suivi de la campagne et rapports inclus <\/li>\n<li> Fournissez les objectifs pour la campagne de marketing <\/li>\n<li> Examiner le design de l&rsquo;e-mail avec des r\u00e9visions de design <\/li>\n<li>T\u00e9l\u00e9charger un <a href=\"\/wp-content\/uploads\/2021\/11\/Modele-de-contenu-de-campagne-de-marketing-par-e-mail-1.docx\">document Word<\/a> contenant un mod\u00e8le de contenu d&rsquo;e-mail<\/li>\n<li>N\u00e9cessite une adh\u00e9sion active \u00e0 la plateforme de marketing par e-mail dans la langue correspondante<\/li>\n<\/ul>\n","protected":false},"featured_media":25763,"comment_status":"open","ping_status":"closed","template":"","meta":{"_genesis_hide_title":false,"_genesis_hide_breadcrumbs":false,"_genesis_hide_singular_image":false,"_genesis_hide_footer_widgets":false,"_genesis_custom_body_class":"","_genesis_custom_post_class":"","_genesis_layout":""},"product_brand":[],"product_cat":[38,43],"product_tag":[],"class_list":{"0":"post-19226","1":"product","2":"type-product","3":"status-publish","4":"has-post-thumbnail","6":"product_cat-marketing-numerique","7":"product_cat-marketing-par-courriel","8":"entry","10":"first","11":"instock","12":"shipping-taxable","13":"purchasable","14":"product-type-variable"},"exclude_global_add_ons":false,"addons":[{"name":"Budget d'images stock","type":"custom_price","position":0,"required":false,"title_format":"heading","default":"","description_enable":true,"description":"Les images de stock haut de gamme co\u00fbtent environ 20$ +taxes par image. Les images de stock r\u00e9guli\u00e8res co\u00fbtent environ 10$ +taxes par image. Soumettez vos pr\u00e9f\u00e9rences dans les d\u00e9tails de design. Budget minimum de 25$. Laissez ce champ vide si vous t\u00e9l\u00e9versez vos propres images. Si vous ne fournissez pas d'images et ne fournissez pas de budget, nous utiliserons des images de stock gratuites et moins attrayantes. Un cr\u00e9dit peut \u00eatre accord\u00e9 au photographe.","placeholder_enable":false,"placeholder":"","display":"select","restrictions_type":"any_text","adjust_price":false,"price":"","price_type":"quantity_based","restrictions":true,"min":"25","max":"555","options":[]}],"_links":{"self":[{"href":"https:\/\/webwilly.ca\/fr\/wp-json\/wp\/v2\/product\/19226","targetHints":{"allow":["GET"]}}],"collection":[{"href":"https:\/\/webwilly.ca\/fr\/wp-json\/wp\/v2\/product"}],"about":[{"href":"https:\/\/webwilly.ca\/fr\/wp-json\/wp\/v2\/types\/product"}],"replies":[{"embeddable":true,"href":"https:\/\/webwilly.ca\/fr\/wp-json\/wp\/v2\/comments?post=19226"}],"wp:featuredmedia":[{"embeddable":true,"href":"https:\/\/webwilly.ca\/fr\/wp-json\/wp\/v2\/media\/25763"}],"wp:attachment":[{"href":"https:\/\/webwilly.ca\/fr\/wp-json\/wp\/v2\/media?parent=19226"}],"wp:term":[{"taxonomy":"product_brand","embeddable":true,"href":"https:\/\/webwilly.ca\/fr\/wp-json\/wp\/v2\/product_brand?post=19226"},{"taxonomy":"product_cat","embeddable":true,"href":"https:\/\/webwilly.ca\/fr\/wp-json\/wp\/v2\/product_cat?post=19226"},{"taxonomy":"product_tag","embeddable":true,"href":"https:\/\/webwilly.ca\/fr\/wp-json\/wp\/v2\/product_tag?post=19226"}],"curies":[{"name":"wp","href":"https:\/\/api.w.org\/{rel}","templated":true}]}}