{"id":19221,"date":"2021-02-03T19:00:37","date_gmt":"2021-02-03T19:00:37","guid":{"rendered":"https:\/\/webwilly.ca\/buy\/configuration-et-gestion-de-la-platforme-de-marketing-par-e-mail\/"},"modified":"2024-02-08T11:34:31","modified_gmt":"2024-02-08T16:34:31","slug":"plateforme-de-marketing-par-e-mail-et-crm","status":"publish","type":"product","link":"https:\/\/webwilly.ca\/fr\/acheter\/marketing-numerique\/marketing-par-courriel\/plateforme-de-marketing-par-e-mail-et-crm\/","title":{"rendered":"Plateforme de marketing par e-mail et CRM"},"content":{"rendered":"<div class=\"one-fourth first top-section\">\n<p><strong>G\u00e9r\u00e9<\/strong><\/p>\n<div class=\"one-fourth first\"><img loading=\"lazy\" decoding=\"async\" src=\"\/wp-content\/uploads\/2021\/07\/webwilly-marketing-services.png\" alt=\"G\u00e9r\u00e9\" width=\"54\" height=\"54\" class=\"alignnone size-full wp-image-9192\" \/><\/div>\n<div class=\"three-fourths\">\n<p>Participation du client varie avec le service.<\/p>\n<\/div>\n<\/div>\n<div class=\"one-fourth top-section\">\n<p><strong>H\u00e9bergement<\/strong><\/p>\n<div class=\"one-fourth first\"><img loading=\"lazy\" decoding=\"async\" src=\"\/wp-content\/uploads\/2018\/05\/templates.png\" alt=\"H\u00e9bergement\" width=\"54\" height=\"54\" class=\"alignnone size-full wp-image-9224\" \/><\/div>\n<div class=\"three-fourths\">\n<p><a href=\"\/fr\/acheter\/marketing-numerique\/services-de-design-de-site-web\/hebergement-et-securite-de-sites-web\/hebergement-et-maintenance-de-site-web\/\">H\u00e9bergement de site Web<\/a> requis.<\/p>\n<\/div>\n<\/div>\n<div class=\"one-fourth top-section\">\n<p><strong>Paiement<\/strong><\/p>\n<div class=\"one-fourth first\"><img loading=\"lazy\" decoding=\"async\" src=\"\/wp-content\/uploads\/2018\/05\/payment.png\" alt=\"Paiement\" width=\"54\" height=\"54\" class=\"alignnone size-full wp-image-9228\" \/><\/div>\n<div class=\"three-fourths\">\n<p>Nous acceptons les cartes de cr\u00e9dit via Stripe.<\/p>\n<\/div>\n<\/div>\n<div class=\"one-fourth top-section\">\n<p><strong>Support<\/strong><\/p>\n<div class=\"one-fourth first\"><img loading=\"lazy\" decoding=\"async\" src=\"\/wp-content\/uploads\/2018\/05\/support.png\" alt=\"support\" width=\"54\" height=\"54\" class=\"alignnone size-full wp-image-9230\" \/><\/div>\n<div class=\"three-fourths\">\n<p>N\u2019h\u00e9sitez pas \u00e0 nous contacter.<\/p>\n<\/div>\n<\/div>\n<div class=\"clear-both\"><\/div>\n<div class=\"three-fourths first service-section\">\n<h2>Gestion de la plateforme de marketing par e-mail<\/h2>\n<p>\nwebwilly offre des services de gestion de plateforme de marketing par courriel aux entreprises du Qu\u00e9bec. Ce service est destin\u00e9 aux clients actuels de site Web webwilly qui souhaitent int\u00e9grer une nouvelle plateforme de marketing par courrier \u00e9lectronique \u00e0 leur site Web webwilly. Cette plateforme de marketing par e-mail aura sa propre adresse de site Web public. Le client peut acc\u00e9der \u00e0 cette plateforme pour afficher ses profils de contact, ses informations de suivi et ses rapports. Une plateforme de marketing par e-mail peut \u00eatre utilis\u00e9e pour g\u00e9rer des listes de contacts, envoyer des campagnes par e-mail HTML, afficher des rapports, g\u00e9rer des campagnes de marketing automatis\u00e9es, etc.\n<\/p>\n<\/div>\n<div class=\"one-fourth service-section\">\n<img decoding=\"async\" src=\"\/wp-content\/uploads\/2021\/03\/email-marketing-services_email-marketing.png\" class=\"centered\" alt=\"Gestion du marketing par e-mail\" width=\"250px\" height=\"250px\">\n<\/div>\n<div class=\"clear-both\"><\/div>\n<div class=\"pricing-table\">\n<div class=\"plan one-fourth first service-section\">\n<h4>Publicit\u00e9 par e-mail<\/h4>\n<ul>\n<li>Heures d&rsquo;administration<br \/>\n<em>Jusqu&rsquo;\u00e0 2 heures par mois<\/em>\n<\/li>\n<li>Budget d&rsquo;abonnement<br \/>\n<em>Jusqu&rsquo;\u00e0 45.00$<\/em>\n<\/li>\n<\/ul>\n<\/div>\n<div class=\"plan one-fourth\">\n<h4>E-mail + Marketing automatis\u00e9<\/h4>\n<ul>\n<li>Heures d&rsquo;administration<br \/>\n<em>Jusqu&rsquo;\u00e0 4 heures par mois<\/em>\n<\/li>\n<li>Budget d&rsquo;abonnement<br \/>\n<em>Jusqu&rsquo;\u00e0 115,00$<\/em>\n<\/li>\n<\/ul>\n<\/div>\n<div class=\"plan one-fourth\">\n<h4>E-mail + MA + Chat en direct<\/h4>\n<ul>\n<li>Heures d&rsquo;administration<br \/>\n<em>Jusqu&rsquo;\u00e0 6 heures par mois<\/em>\n<\/li>\n<li>Budget d&rsquo;abonnement<br \/>\n<em>Jusqu&rsquo;\u00e0 270,00$<\/em>\n<\/li>\n<\/ul>\n<\/div>\n<div class=\"plan one-fourth\">\n<h4>E-mail + MA + Chat + Ventes<\/h4>\n<ul>\n<li>Heures d&rsquo;administration<br \/>\n<em>Jusqu&rsquo;\u00e0 8 heures par mois<\/em>\n<\/li>\n<li>Budget d&rsquo;abonnement<br \/>\n<em>Jusqu&rsquo;\u00e0 350,00$<\/em>\n<\/li>\n<\/ul>\n<\/div>\n<\/div>\n<div class=\"clear-both\"><\/div>\n<div class=\"three-fourths first service-section\">\n<h2>Gestion des listes de contacts de courriel<\/h2>\n<p>\nwebwilly importera et g\u00e9rera des listes de contacts pour segmenter les diff\u00e9rentes listes de contacts du client. Au fur et \u00e0 mesure que les listes des contacts grandissent et que les contacts s&rsquo;abonnent, diff\u00e9rentes strat\u00e9gies peuvent \u00eatre utilis\u00e9es pour segmenter les listes. Lors du d\u00e9marrage d&rsquo;une nouvelle plateforme de marketing par courriel au Qu\u00e9bec, il est important de d\u00e9terminer si vous allez segmenter vos listes par langue. Il est possible d&rsquo;avoir une liste pour les abonn\u00e9s francophones et une liste pour les abonn\u00e9s anglophones. En mati\u00e8re de co\u00fbt, il peut \u00eatre plus avantageux d&rsquo;envoyer un courriel bilingue \u00e0 une liste bilingue, au lieu de deux campagnes par courriel diff\u00e9rents pour deux listes diff\u00e9rentes. Il est \u00e9galement possible de segmenter les listes de contacts par langue et d&rsquo;envoyer un courriel bilingue aux deux listes.\n<\/p>\n<\/div>\n<div class=\"one-fourth service-section\">\n<img decoding=\"async\" src=\"\/wp-content\/uploads\/2020\/02\/email-marketing-services_email-marketing-list-management.png\" class=\"centered\" alt=\"Gestion des listes\" width=\"250px\" height=\"250px\">\n<\/div>\n<div class=\"clear-both\"><\/div>\n<div class=\"pricing-table\">\n<div class=\"plan one-fourth first service-section\">\n<h4>Publicit\u00e9 par e-mail<\/h4>\n<ul>\n<li>Limite de contacts<br \/>\n<em>Jusqu&rsquo;\u00e0 500<\/em>\n<\/li>\n<\/ul>\n<\/div>\n<div class=\"plan one-fourth\">\n<h4>E-mail + Marketing automatis\u00e9<\/h4>\n<ul>\n<li>Limite de contacts<br \/>\n<em>Jusqu&rsquo;\u00e0 1000<\/em>\n<\/li>\n<\/ul>\n<\/div>\n<div class=\"plan one-fourth\">\n<h4>E-mail + MA + Chat en direct<\/h4>\n<ul>\n<li>Limite de contacts<br \/>\n<em>Jusqu&rsquo;\u00e0 2500<\/em>\n<\/li>\n<\/ul>\n<\/div>\n<div class=\"plan one-fourth\">\n<h4>E-mail + MA + Chat + Ventes<\/h4>\n<ul>\n<li>Limite de contacts<br \/>\n<em>Jusqu&rsquo;\u00e0 2500<\/em>\n<\/li>\n<\/ul>\n<\/div>\n<\/div>\n<div class=\"clear-both\"><\/div>\n<div class=\"three-fourths first service-section\">\n<h2>Acc\u00e8s des utilisateurs au CRM, aux profils de contact et aux rapports<\/h2>\n<p>La plateforme de marketing par e-mail webwilly suivra les statistiques de marketing par e-mail et l&rsquo;activit\u00e9 de contact. Ces informations sont utiles au client pour prendre des d\u00e9cisions commerciales tout en comparant diff\u00e9rents rapports de campagne. Lorsque le client acc\u00e8de \u00e0 la plateforme webwilly, il pourra consulter les profils de contact avec des informations personnelles et de suivi. Ces profils comprennent des informations sur le contact et des statistiques li\u00e9es \u00e0 leur utilisation des e-mails et du site Web du client. Par exemple, le client peut acc\u00e9der \u00e0 un profil de contact pour consulter les pages du site Web et les campagnes de marketing par e-mail consult\u00e9es par le contact. Un compte utilisateur est n\u00e9cessaire pour acc\u00e9der \u00e0 la plateforme de marketing par e-mail webwilly du client. Chaque niveau de service est assorti d&rsquo;une limite d&rsquo;utilisateurs qui permet au client de g\u00e9rer l&rsquo;acc\u00e8s des employ\u00e9s \u00e0 la plateforme.<\/p>\n<\/div>\n<div class=\"one-fourth service-section\">\n<img decoding=\"async\" src=\"\/wp-content\/uploads\/2020\/02\/email-marketing-services_email-marketing-tracking.png\" class=\"centered\" alt=\"Profils de contact et gestion du suivi\" width=\"250px\" height=\"250px\">\n<\/div>\n<div class=\"clear-both\"><\/div>\n<div class=\"pricing-table\">\n<div class=\"plan one-fourth first service-section\">\n<h4>Publicit\u00e9 par e-mail<\/h4>\n<ul>\n<li>Limite d&rsquo;utilisateurs<br \/>\n<em>Jusqu&rsquo;\u00e0 3<\/em>\n<\/li>\n<\/ul>\n<\/div>\n<div class=\"plan one-fourth\">\n<h4>E-mail + Marketing automatis\u00e9<\/h4>\n<ul>\n<li>Limite d&rsquo;utilisateurs<br \/>\n<em>Jusqu&rsquo;\u00e0 25<\/em>\n<\/li>\n<\/ul>\n<\/div>\n<div class=\"plan one-fourth\">\n<h4>E-mail + MA + Chat en direct<\/h4>\n<ul>\n<li>Limite d&rsquo;utilisateurs<br \/>\n<em>Jusqu&rsquo;\u00e0 50<\/em>\n<\/li>\n<\/ul>\n<\/div>\n<div class=\"plan one-fourth\">\n<h4>E-mail + MA + Chat + Ventes<\/h4>\n<ul>\n<li>Limite d&rsquo;utilisateurs<br \/>\n<em>Jusqu&rsquo;\u00e0 50<\/em>\n<\/li>\n<\/ul>\n<\/div>\n<\/div>\n<div class=\"clear-both\"><\/div>\n<div class=\"three-fourths first service-section\">\n<h2>Marketing par e-mail<\/h2>\n<p>Le niveau de service Marketing par e-mail comprend la configuration et la gestion de la plateforme de marketing par e-mail du client. Cette plateforme sera utilis\u00e9e par webwilly pour g\u00e9rer les campagnes de marketing par e-mail du client, les contacts, l&rsquo;int\u00e9gration du site Web, etc. webwilly int\u00e9grera cette plateforme au site webwilly du client. Une fois cette plateforme de marketing par courrier \u00e9lectronique configur\u00e9e par webwilly, le client peut acheter des campagnes de marketing par courrier \u00e9lectronique, vendues s\u00e9par\u00e9ment.\n<\/p>\n<\/div>\n<div class=\"one-fourth service-section\">\n<img decoding=\"async\" src=\"\/wp-content\/uploads\/2020\/02\/email-marketing-services_email-marketing-service.png\" class=\"centered\" alt=\"Marketing par e-mail\" width=\"250px\" height=\"250px\">\n<\/div>\n<div class=\"clear-both\"><\/div>\n<div class=\"three-fourths first service-section\">\n<h2>E-mail + Marketing automatis\u00e9<\/h2>\n<p>Le niveau de service de marketing automatis\u00e9 donne \u00e0 webwilly la possibilit\u00e9 de cr\u00e9er et de g\u00e9rer des campagnes de marketing automatis\u00e9es pendant les heures de travail d&rsquo;administration. Ces campagnes sont des e-mails personnalis\u00e9s d\u00e9clench\u00e9s lorsqu&rsquo;une action sp\u00e9cifique est effectu\u00e9e par un contact connu visitant le site Web du client. Par exemple, si un contact visite une page de service sp\u00e9cifique sur votre site Web et montre ainsi de l&rsquo;int\u00e9r\u00eat pour ce service, webwilly peut d\u00e9clencher une campagne de marketing par e-mail automatis\u00e9e concernant ce service sp\u00e9cifique \u00e0 envoyer \u00e0 ce contact connu sp\u00e9cifique. Les membres de ce niveau de service peuvent acheter des campagnes marketing automatis\u00e9es, vendues s\u00e9par\u00e9ment, en achetant une campagne marketing par e-mail r\u00e9guli\u00e8re et en indiquant le sc\u00e9nario automatis\u00e9 souhait\u00e9 dans les d\u00e9tails de design. webwilly utilisera les heures de travail du service de campagne d&#8217;email marketing pour concevoir l&#8217;email qui sera automatiquement envoy\u00e9. Ensuite, webwilly utilisera les heures de travail incluses dans cette adh\u00e9sion pour programmer, g\u00e9rer et r\u00e9sumer les rapports de l&rsquo;automatisation.<\/p>\n<\/div>\n<div class=\"one-fourth service-section\">\n<img decoding=\"async\" src=\"\/wp-content\/uploads\/2020\/02\/email-marketing-services_email-marketing-automated-marketing.png\" class=\"centered\" alt=\"Email + Marketing automatis\u00e9\" width=\"250px\" height=\"250px\">\n<\/div>\n<div class=\"clear-both\"><\/div>\n<div class=\"three-fourths first service-section\">\n<h2>E-mail + MA + Chat en direct<\/h2>\n<p>La plateforme de marketing par courriel peut \u00eatre programm\u00e9e pour aider le client \u00e0 se connecter directement avec les visiteurs du site Web lorsqu&rsquo;ils visitent le site Web du client. Avec l&rsquo;option de service de chat en direct, webwilly int\u00e9grera un syst\u00e8me de chat en direct et de messagerie de site sur le site web webwilly du client. Ce chat en direct peut \u00e9galement automatiser les messages \u00e0 des questions sp\u00e9cifiques. Le client peut recevoir et r\u00e9pondre aux messages en d\u00e9placement avec son smartphone. Cela devient particuli\u00e8rement utile pour les entreprises qui b\u00e9n\u00e9ficient de l&rsquo;\u00e9tablissement d&rsquo;un lien personnel avec leurs clients. Si la seule fonctionnalit\u00e9 dont votre entreprise a besoin dans cette offre est le chat en direct, webwilly vous sugg\u00e8re d&rsquo;acheter une autre fonctionnalit\u00e9 de chat en vous abonnant au service Facebook Ads Manager qui inclut l&rsquo;int\u00e9gration de l&rsquo;application Facebook Messenger. L&rsquo;avantage de la fonctionnalit\u00e9 de chat en direct incluse dans ce service est l&rsquo;int\u00e9gration avec la plateforme de marketing par e-mail webwilly du client. Les discussions avec les contacts existants sur la plateforme de marketing par e-mail seront enregistr\u00e9s dans leur profil de contact. Ce chat en direct peut \u00e9galement pr\u00e9senter des messages automatis\u00e9s aux visiteurs du site Web qui interagissent avec le chat.\n<\/p>\n<\/div>\n<div class=\"one-fourth service-section\">\n<img decoding=\"async\" src=\"\/wp-content\/uploads\/2020\/02\/email-marketing-services_email-marketing-crm.png\" class=\"centered\" alt=\"E-mail + AM + Chat en direct\" width=\"250px\" height=\"250px\">\n<\/div>\n<div class=\"clear-both\"><\/div>\n<div class=\"three-fourths first service-section\">\n<h2>E-mail + MA + Chat en direct + Suivi des ventes<\/h2>\n<p>Le niveau de service de suivi des ventes donne au client la possibilit\u00e9 d&rsquo;organiser son \u00e9quipe de vente \u00e0 l&rsquo;aide d&rsquo;entonnoirs de vente pr\u00e9d\u00e9termin\u00e9e suivant le processus de vente du client. Les contacts passeront par une s\u00e9rie d&rsquo;\u00e9tapes menant \u00e0 la conclusion d&rsquo;un accord. Le client peut ajouter des capacit\u00e9s de notation des prospects \u00e0 ses contacts en utilisant des r\u00e8gles \u00e9crites par webwilly qui mesureront le potentiel d&rsquo;un contact \u00e0 devenir un client. Cette fonction de suivi des ventes comprend des pipelines, des \u00e9tapes, et des offres qui sont utilis\u00e9s par les repr\u00e9sentants commerciaux du client pour partager et organiser les efforts de d\u00e9veloppement commercial.\n<\/p>\n<\/div>\n<div class=\"one-fourth service-section\">\n<img decoding=\"async\" src=\"\/wp-content\/uploads\/2020\/02\/email-marketing-services_email-marketing-sales-lead-scoring.png\" class=\"centered\" alt=\"Email + AM + Chat en direct + Suivi des ventes\" width=\"250px\" height=\"250px\">\n<\/div>\n<div class=\"clear-both\"><\/div>\n<div class=\"three-fourths first service-section\">\n<h2>Int\u00e9gration de domaine<\/h2>\n<p>Pour envoyer des campagnes de marketing par e-mail provenant de l&rsquo;adresse e-mail du client, webwilly devra configurer le nom de domaine du client. Cette configuration de serveur est tr\u00e8s importante pour r\u00e9duire les param\u00e8tres de type spam qui pourraient endommager l&rsquo;I.P. du client ou la r\u00e9putation du domaine. Il inclut des configurations de serveur qui authentifieront le domaine du client avec l&rsquo;authentification DKIM et SPF.<\/p>\n<\/div>\n<div class=\"one-fourth service-section\">\n<img decoding=\"async\" src=\"\/wp-content\/uploads\/2020\/02\/email-marketing-services_email-marketing-domain-integration.png\" class=\"centered\" alt=\"Int\u00e9gration de domaine\" width=\"250px\" height=\"250px\">\n<\/div>\n","protected":false},"excerpt":{"rendered":"<ul class=\"red-dot\" style=\"margin-bottom:35px;margin-left:20px;\">\n<li> Gestion de la plateforme de marketing par e-mail <\/li>\n<li> Profils et statistiques des contacts <\/li>\n<li> Int\u00e9gration du suivi des contacts du site Web <\/li>\n<li> Campagnes de marketing par e-mail automatis\u00e9es <\/li>\n<li> Int\u00e9gration du chat en direct avec le site Web <\/li>\n<li> Plateforme de suivi des ventes et de notation des prospects <\/li>\n<li> Contactez-nous pour plus de 100 000 contacts <\/li>\n<li>N\u00e9cessite un abonnement \u00e0 l&rsquo;h\u00e9bergement de site Web dans la langue correspondante<\/li>\n<\/ul>\n","protected":false},"featured_media":25759,"comment_status":"open","ping_status":"closed","template":"","meta":{"_genesis_hide_title":false,"_genesis_hide_breadcrumbs":false,"_genesis_hide_singular_image":false,"_genesis_hide_footer_widgets":false,"_genesis_custom_body_class":"","_genesis_custom_post_class":"","_genesis_layout":""},"product_brand":[],"product_cat":[38,43],"product_tag":[],"class_list":{"0":"post-19221","1":"product","2":"type-product","3":"status-publish","4":"has-post-thumbnail","6":"product_cat-marketing-numerique","7":"product_cat-marketing-par-courriel","8":"entry","10":"first","11":"instock","12":"featured","13":"sold-individually","14":"shipping-taxable","15":"purchasable","16":"product-type-variable-subscription"},"exclude_global_add_ons":true,"addons":[{"name":"Ajouter des contacts de courriel","type":"multiple_choice","position":0,"required":false,"title_format":"heading","default":"","description_enable":true,"description":"Indiquez le nombre de contacts au-dessus de la limite incluse requise.","placeholder_enable":false,"placeholder":"","display":"select","restrictions_type":"any_text","adjust_price":false,"price":"","price_type":"flat_fee","restrictions":false,"min":"0","max":"0","options":[{"label":"500","price":"40","price_type":"flat_fee","image":0},{"label":"1 000","price":"66.67","price_type":"flat_fee","image":0},{"label":"2 500","price":"146.66","price_type":"flat_fee","image":0},{"label":"5 000","price":"253.33","price_type":"flat_fee","image":0},{"label":"10 000","price":"397.32","price_type":"flat_fee","image":0},{"label":"25 000","price":"653.32","price_type":"flat_fee","image":0},{"label":"50 000","price":"866.65","price_type":"flat_fee","image":0},{"label":"75 000","price":"1079.97","price_type":"flat_fee","image":0},{"label":"100 000","price":"1317.30","price_type":"flat_fee","image":0}]}],"_links":{"self":[{"href":"https:\/\/webwilly.ca\/fr\/wp-json\/wp\/v2\/product\/19221","targetHints":{"allow":["GET"]}}],"collection":[{"href":"https:\/\/webwilly.ca\/fr\/wp-json\/wp\/v2\/product"}],"about":[{"href":"https:\/\/webwilly.ca\/fr\/wp-json\/wp\/v2\/types\/product"}],"replies":[{"embeddable":true,"href":"https:\/\/webwilly.ca\/fr\/wp-json\/wp\/v2\/comments?post=19221"}],"wp:featuredmedia":[{"embeddable":true,"href":"https:\/\/webwilly.ca\/fr\/wp-json\/wp\/v2\/media\/25759"}],"wp:attachment":[{"href":"https:\/\/webwilly.ca\/fr\/wp-json\/wp\/v2\/media?parent=19221"}],"wp:term":[{"taxonomy":"product_brand","embeddable":true,"href":"https:\/\/webwilly.ca\/fr\/wp-json\/wp\/v2\/product_brand?post=19221"},{"taxonomy":"product_cat","embeddable":true,"href":"https:\/\/webwilly.ca\/fr\/wp-json\/wp\/v2\/product_cat?post=19221"},{"taxonomy":"product_tag","embeddable":true,"href":"https:\/\/webwilly.ca\/fr\/wp-json\/wp\/v2\/product_tag?post=19221"}],"curies":[{"name":"wp","href":"https:\/\/api.w.org\/{rel}","templated":true}]}}