{"id":19220,"date":"2021-02-03T18:34:18","date_gmt":"2021-02-03T18:34:18","guid":{"rendered":"https:\/\/webwilly.ca\/buy\/nom-de-domaine\/"},"modified":"2022-02-15T21:17:23","modified_gmt":"2022-02-16T02:17:23","slug":"nom-de-domaine","status":"publish","type":"product","link":"https:\/\/webwilly.ca\/fr\/acheter\/marketing-numerique\/services-de-design-de-site-web\/gere-par-client\/nom-de-domaine\/","title":{"rendered":"Nom de domaine"},"content":{"rendered":"<div class=\"two-thirds first\">\n<h2>Services de noms de domaine non disponibles<\/h2>\n<p>\nwebwilly ne vend pas de noms de domaine et de services de noms de domaine. Vous gardez le contr\u00f4le de votre domaine. Nous fournissons les services d&rsquo;h\u00e9bergement pour nos services de design de sites Web. Vous ne devriez pas acheter cela avec votre nom de domaine. Vous ne devez payer que l&rsquo;enregistrement du nom de domaine et potentiellement la confidentialit\u00e9 du nom de domaine. N&rsquo;achetez pas de solutions de messagerie professionnelle aupr\u00e8s de votre fournisseur de nom de domaine car votre nom de domaine n&rsquo;utilisera pas ses serveurs. Une fois que vous avez achet\u00e9 un abonnement d&rsquo;h\u00e9bergement de site Web avec webwilly et que le design de votre site Web est pr\u00eate pour le d\u00e9ploiement, nous pouvons planifier une r\u00e9union pour vous aider \u00e0 configurer le DNS de votre domaine. Ces param\u00e8tres dirigent le trafic vers le serveur appropri\u00e9 pour votre nom de domaine. Pour cette raison, nous souhaitons que vous et votre entreprise conserviez la propri\u00e9t\u00e9 du nom de domaine.\n<\/p>\n<\/div>\n<div class=\"one-third\">\n<img decoding=\"async\" src=\"\/wp-content\/uploads\/2020\/01\/website-ssl-certificate_Website-SSL-Certficate.png\" class=\"centered\" alt=\"Services de noms de domaine\" width=\"250px\" height=\"250px\">\n<\/div>\n","protected":false},"excerpt":{"rendered":"<ul class = \"red-dot\" style = \"margin-bottom: 35px;margin-left:20px;\">\n<li> webwilly ne fournit pas de services de noms de domaine <\/li>\n<li> Achetez des noms de domaine directement aupr\u00e8s de fournisseurs experts <\/li>\n<li> Dirigez votre DNS vers nos serveurs lorsque vous \u00eates pr\u00eat <\/li>\n<li> Contr\u00f4lez vos noms de domaine \u00e0 tout moment <\/li>\n<\/ul>\n","protected":false},"featured_media":25751,"comment_status":"open","ping_status":"closed","template":"","meta":{"_genesis_hide_title":false,"_genesis_hide_breadcrumbs":false,"_genesis_hide_singular_image":false,"_genesis_hide_footer_widgets":false,"_genesis_custom_body_class":"","_genesis_custom_post_class":"","_genesis_layout":""},"product_brand":[],"product_cat":[86,38,47],"product_tag":[],"class_list":{"0":"post-19220","1":"product","2":"type-product","3":"status-publish","4":"has-post-thumbnail","6":"product_cat-gere-par-client","7":"product_cat-marketing-numerique","8":"product_cat-services-de-design-de-site-web","9":"entry","11":"first","12":"instock","13":"shipping-taxable","14":"product-type-external"},"exclude_global_add_ons":false,"addons":[{"name":"Budget d'images stock","type":"custom_price","position":0,"required":false,"title_format":"heading","default":"","description_enable":true,"description":"Les images de stock haut de gamme co\u00fbtent environ 20$ +taxes par image. Les images de stock r\u00e9guli\u00e8res co\u00fbtent environ 10$ +taxes par image. Soumettez vos pr\u00e9f\u00e9rences dans les d\u00e9tails de design. Budget minimum de 25$. Laissez ce champ vide si vous t\u00e9l\u00e9versez vos propres images. Si vous ne fournissez pas d'images et ne fournissez pas de budget, nous utiliserons des images de stock gratuites et moins attrayantes. Un cr\u00e9dit peut \u00eatre accord\u00e9 au photographe.","placeholder_enable":false,"placeholder":"","display":"select","restrictions_type":"any_text","adjust_price":false,"price":"","price_type":"quantity_based","restrictions":true,"min":"25","max":"555","options":[]}],"_links":{"self":[{"href":"https:\/\/webwilly.ca\/fr\/wp-json\/wp\/v2\/product\/19220","targetHints":{"allow":["GET"]}}],"collection":[{"href":"https:\/\/webwilly.ca\/fr\/wp-json\/wp\/v2\/product"}],"about":[{"href":"https:\/\/webwilly.ca\/fr\/wp-json\/wp\/v2\/types\/product"}],"replies":[{"embeddable":true,"href":"https:\/\/webwilly.ca\/fr\/wp-json\/wp\/v2\/comments?post=19220"}],"wp:featuredmedia":[{"embeddable":true,"href":"https:\/\/webwilly.ca\/fr\/wp-json\/wp\/v2\/media\/25751"}],"wp:attachment":[{"href":"https:\/\/webwilly.ca\/fr\/wp-json\/wp\/v2\/media?parent=19220"}],"wp:term":[{"taxonomy":"product_brand","embeddable":true,"href":"https:\/\/webwilly.ca\/fr\/wp-json\/wp\/v2\/product_brand?post=19220"},{"taxonomy":"product_cat","embeddable":true,"href":"https:\/\/webwilly.ca\/fr\/wp-json\/wp\/v2\/product_cat?post=19220"},{"taxonomy":"product_tag","embeddable":true,"href":"https:\/\/webwilly.ca\/fr\/wp-json\/wp\/v2\/product_tag?post=19220"}],"curies":[{"name":"wp","href":"https:\/\/api.w.org\/{rel}","templated":true}]}}