{"id":19219,"date":"2021-02-03T18:15:41","date_gmt":"2021-02-03T18:15:41","guid":{"rendered":"https:\/\/webwilly.ca\/buy\/e-mails-professionnels\/"},"modified":"2021-10-14T22:25:58","modified_gmt":"2021-10-15T02:25:58","slug":"e-mails-professionnels","status":"publish","type":"product","link":"https:\/\/webwilly.ca\/fr\/acheter\/marketing-numerique\/services-de-design-de-site-web\/gere-par-client\/e-mails-professionnels\/","title":{"rendered":"E-mails professionnels"},"content":{"rendered":"<div class=\"two-thirds first service-section\">\n<h2>Les services de messagerie professionnelle ne sont pas disponibles<\/h2>\n<p>\nwebwilly ne fournit pas de services de messagerie professionnelle aux clients. Nous vous recommandons Google Workspace ou Microsoft Office 365 pour g\u00e9rer vos e-mails professionnels et vos comptes d&#8217;employ\u00e9s. Ils offrent un service rentable pour les entreprises de toutes tailles qui surpassent largement tout ce que nous pouvons vous offrir. Les entreprises qui r\u00e9ussissent doivent communiquer efficacement en \u00e9quipe et avec leurs clients. Google Workspace et Microsoft Office 365 sont des solutions de messagerie professionnelle tr\u00e8s comp\u00e9titives et fiables. Ces solutions de messagerie resteront toujours sous votre contr\u00f4le.\n<\/p>\n<\/div>\n<div class=\"one-third service-section\">\n<img decoding=\"async\" src=\"\/wp-content\/uploads\/2021\/03\/email-marketing-services_email-marketing.png\" class=\"centered\" alt=\"email marketing\" width=\"250px\" height=\"250px\">\n<\/div>\n","protected":false},"excerpt":{"rendered":"<ul class=\"red-dot\" style=\"margin-bottom:35px;margin-left:20px;\">\n<li> webwilly ne fournit pas d&rsquo;e-mails professionnels <\/li>\n<li> Achetez des e-mails professionnels directement aupr\u00e8s de fournisseurs experts <\/li>\n<li> webwilly peut programmer votre serveur pour Google Workspace <\/li>\n<li> webwilly peut programmer votre serveur pour Microsoft Office 365 <\/li>\n<li> Gardez le contr\u00f4le de vos e-mails et de vos utilisateurs <\/li>\n<\/ul>\n","protected":false},"featured_media":25749,"comment_status":"open","ping_status":"closed","template":"","meta":{"_genesis_hide_title":false,"_genesis_hide_breadcrumbs":false,"_genesis_hide_singular_image":false,"_genesis_hide_footer_widgets":false,"_genesis_custom_body_class":"","_genesis_custom_post_class":"","_genesis_layout":""},"product_brand":[],"product_cat":[86,38,47],"product_tag":[],"class_list":{"0":"post-19219","1":"product","2":"type-product","3":"status-publish","4":"has-post-thumbnail","6":"product_cat-gere-par-client","7":"product_cat-marketing-numerique","8":"product_cat-services-de-design-de-site-web","9":"entry","11":"first","12":"instock","13":"shipping-taxable","14":"product-type-external"},"exclude_global_add_ons":false,"addons":[{"name":"Budget d'images stock","type":"custom_price","position":0,"required":false,"title_format":"heading","default":"","description_enable":true,"description":"Les images de stock haut de gamme co\u00fbtent environ 20$ +taxes par image. Les images de stock r\u00e9guli\u00e8res co\u00fbtent environ 10$ +taxes par image. Soumettez vos pr\u00e9f\u00e9rences dans les d\u00e9tails de design. Budget minimum de 25$. Laissez ce champ vide si vous t\u00e9l\u00e9versez vos propres images. Si vous ne fournissez pas d'images et ne fournissez pas de budget, nous utiliserons des images de stock gratuites et moins attrayantes. Un cr\u00e9dit peut \u00eatre accord\u00e9 au photographe.","placeholder_enable":false,"placeholder":"","display":"select","restrictions_type":"any_text","adjust_price":false,"price":"","price_type":"quantity_based","restrictions":true,"min":"25","max":"555","options":[]}],"_links":{"self":[{"href":"https:\/\/webwilly.ca\/fr\/wp-json\/wp\/v2\/product\/19219","targetHints":{"allow":["GET"]}}],"collection":[{"href":"https:\/\/webwilly.ca\/fr\/wp-json\/wp\/v2\/product"}],"about":[{"href":"https:\/\/webwilly.ca\/fr\/wp-json\/wp\/v2\/types\/product"}],"replies":[{"embeddable":true,"href":"https:\/\/webwilly.ca\/fr\/wp-json\/wp\/v2\/comments?post=19219"}],"wp:featuredmedia":[{"embeddable":true,"href":"https:\/\/webwilly.ca\/fr\/wp-json\/wp\/v2\/media\/25749"}],"wp:attachment":[{"href":"https:\/\/webwilly.ca\/fr\/wp-json\/wp\/v2\/media?parent=19219"}],"wp:term":[{"taxonomy":"product_brand","embeddable":true,"href":"https:\/\/webwilly.ca\/fr\/wp-json\/wp\/v2\/product_brand?post=19219"},{"taxonomy":"product_cat","embeddable":true,"href":"https:\/\/webwilly.ca\/fr\/wp-json\/wp\/v2\/product_cat?post=19219"},{"taxonomy":"product_tag","embeddable":true,"href":"https:\/\/webwilly.ca\/fr\/wp-json\/wp\/v2\/product_tag?post=19219"}],"curies":[{"name":"wp","href":"https:\/\/api.w.org\/{rel}","templated":true}]}}