{"id":19218,"date":"2021-02-03T18:00:27","date_gmt":"2021-02-03T18:00:27","guid":{"rendered":"https:\/\/webwilly.ca\/buy\/certificat-ssl\/"},"modified":"2024-02-08T10:49:32","modified_gmt":"2024-02-08T15:49:32","slug":"certificat-ssl","status":"publish","type":"product","link":"https:\/\/webwilly.ca\/fr\/acheter\/marketing-numerique\/services-de-design-de-site-web\/hebergement-et-securite-de-sites-web\/certificat-ssl\/","title":{"rendered":"Certificat SSL"},"content":{"rendered":"<div class=\"one-fourth first top-section\">\n<p><strong>H\u00e9bergement<\/strong><\/p>\n<div class=\"one-fourth first\"><img loading=\"lazy\" decoding=\"async\" src=\"\/wp-content\/uploads\/2018\/05\/templates.png\" alt=\"H\u00e9bergement\" width=\"54\" height=\"54\" class=\"alignnone size-full wp-image-9224\" \/><\/div>\n<div class=\"three-fourths\">\n<p><a href=\"\/fr\/acheter\/marketing-numerique\/services-de-design-de-site-web\/hebergement-et-securite-de-sites-web\/hebergement-et-maintenance-de-site-web\/\">H\u00e9bergement de site Web<\/a> requis.<\/p>\n<\/div>\n<\/div>\n<div class=\"one-fourth top-section\">\n<p><strong>Bilingue<\/strong><\/p>\n<div class=\"one-fourth first\"><img loading=\"lazy\" decoding=\"async\" src=\"\/wp-content\/uploads\/2019\/05\/models.png\" alt=\"Bilingue\" width=\"54\" height=\"54\" class=\"alignnone size-full wp-image-9194\" \/><\/div>\n<div class=\"three-fourths\">\n<p>Un certificat SSL par nom de domaine.<\/p>\n<\/div>\n<\/div>\n<div class=\"one-fourth top-section\">\n<p><strong>Paiement<\/strong><\/p>\n<div class=\"one-fourth first\"><img loading=\"lazy\" decoding=\"async\" src=\"\/wp-content\/uploads\/2018\/05\/payment.png\" alt=\"payment\" width=\"54\" height=\"54\" class=\"alignnone size-full wp-image-9228\" \/><\/div>\n<div class=\"three-fourths\">\n<p>Nous acceptons les cartes de cr\u00e9dit via Stripe.<\/p>\n<\/div>\n<\/div>\n<div class=\"one-fourth top-section\">\n<p><strong>Support<\/strong><\/p>\n<div class=\"one-fourth first\"><img loading=\"lazy\" decoding=\"async\" src=\"\/wp-content\/uploads\/2018\/05\/support.png\" alt=\"support\" width=\"54\" height=\"54\" class=\"alignnone size-full wp-image-9230\" \/><\/div>\n<div class=\"three-fourths\">\n<p>N\u2019h\u00e9sitez pas \u00e0 nous contacter.<\/p>\n<\/div>\n<\/div>\n<div class=\"clear-both\"><\/div>\n<div class=\"two-thirds first service-section\">\n<h2>Certificat SSL pour le chiffrement de site Web<\/h2>\n<p>\nwebwilly offre des services d&rsquo;installation et de gestion de certificats SSL aux entreprises du Qu\u00e9bec qui ont un site Web avec webwilly. Ce service est destin\u00e9 aux entreprises qui ont besoin de crypter le trafic de leur site Web avec un certificat SSL de confiance. Un certificat SSL ne peut crypter les donn\u00e9es du site Web que d&rsquo;un seul nom de domaine. Les sites Web qui r\u00e9ussissent doivent disposer d&rsquo;un certificat SSL pour plusieurs raisons, notamment la s\u00e9curit\u00e9 et l&rsquo;optimisation des moteurs de recherche. Les donn\u00e9es de votre site Web seront crypt\u00e9es de bout en bout par un certificat SSL payant fourni par une autorit\u00e9 de premier plan.\n<\/p>\n<\/div>\n<div class=\"one-fourth service-section\">\n<img decoding=\"async\" src=\"\/wp-content\/uploads\/2020\/01\/website-ssl-certificate_Website-SSL-Certficate.png\" class=\"centered\" alt=\"Certificat SSL\" width=\"250px\" height=\"250px\">\n<\/div>\n<div class=\"clear-both\"><\/div>\n<div class=\"two-thirds first service-section\">\n<h2>Achat de certificat SSL<\/h2>\n<p>\nwebwilly ach\u00e8tera un certificat SSL de qualit\u00e9 pour le nom de domaine du client. webwilly n&rsquo;utilise pas de certificats SSL gratuits. Le m\u00eame type de certificat SSL est achet\u00e9 pour tous les clients webwilly. Ces certificats SSL sont fournis par un fournisseur de certificats SSL de premier plan.\n<\/p>\n<\/div>\n<div class=\"one-fourth service-section\">\n<img decoding=\"async\" src=\"\/wp-content\/uploads\/2020\/01\/website-ssl-certificate_Website-SSL-Certificate-Purchase.png\" class=\"centered\" alt=\"Achat de certificat SSL\" width=\"250px\" height=\"250px\">\n<\/div>\n<div class=\"clear-both\"><\/div>\n<div class=\"two-thirds first service-section\">\n<h2>Installation et configuration du certificat SSL<\/h2>\n<p>\nwebwilly installera le certificat SSL sur le nom de domaine du client. L&rsquo;installation du certificat SSL est effectu\u00e9e par des experts. Une fois le certificat SSL install\u00e9, nous devons programmer le site Web afin qu&rsquo;il utilise la connexion crypt\u00e9e pour transmettre les donn\u00e9es. Ce service comprend la configuration du site Web pour utiliser le nouveau certificat SSL.\n<\/p>\n<\/div>\n<div class=\"one-fourth service-section\">\n<img decoding=\"async\" src=\"\/wp-content\/uploads\/2020\/01\/website-ssl-certificate_Website-SSL-Certificate-Configuration.png\" class=\"centered\" alt=\"Installation et configuration du certificat SSL\" width=\"250px\" height=\"250px\">\n<\/div>\n<div class=\"clear-both\"><\/div>\n<div class=\"two-thirds first service-section\">\n<h2>Renouvellement du certificat SSL<\/h2>\n<p>\nwebwilly g\u00e9rera le processus de renouvellement annuel du certificat SSL. Ce renouvellement doit \u00eatre effectu\u00e9 automatiquement afin de garder votre certificat SSL valide et fonctionnel. Nous voulons nous assurer de la bonne gestion de ces renouvellements car la suppression d&rsquo;un certificat SSL affectera n\u00e9gativement les performances du site. Pour cette raison, cet abonnement est configur\u00e9 pour se renouveler automatiquement chaque ann\u00e9e \u00e0 moins d&rsquo;\u00eatre annul\u00e9 par le client avant le renouvellement automatis\u00e9.\n<\/p>\n<\/div>\n<div class=\"one-fourth service-section\">\n<img decoding=\"async\" src=\"\/wp-content\/uploads\/2020\/01\/website-ssl-certificate_Website-SSL-Certificate-Renewal-2.png\" class=\"centered\" alt=\"Renouvellement du certificat SSL\" width=\"250px\" height=\"250px\">\n<\/div>\n","protected":false},"excerpt":{"rendered":"<ul class=\"red-dot\" style=\"margin-bottom:35px;margin-left:20px;\">\n<li> Achat, installation, et configuration <\/li>\n<li> Augmentez la s\u00e9curit\u00e9 de votre site Web <\/li>\n<li> Chiffrement de bout en bout pour un domaine <\/li>\n<li> Id\u00e9al pour le r\u00e9f\u00e9rencement de votre site Web <\/li>\n<\/ul>\n","protected":false},"featured_media":25745,"comment_status":"open","ping_status":"closed","template":"","meta":{"_genesis_hide_title":false,"_genesis_hide_breadcrumbs":false,"_genesis_hide_singular_image":false,"_genesis_hide_footer_widgets":false,"_genesis_custom_body_class":"","_genesis_custom_post_class":"","_genesis_layout":""},"product_brand":[],"product_cat":[87,38,47],"product_tag":[],"class_list":{"0":"post-19218","1":"product","2":"type-product","3":"status-publish","4":"has-post-thumbnail","6":"product_cat-hebergement-et-securite-de-sites-web","7":"product_cat-marketing-numerique","8":"product_cat-services-de-design-de-site-web","9":"entry","11":"first","12":"instock","13":"sold-individually","14":"shipping-taxable","15":"purchasable","16":"product-type-variable-subscription"},"exclude_global_add_ons":[],"addons":[],"_links":{"self":[{"href":"https:\/\/webwilly.ca\/fr\/wp-json\/wp\/v2\/product\/19218","targetHints":{"allow":["GET"]}}],"collection":[{"href":"https:\/\/webwilly.ca\/fr\/wp-json\/wp\/v2\/product"}],"about":[{"href":"https:\/\/webwilly.ca\/fr\/wp-json\/wp\/v2\/types\/product"}],"replies":[{"embeddable":true,"href":"https:\/\/webwilly.ca\/fr\/wp-json\/wp\/v2\/comments?post=19218"}],"wp:featuredmedia":[{"embeddable":true,"href":"https:\/\/webwilly.ca\/fr\/wp-json\/wp\/v2\/media\/25745"}],"wp:attachment":[{"href":"https:\/\/webwilly.ca\/fr\/wp-json\/wp\/v2\/media?parent=19218"}],"wp:term":[{"taxonomy":"product_brand","embeddable":true,"href":"https:\/\/webwilly.ca\/fr\/wp-json\/wp\/v2\/product_brand?post=19218"},{"taxonomy":"product_cat","embeddable":true,"href":"https:\/\/webwilly.ca\/fr\/wp-json\/wp\/v2\/product_cat?post=19218"},{"taxonomy":"product_tag","embeddable":true,"href":"https:\/\/webwilly.ca\/fr\/wp-json\/wp\/v2\/product_tag?post=19218"}],"curies":[{"name":"wp","href":"https:\/\/api.w.org\/{rel}","templated":true}]}}