{"id":19217,"date":"2021-02-03T17:36:17","date_gmt":"2021-02-03T17:36:17","guid":{"rendered":"https:\/\/webwilly.ca\/buy\/securite-de-site-web\/"},"modified":"2024-02-08T10:37:44","modified_gmt":"2024-02-08T15:37:44","slug":"pare-feu-et-securite-de-site-web","status":"publish","type":"product","link":"https:\/\/webwilly.ca\/fr\/acheter\/marketing-numerique\/services-de-design-de-site-web\/hebergement-et-securite-de-sites-web\/pare-feu-et-securite-de-site-web\/","title":{"rendered":"Pare-feu et s\u00e9curit\u00e9 de site Web"},"content":{"rendered":"<div class=\"one-fourth first top-section\">\n<p><strong>H\u00e9bergement<\/strong><\/p>\n<div class=\"one-fourth first\"><img loading=\"lazy\" decoding=\"async\" src=\"\/wp-content\/uploads\/2018\/05\/templates.png\" alt=\"Hosting\" width=\"54\" height=\"54\" class=\"alignnone size-full wp-image-9224\" \/><\/div>\n<div class=\"three-fourths\">\n<p><a href=\"\/fr\/acheter\/marketing-numerique\/services-de-design-de-site-web\/hebergement-et-securite-de-sites-web\/hebergement-et-maintenance-de-site-web\/\">H\u00e9bergement de site Web<\/a> requis.<\/p>\n<\/div>\n<\/div>\n<div class=\"one-fourth top-section\">\n<p><strong>Renouvellement<\/strong><\/p>\n<div class=\"one-fourth first\"><img loading=\"lazy\" decoding=\"async\" src=\"\/wp-content\/uploads\/2018\/05\/Process-Delay.png\" alt=\"renouvellement\" width=\"54\" height=\"54\" class=\"alignnone size-full wp-image-9198\" \/><\/div>\n<div class=\"three-fourths\">\n<p>Renouvel\u00e9 \u00e0 chaque ann\u00e9e automatiquement.<\/p>\n<\/div>\n<\/div>\n<div class=\"one-fourth top-section\">\n<p><strong>Paiement<\/strong><\/p>\n<div class=\"one-fourth first\"><img loading=\"lazy\" decoding=\"async\" src=\"\/wp-content\/uploads\/2018\/05\/payment.png\" alt=\"payment\" width=\"54\" height=\"54\" class=\"alignnone size-full wp-image-9228\" \/><\/div>\n<div class=\"three-fourths\">\n<p>Nous acceptons les cartes de cr\u00e9dit via Stripe.<\/p>\n<\/div>\n<\/div>\n<div class=\"one-fourth top-section\">\n<p><strong>Support<\/strong><\/p>\n<div class=\"one-fourth first\"><img loading=\"lazy\" decoding=\"async\" src=\"\/wp-content\/uploads\/2018\/05\/support.png\" alt=\"support\" width=\"54\" height=\"54\" class=\"alignnone size-full wp-image-9230\" \/><\/div>\n<div class=\"three-fourths\">\n<p>N\u2019h\u00e9sitez pas \u00e0 nous contacter.<\/p>\n<\/div>\n<\/div>\n<div class=\"clear-both\"><\/div>\n<div class=\"two-thirds first service-section\">\n<h2>S\u00e9curit\u00e9 du site Web<\/h2>\n<p>\nwebwilly offre des services de s\u00e9curit\u00e9 de site Web aux entreprises du Qu\u00e9bec. Ce service est destin\u00e9 aux entreprises qui ont besoin de s\u00e9curiser leur site Web WordPress webwilly. Ce service comprend l&rsquo;achat et la configuration d&rsquo;une licence de s\u00e9curit\u00e9. Les sites Web qui r\u00e9ussissent sont constamment attaqu\u00e9s par des pirates et des robots qui tentent de trouver une faiblesse \u00e0 exploiter dans le site Web. Nous vous sugg\u00e9rons d&rsquo;acheter une licence de s\u00e9curit\u00e9 de site Web pour am\u00e9liorer la s\u00e9curit\u00e9 de votre site Web. Votre site Web disposera d&rsquo;un syst\u00e8me de d\u00e9fense contre les hacks et les attaques malveillantes les plus connus, mis \u00e0 jour par des experts.\n<\/p>\n<\/div>\n<div class=\"one-fourth service-section\">\n<img decoding=\"async\" src=\"\/wp-content\/uploads\/2020\/01\/website-security_Website-Security.png\" class=\"centered\" alt=\"S\u00e9curit\u00e9 du site Web\" width=\"250px\" height=\"250px\">\n<\/div>\n<div class=\"clear-both\"><\/div>\n<div class=\"two-thirds first service-section\">\n<h2>Achat d&rsquo;une licence de s\u00e9curit\u00e9 de site Web<\/h2>\n<p>\nwebwilly ach\u00e8tera une nouvelle licence qui sera directement associ\u00e9e \u00e0 votre site web webwilly. Elle est fournie par des experts en s\u00e9curit\u00e9 de l&rsquo;industrie WordPress. webwilly g\u00e9rera l&rsquo;achat et l&rsquo;activation de la licence. Ceci est particuli\u00e8rement important pour les sites Web qui mettent beaucoup l&rsquo;accent sur le maintien d&rsquo;une bonne r\u00e9putation en ligne.\n<\/p>\n<\/div>\n<div class=\"one-fourth service-section\">\n<img decoding=\"async\" src=\"\/wp-content\/uploads\/2020\/01\/website-security_website-security-purchase.png\" class=\"centered\" alt=\"Achat d'une licence de s\u00e9curit\u00e9 de site Web\" width=\"250px\" height=\"250px\">\n<\/div>\n<div class=\"clear-both\"><\/div>\n<div class=\"two-thirds first service-section\">\n<h2>Installation et configuration de la s\u00e9curit\u00e9<\/h2>\n<p>\nwebwilly installera le composant de s\u00e9curit\u00e9 sur votre site Web. Une fois le composant de s\u00e9curit\u00e9 du site Web install\u00e9, webwilly configurera les param\u00e8tres et apportera les modifications n\u00e9cessaires aux fichiers d&rsquo;h\u00e9bergement. Ce service inclut la configuration du composant de s\u00e9curit\u00e9 de votre site Web.\n<\/p>\n<\/div>\n<div class=\"one-fourth service-section\">\n<img decoding=\"async\" src=\"\/wp-content\/uploads\/2020\/01\/website-security_website-Security-Configuration.png\" class=\"centered\" alt=\"installation et configuration de la s\u00e9curit\u00e9 du site Web\" width=\"250px\" height=\"250px\">\n<\/div>\n<div class=\"clear-both\"><\/div>\n<div class=\"two-thirds first service-section\">\n<h2>Renouvellement de la s\u00e9curit\u00e9 du site Web<\/h2>\n<p>\nwebwilly g\u00e9rera le renouvellement annuel de la licence de s\u00e9curit\u00e9 de votre site Web. Ce renouvellement doit \u00eatre effectu\u00e9 automatiquement afin de maintenir la licence de s\u00e9curit\u00e9 de votre site Web valide et active. Nous voulons assurer la bonne gestion de ces renouvellements afin que la s\u00e9curit\u00e9 de votre site Web ne s&rsquo;\u00e9puise jamais.\n<\/p>\n<\/div>\n<div class=\"one-fourth service-section\">\n<img decoding=\"async\" src=\"\/wp-content\/uploads\/2020\/01\/website-security_Website-security-renewal.png\" class=\"centered\" alt=\"Renouvellement de la s\u00e9curit\u00e9 du site Web\" width=\"250px\" height=\"250px\">\n<\/div>\n<div class=\"clear-both\"><\/div>\n<div class=\"two-thirds first service-section\">\n<h2>Blocage IP pour la s\u00e9curit\u00e9 du site Web<\/h2>\n<p>\nLa s\u00e9curit\u00e9 du site Web peut \u00eatre augment\u00e9e en bloquant les adresses IP qui m\u00e8nent des activit\u00e9s malveillantes. Cela arr\u00eate l&rsquo;attaquant avant m\u00eame qu&rsquo;il ne puisse acc\u00e9der au site Web. Les bots et les pirates ont des moyens de changer les adresses IP avant de tenter une nouvelle attaque, le blocage IP est le d\u00e9but de la construction d&rsquo;un site Web plus s\u00e9curis\u00e9.\n<\/p>\n<\/div>\n<div class=\"one-fourth service-section\">\n<img decoding=\"async\" src=\"\/wp-content\/uploads\/2020\/01\/website-security_Website-Security-IP-Blocking.png\" class=\"centered\" alt=\"Blocage IP de la s\u00e9curit\u00e9 du site Web\" width=\"250px\" height=\"250px\">\n<\/div>\n<div class=\"clear-both\"><\/div>\n<div class=\"two-thirds first service-section\">\n<h2>Blocage par pays pour la s\u00e9curit\u00e9 du site<\/h2>\n<p>\nCe service de s\u00e9curit\u00e9 de site Web peut \u00e9galement emp\u00eacher les pays ind\u00e9sirables d&rsquo;acc\u00e9der \u00e0 votre site Web. Si le site Web du client s&rsquo;adresse sp\u00e9cifiquement aux Canadiens et ne fait pas des affaires \u00e0 l&rsquo;international, le client peut emp\u00eacher tous les pays d&rsquo;acc\u00e9der \u00e0 son site Web, \u00e0 l&rsquo;exception du Canada. Les clients peuvent \u00e9galement autoriser les \u00c9tats-Unis. Ceci est particuli\u00e8rement utile pour bloquer les pays connus pour avoir plus de potentiel d&rsquo;activit\u00e9s malveillantes.\n<\/p>\n<\/div>\n<div class=\"one-fourth service-section\">\n<img decoding=\"async\" src=\"\/wp-content\/uploads\/2020\/01\/website-security_Website-Security-Country-Blocking.png\" class=\"centered\" alt=\"Blocage par pays de s\u00e9curit\u00e9 du site\" width=\"250px\" height=\"250px\">\n<\/div>\n<div class=\"clear-both\"><\/div>\n<div class=\"two-thirds first service-section\">\n<h2>Pare-feu de point de terminaison de s\u00e9curit\u00e9<\/h2>\n<p>\nCe service de s\u00e9curit\u00e9 comprend un pare-feu con\u00e7u pour identifier et bloquer le trafic malveillant. Il est cod\u00e9 par une \u00e9quipe d&rsquo;experts d\u00e9di\u00e9s \u00e0 la s\u00e9curit\u00e9 WordPress. Ce type de pare-feu a des r\u00e8gles pr\u00e9-\u00e9crites qui l&rsquo;aident \u00e0 analyser et \u00e0 identifier les signatures malveillantes dans le trafic Web. Une fois que le trafic est identifi\u00e9 comme malveillant, il est bloqu\u00e9. Ces signatures qui guident le pare-feu doivent \u00eatre mises \u00e0 jour. L&rsquo;achat de ce service vous donnera acc\u00e8s \u00e0 ces mises \u00e0 jour.\n<\/p>\n<\/div>\n<div class=\"one-fourth service-section\">\n<img decoding=\"async\" src=\"\/wp-content\/uploads\/2020\/01\/website-security_Website-Security-Firewall.png\" class=\"centered\" alt=\"Pare-feu de point de terminaison de s\u00e9curit\u00e9 de site Web\" width=\"250px\" height=\"250px\">\n<\/div>\n<div class=\"clear-both\"><\/div>\n<div class=\"two-thirds first service-section\">\n<h2>Blocage de connexion pour la s\u00e9curit\u00e9 du site<\/h2>\n<p>\nUne partie de la s\u00e9curit\u00e9 de WordPress consiste \u00e0 garder la section d&rsquo;administration du site Web verrouill\u00e9e contre tout acc\u00e8s ind\u00e9sirable. Les robots et les pirates tentent de se connecter avec diverses techniques, cette cat\u00e9gorie d&rsquo;attaque est appel\u00e9e force brute. Le syst\u00e8me de s\u00e9curit\u00e9 du site Web peut d\u00e9finir des r\u00e8gles strictes pour aider \u00e0 emp\u00eacher une telle activit\u00e9 malveillante.\n<\/p>\n<\/div>\n<div class=\"one-fourth service-section\">\n<img decoding=\"async\" src=\"\/wp-content\/uploads\/2020\/01\/website-security_Website-Security-Login-Blocking.png\" class=\"centered\" alt=\"Blocage de connexion par s\u00e9curit\u00e9 du site\" width=\"250px\" height=\"250px\">\n<\/div>\n<div class=\"clear-both\"><\/div>\n<div class=\"two-thirds first service-section\">\n<h2>Scanner de s\u00e9curit\u00e9 de site Web<\/h2>\n<p>\nAvec l&rsquo;achat de ce service de s\u00e9curit\u00e9, webwilly peut scanner le site Web du client \u00e0 la recherche de code malveillants. Cette analyse examinera le code du site Web du client pour trouver des portes d\u00e9rob\u00e9es, du spam SEO, des logiciels malveillants, des redirections malveillantes et des injections de code. Les r\u00e9sultats de ces analyses alerteront webwilly des modifications de fichiers suspectes qui se produisent sur le site Web du client. webwilly examinera les r\u00e9sultats de ces analyses et alertes pour d\u00e9terminer le potentiel de menace et supprimer le code ind\u00e9sirable.\n<\/p>\n<\/div>\n<div class=\"one-fourth service-section\">\n<img decoding=\"async\" src=\"\/wp-content\/uploads\/2021\/03\/website-security_Website-Security-Scanner-4.png\" class=\"centered\" alt=\"Scanner de s\u00e9curit\u00e9 de site Web\" width=\"250px\" height=\"250px\">\n<\/div>\n","protected":false},"excerpt":{"rendered":"<ul class=\"red-dot\" style=\"margin-bottom:35px;margin-left:20px;\">\n<li>S\u00e9curit\u00e9 du site Web WordPress<\/li>\n<li>Blocage IP et pays<\/li>\n<li>Politiques de s\u00e9curit\u00e9 strictes<\/li>\n<li>Pare-feu pour les attaques entrantes<\/li>\n<li>Recherche de code malveillants pour les attaques existantes<\/li>\n<\/ul>\n","protected":false},"featured_media":25741,"comment_status":"open","ping_status":"closed","template":"","meta":{"_genesis_hide_title":false,"_genesis_hide_breadcrumbs":false,"_genesis_hide_singular_image":false,"_genesis_hide_footer_widgets":false,"_genesis_custom_body_class":"","_genesis_custom_post_class":"","_genesis_layout":""},"product_brand":[],"product_cat":[87,38,47],"product_tag":[],"class_list":{"0":"post-19217","1":"product","2":"type-product","3":"status-publish","4":"has-post-thumbnail","6":"product_cat-hebergement-et-securite-de-sites-web","7":"product_cat-marketing-numerique","8":"product_cat-services-de-design-de-site-web","9":"entry","11":"first","12":"instock","13":"sold-individually","14":"shipping-taxable","15":"purchasable","16":"product-type-variable-subscription"},"exclude_global_add_ons":[],"addons":[],"_links":{"self":[{"href":"https:\/\/webwilly.ca\/fr\/wp-json\/wp\/v2\/product\/19217","targetHints":{"allow":["GET"]}}],"collection":[{"href":"https:\/\/webwilly.ca\/fr\/wp-json\/wp\/v2\/product"}],"about":[{"href":"https:\/\/webwilly.ca\/fr\/wp-json\/wp\/v2\/types\/product"}],"replies":[{"embeddable":true,"href":"https:\/\/webwilly.ca\/fr\/wp-json\/wp\/v2\/comments?post=19217"}],"wp:featuredmedia":[{"embeddable":true,"href":"https:\/\/webwilly.ca\/fr\/wp-json\/wp\/v2\/media\/25741"}],"wp:attachment":[{"href":"https:\/\/webwilly.ca\/fr\/wp-json\/wp\/v2\/media?parent=19217"}],"wp:term":[{"taxonomy":"product_brand","embeddable":true,"href":"https:\/\/webwilly.ca\/fr\/wp-json\/wp\/v2\/product_brand?post=19217"},{"taxonomy":"product_cat","embeddable":true,"href":"https:\/\/webwilly.ca\/fr\/wp-json\/wp\/v2\/product_cat?post=19217"},{"taxonomy":"product_tag","embeddable":true,"href":"https:\/\/webwilly.ca\/fr\/wp-json\/wp\/v2\/product_tag?post=19217"}],"curies":[{"name":"wp","href":"https:\/\/api.w.org\/{rel}","templated":true}]}}