{"id":19207,"date":"2021-01-31T20:44:43","date_gmt":"2021-01-31T20:44:43","guid":{"rendered":"https:\/\/webwilly.ca\/buy\/optimisation-pour-les-moteurs-de-recherche\/"},"modified":"2024-02-08T09:32:56","modified_gmt":"2024-02-08T14:32:56","slug":"optimisation-pour-les-moteurs-de-recherche","status":"publish","type":"product","link":"https:\/\/webwilly.ca\/fr\/acheter\/marketing-numerique\/optimisation-pour-les-moteurs-de-recherche\/optimisation-pour-les-moteurs-de-recherche\/","title":{"rendered":"Optimisation pour les moteurs de recherche"},"content":{"rendered":"<div class=\"one-fourth first top-section\">\n<p><strong>G\u00e9r\u00e9<\/strong><\/p>\n<div class=\"one-fourth first\"><img loading=\"lazy\" decoding=\"async\" src=\"\/wp-content\/uploads\/2021\/07\/webwilly-marketing-services.png\" alt=\"G\u00e9r\u00e9\" width=\"54\" height=\"54\" class=\"alignnone size-full wp-image-9192\" \/><\/div>\n<div class=\"three-fourths\">\n<p>Enti\u00e8rement g\u00e9r\u00e9e avec peu d\u2019implication du client.<\/p>\n<\/div>\n<\/div>\n<div class=\"one-fourth top-section\">\n<p><strong>Adh\u00e9sion<\/strong><\/p>\n<div class=\"one-fourth first\"><img loading=\"lazy\" decoding=\"async\" src=\"\/wp-content\/uploads\/2018\/05\/templates.png\" alt=\"Hosting\" width=\"54\" height=\"54\" class=\"alignnone size-full wp-image-9224\" \/><\/div>\n<div class=\"three-fourths\">\n<p><a href=\"\/fr\/acheter\/marketing-numerique\/services-de-design-de-site-web\/hebergement-et-securite-de-sites-web\/hebergement-et-maintenance-de-site-web\/\">L&rsquo;h\u00e9bergement<\/a> et les <a href=\"\/fr\/acheter\/marketing-numerique\/optimisation-pour-les-moteurs-de-recherche\/comptes-seo\/\">comptes SEO<\/a> sont requis.<\/p>\n<\/div>\n<\/div>\n<div class=\"one-fourth top-section\">\n<p><strong>Paiement<\/strong><\/p>\n<div class=\"one-fourth first\"><img loading=\"lazy\" decoding=\"async\" src=\"\/wp-content\/uploads\/2018\/05\/payment.png\" alt=\"Paiement\" width=\"54\" height=\"54\" class=\"alignnone size-full wp-image-9228\" \/><\/div>\n<div class=\"three-fourths\">\n<p>Nous acceptons les cartes de cr\u00e9dit via Stripe.<\/p>\n<\/div>\n<\/div>\n<div class=\"one-fourth top-section\">\n<p><strong>Support<\/strong><\/p>\n<div class=\"one-fourth first\"><img loading=\"lazy\" decoding=\"async\" src=\"\/wp-content\/uploads\/2018\/05\/support.png\" alt=\"support\" width=\"54\" height=\"54\" class=\"alignnone size-full wp-image-9230\" \/><\/div>\n<div class=\"three-fourths\">\n<p>N\u2019h\u00e9sitez pas \u00e0 nous contacter.<\/p>\n<\/div>\n<\/div>\n<div class=\"clear-both\"><\/div>\n<div class=\"one-half first service-section\">\n<h2>Services de r\u00e9f\u00e9rencement<\/h2>\n<p>\nwebwilly offre des services de r\u00e9f\u00e9rencement de sites Web aux entreprises du Qu\u00e9bec qui ont des abonnements d&rsquo;h\u00e9bergement de sites Web et de gestion de comptes SEO avec webwilly. Ce service est destin\u00e9 aux entreprises qui ont besoin de nous pour ex\u00e9cuter leur strat\u00e9gie d&rsquo;optimisation des moteurs de recherche de sites Web \u00e0 un prix rentable. Vos heures de service d&rsquo;optimisation des moteurs de recherche seront consacr\u00e9es \u00e0 l&rsquo;optimisation de votre site Web en g\u00e9n\u00e9ral pour Google. Vos heures de contenu seront consacr\u00e9es \u00e0 l&rsquo;optimisation du contenu de votre page d&rsquo;accueil, pied de page, en-t\u00eate, et barre lat\u00e9rale pour le r\u00e9f\u00e9rencement. Le contenu est le principal objectif des moteurs de recherche et il doit \u00eatre optimis\u00e9 en tant que tel. Les sites Web qui r\u00e9ussissent se concentrent sur les strat\u00e9gies de r\u00e9f\u00e9rencement qui sont \u00e0 leur port\u00e9e.\n<\/p>\n<\/div>\n<div class=\"one-half service-section\">\n<div style=\"text-align:center;\">\n<h3>Niveau de service<\/h3>\n<\/div>\n<div class=\"pricing-table\">\n<div class=\"plan one-third first\">\n<h4>Limit\u00e9<\/h4>\n<ul>\n<li>Heures de r\u00e9f\u00e9rencement<br \/>\n<em>Jusqu&rsquo;\u00e0 2 heures<\/em>\n<\/li>\n<li>Heures de contenu<br \/>\n<em>Jusqu&rsquo;\u00e0 1 heure<\/em>\n<\/li>\n<\/ul>\n<\/div>\n<div class=\"plan one-third\">\n<h4>Am\u00e9lior\u00e9<\/h4>\n<ul>\n<li>Heures de r\u00e9f\u00e9rencement<br \/>\n<em>Jusqu&rsquo;\u00e0 4 heures<\/em>\n<\/li>\n<li>Heures de contenu<br \/>\n<em>Jusqu&rsquo;\u00e0 2 heures<\/em>\n<\/li>\n<\/ul>\n<\/div>\n<div class=\"plan one-third\">\n<h4>Avanc\u00e9<\/h4>\n<ul>\n<li>Heures de r\u00e9f\u00e9rencement<br \/>\n<em>Jusqu&rsquo;\u00e0 6 heures<\/em>\n<\/li>\n<li>Heures de contenu<br \/>\n<em>Jusqu&rsquo;\u00e0 3 heures<\/em>\n<\/li>\n<\/ul>\n<\/div>\n<\/div>\n<\/div>\n<div class=\"clear-both\"><\/div>\n<div class=\"one-half first service-section\">\n<h2>Langue du site Web et d&rsquo;optimisation<\/h2>\n<p>\nwebwilly fournit des services de r\u00e9f\u00e9rencement en anglais, fran\u00e7ais ou 1 anglais et 1 fran\u00e7ais. Cette offre de services est sp\u00e9cialement con\u00e7ue pour les entreprises du Qu\u00e9bec qui ont besoin de fournir un site Web dans les deux langues. Notre option de langue \u00ab1 anglais et 1 fran\u00e7ais\u00bb est con\u00e7ue pour les sites Web qui ont les deux langues. Cette option augmentera le co\u00fbt du r\u00e9f\u00e9rencement mais optimisera votre site Web pour une deuxi\u00e8me langue afin d&rsquo;atteindre un march\u00e9 d\u00e9mographique diff\u00e9rent.\n<\/p>\n<\/div>\n<div class=\"one-half service-section\">\n<div style=\"text-align:center;\">\n<h3>Langue<\/h3>\n<\/div>\n<div class=\"pricing-table\">\n<div class=\"plan one-third first\">\n<h4>Anglais<\/h4>\n<ul>\n<li>Heures de r\u00e9f\u00e9rencement<br \/>\n<em>1x heures de r\u00e9f\u00e9rencement<\/em>\n<\/li>\n<li>Heures de contenu<br \/>\n<em>1x heures de contenu<\/em>\n<\/li>\n<\/ul>\n<\/div>\n<div class=\"plan one-third\">\n<h4>Fran\u00e7ais<\/h4>\n<ul>\n<li>Heures de r\u00e9f\u00e9rencement<br \/>\n<em>1x heures de r\u00e9f\u00e9rencement<\/em>\n<\/li>\n<li>Heures de contenu<br \/>\n<em>1x heures de contenu<\/em>\n<\/li>\n<\/ul>\n<\/div>\n<div class=\"plan one-third\">\n<h4>1 anglais et <br \/> 1 fran\u00e7ais<\/h4>\n<ul>\n<li>Heures de r\u00e9f\u00e9rencement<br \/>\n<em>1,75x heures de r\u00e9f\u00e9rencement<\/em>\n<\/li>\n<li>Heures de contenu<br \/>\n<em>1,75x heures de contenu<\/em>\n<\/li>\n<\/ul>\n<\/div>\n<\/div>\n<\/div>\n<div class=\"two-thirds first service-section\">\n<h2>Optimisation pour les moteurs de recherche<\/h2>\n<p>\nLes heures de service de r\u00e9f\u00e9rencement sont d&rsquo;abord consacr\u00e9es \u00e0 la r\u00e9solution des probl\u00e8mes de r\u00e9f\u00e9rencement signal\u00e9s par Google Search Console. Une fois que le site Web est exempt de probl\u00e8mes connus, webwilly travaillera \u00e0 l&rsquo;optimisation des param\u00e8tres du site Web. Ces heures de service de r\u00e9f\u00e9rencement consacr\u00e9es \u00e0 l&rsquo;optimisation de votre site Web se concentrent sur les techniques de r\u00e9f\u00e9rencement plus g\u00e9n\u00e9rales qui s&rsquo;appliquent au site Web dans son ensemble et \u00e0 la page d&rsquo;accueil. Ce service est destin\u00e9 aux sites Web qui ont d\u00e9j\u00e0 des pages, des menus, et plus encore. Plus un site Web contient de pages et d&rsquo;articles de blog, plus il faut d&rsquo;heures de r\u00e9f\u00e9rencement. Cependant, aucune quantit\u00e9 d&rsquo;heures de r\u00e9f\u00e9rencement ne profitera au classement d&rsquo;un site Web qui a tr\u00e8s peu de contenu.\n<\/p>\n<\/div>\n<div class=\"one-fourth service-section\">\n<img loading=\"lazy\" decoding=\"async\" src=\"\/wp-content\/uploads\/2021\/01\/website-seo-services-_Website-SEO-300x300.png\" alt=\"r\u00e9f\u00e9rencement site web\" width=\"250\" height=\"250\" class=\"centered size-medium wp-image-17140\" srcset=\"https:\/\/webwilly.ca\/wp-content\/uploads\/2021\/01\/website-seo-services-_Website-SEO-300x300.png 300w, https:\/\/webwilly.ca\/wp-content\/uploads\/2021\/01\/website-seo-services-_Website-SEO-150x150.png 150w, https:\/\/webwilly.ca\/wp-content\/uploads\/2021\/01\/website-seo-services-_Website-SEO-100x100.png 100w, https:\/\/webwilly.ca\/wp-content\/uploads\/2021\/01\/website-seo-services-_Website-SEO.png 600w\" sizes=\"auto, (max-width: 250px) 100vw, 250px\" \/><\/p>\n<\/div>\n<div class=\"clear-both\"><\/div>\n<div class=\"two-thirds first service-section\">\n<h2>SEO sur la page d&rsquo;accueil<\/h2>\n<p>\nLa page d&rsquo;accueil de votre site Web doit \u00eatre optimis\u00e9e pour les moteurs de recherche. La plupart de vos pages importantes seront accessibles depuis votre page d&rsquo;accueil. Ces sections de la page d&rsquo;accueil doivent \u00eatre correctement optimis\u00e9es pour que les moteurs de recherche puissent explorer vos liens et comprendre son contenu. Votre page d&rsquo;accueil doit se concentrer sur vos produits et services les plus populaires et les plus rentables.\n<\/p>\n<\/div>\n<div class=\"one-fourth service-section\">\n<img loading=\"lazy\" decoding=\"async\" src=\"\/wp-content\/uploads\/2021\/01\/website-seo-services-_website-SEO-home-page-300x300.png\" alt=\"r\u00e9f\u00e9rencement page d'accueil du site web\" width=\"250\" height=\"250\" class=\"centered size-medium wp-image-17142\" srcset=\"https:\/\/webwilly.ca\/wp-content\/uploads\/2021\/01\/website-seo-services-_website-SEO-home-page-300x300.png 300w, https:\/\/webwilly.ca\/wp-content\/uploads\/2021\/01\/website-seo-services-_website-SEO-home-page-150x150.png 150w, https:\/\/webwilly.ca\/wp-content\/uploads\/2021\/01\/website-seo-services-_website-SEO-home-page-100x100.png 100w, https:\/\/webwilly.ca\/wp-content\/uploads\/2021\/01\/website-seo-services-_website-SEO-home-page.png 600w\" sizes=\"auto, (max-width: 250px) 100vw, 250px\" \/><\/p>\n<\/div>\n<div class=\"two-thirds first service-section\">\n<h2>SEO en-t\u00eate, pied de page, et barre lat\u00e9rale<\/h2>\n<p>\nChaque section de votre site Web est analys\u00e9e par les moteurs de recherche pour mieux comprendre la structure et le contenu de votre site Web. La section sup\u00e9rieure de votre site Web, l&rsquo;en-t\u00eate, contiendra des logos, des menus, des liens, des ic\u00f4nes de m\u00e9dias sociaux et des appels \u00e0 l&rsquo;action. Ceux-ci doivent \u00eatre correctement optimis\u00e9s afin que les moteurs de recherche suivent leurs liens et comprennent correctement le contenu qu&rsquo;ils repr\u00e9sentent.<\/p>\n<\/div>\n<div class=\"one-fourth service-section\">\n<img loading=\"lazy\" decoding=\"async\" src=\"\/wp-content\/uploads\/2021\/01\/website-seo-services-_Website-SEO-header-footer-300x300.png\" alt=\"SEO en-t\u00eate, pied de page et barre lat\u00e9rale\" width=\"250\" height=\"250\" class=\"centered size-medium wp-image-17144\" srcset=\"https:\/\/webwilly.ca\/wp-content\/uploads\/2021\/01\/website-seo-services-_Website-SEO-header-footer-300x300.png 300w, https:\/\/webwilly.ca\/wp-content\/uploads\/2021\/01\/website-seo-services-_Website-SEO-header-footer-150x150.png 150w, https:\/\/webwilly.ca\/wp-content\/uploads\/2021\/01\/website-seo-services-_Website-SEO-header-footer-100x100.png 100w, https:\/\/webwilly.ca\/wp-content\/uploads\/2021\/01\/website-seo-services-_Website-SEO-header-footer.png 600w\" sizes=\"auto, (max-width: 250px) 100vw, 250px\" \/>\n<\/div>\n<div class=\"two-thirds first service-section\">\n<h2>Optimisation des menus, des pages, et des articles<\/h2>\n<p>\nLa restructuration du menu, des pages, et des articles consiste \u00e0 revoir la structure URL actuelle de votre site Web et \u00e0 la modifier pour inclure des mots-cl\u00e9s cibl\u00e9s. Les pages parentes et les cat\u00e9gories d&rsquo;articles de blog peuvent faire partie de cette structure d&rsquo;URL. webwilly examinera cette partie de l&rsquo;URL. Cela aidera les robots d&rsquo;exploration des moteurs de recherche \u00e0 identifier les regroupements de pages et d&rsquo;articles de blog importants. L&rsquo;inclusion de mots-cl\u00e9s cibl\u00e9s dans vos URL est importante pour le classement dans les moteurs de recherche.<\/p>\n<\/div>\n<div class=\"one-fourth service-section\">\n<img loading=\"lazy\" decoding=\"async\" src=\"\/wp-content\/uploads\/2021\/01\/website-seo-services-_Website-SEO-page-and-post-URL-300x300.png\" alt=\"Restructuration des menus, des pages et des publications\" width=\"250\" height=\"250\" class=\"centered size-medium wp-image-17146\" srcset=\"https:\/\/webwilly.ca\/wp-content\/uploads\/2021\/01\/website-seo-services-_Website-SEO-page-and-post-URL-300x300.png 300w, https:\/\/webwilly.ca\/wp-content\/uploads\/2021\/01\/website-seo-services-_Website-SEO-page-and-post-URL-150x150.png 150w, https:\/\/webwilly.ca\/wp-content\/uploads\/2021\/01\/website-seo-services-_Website-SEO-page-and-post-URL-100x100.png 100w, https:\/\/webwilly.ca\/wp-content\/uploads\/2021\/01\/website-seo-services-_Website-SEO-page-and-post-URL.png 600w\" sizes=\"auto, (max-width: 250px) 100vw, 250px\" \/><\/p>\n<\/div>\n<div class=\"two-thirds first service-section\">\n<h2>Param\u00e8tres de langue et param\u00e8tres r\u00e9gionaux<\/h2>\n<p>\nAu Canada, nous avons une langue sp\u00e9cifique pour les sites Web en fran\u00e7ais. Ce param\u00e8tre indique au moteur de recherche que la page de votre site Web est \u00e9crite et cible sp\u00e9cifiquement les Canadiens qui parlent fran\u00e7ais, et non la France. Cela \u00e9tant dit, la langue anglaise des sites Web canadiens n&rsquo;est pas aussi importante que le fran\u00e7ais, elle peut \u00eatre d\u00e9finie sur l&rsquo;anglais am\u00e9ricain ou l&rsquo;anglais canadien. Par d\u00e9faut, la langue anglaise am\u00e9ricaine est d\u00e9finie, mais en achetant ce service, webwilly modifiera les param\u00e8tres r\u00e9gionaux de la langue en anglais canadien.\n<\/p>\n<\/div>\n<div class=\"one-fourth service-section\">\n<img loading=\"lazy\" decoding=\"async\" src=\"\/wp-content\/uploads\/2021\/01\/website-seo-services-_Website-SEO-Language-locale-300x300.png\" alt=\"Param\u00e8tres de langue et de param\u00e8tres r\u00e9gionaux\" width=\"250\" height=\"250\" class=\"centered size-medium wp-image-17148\" srcset=\"https:\/\/webwilly.ca\/wp-content\/uploads\/2021\/01\/website-seo-services-_Website-SEO-Language-locale-300x300.png 300w, https:\/\/webwilly.ca\/wp-content\/uploads\/2021\/01\/website-seo-services-_Website-SEO-Language-locale-150x150.png 150w, https:\/\/webwilly.ca\/wp-content\/uploads\/2021\/01\/website-seo-services-_Website-SEO-Language-locale-100x100.png 100w, https:\/\/webwilly.ca\/wp-content\/uploads\/2021\/01\/website-seo-services-_Website-SEO-Language-locale.png 600w\" sizes=\"auto, (max-width: 250px) 100vw, 250px\" \/><\/p>\n<\/div>\n<div class=\"two-thirds first service-section\">\n<h2>R\u00e9soudre les probl\u00e8mes de r\u00e9f\u00e9rencement<\/h2>\n<p>\nDans le cadre de l&rsquo;adh\u00e9sion \u00e0 la gestion de compte SEO du client, vendue s\u00e9par\u00e9ment, webwilly a int\u00e9gr\u00e9 les comptes Google Analytics et Google Search Console au site Web du client. Le compte Search Console fournit sp\u00e9cifiquement des informations relatives au r\u00e9f\u00e9rencement et aux performances du site Web. Le compte Google Search Console du client peut signaler certains probl\u00e8mes de r\u00e9f\u00e9rencement sur le site Web du client. Si ces probl\u00e8mes n\u00e9cessitent une correction, les heures de r\u00e9f\u00e9rencement incluses dans ce service seront utilis\u00e9es pour r\u00e9soudre ces probl\u00e8mes de r\u00e9f\u00e9rencement.\n<\/p>\n<\/div>\n<div class=\"one-fourth service-section\">\n<img loading=\"lazy\" decoding=\"async\" src=\"\/wp-content\/uploads\/2021\/01\/website-seo-services-_Website-SEO-Fixing-SEO-issues-300x300.png\" alt=\"R\u00e9soudre les probl\u00e8mes de r\u00e9f\u00e9rencement\" width=\"250\" height=\"250\" class=\"centered size-medium wp-image-17150\" srcset=\"https:\/\/webwilly.ca\/wp-content\/uploads\/2021\/01\/website-seo-services-_Website-SEO-Fixing-SEO-issues-300x300.png 300w, https:\/\/webwilly.ca\/wp-content\/uploads\/2021\/01\/website-seo-services-_Website-SEO-Fixing-SEO-issues-150x150.png 150w, https:\/\/webwilly.ca\/wp-content\/uploads\/2021\/01\/website-seo-services-_Website-SEO-Fixing-SEO-issues-100x100.png 100w, https:\/\/webwilly.ca\/wp-content\/uploads\/2021\/01\/website-seo-services-_Website-SEO-Fixing-SEO-issues.png 600w\" sizes=\"auto, (max-width: 250px) 100vw, 250px\" \/><\/p>\n<\/div>\n","protected":false},"excerpt":{"rendered":"<ul class=\"red-dot\" style=\"margin-bottom:35px;margin-left:20px;\">\n<li>SEO sur la page d&rsquo;accueil<\/li>\n<li>SEO pour l&rsquo;en-t\u00eate, le pied de page, et la barre lat\u00e9rale<\/li>\n<li>Restructuration des menus et des URL pour le r\u00e9f\u00e9rencement<\/li>\n<li>Param\u00e8tres de langue et param\u00e8tres r\u00e9gionaux du site Web<\/li>\n<li>R\u00e9soudre les probl\u00e8mes de r\u00e9f\u00e9rencement signal\u00e9s par Google<\/li>\n<li>N\u00e9cessite l&rsquo;adh\u00e9sion aux comptes SEO dans la langue correspondante<\/li>\n<\/ul>\n","protected":false},"featured_media":25739,"comment_status":"open","ping_status":"closed","template":"","meta":{"_genesis_hide_title":false,"_genesis_hide_breadcrumbs":false,"_genesis_hide_singular_image":false,"_genesis_hide_footer_widgets":false,"_genesis_custom_body_class":"","_genesis_custom_post_class":"","_genesis_layout":""},"product_brand":[],"product_cat":[38,39],"product_tag":[],"class_list":{"0":"post-19207","1":"product","2":"type-product","3":"status-publish","4":"has-post-thumbnail","6":"product_cat-marketing-numerique","7":"product_cat-optimisation-pour-les-moteurs-de-recherche","8":"entry","10":"first","11":"instock","12":"featured","13":"sold-individually","14":"shipping-taxable","15":"purchasable","16":"product-type-variable"},"exclude_global_add_ons":[],"addons":[],"_links":{"self":[{"href":"https:\/\/webwilly.ca\/fr\/wp-json\/wp\/v2\/product\/19207","targetHints":{"allow":["GET"]}}],"collection":[{"href":"https:\/\/webwilly.ca\/fr\/wp-json\/wp\/v2\/product"}],"about":[{"href":"https:\/\/webwilly.ca\/fr\/wp-json\/wp\/v2\/types\/product"}],"replies":[{"embeddable":true,"href":"https:\/\/webwilly.ca\/fr\/wp-json\/wp\/v2\/comments?post=19207"}],"wp:featuredmedia":[{"embeddable":true,"href":"https:\/\/webwilly.ca\/fr\/wp-json\/wp\/v2\/media\/25739"}],"wp:attachment":[{"href":"https:\/\/webwilly.ca\/fr\/wp-json\/wp\/v2\/media?parent=19207"}],"wp:term":[{"taxonomy":"product_brand","embeddable":true,"href":"https:\/\/webwilly.ca\/fr\/wp-json\/wp\/v2\/product_brand?post=19207"},{"taxonomy":"product_cat","embeddable":true,"href":"https:\/\/webwilly.ca\/fr\/wp-json\/wp\/v2\/product_cat?post=19207"},{"taxonomy":"product_tag","embeddable":true,"href":"https:\/\/webwilly.ca\/fr\/wp-json\/wp\/v2\/product_tag?post=19207"}],"curies":[{"name":"wp","href":"https:\/\/api.w.org\/{rel}","templated":true}]}}