{"id":19197,"date":"2021-01-31T16:29:40","date_gmt":"2021-01-31T16:29:40","guid":{"rendered":"https:\/\/webwilly.ca\/buy\/configuration-et-gestion-des-comptes-seo\/"},"modified":"2024-02-08T09:42:57","modified_gmt":"2024-02-08T14:42:57","slug":"comptes-seo","status":"publish","type":"product","link":"https:\/\/webwilly.ca\/fr\/acheter\/marketing-numerique\/optimisation-pour-les-moteurs-de-recherche\/comptes-seo\/","title":{"rendered":"Comptes SEO"},"content":{"rendered":"<div class=\"one-fourth first top-section\">\n<p><strong>G\u00e9r\u00e9<\/strong><\/p>\n<div class=\"one-fourth first\"><img loading=\"lazy\" decoding=\"async\" src=\"\/wp-content\/uploads\/2021\/07\/webwilly-marketing-services.png\" alt=\"G\u00e9r\u00e9\" width=\"54\" height=\"54\" class=\"alignnone size-full wp-image-9192\" \/><\/div>\n<div class=\"three-fourths\">\n<p>Enti\u00e8rement g\u00e9r\u00e9e avec peu d&rsquo;implication du client.<\/p>\n<\/div>\n<\/div>\n<div class=\"one-fourth top-section\">\n<p><strong>H\u00e9bergement<\/strong><\/p>\n<div class=\"one-fourth first\"><img loading=\"lazy\" decoding=\"async\" src=\"\/wp-content\/uploads\/2018\/05\/templates.png\" alt=\"H\u00e9bergement\" width=\"54\" height=\"54\" class=\"alignnone size-full wp-image-9224\" \/><\/div>\n<div class=\"three-fourths\">\n<p><a href=\"\/fr\/acheter\/marketing-numerique\/services-de-design-de-site-web\/hebergement-et-securite-de-sites-web\/hebergement-et-maintenance-de-site-web\/\">H\u00e9bergement de site Web<\/a> requis.<\/p>\n<\/div>\n<\/div>\n<div class=\"one-fourth top-section\">\n<p><strong>Paiement<\/strong><\/p>\n<div class=\"one-fourth first\"><img loading=\"lazy\" decoding=\"async\" src=\"\/wp-content\/uploads\/2018\/05\/payment.png\" alt=\"Paiement\" width=\"54\" height=\"54\" class=\"alignnone size-full wp-image-9228\" \/><\/div>\n<div class=\"three-fourths\">\n<p>Nous acceptons les cartes de cr\u00e9dit via Stripe.<\/p>\n<\/div>\n<\/div>\n<div class=\"one-fourth top-section\">\n<p><strong>Support<\/strong><\/p>\n<div class=\"one-fourth first\"><img loading=\"lazy\" decoding=\"async\" src=\"\/wp-content\/uploads\/2018\/05\/support.png\" alt=\"support\" width=\"54\" height=\"54\" class=\"alignnone size-full wp-image-9230\" \/><\/div>\n<div class=\"three-fourths\">\n<p>N\u2019h\u00e9sitez pas \u00e0 nous contacter.<\/p>\n<\/div>\n<\/div>\n<div class=\"clear-both\"><\/div>\n<div class=\"two-thirds first service-section\">\n<h2>Gestion des comptes d&rsquo;optimisation<\/h2>\n<p>\nwebwilly offre des services de gestion des comptes pour l&rsquo;optimisation des moteurs de recherche de sites Web aux entreprises du Qu\u00e9bec. Ce service est destin\u00e9 aux entreprises qui ont besoin de webwilly pour g\u00e9rer leurs comptes d&rsquo;optimisation pour le moteur de recherche Google, leur plan de site et leur fichier robots.txt \u00e0 un prix avantageux. Vos analyses et performances d&rsquo;optimisation des moteurs de recherche seront pr\u00e9sent\u00e9es chaque mois. Les sites Web qui r\u00e9ussissent se concentrent sur le suivi et les statistiques SEO pour am\u00e9liorer les efforts futurs.\n<\/p>\n<\/div>\n<div class=\"one-fourth service-section\">\n<img loading=\"lazy\" decoding=\"async\" src=\"\/wp-content\/uploads\/2021\/01\/seo-account-management-01-300x300.png\" alt=\"optimisation des moteurs de recherche\" width=\"250\" height=\"250\" class=\"centered size-medium wp-image-17093\" srcset=\"https:\/\/webwilly.ca\/wp-content\/uploads\/2021\/01\/seo-account-management-01-300x300.png 300w, https:\/\/webwilly.ca\/wp-content\/uploads\/2021\/01\/seo-account-management-01-150x150.png 150w, https:\/\/webwilly.ca\/wp-content\/uploads\/2021\/01\/seo-account-management-01-100x100.png 100w, https:\/\/webwilly.ca\/wp-content\/uploads\/2021\/01\/seo-account-management-01.png 600w\" sizes=\"auto, (max-width: 250px) 100vw, 250px\" \/><\/p>\n<\/div>\n<div class=\"clear-both\"><\/div>\n<div class=\"one-half first service-section\">\n<h2>Donn\u00e9es des comptes Google SEO<\/h2>\n<p>Avec d&rsquo;importantes donn\u00e9es analytiques en main, nous pouvons discuter du contenu futur et des strat\u00e9gies de r\u00e9f\u00e9rencement susceptibles d&rsquo;am\u00e9liorer le r\u00e9f\u00e9rencement de votre site Web. Il est n\u00e9cessaire d&rsquo;avoir ce type de suivi et de rapport pour savoir quels efforts marketing sont couronn\u00e9s de succ\u00e8s. Savoir quels efforts de marketing attire le plus de clients potentiels sur votre site Web est essentiel pour am\u00e9liorer votre retour sur investissement.\n<\/p>\n<\/div>\n<div class=\"one-half service-section\">\n<div style=\"text-align:center;\">\n<h3>Niveau de service<\/h3>\n<\/div>\n<div class=\"pricing-table\">\n<div class=\"plan one-third first\">\n<h4>Limit\u00e9<\/h4>\n<ul>\n<li>Heures d&rsquo;administration<br \/>\n<em>Jusqu&rsquo;\u00e0 1 heure par mois<\/em>\n<\/li>\n<\/ul>\n<\/div>\n<div class=\"plan one-third\">\n<h4>Am\u00e9lior\u00e9<\/h4>\n<ul>\n<li>Heures d&rsquo;administration<br \/>\n<em>Jusqu&rsquo;\u00e0 2 heures par mois<\/em>\n<\/li>\n<\/ul>\n<\/div>\n<div class=\"plan one-third\">\n<h4>Avanc\u00e9<\/h4>\n<ul>\n<li>Heures d&rsquo;administration<br \/>\n<em>Jusqu&rsquo;\u00e0 3 heures par mois<\/em>\n<\/li>\n<\/ul>\n<\/div>\n<\/div>\n<\/div>\n<div class=\"clear-both\"><\/div>\n<div class=\"one-half first service-section\">\n<h2>Langue des comptes d&rsquo;optimisation<\/h2>\n<p>\nwebwilly fournit des services de gestion des comptes SEO en anglais, en fran\u00e7ais, ou bilingue. Cette offre de services est sp\u00e9cialement con\u00e7ue pour les entreprises du Qu\u00e9bec qui ont besoin d&rsquo;acc\u00e9der \u00e0 des donn\u00e9es dans les deux langues. Les clients qui ont un site Web bilingue devront s\u00e9lectionner l&rsquo;option de langue \u00abBilingue\u00bb afin que nous puissions suivre les deux langues. Cette option augmentera le co\u00fbt du r\u00e9f\u00e9rencement de votre site Web, mais elle permet \u00e9galement \u00e0 vos d\u00e9cisions commerciales de se baser sur des donn\u00e9es provenant de deux donn\u00e9es d\u00e9mographiques diff\u00e9rentes du march\u00e9.\n<\/p>\n<\/div>\n<div class=\"one-half service-section\">\n<div style=\"text-align:center;\">\n<h3>Langue<\/h3>\n<\/div>\n<div class=\"pricing-table\">\n<div class=\"plan one-third first\">\n<h4>Anglais<\/h4>\n<ul>\n<li>Heures d&rsquo;administration<br \/>\n<em>1x heures d&rsquo;administration<\/em>\n<\/li>\n<\/ul>\n<\/div>\n<div class=\"plan one-third\">\n<h4>Fran\u00e7ais<\/h4>\n<ul>\n<li>Heures d&rsquo;administration<br \/>\n<em>1x heures d&rsquo;administration<\/em>\n<\/li>\n<\/ul>\n<\/div>\n<div class=\"plan one-third\">\n<h4>Bilingue<\/h4>\n<ul>\n<li>Heures d&rsquo;administration<br \/>\n<em>1,75x heures d&rsquo;administration<\/em>\n<\/li>\n<\/ul>\n<\/div>\n<\/div>\n<\/div>\n<div class=\"clear-both\"><\/div>\n<div class=\"two-thirds first service-section\">\n<h2>Suivi des rapports de Google Analytics<\/h2>\n<p>\nVotre site Web sera connect\u00e9 \u00e0 un compte Google Analytics o\u00f9 nous commencerons \u00e0 capturer des donn\u00e9es sur votre site Web et son public. Ces donn\u00e9es peuvent \u00eatre utilis\u00e9es dans le processus de prise de d\u00e9cision par la direction pour prendre des d\u00e9cisions plus \u00e9clair\u00e9es. Cela peut vous aider \u00e0 choisir les efforts de marketing num\u00e9rique \u00e0 utiliser pour la publicit\u00e9, les march\u00e9s cibles sur lesquels vous concentrer et les produits et services qui attirent le plus de visiteurs. Nous vous aiderons \u00e0 interpr\u00e9ter et \u00e0 pr\u00e9senter ces informations pour vous aider \u00e0 prendre des d\u00e9cisions plus efficacement.\n<\/p>\n<\/div>\n<div class=\"one-fourth service-section\" style=\"vertical-align:middle;\">\n<p><img decoding=\"async\" src=\"\/wp-content\/uploads\/2021\/01\/seo-management_Analytics-Reporting-300x300.png\" alt=\"optimisation de moteur de recherche\" width=\"250px\" height=\"250px\" class=\"centered size-medium wp-image-17095\" srcset=\"https:\/\/webwilly.ca\/wp-content\/uploads\/2021\/01\/seo-management_Analytics-Reporting-300x300.png 300w, https:\/\/webwilly.ca\/wp-content\/uploads\/2021\/01\/seo-management_Analytics-Reporting-150x150.png 150w, https:\/\/webwilly.ca\/wp-content\/uploads\/2021\/01\/seo-management_Analytics-Reporting-100x100.png 100w, https:\/\/webwilly.ca\/wp-content\/uploads\/2021\/01\/seo-management_Analytics-Reporting.png 600w\" sizes=\"(max-width: 300px) 100vw, 300px\" \/><\/p>\n<\/div>\n<div class=\"clear-both\"><\/div>\n<div class=\"two-thirds first service-section\">\n<h2>Suivi des rapports de Google Search Console<\/h2>\n<p>\nVotre site Web sera connect\u00e9 \u00e0 un compte Google Search Console o\u00f9 nous commencerons \u00e0 capturer des donn\u00e9es sur votre site Web et ses performances de recherche Google. Ce compte \u00e9valuera le r\u00e9f\u00e9rencement de votre site Web et signalera les probl\u00e8mes et suggestions pour l&rsquo;am\u00e9liorer. Certaines suggestions peuvent am\u00e9liorer les performances de votre site Web dans la recherche Google, tandis que d&rsquo;autres ne le peuvent pas. Surtout, ce compte nous permettra de contr\u00f4ler le r\u00e9f\u00e9rencement de votre site Web en cas de probl\u00e8mes critiques affectant les performances.\n<\/p>\n<\/div>\n<div class=\"one-fourth service-section\">\n<img loading=\"lazy\" decoding=\"async\" src=\"\/wp-content\/uploads\/2021\/01\/seo-management_Search-Console-Reporting-300x300.png\" alt=\"optimisation de moteur de recherche\" width=\"250\" height=\"250\" class=\"centered size-medium wp-image-17097\" srcset=\"https:\/\/webwilly.ca\/wp-content\/uploads\/2021\/01\/seo-management_Search-Console-Reporting-300x300.png 300w, https:\/\/webwilly.ca\/wp-content\/uploads\/2021\/01\/seo-management_Search-Console-Reporting-150x150.png 150w, https:\/\/webwilly.ca\/wp-content\/uploads\/2021\/01\/seo-management_Search-Console-Reporting-100x100.png 100w, https:\/\/webwilly.ca\/wp-content\/uploads\/2021\/01\/seo-management_Search-Console-Reporting.png 600w\" sizes=\"auto, (max-width: 250px) 100vw, 250px\" \/><\/p>\n<\/div>\n<div class=\"clear-both\"><\/div>\n<div class=\"two-thirds first service-section\">\n<h2>Gestion du plan du site<\/h2>\n<p>\nLes propri\u00e9taires de sites Web et les webmasters sont tenus de soumettre un plan du site \u00e0 Google afin qu&rsquo;ils puissent conna\u00eetre chaque page d&rsquo;un site Web. Le plan du site est crucial pour les performances du r\u00e9f\u00e9rencement car il doit \u00eatre mis \u00e0 jour lorsque des pages sont ajout\u00e9es ou supprim\u00e9es du site Web. Une fois qu&rsquo;un plan du site est mis \u00e0 jour et que Google est inform\u00e9 de la nouvelle page, il a plus de potentiel de classement. Un r\u00e9f\u00e9rencement r\u00e9ussi n\u00e9cessite un plan du site correctement g\u00e9r\u00e9.\n<\/p>\n<\/div>\n<div class=\"one-fourth service-section\">\n<img decoding=\"async\" src=\"\/wp-content\/uploads\/2021\/01\/seo-management_Sitemap-Management-300x300.png\" alt=\"Gestion du plan du site\" width=\"250px\" height=\"250px\" class=\"centered size-medium wp-image-17099\" srcset=\"https:\/\/webwilly.ca\/wp-content\/uploads\/2021\/01\/seo-management_Sitemap-Management-300x300.png 300w, https:\/\/webwilly.ca\/wp-content\/uploads\/2021\/01\/seo-management_Sitemap-Management-150x150.png 150w, https:\/\/webwilly.ca\/wp-content\/uploads\/2021\/01\/seo-management_Sitemap-Management-100x100.png 100w, https:\/\/webwilly.ca\/wp-content\/uploads\/2021\/01\/seo-management_Sitemap-Management.png 600w\" sizes=\"(max-width: 300px) 100vw, 300px\" \/><\/p>\n<\/div>\n<div class=\"clear-both\"><\/div>\n<div class=\"two-thirds first service-section\">\n<h2>Gestion du fichier robots.txt<\/h2>\n<p>\nBien qu&rsquo;il ne soit pas aussi important que le plan du site pour le r\u00e9f\u00e9rencement, le fichier robots.txt est toujours requis dans les normes de site Web actuelles. Ce fichier indiquera aux robots qui explorent votre site Web, comme Google, de ne pas afficher des pages sp\u00e9cifiques de votre site Web et d&rsquo;y gaspiller le potentiel de r\u00e9f\u00e9rencement. C&rsquo;est l&rsquo;une des rares fa\u00e7ons de r\u00e9duire l&rsquo;indexation d&rsquo;une page de site Web. Le meilleur exemple pour cela est la page de connexion utilis\u00e9e pour acc\u00e9der au backend d&rsquo;administration du site Web. Cette page n&rsquo;a pas besoin d&rsquo;\u00eatre explor\u00e9e \u00e0 des fins de r\u00e9f\u00e9rencement car elle ne dispose que d&rsquo;un formulaire de connexion destin\u00e9 aux administrateurs.\n<\/p>\n<\/div>\n<div class=\"one-fourth service-section\">\n<img decoding=\"async\" src=\"\/wp-content\/uploads\/2021\/01\/seo-management_Robots-txt-Management-300x300.png\" alt=\"Gestion des robots.txt\" width=\"250px\" height=\"250px\" class=\"centered size-medium wp-image-17101\" srcset=\"https:\/\/webwilly.ca\/wp-content\/uploads\/2021\/01\/seo-management_Robots-txt-Management-300x300.png 300w, https:\/\/webwilly.ca\/wp-content\/uploads\/2021\/01\/seo-management_Robots-txt-Management-150x150.png 150w, https:\/\/webwilly.ca\/wp-content\/uploads\/2021\/01\/seo-management_Robots-txt-Management-100x100.png 100w, https:\/\/webwilly.ca\/wp-content\/uploads\/2021\/01\/seo-management_Robots-txt-Management.png 600w\" sizes=\"(max-width: 300px) 100vw, 300px\" \/><\/p>\n<\/div>\n","protected":false},"excerpt":{"rendered":"<ul class=\"red-dot\" style=\"margin-bottom:35px;margin-left:20px;\">\n<li>Gestion des fichiers sitemap et robots.txt<\/li>\n<li>Gestion de compte Google Analytics<\/li>\n<li>Gestion de compte Google Search Console<\/li>\n<li>Rapports mensuels sur les statistiques des visiteurs<\/li>\n<li>Cr\u00e9ation de comptes et int\u00e9gration de suivi<\/li>\n<li>N\u00e9cessite un abonnement \u00e0 l&rsquo;h\u00e9bergement de site Web dans la langue correspondante<\/li>\n<\/ul>\n","protected":false},"featured_media":25713,"comment_status":"open","ping_status":"closed","template":"","meta":{"_genesis_hide_title":false,"_genesis_hide_breadcrumbs":false,"_genesis_hide_singular_image":false,"_genesis_hide_footer_widgets":false,"_genesis_custom_body_class":"","_genesis_custom_post_class":"","_genesis_layout":""},"product_brand":[],"product_cat":[38,39],"product_tag":[],"class_list":{"0":"post-19197","1":"product","2":"type-product","3":"status-publish","4":"has-post-thumbnail","6":"product_cat-marketing-numerique","7":"product_cat-optimisation-pour-les-moteurs-de-recherche","8":"entry","10":"first","11":"instock","12":"featured","13":"sold-individually","14":"shipping-taxable","15":"purchasable","16":"product-type-variable-subscription"},"exclude_global_add_ons":[],"addons":[],"_links":{"self":[{"href":"https:\/\/webwilly.ca\/fr\/wp-json\/wp\/v2\/product\/19197","targetHints":{"allow":["GET"]}}],"collection":[{"href":"https:\/\/webwilly.ca\/fr\/wp-json\/wp\/v2\/product"}],"about":[{"href":"https:\/\/webwilly.ca\/fr\/wp-json\/wp\/v2\/types\/product"}],"replies":[{"embeddable":true,"href":"https:\/\/webwilly.ca\/fr\/wp-json\/wp\/v2\/comments?post=19197"}],"wp:featuredmedia":[{"embeddable":true,"href":"https:\/\/webwilly.ca\/fr\/wp-json\/wp\/v2\/media\/25713"}],"wp:attachment":[{"href":"https:\/\/webwilly.ca\/fr\/wp-json\/wp\/v2\/media?parent=19197"}],"wp:term":[{"taxonomy":"product_brand","embeddable":true,"href":"https:\/\/webwilly.ca\/fr\/wp-json\/wp\/v2\/product_brand?post=19197"},{"taxonomy":"product_cat","embeddable":true,"href":"https:\/\/webwilly.ca\/fr\/wp-json\/wp\/v2\/product_cat?post=19197"},{"taxonomy":"product_tag","embeddable":true,"href":"https:\/\/webwilly.ca\/fr\/wp-json\/wp\/v2\/product_tag?post=19197"}],"curies":[{"name":"wp","href":"https:\/\/api.w.org\/{rel}","templated":true}]}}