{"id":19088,"date":"2021-01-31T04:10:22","date_gmt":"2021-01-31T04:10:22","guid":{"rendered":"https:\/\/webwilly.ca\/buy\/formulaire-de-site-web\/"},"modified":"2022-07-15T11:25:53","modified_gmt":"2022-07-15T15:25:53","slug":"formulaire-de-site-web","status":"publish","type":"product","link":"https:\/\/webwilly.ca\/fr\/acheter\/marketing-numerique\/services-de-design-de-site-web\/design-de-site-web\/formulaire-de-site-web\/","title":{"rendered":"Formulaire de site Web"},"content":{"rendered":"<div class=\"one-fourth first top-section\">\n<p><strong>Objectifs<\/strong><\/p>\n<div class=\"one-fourth first\"><img loading=\"lazy\" decoding=\"async\" src=\"\/wp-content\/uploads\/2019\/05\/Profile.png\" alt=\"Objectifs\" width=\"54\" height=\"54\" class=\"alignnone size-full wp-image-9224\" \/><\/div>\n<div class=\"three-fourths\">\n<p>Incluez vos objectifs pour ce design sp\u00e9cifique.<\/p>\n<\/div>\n<\/div>\n<div class=\"one-fourth top-section\">\n<p><strong>Dur\u00e9e<\/strong><\/p>\n<div class=\"one-fourth first\"><img loading=\"lazy\" decoding=\"async\" src=\"\/wp-content\/uploads\/2018\/05\/Process-Delay.png\" alt=\"Dur\u00e9e\" width=\"54\" height=\"54\" class=\"alignnone size-full wp-image-9198\" \/><\/div>\n<div class=\"three-fourths\">\n<p>Jusqu&rsquo;\u00e0 10 jours ouvrables pour le premier design.<\/p>\n<\/div>\n<\/div>\n<div class=\"one-fourth top-section\">\n<p><strong>H\u00e9bergement<\/strong><\/p>\n<div class=\"one-fourth first\"><img loading=\"lazy\" decoding=\"async\" src=\"\/wp-content\/uploads\/2018\/05\/templates.png\" alt=\"H\u00e9bergement\" width=\"54\" height=\"54\" class=\"alignnone size-full wp-image-9224\" \/><\/div>\n<div class=\"three-fourths\"><a href=\"\/fr\/acheter\/marketing-numerique\/services-de-design-de-site-web\/hebergement-et-securite-de-sites-web\/hebergement-et-maintenance-de-site-web\/\">H\u00e9bergement de site Web<\/a> requis.<\/div>\n<\/div>\n<div class=\"one-fourth top-section\">\n<p><strong>Licence<\/strong><\/p>\n<div class=\"one-fourth first\"><img loading=\"lazy\" decoding=\"async\" src=\"\/wp-content\/uploads\/2019\/05\/pictures.png\" alt=\"Licence\" width=\"54\" height=\"54\" class=\"alignnone size-full wp-image-9230\" \/><\/div>\n<div class=\"three-fourths\">\n<p>T\u00e9l\u00e9versez votre propri\u00e9t\u00e9 intellectuelle.<\/p>\n<\/div>\n<\/div>\n<div class=\"one-fourth first top-section\">\n<p><strong>Design<\/strong><\/p>\n<div class=\"one-fourth first\"><img loading=\"lazy\" decoding=\"async\" src=\"\/wp-content\/uploads\/2021\/07\/webwilly-marketing-services.png\" alt=\"Design\" width=\"54\" height=\"54\" class=\"alignnone size-full wp-image-9192\" \/><\/div>\n<div class=\"three-fourths\">\n<p>Style de design, polices et couleurs de votre marque.<\/p>\n<\/div>\n<\/div>\n<div class=\"one-fourth top-section\">\n<p><strong>Bilingue<\/strong><\/p>\n<div class=\"one-fourth first\">\n<img loading=\"lazy\" decoding=\"async\" src=\"\/wp-content\/uploads\/2019\/05\/models.png\" alt=\"Bilingue\" width=\"54\" height=\"54\" class=\"alignnone size-full wp-image-9194\" \/><\/div>\n<div class=\"three-fourths\">\n<p>Service offert en anglais et en fran\u00e7ais.<\/p>\n<\/div>\n<\/div>\n<div class=\"one-fourth top-section\">\n<p><strong>Paiement<\/strong><\/p>\n<div class=\"one-fourth first\"><img loading=\"lazy\" decoding=\"async\" src=\"\/wp-content\/uploads\/2018\/05\/payment.png\" alt=\"Paiement\" width=\"54\" height=\"54\" class=\"alignnone size-full wp-image-9228\" \/><\/div>\n<div class=\"three-fourths\">\n<p>Nous acceptons les cartes de cr\u00e9dit via Stripe.<\/p>\n<\/div>\n<\/div>\n<div class=\"one-fourth top-section\">\n<p><strong>Support<\/strong><\/p>\n<div class=\"one-fourth first\"><img loading=\"lazy\" decoding=\"async\" src=\"\/wp-content\/uploads\/2018\/05\/support.png\" alt=\"support\" width=\"54\" height=\"54\" class=\"alignnone size-full wp-image-9230\" \/><\/div>\n<div class=\"three-fourths\">\n<p>N\u2019h\u00e9sitez pas \u00e0 nous contacter.<\/p>\n<\/div>\n<\/div>\n<div class=\"clear-both\"><\/div>\n<div class=\"two-thirds first service-section\">\n<h2>Formulaire de site Web pour le marketing<\/h2>\n<p>webwilly offre des services de design de formulaires de site Web aux entreprises du Qu\u00e9bec qui ont un site Web h\u00e9berg\u00e9 avec webwilly. Ce service est destin\u00e9 aux entreprises qui ont besoin d&rsquo;un nouveau formulaire de site Web \u00e0 un prix avantageux. Votre nouveau formulaire de site Web sera ajout\u00e9 \u00e0 votre site Web webwilly existant. Les formulaires de site Web convertissent les visiteurs en prospects en lan\u00e7ant une conversation. Un formulaire de site Web peut \u00eatre utilis\u00e9 pour saisir les informations de contact des visiteurs et des prospects du site Web. Le m\u00eame formulaire de site Web peut appara\u00eetre sur plusieurs pages de site Web. Si vous souhaitez convertir les visiteurs en prospects, votre site Web devrait avoir un formulaire de site Web.\n<\/p>\n<\/div>\n<div class=\"one-fourth service-section\">\n<img decoding=\"async\" src=\"\/wp-content\/uploads\/2020\/01\/Website-Form-Design_Website-Form-Design.png\" class=\"centered\" alt=\"formulaire de site web\" width=\"250px\" height=\"250px\">\n<\/div>\n<div class=\"clear-both\"><\/div>\n<div class=\"two-thirds first service-section\">\n<h2>Objectifs du formulaire de site Web<\/h2>\n<p>\nLe formulaire de contact du site Web principal doit demander les coordonn\u00e9es des visiteurs et leurs questions ou commentaires. D&rsquo;autres formulaires peuvent avoir des objectifs plus sp\u00e9cifiques. En fonction de l&rsquo;objectif de votre formulaire, vous devrez s\u00e9lectionner le niveau de complexit\u00e9 appropri\u00e9. Un simple formulaire de contact est similaire pour chaque site Web. D&rsquo;autres types de formulaires sont plus d\u00e9taill\u00e9s et sp\u00e9cifiques aux besoins de l&rsquo;entreprise. Parlez-nous de vos besoins commerciaux, des champs obligatoires, du r\u00e9sultat souhait\u00e9, des avantages, du processus, et du courriel qui recevra les soumissions de formulaire.\n<\/p>\n<\/div>\n<div class=\"one-fourth service-section\">\n<img decoding=\"async\" src=\"\/wp-content\/uploads\/2020\/01\/Website-Form-Design_Website-Form-Design-Objectives.png\" class=\"centered\" alt=\"objectifs formulaire de site web\" width=\"250px\" height=\"250px\">\n<\/div>\n<div class=\"clear-both\"><\/div>\n<div class=\"one-half first service-section\">\n<h2>R\u00e9visions de design du formulaire<\/h2>\n<p>\nLes r\u00e9visions de design du formulaire du site Web permettent au client de r\u00e9viser le design du formulaire et de fournir des commentaires et des directives pour le design. Si vous voulez un design de base et ne voulez pas passer du temps \u00e0 r\u00e9viser le design, choisissez l&rsquo;option \u00abDesign final\u00bb. Si vous souhaitez r\u00e9viser le design et orienter le design vers vos pr\u00e9f\u00e9rences, s\u00e9lectionnez 1 ou 2 r\u00e9visions de design. Pour les clients qui souhaitent un design haut de gamme, plus de r\u00e9visions \u00e9quivaut \u00e0 plus d&rsquo;heures de design sur le design de votre formulaire. Les r\u00e9visions de design devraient \u00eatre constructives et d\u00e9taill\u00e9es.\n<\/p>\n<\/div>\n<div class=\"one-half service-section\">\n<div style=\"text-align:center;\">\n<h3>R\u00e9visions de design<\/h3>\n<\/div>\n<div class=\"pricing-table\">\n<div class=\"plan one-third first\">\n<h4>Design final<\/h4>\n<ul>\n<li>Heures de design<br \/>\n<em>Jusqu&rsquo;\u00e0 1 heure<\/em>\n<\/li>\n<\/ul>\n<\/div>\n<div class=\"plan one-third\">\n<h4>Design +1 r\u00e9vision<\/h4>\n<ul>\n<li>Heures de design<br \/>\n<em>Jusqu&rsquo;\u00e0 1h + 1h<\/em>\n<\/li>\n<\/ul>\n<\/div>\n<div class=\"plan one-third\">\n<h4>Design +2 r\u00e9visions<\/h4>\n<ul>\n<li>Heures de design<br \/>\n<em>Jusqu&rsquo;\u00e0 1h + 1h + 1h<\/em>\n<\/li>\n<\/ul>\n<\/div>\n<\/div>\n<\/div>\n<div class=\"clear-both\"><\/div>\n<div class=\"one-half first service-section\">\n<h2>Langage de design du formulaire<\/h2>\n<p>\nwebwilly fournit des services de design de formulaires de site Web en anglais, en fran\u00e7ais, ou 1 en anglais et 1 en fran\u00e7ais. Cette offre de services est sp\u00e9cialement con\u00e7ue pour les entreprises du Qu\u00e9bec qui ont besoin d&rsquo;une exp\u00e9rience de site Web dans les deux langues. Les clients qui ont un design de site Web bilingue devront s\u00e9lectionner l&rsquo;option de langue \u00ab1 anglais et 1 fran\u00e7ais\u00bb puisque webwilly doit cr\u00e9er un formulaire pour chaque langue. Cette option augmentera le co\u00fbt du formulaire de votre site Web, mais elle permettra \u00e9galement \u00e0 votre site Web de capturer des prospects dans les deux langues. Les clients qui ont un site Web en fran\u00e7ais doivent s\u00e9lectionner l&rsquo;option de langue \u00ab\u00a0Fran\u00e7ais\u00a0\u00bb. Les clients qui ont un site Web en anglais doivent s\u00e9lectionner l&rsquo;option de langue \u00ab\u00a0Anglais\u00a0\u00bb.\n<\/p>\n<\/div>\n<div class=\"one-half service-section\">\n<div style=\"text-align:center;\">\n<h3>Langue<\/h3>\n<\/div>\n<div class=\"pricing-table\">\n<div class=\"plan one-third first\">\n<h4>Anglais<\/h4>\n<ul>\n<li>Heures de design<br \/>\n<em>1x heures de design<\/em>\n<\/li>\n<li>Heures de contenu<br \/>\n<em>1x heures de contenu<\/em>\n<\/li>\n<li>Heures d&rsquo;administration<br \/>\n<em>1x heures d&rsquo;administration<\/em>\n<\/li>\n<\/ul>\n<\/div>\n<div class=\"plan one-third\">\n<h4>Fran\u00e7ais<\/h4>\n<ul>\n<li>Heures de design<br \/>\n<em>1x heures de design<\/em>\n<\/li>\n<li>Heures de contenu<br \/>\n<em>1x heures de contenu<\/em>\n<\/li>\n<li>Heures d&rsquo;administration<br \/>\n<em>1x heures d&rsquo;administration<\/em>\n<\/li>\n<\/ul>\n<\/div>\n<div class=\"plan one-third\">\n<h4>1 anglais et <br \/> 1 fran\u00e7ais <\/h4>\n<ul>\n<li>Heures de design<br \/>\n<em>1,75x heures de design<\/em>\n<\/li>\n<li>Heures de contenu<br \/>\n<em>1,75x heures de contenu<\/em>\n<\/li>\n<li>Heures d&rsquo;administration<br \/>\n<em>1,75x heures d&rsquo;administration<\/em>\n<\/li>\n<\/ul>\n<\/div>\n<\/div>\n<\/div>\n<div class=\"clear-both\"><\/div>\n<div class=\"one-half first service-section\">\n<h2>Contenu de design du formulaire<\/h2>\n<p>\nSi vous souhaitez que nous utilisions le contenu que vous fournissez, veuillez-nous le fournir enti\u00e8rement corriger et pr\u00eat \u00e0 \u00eatre utilis\u00e9. Choisissez l&rsquo;option \u00ab\u00a0Copier et coller\u00a0\u00bb et nous copierons et collerons ce que vous nous donnez dans le design de votre formulaire. Si vous souhaitez que nous corrigions le contenu du design de votre formulaire dans la ou les langues s\u00e9lectionn\u00e9es, s\u00e9lectionnez l&rsquo;option \u00abCorrection\u00bb. Si vous souhaitez que nous traduisions le contenu de votre design de formulaire entre l&rsquo;anglais et le fran\u00e7ais, s\u00e9lectionnez l&rsquo;option \u00abTraduction\u00bb. Si vous souhaitez que nous r\u00e9digions le contenu du design de votre formulaire dans la ou les langues de votre choix, s\u00e9lectionnez l&rsquo;option \u00ab\u00a0Cr\u00e9ation\u00a0\u00bb. Pour de meilleurs r\u00e9sultats, s\u00e9lectionnez l&rsquo;option \u00ab\u00a0Cr\u00e9ation\u00a0\u00bb et fournissez-nous le contenu.\n<\/p>\n<\/div>\n<div class=\"one-half service-section\">\n<div style=\"text-align:center;\">\n<h3>Contenu<\/h3>\n<\/div>\n<div class=\"pricing-table\">\n<div class=\"plan one-fourth first\">\n<h4>Copier et coller<\/h4>\n<ul>\n<li>Heures de contenu<br \/>\n<em>Pas d&rsquo;heures incluses<\/em>\n<\/li>\n<li>Travail de contenu<br \/>\n<em>Aucun<\/em>\n<\/li>\n<\/ul>\n<\/div>\n<div class=\"plan one-fourth\">\n<h4>Correction<\/h4>\n<ul>\n<li>Heures de contenu<br \/>\n<em>Jusqu&rsquo;\u00e0 1 heure<\/em>\n<\/li>\n<li>Travail de contenu<br \/>\n<em>Correction du contenu<\/em>\n<\/li>\n<\/ul>\n<\/div>\n<div class=\"plan one-fourth\">\n<h4>Traduction<\/h4>\n<ul>\n<li>Heures de contenu<br \/>\n<em>Jusqu&rsquo;\u00e0 2 heures<\/em>\n<\/li>\n<li>Travail de contenu<br \/>\n<em>Traduction et correction<\/em>\n<\/li>\n<\/ul>\n<\/div>\n<div class=\"plan one-fourth\">\n<h4>Cr\u00e9ation<\/h4>\n<ul>\n<li>Heures de contenu<br \/>\n<em>Jusqu&rsquo;\u00e0 3 heures<\/em>\n<\/li>\n<li>Travail de contenu<br \/>\n<em>Cr\u00e9ation, traduction, et correction<\/em>\n<\/li>\n<\/ul>\n<\/div>\n<\/div>\n<\/div>\n<div class=\"clear-both\"><\/div>\n<div class=\"one-half first service-section\">\n<h2>Complexit\u00e9 de design du formulaire<\/h2>\n<p>\nLes formulaires de site Web peuvent \u00eatre uniques dans leurs exigences. Les formulaires \u00abContactez-nous\u00bb sont limit\u00e9s aux champs de base tels que le pr\u00e9nom, le nom, le t\u00e9l\u00e9phone, l&rsquo;adresse e-mail et une bo\u00eete de message. Les formulaires \u00abD&rsquo;abonnement par e-mail\u00bb sont des formulaires plus complexes qui peuvent s&rsquo;int\u00e9grer \u00e0 votre plateforme de marketing par e-mail webwilly et abonner les utilisateurs des formulaires \u00e0 votre newsletter. Les formulaires \u00abDemande de devis\u00bb rassemblent des informations d\u00e9taill\u00e9es sur un client potentiel et sa demande de service ou de produit.\n<\/p>\n<\/div>\n<div class=\"one-half service-section\">\n<div style=\"text-align:center;\">\n<h3>Complexit\u00e9<\/h3>\n<\/div>\n<div class=\"pricing-table\">\n<div class=\"plan one-third first\">\n<h4>Contactez-nous<\/h4>\n<ul>\n<li>Heures d&rsquo;administration<br \/>\n<em>Jusqu&rsquo;\u00e0 1 heure<\/em>\n<\/li>\n<li>Niveau de complexit\u00e9<br \/>\n<em>Champs de base de contact et d&rsquo;informations personnelles<\/em>\n<\/li>\n<\/ul>\n<\/div>\n<div class=\"plan one-third\">\n<h4>Abonnement par e-mail<\/h4>\n<ul>\n<li>Heures d&rsquo;administration<br \/>\n<em>Jusqu&rsquo;\u00e0 2 heures<\/em>\n<\/li>\n<li>Niveau de complexit\u00e9<br \/>\n<em>Champs de base et d&rsquo;abonnement \u00e0 la newsletter<\/em>\n<\/li>\n<\/ul>\n<\/div>\n<div class=\"plan one-third\">\n<h4>Demande de devis<\/h4>\n<ul>\n<li>Heures d&rsquo;administration<br \/>\n<em>Jusqu&rsquo;\u00e0 3 heures<\/em>\n<\/li>\n<li>Niveau de complexit\u00e9<br \/>\n<em>Champs de base, d&rsquo;abonnement, et sp\u00e9cifiques \u00e0 l&rsquo;industrie<\/em>\n<\/li>\n<\/ul>\n<\/div>\n<\/div>\n<\/div>\n","protected":false},"excerpt":{"rendered":"<ul class=\"red-dot\" style=\"margin-bottom:35px;margin-left:20px;\">\n<li>Design, programmation, et administration de formulaires de site Web<\/li>\n<li>Les formulaires contactez-nous capturent les coordonn\u00e9es des clients<\/li>\n<li>Les formulaires contactez-nous capturent aussi les demandes des clients<\/li>\n<li>Les formulaires d&rsquo;abonnement abonnent les utilisateurs \u00e0 votre newsletter<\/li>\n<li>Les formulaires de demande de devis capturent des informations sp\u00e9cifiques<\/li>\n<li>Voir des exemples de formulaires\u00a0: <a href=\"http:\/\/client.webwilly.ca\/fr\/contactez-nous\/\" rel=\"noopener\" target=\"_blank\">client.webwilly.ca\/fr\/contactez-nous\/<\/a><\/li>\n<li>T\u00e9l\u00e9charger un <a href=\"\/wp-content\/uploads\/2021\/11\/Modele-de-contenu-de-formulaire-de-site-Web-1.docx\">document Word<\/a> contenant un mod\u00e8le de contenu<\/li>\n<li>Les entr\u00e9es de formulaire sont envoy\u00e9es directement \u00e0 votre courriel<\/li>\n<li>N\u00e9cessite l&rsquo;h\u00e9bergement de site Web dans la langue correspondante<\/li>\n<\/ul>\n","protected":false},"featured_media":25719,"comment_status":"open","ping_status":"closed","template":"","meta":{"_genesis_hide_title":false,"_genesis_hide_breadcrumbs":false,"_genesis_hide_singular_image":false,"_genesis_hide_footer_widgets":false,"_genesis_custom_body_class":"","_genesis_custom_post_class":"","_genesis_layout":""},"product_brand":[],"product_cat":[85,38,47],"product_tag":[],"class_list":{"0":"post-19088","1":"product","2":"type-product","3":"status-publish","4":"has-post-thumbnail","6":"product_cat-design-de-site-web","7":"product_cat-marketing-numerique","8":"product_cat-services-de-design-de-site-web","9":"entry","11":"first","12":"instock","13":"shipping-taxable","14":"purchasable","15":"product-type-variable"},"exclude_global_add_ons":false,"addons":[{"name":"Budget d'images stock","type":"custom_price","position":0,"required":false,"title_format":"heading","default":"","description_enable":true,"description":"Les images de stock haut de gamme co\u00fbtent environ 20$ +taxes par image. Les images de stock r\u00e9guli\u00e8res co\u00fbtent environ 10$ +taxes par image. Soumettez vos pr\u00e9f\u00e9rences dans les d\u00e9tails de design. Budget minimum de 25$. Laissez ce champ vide si vous t\u00e9l\u00e9versez vos propres images. Si vous ne fournissez pas d'images et ne fournissez pas de budget, nous utiliserons des images de stock gratuites et moins attrayantes. Un cr\u00e9dit peut \u00eatre accord\u00e9 au photographe.","placeholder_enable":false,"placeholder":"","display":"select","restrictions_type":"any_text","adjust_price":false,"price":"","price_type":"quantity_based","restrictions":true,"min":"25","max":"555","options":[]}],"_links":{"self":[{"href":"https:\/\/webwilly.ca\/fr\/wp-json\/wp\/v2\/product\/19088","targetHints":{"allow":["GET"]}}],"collection":[{"href":"https:\/\/webwilly.ca\/fr\/wp-json\/wp\/v2\/product"}],"about":[{"href":"https:\/\/webwilly.ca\/fr\/wp-json\/wp\/v2\/types\/product"}],"replies":[{"embeddable":true,"href":"https:\/\/webwilly.ca\/fr\/wp-json\/wp\/v2\/comments?post=19088"}],"wp:featuredmedia":[{"embeddable":true,"href":"https:\/\/webwilly.ca\/fr\/wp-json\/wp\/v2\/media\/25719"}],"wp:attachment":[{"href":"https:\/\/webwilly.ca\/fr\/wp-json\/wp\/v2\/media?parent=19088"}],"wp:term":[{"taxonomy":"product_brand","embeddable":true,"href":"https:\/\/webwilly.ca\/fr\/wp-json\/wp\/v2\/product_brand?post=19088"},{"taxonomy":"product_cat","embeddable":true,"href":"https:\/\/webwilly.ca\/fr\/wp-json\/wp\/v2\/product_cat?post=19088"},{"taxonomy":"product_tag","embeddable":true,"href":"https:\/\/webwilly.ca\/fr\/wp-json\/wp\/v2\/product_tag?post=19088"}],"curies":[{"name":"wp","href":"https:\/\/api.w.org\/{rel}","templated":true}]}}