{"id":19050,"date":"2021-01-31T02:56:35","date_gmt":"2021-01-31T02:56:35","guid":{"rendered":"https:\/\/webwilly.ca\/buy\/design-de-site-web\/"},"modified":"2024-02-08T10:20:50","modified_gmt":"2024-02-08T15:20:50","slug":"theme-et-page-daccueil-de-site-web","status":"publish","type":"product","link":"https:\/\/webwilly.ca\/fr\/acheter\/marketing-numerique\/services-de-design-de-site-web\/design-de-site-web\/theme-et-page-daccueil-de-site-web\/","title":{"rendered":"Th\u00e8me et page d&rsquo;accueil de site Web"},"content":{"rendered":"<div class=\"one-fourth first top-section\">\n<p><strong>Objectifs<\/strong><\/p>\n<div class=\"one-fourth first\"><img loading=\"lazy\" decoding=\"async\" src=\"\/wp-content\/uploads\/2019\/05\/Profile.png\" alt=\"Objectifs\" width=\"54\" height=\"54\" class=\"alignnone size-full wp-image-9224\" \/><\/div>\n<div class=\"three-fourths\">\n<p>Incluez vos objectifs pour ce design sp\u00e9cifique.<\/p>\n<\/div>\n<\/div>\n<div class=\"one-fourth top-section\">\n<p><strong>Dur\u00e9e<\/strong><\/p>\n<div class=\"one-fourth first\"><img loading=\"lazy\" decoding=\"async\" src=\"\/wp-content\/uploads\/2018\/05\/Process-Delay.png\" alt=\"Dur\u00e9e\" width=\"54\" height=\"54\" class=\"alignnone size-full wp-image-9198\" \/><\/div>\n<div class=\"three-fourths\">\n<p>Jusqu&rsquo;\u00e0 15 jours ouvrables pour le premier design.<\/p>\n<\/div>\n<\/div>\n<div class=\"one-fourth top-section\">\n<p><strong>H\u00e9bergement<\/strong><\/p>\n<div class=\"one-fourth first\"><img loading=\"lazy\" decoding=\"async\" src=\"\/wp-content\/uploads\/2018\/05\/templates.png\" alt=\"H\u00e9bergement\" width=\"54\" height=\"54\" class=\"alignnone size-full wp-image-9224\" \/><\/div>\n<div class=\"three-fourths\">\n<p><a href=\"\/fr\/acheter\/marketing-numerique\/services-de-design-de-site-web\/hebergement-et-securite-de-sites-web\/hebergement-et-maintenance-de-site-web\/\">H\u00e9bergement de site Web<\/a> requis.<\/p>\n<\/div>\n<\/div>\n<div class=\"one-fourth top-section\">\n<p><strong>Licence<\/strong><\/p>\n<div class=\"one-fourth first\"><img loading=\"lazy\" decoding=\"async\" src=\"\/wp-content\/uploads\/2019\/05\/pictures.png\" alt=\"Licence\" width=\"54\" height=\"54\" class=\"alignnone size-full wp-image-9230\" \/><\/div>\n<div class=\"three-fourths\">T\u00e9l\u00e9versez votre propri\u00e9t\u00e9 intellectuelle.<\/p>\n<\/div>\n<\/div>\n<div class=\"one-fourth first top-section\">\n<p><strong>Design<\/strong><\/p>\n<div class=\"one-fourth first\"><img loading=\"lazy\" decoding=\"async\" src=\"\/wp-content\/uploads\/2021\/07\/webwilly-marketing-services.png\" alt=\"Design\" width=\"54\" height=\"54\" class=\"alignnone size-full wp-image-9192\" \/><\/div>\n<div class=\"three-fourths\">\n<p>Style de design, polices et couleurs de votre marque.<\/p>\n<\/div>\n<\/div>\n<div class=\"one-fourth top-section\"><strong>Bilingue<\/strong><\/p>\n<div class=\"one-fourth first\">\n<img loading=\"lazy\" decoding=\"async\" src=\"\/wp-content\/uploads\/2019\/05\/models.png\" alt=\"Bilingue\" width=\"54\" height=\"54\" class=\"alignnone size-full wp-image-9194\" \/><\/div>\n<div class=\"three-fourths\">\n<p>Service offert en anglais et en fran\u00e7ais.<\/p>\n<\/div>\n<\/div>\n<div class=\"one-fourth top-section\">\n<p><strong>Paiement<\/strong><\/p>\n<div class=\"one-fourth first\"><img loading=\"lazy\" decoding=\"async\" src=\"\/wp-content\/uploads\/2018\/05\/payment.png\" alt=\"Paiement\" width=\"54\" height=\"54\" class=\"alignnone size-full wp-image-9228\" \/><\/div>\n<div class=\"three-fourths\">\n<p>Nous acceptons les cartes de cr\u00e9dit via Stripe.<\/p>\n<\/div>\n<\/div>\n<div class=\"one-fourth top-section\">\n<p><strong>Support<\/strong><\/p>\n<div class=\"one-fourth first\"><img loading=\"lazy\" decoding=\"async\" src=\"\/wp-content\/uploads\/2018\/05\/support.png\" alt=\"support\" width=\"54\" height=\"54\" class=\"alignnone size-full wp-image-9230\" \/><\/div>\n<div class=\"three-fourths\">\n<p>N\u2019h\u00e9sitez pas \u00e0 nous contacter.<\/p>\n<\/div>\n<\/div>\n<div class=\"clear-both\"><\/div>\n<div class=\"two-thirds first service-section\">\n<h2>Design de page d&rsquo;accueil et th\u00e8me de site Web pour le marketing<\/h2>\n<p>webwilly offre des services de design de page d&rsquo;accueil et th\u00e8me de site Web aux entreprises du Qu\u00e9bec. Ce service est destin\u00e9 aux entreprises qui ont besoin d&rsquo;un nouveau design de page d&rsquo;accueil et th\u00e8me de site Web \u00e0 un prix avantageux. Le design de votre site Web doit correspondre \u00e0 votre marque et \u00e0 vos objectifs marketing. Un site Web fait toujours partie de toute strat\u00e9gie de marketing en ligne. C&rsquo;est un outil important pour le d\u00e9veloppement des affaires en ligne. Le design de page d&rsquo;accueil et th\u00e8me de site Web pour diff\u00e9rentes entreprises peut avoir des objectifs tr\u00e8s distincts. Ce service changera le design de votre site Web en changeant le th\u00e8me utilis\u00e9 et en le personnalisant pour votre marque. Cette personnalisation comprend \u00e9galement un nouveau design de page d&rsquo;accueil.\n<\/p>\n<\/div>\n<div class=\"one-third service-section\">\n<img decoding=\"async\" src=\"\/wp-content\/uploads\/2020\/01\/website-design_Website-Design.png\" class=\"centered\" alt=\"site web\" width=\"250px\" height=\"250px\">\n<\/div>\n<div class=\"clear-both\"><\/div>\n<div class=\"one-half first service-section\">\n<h2>R\u00e9visions de design de page d&rsquo;accueil et th\u00e8me de site Web<\/h2>\n<p>\nLes r\u00e9visions de design de page d&rsquo;accueil et th\u00e8me de site Web permettent \u00e0 un client de site Web de r\u00e9viser le design de page d&rsquo;accueil et th\u00e8me de site Web et de fournir des commentaires et une orientation pour le design. Si vous voulez un design de base et ne voulez pas passer du temps \u00e0 r\u00e9viser le design, choisissez l&rsquo;option \u00abDesign final\u00bb. Si vous souhaitez r\u00e9viser le design et orienter le design vers vos pr\u00e9f\u00e9rences, s\u00e9lectionnez 1 ou 2 r\u00e9visions de design. Pour notre meilleur design, plus de r\u00e9visions \u00e9quivaut \u00e0 plus d&rsquo;heures de design sur le design de votre site Web. Les r\u00e9visions de design devraient \u00eatre constructives et d\u00e9taill\u00e9es.\n<\/p>\n<\/div>\n<div class=\"one-half service-section\">\n<div style=\"text-align:center;\">\n<h3>R\u00e9visions de design<\/h3>\n<\/div>\n<div class=\"pricing-table\">\n<div class=\"plan one-third first\">\n<h4>Design Final<\/h4>\n<ul>\n<li>Heures de design<br \/>\n<em>Jusqu&rsquo;\u00e0 5 heures<\/em>\n<\/li>\n<li>Budget des mat\u00e9riaux<br \/>\n<em>Jusqu&rsquo;\u00e0 150$<\/em>\n<\/li>\n<\/ul>\n<\/div>\n<div class=\"plan one-third\">\n<h4>Design +1 R\u00e9vision<\/h4>\n<ul>\n<li>Heures de design<br \/>\n<em>Jusqu&rsquo;\u00e0 5h + 5h<\/em>\n<\/li>\n<li>Budget des mat\u00e9riaux<br \/>\n<em>Jusqu&rsquo;\u00e0 150$ + 150$<\/em>\n<\/li>\n<\/ul>\n<\/div>\n<div class=\"plan one-third\">\n<h4>Design +2 r\u00e9visions<\/h4>\n<ul>\n<li>Heures de design<br \/>\n<em>Jusqu&rsquo;\u00e0 5h + 5h + 5h<\/em>\n<\/li>\n<li>Budget des mat\u00e9riaux<br \/>\n<em>Jusqu&rsquo;\u00e0 150$ + 150$ + 150$<\/em>\n<\/li>\n<\/ul>\n<\/div>\n<\/div>\n<\/div>\n<div class=\"clear-both\"><\/div>\n<div class=\"one-half first service-section\">\n<h2>Langage de design de page d&rsquo;accueil et th\u00e8me de site Web<\/h2>\n<p>\nwebwilly fournit des services de design de page d&rsquo;accueil et th\u00e8me de site Web en anglais, en fran\u00e7ais, ou 1 en anglais et 1 en fran\u00e7ais. Cette offre de services est sp\u00e9cialement con\u00e7ue pour les entreprises du Qu\u00e9bec qui ont besoin d&rsquo;une exp\u00e9rience de site Web dans les deux langues. Le design de page d&rsquo;accueil et th\u00e8me de site Web \u00ab1 anglais et 1 fran\u00e7ais\u00bb est programm\u00e9e pour que les utilisateurs puissent facilement basculer entre les deux langues. Cette option augmentera le co\u00fbt de votre site Web, mais elle permet \u00e9galement \u00e0 votre site Web de cibler deux d\u00e9mographiques de march\u00e9 diff\u00e9rentes.\n<\/p>\n<\/div>\n<div class=\"one-half service-section\">\n<div style=\"text-align:center;\">\n<h3>Langue<\/h3>\n<\/div>\n<div class=\"pricing-table\">\n<div class=\"plan one-third first\">\n<h4>Anglais<\/h4>\n<ul>\n<li>Heures de design<br \/>\n<em>1x heures de design<\/em>\n<\/li>\n<li>Heures de contenu<br \/>\n<em>1x heures de contenu<\/em>\n<\/li>\n<\/ul>\n<\/div>\n<div class=\"plan one-third\">\n<h4>Fran\u00e7ais<\/h4>\n<ul>\n<li>Heures de design<br \/>\n<em>1x heures de design<\/em>\n<\/li>\n<li>Heures de contenu<br \/>\n<em>1x heures de contenu<\/em>\n<\/li>\n<\/ul>\n<\/div>\n<div class=\"plan one-third\">\n<h4>1 anglais et <br \/> 1 fran\u00e7ais<\/h4>\n<ul>\n<li>Heures de design<br \/>\n<em>1,75x heures de design<\/em>\n<\/li>\n<li>Heures de contenu<br \/>\n<em>1,75x heures de contenu<\/em>\n<\/li>\n<\/ul>\n<\/div>\n<\/div>\n<\/div>\n<div class=\"clear-both\"><\/div>\n<div class=\"one-half first service-section\">\n<h2>Contenu de design de page d&rsquo;accueil et th\u00e8me de site Web<\/h2>\n<p>\nSi vous souhaitez que nous utilisions le contenu que vous fournissez, veuillez-nous le fournir enti\u00e8rement corrig\u00e9 et pr\u00eat \u00e0 \u00eatre utilis\u00e9. Choisissez l&rsquo;option \u00ab\u00a0Copier et coller\u00a0\u00bb et nous copierons et collerons ce que vous nous donnez dans le design de votre site Web. Si vous souhaitez que nous corrigions le contenu du design de votre site Web dans la ou les langues s\u00e9lectionn\u00e9es, s\u00e9lectionnez l&rsquo;option \u00abCorrection\u00bb. Si vous souhaitez que nous traduisions le contenu du design de votre site Web entre l&rsquo;anglais et le fran\u00e7ais, s\u00e9lectionnez l&rsquo;option \u00abTraduction\u00bb. Si vous souhaitez que nous r\u00e9digions le contenu du design de votre site Web dans la ou les langues de votre choix, s\u00e9lectionnez l&rsquo;option \u00ab\u00a0Cr\u00e9ation\u00a0\u00bb. Pour notre meilleur service, s\u00e9lectionnez l&rsquo;option \u00ab Cr\u00e9ation \u00bb et fournissez-nous du contenu.\n<\/p>\n<\/div>\n<div class=\"one-half service-section\">\n<div style=\"text-align:center;\">\n<h3>Contenu<\/h3>\n<\/div>\n<div class=\"pricing-table\">\n<div class=\"plan one-fourth first\">\n<h4>Copier et coller<\/h4>\n<ul>\n<li>Heures de contenu<br \/>\n<em>Aucune<\/em>\n<\/li>\n<li>Travail de contenu<br \/>\n<em>Aucun<\/em>\n<\/li>\n<\/ul>\n<\/div>\n<div class=\"plan one-fourth\">\n<h4>Correction<\/h4>\n<ul>\n<li>Heures de contenu<br \/>\n<em>Jusqu&rsquo;\u00e0 2 heures<\/em>\n<\/li>\n<li>Travail de contenu<br \/>\n<em>Correction du contenu<\/em>\n<\/li>\n<\/ul>\n<\/div>\n<div class=\"plan one-fourth\">\n<h4>Traduction<\/h4>\n<ul>\n<li>Heures de contenu<br \/>\n<em>Jusqu&rsquo;\u00e0 4 heures<\/em>\n<\/li>\n<li>Travail de contenu<br \/>\n<em>Traduction et correction<\/em>\n<\/li>\n<\/ul>\n<\/div>\n<div class=\"plan one-fourth\">\n<h4>Cr\u00e9ation<\/h4>\n<ul>\n<li>Heures de contenu<br \/>\n<em>Jusqu&rsquo;\u00e0 6 heures<\/em>\n<\/li>\n<li>Travail de contenu<br \/>\n<em>Cr\u00e9ation, traduction, et correction<\/em>\n<\/li>\n<\/ul>\n<\/div>\n<\/div>\n<\/div>\n<div class=\"clear-both\"><\/div>\n<div class=\"two-thirds first service-section\">\n<h2>La page d&rsquo;accueil, l&rsquo;en-t\u00eate, et le pied de page<\/h2>\n<p>\nCe service comprend le design des diff\u00e9rentes sections qui composent la page d&rsquo;accueil de votre site Web. Nous travaillerons \u00e9galement sur la section d&rsquo;en-t\u00eate sup\u00e9rieure du site Web qui se trouve g\u00e9n\u00e9ralement au-dessus du menu principal. Dans cette section d&rsquo;en-t\u00eate, nous pouvons ajouter votre logo, votre num\u00e9ro de t\u00e9l\u00e9phone et un appel \u00e0 l&rsquo;action. Nous allons d\u00e9signer \u00e9galement la section pied de page de votre site Web. Tout comme l&rsquo;en-t\u00eate, la section pied de page du site Web, en bas, reste la m\u00eame sur toutes les pages. Nous pouvons d\u00e9signer votre pied de page pour inclure les coordonn\u00e9es de votre entreprise, des liens vers des pages, des liens vers des cat\u00e9gories de blog, un appel \u00e0 l&rsquo;action, ou des liens vers vos profils de r\u00e9seaux sociaux.\n<\/p>\n<\/div>\n<div class=\"one-third service-section\">\n<img decoding=\"async\" src=\"\/wp-content\/uploads\/2020\/01\/website-design_Website-Header-and-Footer.png\" class=\"centered\" alt=\"design site web en-t\u00eate et pied de page\" width=\"250px\" height=\"250px\">\n<\/div>\n<div class=\"clear-both\"><\/div>\n<div class=\"two-thirds first service-section\">\n<h2>Structure de menu am\u00e9lior\u00e9e<\/h2>\n<p>\nUn autre \u00e9l\u00e9ment important du design d&rsquo;un site Web consiste \u00e0 cr\u00e9er les menus et sous-menus du site Web. Le menu principal se trouve g\u00e9n\u00e9ralement juste en dessous de la section d&rsquo;en-t\u00eate et avant le corps principal. Ce menu principal doit se concentrer sur les pages de votre site Web les plus importantes. Certains th\u00e8mes sont accompagn\u00e9s de sous-menus dans le cadre de leur design. Ces sous-menus peuvent \u00eatre utilis\u00e9s pour acc\u00e9der \u00e0 d&rsquo;autres pages moins importantes. Le menu principal comprendra souvent un s\u00e9lecteur de langue et un lien vers la page Contactez-nous. En fonction de la taille du site Web et des objectifs commerciaux, le pied de page peut \u00e9galement contenir un menu.\n<\/p>\n<\/div>\n<div class=\"one-third service-section\">\n<img decoding=\"async\" src=\"\/wp-content\/uploads\/2020\/01\/website-design_Website-Menu-Structure.png\" class=\"centered\" alt=\"menu site Web\" width=\"250px\" height=\"250px\">\n<\/div>\n<div class=\"clear-both\"><\/div>\n<div class=\"two-thirds first service-section\">\n<h2>Int\u00e9grer les ic\u00f4nes de m\u00e9dias sociaux<\/h2>\n<p>\nLes entreprises veulent toujours afficher leurs comptes de m\u00e9dias sociaux. Ce faisant, les visiteurs du site Web peuvent cliquer sur ces liens et visiter leurs r\u00e9seaux sociaux. Ces ic\u00f4nes seront plac\u00e9es dans l&rsquo;en-t\u00eate et \/ ou le pied de page de votre site Web. Ils dirigeront le visiteur du site Web vers la page de m\u00e9dias sociaux s\u00e9lectionn\u00e9e. Cela vous aidera \u00e0 augmenter votre suivi social et \u00e0 fournir un acc\u00e8s rapide \u00e0 toute personne souhaitant se connecter avec votre entreprise.<\/p>\n<\/div>\n<div class=\"one-third service-section\">\n<img decoding=\"async\" src=\"\/wp-content\/uploads\/2020\/01\/website-design_Website-Social-Media-Integration.png\" class=\"centered\" alt=\"int\u00e9grer les m\u00e9dias sociaux\" width=\"250px\" height=\"250px\">\n<\/div>\n<div class=\"clear-both\"><\/div>\n<div class=\"two-thirds first service-section\">\n<h2>Int\u00e9grer l&rsquo;appel \u00e0 l&rsquo;action<\/h2>\n<p>\nLes sites Web doivent se concentrer sur ce qui est important pour l&rsquo;entreprise et ses objectifs. L&rsquo;int\u00e9gration d&rsquo;un appel \u00e0 l&rsquo;action dans le design de votre site Web aidera \u00e0 concentrer l&rsquo;attention des visiteurs sur votre objectif commercial principal. Quelle est l&rsquo;action id\u00e9ale qu&rsquo;un visiteur de site Web devrait entreprendre lors de la visite de votre site Web? Concentrez votre message pour les convaincre d&rsquo;accomplir cette action importante. Voici quelques exemples d&rsquo;objectifs d&rsquo;appel \u00e0 l&rsquo;action: obtenir plus d&rsquo;appels, augmenter les abonnements \u00e0 la newsletter, recevoir des demandes de devis, ou augmenter le nombre de suivis sur les r\u00e9seaux sociaux.\n<\/p>\n<\/div>\n<div class=\"one-third service-section\">\n<img decoding=\"async\" src=\"\/wp-content\/uploads\/2020\/01\/website-design_Website-call-to-action-integration.png\" class=\"centered\" alt=\"appel \u00e0 l'action\" width=\"250px\" height=\"250px\">\n<\/div>\n","protected":false},"excerpt":{"rendered":"<ul class=\"red-dot\" style=\"margin-bottom:35px;margin-left:20px;\">\n<li>Design avec le logo et les couleurs de votre entreprise<\/li>\n<li>Installation et configuration du th\u00e8me WordPress<\/li>\n<li>Design de la page d&rsquo;accueil, de l&rsquo;en-t\u00eate, et du pied de page<\/li>\n<li>Am\u00e9lioration de la structure du menu du site Web<\/li>\n<li>Int\u00e9gration des m\u00e9dias sociaux<\/li>\n<li>Ajouter un appel \u00e0 l&rsquo;action<\/li>\n<li>T\u00e9l\u00e9charger un <a href=\"\/wp-content\/uploads\/2021\/12\/Modele-de-contenu-de-page-daccueil-de-site-Web.docx\">document Word<\/a> contenant un mod\u00e8le de page d&rsquo;accueil<\/li>\n<li>N\u00e9cessite un abonnement \u00e0 l&rsquo;h\u00e9bergement de site Web dans la langue correspondante<\/li>\n<\/ul>\n","protected":false},"featured_media":25721,"comment_status":"open","ping_status":"closed","template":"","meta":{"_genesis_hide_title":false,"_genesis_hide_breadcrumbs":false,"_genesis_hide_singular_image":false,"_genesis_hide_footer_widgets":false,"_genesis_custom_body_class":"","_genesis_custom_post_class":"","_genesis_layout":""},"product_brand":[],"product_cat":[85,38,47],"product_tag":[],"class_list":{"0":"post-19050","1":"product","2":"type-product","3":"status-publish","4":"has-post-thumbnail","6":"product_cat-design-de-site-web","7":"product_cat-marketing-numerique","8":"product_cat-services-de-design-de-site-web","9":"entry","11":"first","12":"instock","13":"sold-individually","14":"shipping-taxable","15":"purchasable","16":"product-type-variable"},"exclude_global_add_ons":false,"addons":[{"name":"Budget d'images stock","type":"custom_price","position":0,"required":false,"title_format":"heading","default":"","description_enable":true,"description":"Les images de stock haut de gamme co\u00fbtent environ 20$ +taxes par image. Les images de stock r\u00e9guli\u00e8res co\u00fbtent environ 10$ +taxes par image. Soumettez vos pr\u00e9f\u00e9rences dans les d\u00e9tails de design. Budget minimum de 25$. Laissez ce champ vide si vous t\u00e9l\u00e9versez vos propres images. Si vous ne fournissez pas d'images et ne fournissez pas de budget, nous utiliserons des images de stock gratuites et moins attrayantes. Un cr\u00e9dit peut \u00eatre accord\u00e9 au photographe.","placeholder_enable":false,"placeholder":"","display":"select","restrictions_type":"any_text","adjust_price":false,"price":"","price_type":"quantity_based","restrictions":true,"min":"25","max":"555","options":[]}],"_links":{"self":[{"href":"https:\/\/webwilly.ca\/fr\/wp-json\/wp\/v2\/product\/19050","targetHints":{"allow":["GET"]}}],"collection":[{"href":"https:\/\/webwilly.ca\/fr\/wp-json\/wp\/v2\/product"}],"about":[{"href":"https:\/\/webwilly.ca\/fr\/wp-json\/wp\/v2\/types\/product"}],"replies":[{"embeddable":true,"href":"https:\/\/webwilly.ca\/fr\/wp-json\/wp\/v2\/comments?post=19050"}],"wp:featuredmedia":[{"embeddable":true,"href":"https:\/\/webwilly.ca\/fr\/wp-json\/wp\/v2\/media\/25721"}],"wp:attachment":[{"href":"https:\/\/webwilly.ca\/fr\/wp-json\/wp\/v2\/media?parent=19050"}],"wp:term":[{"taxonomy":"product_brand","embeddable":true,"href":"https:\/\/webwilly.ca\/fr\/wp-json\/wp\/v2\/product_brand?post=19050"},{"taxonomy":"product_cat","embeddable":true,"href":"https:\/\/webwilly.ca\/fr\/wp-json\/wp\/v2\/product_cat?post=19050"},{"taxonomy":"product_tag","embeddable":true,"href":"https:\/\/webwilly.ca\/fr\/wp-json\/wp\/v2\/product_tag?post=19050"}],"curies":[{"name":"wp","href":"https:\/\/api.w.org\/{rel}","templated":true}]}}