{"id":18904,"date":"2021-01-30T03:31:04","date_gmt":"2021-01-30T03:31:04","guid":{"rendered":"https:\/\/webwilly.ca\/buy\/article-de-blog-de-site-web\/"},"modified":"2024-02-08T10:07:36","modified_gmt":"2024-02-08T15:07:36","slug":"article-de-blog-de-site-web","status":"publish","type":"product","link":"https:\/\/webwilly.ca\/fr\/acheter\/marketing-numerique\/services-de-design-de-site-web\/design-de-site-web\/article-de-blog-de-site-web\/","title":{"rendered":"Article de blog de site Web"},"content":{"rendered":"<div class=\"one-fourth first top-section\">\n<p><strong>Objectifs<\/strong><\/p>\n<\/p>\n<div class=\"one-fourth first\"><img loading=\"lazy\" decoding=\"async\" src=\"\/wp-content\/uploads\/2019\/05\/Profile.png\" alt=\"Objectifs\" width=\"54\" height=\"54\" class=\"alignnone size-full wp-image-9224\" \/><\/div>\n<div class=\"three-fourths\">\n<p>Incluez vos objectifs pour ce design sp\u00e9cifique.<\/p>\n<\/div>\n<\/div>\n<div class=\"one-fourth top-section\">\n<p><strong>Dur\u00e9e<\/strong><\/p>\n<div class=\"one-fourth first\"><img loading=\"lazy\" decoding=\"async\" src=\"\/wp-content\/uploads\/2018\/05\/Process-Delay.png\" alt=\"Dur\u00e9e\" width=\"54\" height=\"54\" class=\"alignnone size-full wp-image-9198\" \/><\/div>\n<div class=\"three-fourths\">\n<p>Jusqu&rsquo;\u00e0 10 jours ouvrables pour le premier design.<\/p>\n<\/div>\n<\/div>\n<div class=\"one-fourth top-section\">\n<p><strong>H\u00e9bergement<\/strong><\/p>\n<div class=\"one-fourth first\"><img loading=\"lazy\" decoding=\"async\" src=\"\/wp-content\/uploads\/2018\/05\/templates.png\" alt=\"H\u00e9bergement\" width=\"54\" height=\"54\" class=\"alignnone size-full wp-image-9224\" \/><\/div>\n<div class=\"three-fourths\">\n<p><a href=\"\/fr\/acheter\/marketing-numerique\/services-de-design-de-site-web\/hebergement-et-securite-de-sites-web\/hebergement-et-maintenance-de-site-web\/\">H\u00e9bergement de site Web<\/a> requis.<\/p>\n<\/div>\n<\/div>\n<div class=\"one-fourth top-section\">\n<p><strong>Licence<\/strong><\/p>\n<div class=\"one-fourth first\"><img loading=\"lazy\" decoding=\"async\" src=\"\/wp-content\/uploads\/2019\/05\/pictures.png\" alt=\"Licence\" width=\"54\" height=\"54\" class=\"alignnone size-full wp-image-9230\" \/><\/div>\n<div class=\"three-fourths\">\n<p>T\u00e9l\u00e9versez votre propri\u00e9t\u00e9 intellectuelle.<\/p>\n<\/div>\n<\/div>\n<div class=\"one-fourth first top-section\">\n<p><strong>Design<\/strong><\/p>\n<div class=\"one-fourth first\"><img loading=\"lazy\" decoding=\"async\" src=\"\/wp-content\/uploads\/2021\/07\/webwilly-marketing-services.png\" alt=\"Paper-Card-Stock\" width=\"54\" height=\"54\" class=\"alignnone size-full wp-image-9192\" \/><\/div>\n<div class=\"three-fourths\">\n<p>Style de design, polices et couleurs de votre marque.<\/p>\n<\/div>\n<\/div>\n<div class=\"one-fourth top-section\">\n<p><strong>Bilingue<\/strong><\/p>\n<div class=\"one-fourth first\"><img loading=\"lazy\" decoding=\"async\" src=\"\/wp-content\/uploads\/2019\/05\/models.png\" alt=\"Bilingue\" width=\"54\" height=\"54\" class=\"alignnone size-full wp-image-9194\" \/><\/div>\n<div class=\"three-fourths\">\n<p>Service offert en anglais et en fran\u00e7ais.<\/p>\n<\/div>\n<\/div>\n<div class=\"one-fourth top-section\">\n<p><strong>Paiement<\/strong><\/p>\n<div class=\"one-fourth first\"><img loading=\"lazy\" decoding=\"async\" src=\"\/wp-content\/uploads\/2018\/05\/payment.png\" alt=\"Paiement\" width=\"54\" height=\"54\" class=\"alignnone size-full wp-image-9228\" \/><\/div>\n<div class=\"three-fourths\">\n<p>Nous acceptons les cartes de cr\u00e9dit via Stripe.<\/p>\n<\/div>\n<\/div>\n<div class=\"one-fourth top-section\">\n<p><strong>Support<\/strong><\/p>\n<div class=\"one-fourth first\"><img loading=\"lazy\" decoding=\"async\" src=\"\/wp-content\/uploads\/2018\/05\/support.png\" alt=\"support\" width=\"54\" height=\"54\" class=\"alignnone size-full wp-image-9230\" \/><\/div>\n<div class=\"three-fourths\">\n<p>N\u2019h\u00e9sitez pas \u00e0 nous contacter.<\/p>\n<\/div>\n<\/div>\n<div class=\"clear-both\"><\/div>\n<div class=\"two-thirds first service-section\">\n<h2>Design d&rsquo;article de blog pour le marketing<\/h2>\n<p>\nwebwilly offre des services de design d&rsquo;articles de blog aux entreprises du Qu\u00e9bec. Ce service est destin\u00e9 aux entreprises qui ont besoin d&rsquo;ajouter ou de modifier le design d&rsquo;un article de blog de site Web \u00e0 un prix avantageux. Le design de votre article de blog sur votre site Web devrait vous aider \u00e0 atteindre vos objectifs marketing. Les articles de blog de sites Web pour diff\u00e9rentes entreprises peuvent avoir des objectifs tr\u00e8s distincts. Il est important d&rsquo;identifier vos objectifs commerciaux et marketing et de concentrer les articles de votre blog sur ces objectifs. D\u00e9montrez votre expertise en publiant des articles de blog qui fournissent des informations pr\u00e9cieuses.\n<\/p>\n<\/div>\n<div class=\"one-third service-section\">\n<img decoding=\"async\" src=\"\/wp-content\/uploads\/2020\/01\/blog-post-design_Website-Blog-Post-Design.png\" class=\"centered\" alt=\"Design d'un article de blog sur le site Web\" width=\"250px\" height=\"250px\">\n<\/div>\n<div class=\"clear-both\"><\/div>\n<div class=\"two-thirds first service-section\">\n<h2>Objectifs de l&rsquo;article de blog du site Web<\/h2>\n<p>\nLes articles de blog du site Web doivent se concentrer sur les mots-cl\u00e9s qui attireront des clients potentiels via les moteurs de recherche. Ces articles de blog devraient vous aider \u00e0 d\u00e9montrer votre expertise dans vos services et produits. Vous devez demander \u00e0 vos clients potentiels de consulter des articles de blog sp\u00e9cifiques \u00e0 un produit ou service propos\u00e9 par votre entreprise. Les articles de blog r\u00e9ussis captent l&rsquo;attention, suscitent l&rsquo;int\u00e9r\u00eat et encouragent l&rsquo;action. Les articles de blog sont destin\u00e9s \u00e0 fournir de la valeur aux lecteurs afin qu&rsquo;ils ressentent un lien avec votre marque.\n<\/p>\n<\/div>\n<div class=\"one-third\">\n<img decoding=\"async\" src=\"\/wp-content\/uploads\/2020\/01\/blog-post-design_Website-Blog-Post-Design-Objectives.png\" class=\"centered\" alt=\"Blog Post Objectives\" width=\"250px\" height=\"250px\">\n<\/div>\n<div class=\"clear-both\"><\/div>\n<div class=\"one-half first service-section\">\n<h2>R\u00e9visions de l&rsquo;article de blog<\/h2>\n<p>\nLes r\u00e9visions du design de l&rsquo;article de blog du site Web permettent au client de r\u00e9viser le design de l&rsquo;article de blog et de fournir des commentaires et une orientation pour le design. Si vous voulez un design de base et ne voulez pas passer du temps \u00e0 r\u00e9viser le design, choisissez l&rsquo;option \u00ab\u00a0Design final\u00a0\u00bb. Si vous souhaitez r\u00e9viser le design et orienter le design vers vos pr\u00e9f\u00e9rences, s\u00e9lectionnez 1 ou 2 r\u00e9visions de design. Pour notre meilleur design, plus de r\u00e9visions \u00e9quivaut \u00e0 plus d&rsquo;heures de design sur le design de votre article de blog. Les r\u00e9visions de design devraient \u00eatre constructives et d\u00e9taill\u00e9es.\n<\/p>\n<\/div>\n<div class=\"one-half service-section\">\n<div style=\"text-align:center;\">\n<h3>R\u00e9visions de design<\/h3>\n<\/div>\n<div class=\"pricing-table\">\n<div class=\"plan one-third first\">\n<h4>Design final<\/h4>\n<ul>\n<li>Heures de design<br \/>\n<em>Jusqu&rsquo;\u00e0 1 heure<\/em>\n<\/li>\n<\/ul>\n<\/div>\n<div class=\"plan one-third\">\n<h4>Design +1 r\u00e9vision<\/h4>\n<ul>\n<li>Heures de design<br \/>\n<em>Jusqu&rsquo;\u00e0 1h + 1h<\/em>\n<\/li>\n<\/ul>\n<\/div>\n<div class=\"plan one-third\">\n<h4>Design +2 r\u00e9visions<\/h4>\n<ul>\n<li>Heures de design<br \/>\n<em>Jusqu&rsquo;\u00e0 1h + 1h + 1h<\/em>\n<\/li>\n<\/ul>\n<\/div>\n<\/div>\n<\/div>\n<div class=\"clear-both\"><\/div>\n<div class=\"one-half first service-section\">\n<h2>Langage de l&rsquo;article de blog<\/h2>\n<p>\nwebwilly fournit des services de design d&rsquo;articles de blog en anglais, en fran\u00e7ais, ou 1 en anglais et 1 en fran\u00e7ais. Cette offre de services est sp\u00e9cialement con\u00e7ue pour les entreprises du Qu\u00e9bec qui ont besoin d&rsquo;un site Web dans les deux langues. L&rsquo;option 1 anglais et 1 fran\u00e7ais est destin\u00e9e aux sites Web bilingues. Cette option permet au visiteur du site Web de basculer facilement entre les deux langues. Les clients qui ont un site Web en anglais doivent s\u00e9lectionner l&rsquo;option de langue \u00ab\u00a0Anglais\u00a0\u00bb. Les clients qui ont un site Web en fran\u00e7ais doivent s\u00e9lectionner l&rsquo;option de langue \u00ab\u00a0Fran\u00e7ais\u00a0\u00bb.\n<\/p>\n<\/div>\n<div class=\"one-half service-section\">\n<div style=\"text-align:center;\">\n<h3>Langue<\/h3>\n<\/div>\n<div class=\"pricing-table\">\n<div class=\"plan one-third first\">\n<h4>Anglais<\/h4>\n<ul>\n<li>Heures de design<br \/>\n<em>1x heures de design<\/em>\n<\/li>\n<li>Heures de contenu<br \/>\n<em>1x heures de contenu<\/em>\n<\/li>\n<li>Heures de r\u00e9f\u00e9rencement<br \/>\n<em>1x heures de r\u00e9f\u00e9rencement<\/em>\n<\/li>\n<\/ul>\n<\/div>\n<div class=\"plan one-third\">\n<h4>Fran\u00e7ais<\/h4>\n<ul>\n<li>Heures de design<br \/>\n<em>1x heures de design<\/em>\n<\/li>\n<li>Heures de contenu<br \/>\n<em>1x heures de contenu<\/em>\n<\/li>\n<li>Heures de r\u00e9f\u00e9rencement<br \/>\n<em>1x heures de r\u00e9f\u00e9rencement<\/em>\n<\/li>\n<\/ul>\n<\/div>\n<div class=\"plan one-third\">\n<h4>1 anglais et <br \/> 1 fran\u00e7ais <\/h4>\n<ul>\n<li>Heures de design<br \/>\n<em>1,75x heures de design<\/em>\n<\/li>\n<li>Heures de contenu<br \/>\n<em>1,75x heures de contenu<\/em>\n<\/li>\n<li>Heures de r\u00e9f\u00e9rencement<br \/>\n<em>1,75x heures de r\u00e9f\u00e9rencement<\/em>\n<\/li>\n<\/ul>\n<\/div>\n<\/div>\n<\/div>\n<div class=\"clear-both\"><\/div>\n<div class=\"one-half first service-section\">\n<h2>Contenu de l&rsquo;article de blog<\/h2>\n<p>\nSi vous souhaitez que nous utilisions le contenu que vous fournissez, veuillez-nous le fournir enti\u00e8rement corrig\u00e9 et pr\u00eat \u00e0 \u00eatre utilis\u00e9. Choisissez l&rsquo;option \u00ab\u00a0Copier et coller\u00a0\u00bb et nous copierons et collerons ce que vous nous donnez dans le design de votre article de blog. Si vous souhaitez que nous corrigions le contenu du design de votre article de blog dans la ou les langues s\u00e9lectionn\u00e9es, s\u00e9lectionnez l&rsquo;option \u00ab\u00a0Correction\u00a0\u00bb. Si vous souhaitez que nous traduisions le contenu du design de votre article de blog entre l&rsquo;anglais et le fran\u00e7ais, s\u00e9lectionnez l&rsquo;option \u00ab\u00a0Traduction\u00a0\u00bb. Si vous souhaitez que nous r\u00e9digions le contenu du design de votre article de blog dans la ou les langues que vous avez choisies, s\u00e9lectionnez l&rsquo;option \u00ab\u00a0Cr\u00e9ation\u00a0\u00bb. Pour notre meilleur travail, s\u00e9lectionnez l&rsquo;option \u00ab\u00a0Cr\u00e9ation\u00a0\u00bb et fournissez-nous du contenu.\n<\/p>\n<\/div>\n<div class=\"one-half service-section\">\n<div style=\"text-align:center;\">\n<h3>Contenu<\/h3>\n<\/div>\n<div class=\"pricing-table\">\n<div class=\"plan one-fourth first\">\n<h4>Copier et coller<\/h4>\n<ul>\n<li>Heures de contenu<br \/>\n<em>Pas d&rsquo;heures incluses<\/em>\n<\/li>\n<li>Travail de contenu<br \/>\n<em>Aucun<\/em>\n<\/li>\n<\/ul>\n<\/div>\n<div class=\"plan one-fourth\">\n<h4>Correction<\/h4>\n<ul>\n<li>Heures de contenu<br \/>\n<em>Jusqu&rsquo;\u00e0 1 heure<\/em>\n<\/li>\n<li>Travail de contenu<br \/>\n<em>Correction du contenu<\/em>\n<\/li>\n<\/ul>\n<\/div>\n<div class=\"plan one-fourth\">\n<h4>Traduction<\/h4>\n<ul>\n<li>Heures de contenu<br \/>\n<em>Jusqu&rsquo;\u00e0 2 heures<\/em>\n<\/li>\n<li>Travail de contenu<br \/>\n<em>Traduction et correction<\/em>\n<\/li>\n<\/ul>\n<\/div>\n<div class=\"plan one-fourth\">\n<h4>Cr\u00e9ation<\/h4>\n<ul>\n<li>Heures de contenu<br \/>\n<em>Jusqu&rsquo;\u00e0 3 heures<\/em>\n<\/li>\n<li>Travail de contenu<br \/>\n<em>Cr\u00e9ation, traduction, et correction<\/em>\n<\/li>\n<\/ul>\n<\/div>\n<\/div>\n<\/div>\n<div class=\"clear-both\"><\/div>\n<div class=\"one-half first service-section\">\n<h2>R\u00e9f\u00e9rencement de l&rsquo;article de blog<\/h2>\n<p>\nPour les clients qui n&rsquo;ont pas besoin d&rsquo;heures de travail de r\u00e9f\u00e9rencement sur la page avec l&rsquo;achat de ce design, s\u00e9lectionnez l&rsquo;option de r\u00e9f\u00e9rencement sur la page \u00ab\u00a0Non inclus\u00a0\u00bb. Pour les articles de blog de site Web avec moins de contenu, sur des march\u00e9s moins comp\u00e9titifs, le client peut s\u00e9lectionner l&rsquo;option \u00ab\u00a0Limit\u00e9\u00a0\u00bb. Pour les articles de blog de site Web avec un contenu suffisant, sur des march\u00e9s plus comp\u00e9titifs, le client peut s\u00e9lectionner l&rsquo;option \u00ab\u00a0Am\u00e9lior\u00e9\u00a0\u00bb ou \u00ab\u00a0Avanc\u00e9\u00a0\u00bb. Cependant, aucune quantit\u00e9 de r\u00e9f\u00e9rencement sur la page n&rsquo;aidera un article de blog de site Web avec un contenu insuffisant. Concentrez-vous sur le contenu avant le r\u00e9f\u00e9rencement. Pour notre meilleur service, fournissez-nous du contenu, s\u00e9lectionnez l&rsquo;option \u00ab\u00a0Cr\u00e9ation\u00a0\u00bb de contenu et l&rsquo;option de r\u00e9f\u00e9rencement \u00ab\u00a0Avanc\u00e9\u00a0\u00bb. Avec ces options, le contenu sera ajout\u00e9 \u00e0 votre contenu et optimis\u00e9 pour le r\u00e9f\u00e9rencement sur la page.\n<\/p>\n<\/div>\n<div class=\"one-half service-section\">\n<div style=\"text-align:center;\">\n<h3>R\u00e9f\u00e9rencement web<\/h3>\n<\/div>\n<div class=\"pricing-table\">\n<div class=\"plan one-fourth first\">\n<h4>Non inclus<\/h4>\n<ul>\n<li>Heures de r\u00e9f\u00e9rencement<br \/>\n<em>Pas d&rsquo;heures incluses<\/em>\n<\/li>\n<\/ul>\n<\/div>\n<div class=\"plan one-fourth\">\n<h4>Limit\u00e9<\/h4>\n<ul>\n<li>Heures de r\u00e9f\u00e9rencement<br \/>\n<em>Jusqu&rsquo;\u00e0 30 minutes<\/em>\n<\/li>\n<\/ul>\n<\/div>\n<div class=\"plan one-fourth\">\n<h4>Am\u00e9lior\u00e9<\/h4>\n<ul>\n<li>Heures de r\u00e9f\u00e9rencement<br \/>\n<em>Jusqu&rsquo;\u00e0 1 heure<\/em>\n<\/li>\n<\/ul>\n<\/div>\n<div class=\"plan one-fourth\">\n<h4>Avanc\u00e9<\/h4>\n<ul>\n<li>Heures de r\u00e9f\u00e9rencement<br \/>\n<em>Jusqu&rsquo;\u00e0 1.5 heures<\/em>\n<\/li>\n<\/ul>\n<\/div>\n<\/div>\n<\/div>\n","protected":false},"excerpt":{"rendered":"<ul class=\"red-dot\" style=\"margin-bottom:35px;margin-left:20px;\">\n<li>Ajoutez ou modifiez un article de blog sur votre site web webwilly<\/li>\n<li>Fournir des objectifs pour l&rsquo;article et revoir le design avec les r\u00e9visions<\/li>\n<li>Disponible en anglais et en fran\u00e7ais<\/li>\n<li>D\u00e9cidez qui r\u00e9dige le contenu et ajoutez le r\u00e9f\u00e9rencement sur la page<\/li>\n<li>Exemples d&rsquo;articles: <a href=\"http:\/\/client.webwilly.ca\/fr\/article-de-blog-1\/\" rel=\"noopener\" target=\"_blank\">Article de blog #1<\/a>, <a href=\"http:\/\/client.webwilly.ca\/fr\/article-de-blog-2\/\" rel=\"noopener\" target=\"_blank\">Article de blog #2<\/a><\/li>\n<li>T\u00e9l\u00e9charger un <a href=\"\/wp-content\/uploads\/2021\/11\/Modele-de-contenu-darticle-de-blog-de-site-Web.docx\">document Word<\/a> contenant un mod\u00e8le de contenu d&rsquo;article<\/li>\n<li>N\u00e9cessite un abonnement \u00e0 l&rsquo;h\u00e9bergement de site Web dans la langue correspondante<\/li>\n<\/ul>\n","protected":false},"featured_media":25725,"comment_status":"open","ping_status":"closed","template":"","meta":{"_genesis_hide_title":false,"_genesis_hide_breadcrumbs":false,"_genesis_hide_singular_image":false,"_genesis_hide_footer_widgets":false,"_genesis_custom_body_class":"","_genesis_custom_post_class":"","_genesis_layout":""},"product_brand":[],"product_cat":[85,38,47],"product_tag":[],"class_list":{"0":"post-18904","1":"product","2":"type-product","3":"status-publish","4":"has-post-thumbnail","6":"product_cat-design-de-site-web","7":"product_cat-marketing-numerique","8":"product_cat-services-de-design-de-site-web","9":"entry","11":"first","12":"instock","13":"shipping-taxable","14":"purchasable","15":"product-type-variable"},"exclude_global_add_ons":false,"addons":[{"name":"Budget d'images stock","type":"custom_price","position":0,"required":false,"title_format":"heading","default":"","description_enable":true,"description":"Les images de stock haut de gamme co\u00fbtent environ 20$ +taxes par image. Les images de stock r\u00e9guli\u00e8res co\u00fbtent environ 10$ +taxes par image. Soumettez vos pr\u00e9f\u00e9rences dans les d\u00e9tails de design. Budget minimum de 25$. Laissez ce champ vide si vous t\u00e9l\u00e9versez vos propres images. Si vous ne fournissez pas d'images et ne fournissez pas de budget, nous utiliserons des images de stock gratuites et moins attrayantes. Un cr\u00e9dit peut \u00eatre accord\u00e9 au photographe.","placeholder_enable":false,"placeholder":"","display":"select","restrictions_type":"any_text","adjust_price":false,"price":"","price_type":"quantity_based","restrictions":true,"min":"25","max":"555","options":[]}],"_links":{"self":[{"href":"https:\/\/webwilly.ca\/fr\/wp-json\/wp\/v2\/product\/18904","targetHints":{"allow":["GET"]}}],"collection":[{"href":"https:\/\/webwilly.ca\/fr\/wp-json\/wp\/v2\/product"}],"about":[{"href":"https:\/\/webwilly.ca\/fr\/wp-json\/wp\/v2\/types\/product"}],"replies":[{"embeddable":true,"href":"https:\/\/webwilly.ca\/fr\/wp-json\/wp\/v2\/comments?post=18904"}],"wp:featuredmedia":[{"embeddable":true,"href":"https:\/\/webwilly.ca\/fr\/wp-json\/wp\/v2\/media\/25725"}],"wp:attachment":[{"href":"https:\/\/webwilly.ca\/fr\/wp-json\/wp\/v2\/media?parent=18904"}],"wp:term":[{"taxonomy":"product_brand","embeddable":true,"href":"https:\/\/webwilly.ca\/fr\/wp-json\/wp\/v2\/product_brand?post=18904"},{"taxonomy":"product_cat","embeddable":true,"href":"https:\/\/webwilly.ca\/fr\/wp-json\/wp\/v2\/product_cat?post=18904"},{"taxonomy":"product_tag","embeddable":true,"href":"https:\/\/webwilly.ca\/fr\/wp-json\/wp\/v2\/product_tag?post=18904"}],"curies":[{"name":"wp","href":"https:\/\/api.w.org\/{rel}","templated":true}]}}