{"id":16796,"date":"2021-01-30T02:24:47","date_gmt":"2021-01-30T02:24:47","guid":{"rendered":"https:\/\/webwilly.ca\/buy\/hebergement-de-sites-web\/"},"modified":"2024-02-08T09:51:55","modified_gmt":"2024-02-08T14:51:55","slug":"hebergement-et-maintenance-de-site-web","status":"publish","type":"product","link":"https:\/\/webwilly.ca\/fr\/acheter\/marketing-numerique\/services-de-design-de-site-web\/hebergement-et-securite-de-sites-web\/hebergement-et-maintenance-de-site-web\/","title":{"rendered":"H\u00e9bergement et maintenance de site Web"},"content":{"rendered":"<div class=\"one-fourth first top-section\">\n<p><strong>G\u00e9r\u00e9<\/strong><\/p>\n<div class=\"one-fourth first\"><img loading=\"lazy\" decoding=\"async\" class=\"alignnone size-full wp-image-9192\" src=\"\/wp-content\/uploads\/2021\/07\/webwilly-marketing-services.png\" alt=\"G\u00e9r\u00e9\" width=\"54\" height=\"54\" \/><\/div>\n<div class=\"three-fourths\">Solution g\u00e9r\u00e9e avec peu d&rsquo;implication du client.<\/div>\n<\/div>\n<div class=\"one-fourth top-section\">\n<p><strong>Site Web<\/strong><\/p>\n<div class=\"one-fourth first\"><img loading=\"lazy\" decoding=\"async\" class=\"alignnone size-full wp-image-9224\" src=\"\/wp-content\/uploads\/2018\/05\/templates.png\" alt=\"h\u00e9bergement\" width=\"54\" height=\"54\" \/><\/div>\n<div class=\"three-fourths\">Nous h\u00e9bergeons des sites Web cr\u00e9\u00e9s par webwilly.<\/div>\n<\/div>\n<div class=\"one-fourth top-section\">\n<p><strong>Paiement<\/strong><\/p>\n<div class=\"one-fourth first\"><img loading=\"lazy\" decoding=\"async\" src=\"\/wp-content\/uploads\/2018\/05\/payment.png\" alt=\"paiement\" width=\"54\" height=\"54\" class=\"alignnone size-full wp-image-9228\" \/><\/div>\n<div class=\"three-fourths\">\n<p>Nous acceptons les cartes de cr\u00e9dit via Stripe.<\/p>\n<\/div>\n<\/div>\n<div class=\"one-fourth top-section\">\n<p><strong>Support<\/strong><\/p>\n<div class=\"one-fourth first\"><img loading=\"lazy\" decoding=\"async\" src=\"\/wp-content\/uploads\/2018\/05\/support.png\" alt=\"support\" width=\"54\" height=\"54\" class=\"alignnone size-full wp-image-9230\" \/><\/div>\n<div class=\"three-fourths\">\n<p>N&rsquo;h\u00e9sitez pas \u00e0 nous contacter.<\/p>\n<\/div>\n<\/div>\n<div class=\"two-thirds first service-section\">\n<h2>H\u00e9bergement de sites Web pour le marketing<\/h2>\n<p>webwilly offre des services d&rsquo;h\u00e9bergement de sites Web aux entreprises du Qu\u00e9bec. Ce service est destin\u00e9 aux entreprises qui ont besoin d&rsquo;un nouveau site Web avec webwilly. Votre nouvel h\u00e9bergement de site Web sera enti\u00e8rement g\u00e9r\u00e9 par webwilly. Les sites Web qui r\u00e9ussissent sont construits sur un serveur d&rsquo;h\u00e9bergement fiable, rapide et s\u00e9curis\u00e9. Nous offrons un service d&rsquo;h\u00e9bergement g\u00e9r\u00e9 \u00e0 nos clients pour r\u00e9duire le stress et les risques li\u00e9s \u00e0 la gestion d&rsquo;un serveur d&rsquo;h\u00e9bergement. Notre expertise accorde une grande importance \u00e0 la maintenance continue de votre back-end, de votre environnement d&rsquo;h\u00e9bergement et de vos bases de donn\u00e9es. Pour ces raisons, tous nos services d&rsquo;h\u00e9bergement incluent la maintenance. Ce service ne doit \u00eatre achet\u00e9 que si vous avez examin\u00e9 les services de design de sites Web de webwilly vendus s\u00e9par\u00e9ment et que vous avez l&rsquo;intention d&rsquo;acheter ces services.\n<\/p>\n<\/div>\n<div class=\"one-third service-section\">\n<img loading=\"lazy\" decoding=\"async\" src=\"\/wp-content\/uploads\/2021\/01\/website-_Hosting-Services-300x300.png\" alt=\"Services d'h\u00e9bergement de sites web\" width=\"300\" height=\"300\" class=\"centered wp-image-16339\" srcset=\"https:\/\/webwilly.ca\/wp-content\/uploads\/2021\/01\/website-_Hosting-Services-300x300.png 300w, https:\/\/webwilly.ca\/wp-content\/uploads\/2021\/01\/website-_Hosting-Services-150x150.png 150w, https:\/\/webwilly.ca\/wp-content\/uploads\/2021\/01\/website-_Hosting-Services-100x100.png 100w, https:\/\/webwilly.ca\/wp-content\/uploads\/2021\/01\/website-_Hosting-Services.png 600w\" sizes=\"auto, (max-width: 300px) 100vw, 300px\" \/>\n<\/div>\n<div class=\"clear-both\"><\/div>\n<div class=\"two-thirds first service-section\">\n<h2>H\u00e9bergement &#8211; Langue du site<\/h2>\n<p>La langue du site Web du client d\u00e9terminera la langue dans laquelle les visiteurs du site Web peuvent interagir avec le site Web. webwilly installera et configurera les diff\u00e9rents composants n\u00e9cessaires au design d&rsquo;un site Internet dans les langues s\u00e9lectionn\u00e9es. Selon votre entreprise, votre marque et votre march\u00e9 cible, diff\u00e9rentes strat\u00e9gies peuvent \u00eatre plus avantageuses. Pour les sites Web qui utilisent le nom de la marque comme nom de domaine, ce qui est le plus souvent le cas, les options les plus courantes sont propos\u00e9es. Les options les plus courantes sont le domaine anglais avec traductions fran\u00e7aises et le domaine fran\u00e7ais avec traductions anglaises. Si la strat\u00e9gie de r\u00e9f\u00e9rencement du site Web repose fortement sur le nom de domaine pour inclure des mots-cl\u00e9s, il peut \u00eatre plus avantageux de s\u00e9lectionner l&rsquo;option domaine fran\u00e7ais et domaine anglais afin que les deux langues puissent b\u00e9n\u00e9ficier des mots-cl\u00e9s traduits. Cette option n\u00e9cessite que le client poss\u00e8de 2 noms de domaine. Pour les entreprises qui ciblent des r\u00e9gions g\u00e9ographiques sp\u00e9cifiques, une seule langue peut suffire.<\/p>\n<\/div>\n<div class=\"one-third service-section\">\n<img loading=\"lazy\" decoding=\"async\" src=\"\/wp-content\/uploads\/2021\/09\/website-hosting-services_Website-Hosting-Website-Language.png\" alt=\"Services d'h\u00e9bergement de sites Web Langue du site Web\" width=\"300\" height=\"300\" class=\"centered wp-image-16339\" \/>\n<\/div>\n<div class=\"clear-both\"><\/div>\n<div style=\"text-align: center;\">\n<h3>Langue du site Web<\/h3>\n<\/div>\n<div class=\"pricing-table\">\n<div class=\"plan one-fourth first\">\n<h4>Fran\u00e7ais seulement ou<br \/>Anglais seulement<\/h4>\n<ul>\n<li>Langue<br \/>\n<em>Fran\u00e7ais ou anglais<\/em><\/li>\n<li>Nom de domaine<br \/>\n<em>M\u00e8ne \u00e0 la page d&rsquo;accueil en fran\u00e7ais ou en anglais<\/em><\/li>\n<li>Langue des services num\u00e9riques<br \/>\n<em>Acc\u00e8s aux services en fran\u00e7ais ou en anglais<\/em><\/li>\n<\/ul>\n<\/div>\n<div class=\"plan one-fourth\">\n<h4>Domaine fran\u00e7ais avec<br \/>traductions anglaises<\/h4>\n<ul>\n<li>Langue<br \/>\n<em>Fran\u00e7ais et anglais<\/em><\/li>\n<li>Nom de domaine<br \/>\n<em>M\u00e8ne \u00e0 la page d&rsquo;accueil en fran\u00e7ais<\/em><\/li>\n<li>Langue des services num\u00e9riques<br \/>\n<em>Acc\u00e8s aux services bilingues<\/em><\/li>\n<\/ul>\n<\/div>\n<div class=\"plan one-fourth\">\n<h4>Domaine anglais avec<br \/>traductions fran\u00e7aises<\/h4>\n<ul>\n<li>Langue<br \/>\n<em>Anglais et fran\u00e7ais<\/em><\/li>\n<li>Nom de domaine<br \/>\n<em>M\u00e8ne \u00e0 la page d&rsquo;accueil en anglais<\/em><\/li>\n<li>Langue des services num\u00e9riques<br \/>\n<em>Acc\u00e8s aux services bilingues<\/em><\/li>\n<\/ul>\n<\/div>\n<div class=\"plan one-fourth\">\n<h4>Domaine fran\u00e7ais et<br \/>domaine anglais<\/h4>\n<ul>\n<li>Langue<br \/>\n<em>Fran\u00e7ais et anglais<\/em><\/li>\n<li>Nom de domaine<br \/>\n<em>Le domaine fran\u00e7ais m\u00e8ne \u00e0 la page d&rsquo;accueil fran\u00e7aise et le domaine anglais m\u00e8ne \u00e0 la page d&rsquo;accueil anglaise<\/em><\/li>\n<li>Langue des services num\u00e9riques<br \/>\n<em>Acc\u00e8s aux services bilingues<\/em><\/li>\n<\/ul>\n<\/div>\n<\/div>\n<div class=\"clear-both\"><\/div>\n<div class=\"one-half first service-section\">\n<h2>H\u00e9bergement &#8211; Espace disque<\/h2>\n<p>L&rsquo;espace disque fait r\u00e9f\u00e9rence \u00e0 la taille num\u00e9rique de votre site Web. Les sites Web avec plus de contenu n\u00e9cessitent plus d&rsquo;espace disque pour stocker ce contenu suppl\u00e9mentaire. Naturellement, les images occupent plus d&rsquo;espace disque que le texte brut. Le noyau, les th\u00e8mes, les plugins et le contenu de WordPress occupent tous de l&rsquo;espace disque qui doit \u00eatre pris en compte. Ces composants n\u00e9cessitent une base de donn\u00e9es pour trier correctement tout leur contenu qui doit \u00e9galement \u00eatre pris en compte. Pour les tr\u00e8s petits sites Web d&rsquo;environ 10 pages ou moins, l&rsquo;option 1 000 Mo est probablement appropri\u00e9e. Pour les sites de petite taille avec plus de 10 pages et moins de 26 pages, choisissez l&rsquo;option 2 500 Mo. Pour les sites de taille moyenne de plus de 25 pages et de moins de 51 pages, choisissez l&rsquo;option 5 000 Mo. Enfin, pour les sites Web plus importants de plus de 50 pages et de moins de 101 pages, s\u00e9lectionnez l&rsquo;option 10 000 Mo.<\/p>\n<\/div>\n<div class=\"one-half service-section\">\n<div style=\"text-align: center;\">\n<h3>Espace disque<\/h3>\n<\/div>\n<div class=\"pricing-table\">\n<div class=\"plan one-fourth first\">\n<h4>1 000Mo<\/h4>\n<ul>\n<li>Espace disque <br \/>\n<em>1 000Mo<\/em><\/li>\n<li>Taille du site Web <br \/>\n<em>Moins de 11 pages ou 1 000 Mo<\/em><\/li>\n<\/ul>\n<\/div>\n<div class=\"plan one-fourth\">\n<h4>2 500Mo<\/h4>\n<ul>\n<li>Espace disque<br \/>\n<em>2 500Mo<\/em><\/li>\n<li>Taille du site Web<br \/>\n<em>Moins de 26 pages ou 2 500 Mo<\/em><\/li>\n<\/ul>\n<\/div>\n<div class=\"plan one-fourth\">\n<h4>5 000Mo<\/h4>\n<ul>\n<li>Espace disque<br \/>\n<em>5 000Mo<\/em><\/li>\n<li>Taille du site Web<br \/>\n<em>Moins de 51 pages ou 5 000 Mo<\/em><\/li>\n<\/ul>\n<\/div>\n<div class=\"plan one-fourth\">\n<h4>10 000Mo<\/h4>\n<ul>\n<li>Espace disque <br \/>\n<em>10 000Mo<\/em><\/li>\n<li>Taille du site Web<br \/>\n<em>Moins de 101 pages ou 10 000MB<\/em><\/li>\n<\/ul>\n<\/div>\n<\/div>\n<\/div>\n<div class=\"clear-both\"><\/div>\n<div class=\"one-half first service-section\">\n<h2>H\u00e9bergement &#8211; Bande passante<\/h2>\n<p>La bande passante mensuelle fait r\u00e9f\u00e9rence \u00e0 la quantit\u00e9 de trafic vers votre site Web et \u00e0 la quantit\u00e9 num\u00e9rique de contenu envoy\u00e9 et re\u00e7u par le serveur. Les sites Web plus populaires qui attirent plus de visites de pages n\u00e9cessiteront plus de bande passante que les autres sites Web. Cette augmentation du trafic cr\u00e9e des requ\u00eates suppl\u00e9mentaires vers le m\u00eame serveur et par cons\u00e9quent utilise plus de ressources. Pour les petits sites Web qui ont un faible trafic avec moins de 5 000 pages vues et un contenu de taille normale tel que des images et du texte, n\u00e9cessitent environ 30 000 Mo par mois. Les sites Web l\u00e9g\u00e8rement plus populaires, avec moins de 10 000 pages vues par mois, n\u00e9cessitent environ 50 000 Mo par mois. Enfin, un site Web populaire avec jusqu&rsquo;\u00e0 20 000 pages vues par mois, n\u00e9cessite environ 100 000 Mo par mois.<\/p>\n<\/div>\n<div class=\"one-half service-section\">\n<div style=\"text-align: center;\">\n<h3>Bande passante<\/h3>\n<\/div>\n<div class=\"pricing-table\">\n<div class=\"plan one-third first\">\n<h4>30 000 Mo\/m<\/h4>\n<ul>\n<li>Pages vues mensuelles<br \/>\n<em>Environ 5 000<\/em><\/li>\n<li>Popularit\u00e9 du site Web <br \/>\n<em>Nouveaux sites Web et petites entreprises<\/em><\/li>\n<\/ul>\n<\/div>\n<div class=\"plan one-third\">\n<h4>50 000 Mo\/m<\/h4>\n<ul>\n<li>Pages vues mensuelles<br \/>\n<em>Environ 10 000<\/em><\/li>\n<li>Popularit\u00e9 du site Web <br \/>\n<em>Sites Web \u00e9tablis et petites et moyennes entreprises<\/em><\/li>\n<\/ul>\n<\/div>\n<div class=\"plan one-third\">\n<h4>100 000 Mo\/m<\/h4>\n<ul>\n<li>Pages vues mensuelles<br \/>\n<em>Environ  20 000<\/em><\/li>\n<li>Popularit\u00e9 du site Web <br \/>\n<em>Sites Web performants et entreprises de taille moyenne<\/em><\/li>\n<\/ul>\n<\/div>\n<\/div>\n<\/div>\n<div class=\"clear-both\"><\/div>\n<div class=\"two-thirds first service-section\">\n<h2>H\u00e9bergement &#8211; Maintenance du serveur et du site<\/h2>\n<p>Notre service d&rsquo;h\u00e9bergement offre des services de maintenance de serveur et de maintenance de site Web. Cela inclut de petites corrections de bogues sur le site Web qui peuvent survenir avec des plugins et des th\u00e8mes. Il comprend \u00e9galement de petites configurations apport\u00e9es au serveur d&rsquo;h\u00e9bergement du site Web. Des changements comme les enregistrements CName, les enregistrements MX, la version PHP et les comptes FTP. Au total, nous incluons jusqu&rsquo;\u00e0 15 minutes de travail pour r\u00e9parer votre site Web et votre serveur d&rsquo;h\u00e9bergement. Nous avons d\u00e9cid\u00e9 d&rsquo;inclure ces 15 minutes dans tous nos forfaits afin que les clients puissent r\u00e9gler les petits probl\u00e8mes sans avoir \u00e0 facturer de frais suppl\u00e9mentaires. Ces corrections de bogues ne visent pas \u00e0 am\u00e9liorer votre site Web \u00e0 partir de son \u00e9tat d&rsquo;origine. Ils sont r\u00e9serv\u00e9s \u00e0 la correction des bogues et des probl\u00e8mes du site Web et du serveur qui affectent l&rsquo;exp\u00e9rience utilisateur et les performances techniques du site Web.\n<\/p>\n<\/div>\n<div class=\"one-third service-section\"><img decoding=\"async\" class=\"centered\" src=\"\/wp-content\/uploads\/2021\/09\/website-hosting-services_Website-Hosting-Website-Maintenance.png\" alt=\"maintenance de site web et l'h\u00e9bergement\" width=\"300px\" height=\"300px\" \/><\/div>\n<div class=\"clear-both\"><\/div>\n<div class=\"two-thirds first service-section\">\n<h2>H\u00e9bergement &#8211; Mises \u00e0 jour du site Web<\/h2>\n<p>Les sites Web WordPress n\u00e9cessitent une maintenance r\u00e9guli\u00e8re pour maintenir WordPress Core, les plugins et les th\u00e8mes \u00e0 jour. Le service d&rsquo;h\u00e9bergement de webwilly inclut ces mises \u00e0 jour car nous voulons que les sites Web de nos clients n&rsquo;ex\u00e9cutent que les derni\u00e8res versions de tout. Les plugins et les th\u00e8mes obsol\u00e8tes qui ne sont pas correctement g\u00e9r\u00e9s peuvent devenir vuln\u00e9rables aux attaques malveillantes et au piratage. Cela fait partie de notre routine de v\u00e9rifier les sites Web de nos clients et de mettre \u00e0 jour les composants obsol\u00e8tes. Ces nouvelles mises \u00e0 jour seront ensuite sauvegard\u00e9es lors de la prochaine routine de sauvegarde, vendu s\u00e9par\u00e9ment.<\/p>\n<\/div>\n<div class=\"one-third\"><img decoding=\"async\" class=\"centered\" src=\"\/wp-content\/uploads\/2021\/09\/website-hosting-services_Website-Hosting-Website-Updates.png\" alt=\"h\u00e9bergement des mises \u00e0 jour du site web\" width=\"300px\" height=\"300px\" \/><\/div>\n","protected":false},"excerpt":{"rendered":"<ul class = \"red-dot\" style = \"margin-bottom: 35px;margin-left:20px;\">\n<li>Service d&rsquo;h\u00e9bergement g\u00e9r\u00e9 <\/li>\n<li>Stockage SSD pour une vitesse plus rapide <\/li>\n<li>Inclut un \u00e9chantillon de th\u00e8me de site Web\u00a0: <a href=\"http:\/\/client.webwilly.ca\/fr\/\" target=\"_blank\" rel=\"noopener\">client.webwilly.ca\/fr\/<\/a><\/li>\n<li>Requis pour acheter des services num\u00e9riques <\/li>\n<li>L&rsquo;option de langue d\u00e9termine la langue de tous les services num\u00e9riques<\/li>\n<li>Commencez avec 10\u00a0pages et mettez \u00e0 niveau si n\u00e9cessaire<\/li>\n<\/ul>\n","protected":false},"featured_media":26511,"comment_status":"open","ping_status":"closed","template":"","meta":{"_genesis_hide_title":false,"_genesis_hide_breadcrumbs":false,"_genesis_hide_singular_image":false,"_genesis_hide_footer_widgets":false,"_genesis_custom_body_class":"","_genesis_custom_post_class":"","_genesis_layout":""},"product_brand":[],"product_cat":[87,38,47],"product_tag":[],"class_list":{"0":"post-16796","1":"product","2":"type-product","3":"status-publish","4":"has-post-thumbnail","6":"product_cat-hebergement-et-securite-de-sites-web","7":"product_cat-marketing-numerique","8":"product_cat-services-de-design-de-site-web","9":"entry","11":"first","12":"instock","13":"featured","14":"sold-individually","15":"shipping-taxable","16":"purchasable","17":"product-type-variable-subscription"},"exclude_global_add_ons":[],"addons":[],"_links":{"self":[{"href":"https:\/\/webwilly.ca\/fr\/wp-json\/wp\/v2\/product\/16796","targetHints":{"allow":["GET"]}}],"collection":[{"href":"https:\/\/webwilly.ca\/fr\/wp-json\/wp\/v2\/product"}],"about":[{"href":"https:\/\/webwilly.ca\/fr\/wp-json\/wp\/v2\/types\/product"}],"replies":[{"embeddable":true,"href":"https:\/\/webwilly.ca\/fr\/wp-json\/wp\/v2\/comments?post=16796"}],"wp:featuredmedia":[{"embeddable":true,"href":"https:\/\/webwilly.ca\/fr\/wp-json\/wp\/v2\/media\/26511"}],"wp:attachment":[{"href":"https:\/\/webwilly.ca\/fr\/wp-json\/wp\/v2\/media?parent=16796"}],"wp:term":[{"taxonomy":"product_brand","embeddable":true,"href":"https:\/\/webwilly.ca\/fr\/wp-json\/wp\/v2\/product_brand?post=16796"},{"taxonomy":"product_cat","embeddable":true,"href":"https:\/\/webwilly.ca\/fr\/wp-json\/wp\/v2\/product_cat?post=16796"},{"taxonomy":"product_tag","embeddable":true,"href":"https:\/\/webwilly.ca\/fr\/wp-json\/wp\/v2\/product_tag?post=16796"}],"curies":[{"name":"wp","href":"https:\/\/api.w.org\/{rel}","templated":true}]}}