{"id":27452,"date":"2022-05-02T22:13:56","date_gmt":"2022-05-03T02:13:56","guid":{"rendered":"https:\/\/webwilly.ca\/mon-profil-dentreprise-externe\/"},"modified":"2022-05-02T22:19:20","modified_gmt":"2022-05-03T02:19:20","slug":"mon-profil-dentreprise-externe","status":"publish","type":"page","link":"https:\/\/webwilly.ca\/fr\/mon-profil-d-entreprise\/mon-profil-dentreprise-externe\/","title":{"rendered":"Mon profil d&rsquo;entreprise externe"},"content":{"rendered":"\n<div style=\"height:100px\" aria-hidden=\"true\" class=\"wp-block-spacer\"><\/div>\n\n\n\n<div class=\"wp-block-columns are-vertically-aligned-center is-layout-flex wp-container-core-columns-is-layout-9d6595d7 wp-block-columns-is-layout-flex\">\n<div class=\"wp-block-column is-vertically-aligned-center is-layout-flow wp-block-column-is-layout-flow\">\n<h3 class=\"has-text-align-center has-text-color wp-block-heading\" style=\"color:#191919\">Industrie et march\u00e9<\/h3>\n\n\n\n<p class=\"has-text-align-center has-black-color has-text-color\">Aper\u00e7u du secteur et du march\u00e9 de votre entreprise.<\/p>\n\n\n\n<div class=\"wp-block-buttons is-horizontal is-content-justification-center is-layout-flex wp-container-core-buttons-is-layout-499968f5 wp-block-buttons-is-layout-flex\">\n<div class=\"wp-block-button\"><a class=\"wp-block-button__link has-background\" href=\"https:\/\/webwilly.ca\/my-business-profile\/industry-and-market\/\" style=\"background-color:#ff6600\">Industrie<\/a><\/div>\n<\/div>\n<\/div>\n\n\n\n<div class=\"wp-block-column is-vertically-aligned-center is-layout-flow wp-block-column-is-layout-flow\">\n<div class=\"wp-block-image\"><figure class=\"aligncenter size-full\"><img loading=\"lazy\" decoding=\"async\" width=\"850\" height=\"567\" src=\"https:\/\/webwilly.ca\/wp-content\/uploads\/2022\/05\/small-business-external-profile-5.jpg\" alt=\"\" class=\"wp-image-27441\" srcset=\"https:\/\/webwilly.ca\/wp-content\/uploads\/2022\/05\/small-business-external-profile-5.jpg 850w, https:\/\/webwilly.ca\/wp-content\/uploads\/2022\/05\/small-business-external-profile-5-300x200.jpg 300w, https:\/\/webwilly.ca\/wp-content\/uploads\/2022\/05\/small-business-external-profile-5-768x512.jpg 768w\" sizes=\"auto, (max-width: 850px) 100vw, 850px\" \/><\/figure><\/div>\n<\/div>\n<\/div>\n\n\n\n<div style=\"height:100px\" aria-hidden=\"true\" class=\"wp-block-spacer\"><\/div>\n\n\n\n<div class=\"wp-block-columns are-vertically-aligned-center is-layout-flex wp-container-core-columns-is-layout-9d6595d7 wp-block-columns-is-layout-flex\">\n<div class=\"wp-block-column is-vertically-aligned-center is-layout-flow wp-block-column-is-layout-flow\">\n<div class=\"wp-block-image\"><figure class=\"aligncenter size-full\"><img loading=\"lazy\" decoding=\"async\" width=\"850\" height=\"567\" src=\"https:\/\/webwilly.ca\/wp-content\/uploads\/2022\/05\/small-business-external-profile-4.jpg\" alt=\"\" class=\"wp-image-27443\" srcset=\"https:\/\/webwilly.ca\/wp-content\/uploads\/2022\/05\/small-business-external-profile-4.jpg 850w, https:\/\/webwilly.ca\/wp-content\/uploads\/2022\/05\/small-business-external-profile-4-300x200.jpg 300w, https:\/\/webwilly.ca\/wp-content\/uploads\/2022\/05\/small-business-external-profile-4-768x512.jpg 768w\" sizes=\"auto, (max-width: 850px) 100vw, 850px\" \/><\/figure><\/div>\n<\/div>\n\n\n\n<div class=\"wp-block-column is-vertically-aligned-center is-layout-flow wp-block-column-is-layout-flow\">\n<h3 class=\"has-text-align-center has-black-color has-text-color wp-block-heading\">Saisonnalit\u00e9<\/h3>\n\n\n\n<p class=\"has-text-align-center has-black-color has-text-color\">Les tendances saisonni\u00e8res du march\u00e9 de votre entreprise.<\/p>\n\n\n\n<div class=\"wp-block-buttons is-horizontal is-content-justification-center is-layout-flex wp-container-core-buttons-is-layout-499968f5 wp-block-buttons-is-layout-flex\">\n<div class=\"wp-block-button\"><a class=\"wp-block-button__link has-background\" href=\"https:\/\/webwilly.ca\/my-business-profile\/seasonality\/\" style=\"background-color:#ff6600\">Saisonnalit\u00e9<\/a><\/div>\n<\/div>\n<\/div>\n<\/div>\n\n\n\n<div style=\"height:100px\" aria-hidden=\"true\" class=\"wp-block-spacer\"><\/div>\n\n\n\n<div class=\"wp-block-columns are-vertically-aligned-center is-layout-flex wp-container-core-columns-is-layout-9d6595d7 wp-block-columns-is-layout-flex\">\n<div class=\"wp-block-column is-vertically-aligned-center is-layout-flow wp-block-column-is-layout-flow\">\n<h3 class=\"has-text-align-center has-black-color has-text-color wp-block-heading\">Positionnement<\/h3>\n\n\n\n<p class=\"has-text-align-center has-black-color has-text-color\">La strat\u00e9gie de positionnement de votre entreprise sur le march\u00e9.<\/p>\n\n\n\n<div class=\"wp-block-buttons is-horizontal is-content-justification-center is-layout-flex wp-container-core-buttons-is-layout-499968f5 wp-block-buttons-is-layout-flex\">\n<div class=\"wp-block-button\"><a class=\"wp-block-button__link has-background\" href=\"https:\/\/webwilly.ca\/my-business-profile\/positioning\/\" style=\"background-color:#ff6600\">Positionnement<\/a><\/div>\n<\/div>\n<\/div>\n\n\n\n<div class=\"wp-block-column is-vertically-aligned-center is-layout-flow wp-block-column-is-layout-flow\">\n<div class=\"wp-block-image\"><figure class=\"aligncenter size-full\"><img loading=\"lazy\" decoding=\"async\" width=\"850\" height=\"567\" src=\"https:\/\/webwilly.ca\/wp-content\/uploads\/2022\/05\/small-business-external-profile-2.jpg\" alt=\"\" class=\"wp-image-27450\" srcset=\"https:\/\/webwilly.ca\/wp-content\/uploads\/2022\/05\/small-business-external-profile-2.jpg 850w, https:\/\/webwilly.ca\/wp-content\/uploads\/2022\/05\/small-business-external-profile-2-300x200.jpg 300w, https:\/\/webwilly.ca\/wp-content\/uploads\/2022\/05\/small-business-external-profile-2-768x512.jpg 768w\" sizes=\"auto, (max-width: 850px) 100vw, 850px\" \/><\/figure><\/div>\n<\/div>\n<\/div>\n\n\n\n<div style=\"height:100px\" aria-hidden=\"true\" class=\"wp-block-spacer\"><\/div>\n\n\n\n<div class=\"wp-block-columns are-vertically-aligned-center is-layout-flex wp-container-core-columns-is-layout-9d6595d7 wp-block-columns-is-layout-flex\">\n<div class=\"wp-block-column is-vertically-aligned-center is-layout-flow wp-block-column-is-layout-flow\">\n<div class=\"wp-block-image\"><figure class=\"aligncenter size-full\"><img loading=\"lazy\" decoding=\"async\" width=\"850\" height=\"567\" src=\"https:\/\/webwilly.ca\/wp-content\/uploads\/2022\/05\/small-business-external-profile-3.jpg\" alt=\"\" class=\"wp-image-27447\" srcset=\"https:\/\/webwilly.ca\/wp-content\/uploads\/2022\/05\/small-business-external-profile-3.jpg 850w, https:\/\/webwilly.ca\/wp-content\/uploads\/2022\/05\/small-business-external-profile-3-300x200.jpg 300w, https:\/\/webwilly.ca\/wp-content\/uploads\/2022\/05\/small-business-external-profile-3-768x512.jpg 768w\" sizes=\"auto, (max-width: 850px) 100vw, 850px\" \/><\/figure><\/div>\n<\/div>\n\n\n\n<div class=\"wp-block-column is-vertically-aligned-center is-layout-flow wp-block-column-is-layout-flow\">\n<h3 class=\"has-text-align-center has-black-color has-text-color wp-block-heading\">Comp\u00e9tition<\/h3>\n\n\n\n<p class=\"has-text-align-center has-black-color has-text-color\">Comp\u00e9tition locale et en ligne de votre entreprise.<\/p>\n\n\n\n<div class=\"wp-block-buttons is-horizontal is-content-justification-center is-layout-flex wp-container-core-buttons-is-layout-499968f5 wp-block-buttons-is-layout-flex\">\n<div class=\"wp-block-button\"><a class=\"wp-block-button__link has-background\" href=\"https:\/\/webwilly.ca\/my-business-profile\/competition\/\" style=\"background-color:#ff6600\">Comp\u00e9tition<\/a><\/div>\n<\/div>\n<\/div>\n<\/div>\n","protected":false},"excerpt":{"rendered":"<p>Industrie et march\u00e9 Aper\u00e7u du secteur et du march\u00e9 de votre entreprise. Saisonnalit\u00e9 Les tendances saisonni\u00e8res du march\u00e9 de votre entreprise. Positionnement La strat\u00e9gie de positionnement de votre entreprise sur le march\u00e9. Comp\u00e9tition Comp\u00e9tition locale et en ligne de votre entreprise.<\/p>\n","protected":false},"author":1,"featured_media":27441,"parent":18596,"menu_order":0,"comment_status":"closed","ping_status":"closed","template":"","meta":{"_genesis_hide_title":false,"_genesis_hide_breadcrumbs":false,"_genesis_hide_singular_image":false,"_genesis_hide_footer_widgets":false,"_genesis_custom_body_class":"","_genesis_custom_post_class":"","_genesis_layout":"","footnotes":""},"class_list":{"0":"post-27452","1":"page","2":"type-page","3":"status-publish","4":"has-post-thumbnail","6":"entry"},"_links":{"self":[{"href":"https:\/\/webwilly.ca\/fr\/wp-json\/wp\/v2\/pages\/27452","targetHints":{"allow":["GET"]}}],"collection":[{"href":"https:\/\/webwilly.ca\/fr\/wp-json\/wp\/v2\/pages"}],"about":[{"href":"https:\/\/webwilly.ca\/fr\/wp-json\/wp\/v2\/types\/page"}],"author":[{"embeddable":true,"href":"https:\/\/webwilly.ca\/fr\/wp-json\/wp\/v2\/users\/1"}],"replies":[{"embeddable":true,"href":"https:\/\/webwilly.ca\/fr\/wp-json\/wp\/v2\/comments?post=27452"}],"version-history":[{"count":4,"href":"https:\/\/webwilly.ca\/fr\/wp-json\/wp\/v2\/pages\/27452\/revisions"}],"predecessor-version":[{"id":27459,"href":"https:\/\/webwilly.ca\/fr\/wp-json\/wp\/v2\/pages\/27452\/revisions\/27459"}],"up":[{"embeddable":true,"href":"https:\/\/webwilly.ca\/fr\/wp-json\/wp\/v2\/pages\/18596"}],"wp:featuredmedia":[{"embeddable":true,"href":"https:\/\/webwilly.ca\/fr\/wp-json\/wp\/v2\/media\/27441"}],"wp:attachment":[{"href":"https:\/\/webwilly.ca\/fr\/wp-json\/wp\/v2\/media?parent=27452"}],"curies":[{"name":"wp","href":"https:\/\/api.w.org\/{rel}","templated":true}]}}