{"id":27434,"date":"2022-05-02T21:53:38","date_gmt":"2022-05-03T01:53:38","guid":{"rendered":"https:\/\/webwilly.ca\/mon-profil-dentreprise-interne\/"},"modified":"2022-05-02T22:18:54","modified_gmt":"2022-05-03T02:18:54","slug":"mon-profil-dentreprise-interne","status":"publish","type":"page","link":"https:\/\/webwilly.ca\/fr\/mon-profil-d-entreprise\/mon-profil-dentreprise-interne\/","title":{"rendered":"Mon profil d&rsquo;entreprise interne"},"content":{"rendered":"\n<div style=\"height:100px\" aria-hidden=\"true\" class=\"wp-block-spacer\"><\/div>\n\n\n\n<div class=\"wp-block-columns are-vertically-aligned-center is-layout-flex wp-container-core-columns-is-layout-9d6595d7 wp-block-columns-is-layout-flex\">\n<div class=\"wp-block-column is-vertically-aligned-center is-layout-flow wp-block-column-is-layout-flow\">\n<h3 class=\"has-text-align-center has-black-color has-text-color wp-block-heading\">Structure<\/h3>\n\n\n\n<p class=\"has-text-align-center has-black-color has-text-color\">La structure de votre entreprise et de ses employ\u00e9s.<\/p>\n\n\n\n<div class=\"wp-block-buttons is-horizontal is-content-justification-center is-layout-flex wp-container-core-buttons-is-layout-499968f5 wp-block-buttons-is-layout-flex\">\n<div class=\"wp-block-button\"><a class=\"wp-block-button__link has-background\" href=\"https:\/\/webwilly.ca\/my-business-profile\/employees\/\" style=\"background-color:#ff6600\">Structure<\/a><\/div>\n<\/div>\n<\/div>\n\n\n\n<div class=\"wp-block-column is-vertically-aligned-center is-layout-flow wp-block-column-is-layout-flow\">\n<div class=\"wp-block-image\"><figure class=\"aligncenter size-full\"><img loading=\"lazy\" decoding=\"async\" width=\"850\" height=\"478\" src=\"https:\/\/webwilly.ca\/wp-content\/uploads\/2022\/05\/small-business-internal-profile-8.jpg\" alt=\"Mon profil d'entreprise interne\" class=\"wp-image-27410\" srcset=\"https:\/\/webwilly.ca\/wp-content\/uploads\/2022\/05\/small-business-internal-profile-8.jpg 850w, https:\/\/webwilly.ca\/wp-content\/uploads\/2022\/05\/small-business-internal-profile-8-300x169.jpg 300w, https:\/\/webwilly.ca\/wp-content\/uploads\/2022\/05\/small-business-internal-profile-8-768x432.jpg 768w\" sizes=\"auto, (max-width: 850px) 100vw, 850px\" \/><\/figure><\/div>\n<\/div>\n<\/div>\n\n\n\n<div style=\"height:100px\" aria-hidden=\"true\" class=\"wp-block-spacer\"><\/div>\n\n\n\n<div class=\"wp-block-columns are-vertically-aligned-center is-layout-flex wp-container-core-columns-is-layout-9d6595d7 wp-block-columns-is-layout-flex\">\n<div class=\"wp-block-column is-vertically-aligned-center is-layout-flow wp-block-column-is-layout-flow\">\n<div class=\"wp-block-image\"><figure class=\"aligncenter size-full\"><img loading=\"lazy\" decoding=\"async\" width=\"850\" height=\"562\" src=\"https:\/\/webwilly.ca\/wp-content\/uploads\/2022\/05\/small-business-internal-profile-1.jpg\" alt=\"Mon profil d'entreprise interne\" class=\"wp-image-27412\" srcset=\"https:\/\/webwilly.ca\/wp-content\/uploads\/2022\/05\/small-business-internal-profile-1.jpg 850w, https:\/\/webwilly.ca\/wp-content\/uploads\/2022\/05\/small-business-internal-profile-1-300x198.jpg 300w, https:\/\/webwilly.ca\/wp-content\/uploads\/2022\/05\/small-business-internal-profile-1-768x508.jpg 768w\" sizes=\"auto, (max-width: 850px) 100vw, 850px\" \/><\/figure><\/div>\n<\/div>\n\n\n\n<div class=\"wp-block-column is-vertically-aligned-center is-layout-flow wp-block-column-is-layout-flow\">\n<h3 class=\"has-text-align-center has-black-color has-text-color wp-block-heading\">Emplacements<\/h3>\n\n\n\n<p class=\"has-text-align-center has-black-color has-text-color\">Les emplacements et les r\u00e9gions d&rsquo;op\u00e9ration de votre entreprise.<\/p>\n\n\n\n<div class=\"wp-block-buttons is-horizontal is-content-justification-center is-layout-flex wp-container-core-buttons-is-layout-499968f5 wp-block-buttons-is-layout-flex\">\n<div class=\"wp-block-button aligncenter is-style-fill\"><a class=\"wp-block-button__link has-background\" href=\"https:\/\/webwilly.ca\/my-business-profile\/locations\/\" style=\"background-color:#ff6600\">Emplacements<\/a><\/div>\n<\/div>\n<\/div>\n<\/div>\n\n\n\n<div style=\"height:100px\" aria-hidden=\"true\" class=\"wp-block-spacer\"><\/div>\n\n\n\n<div class=\"wp-block-columns are-vertically-aligned-center is-layout-flex wp-container-core-columns-is-layout-9d6595d7 wp-block-columns-is-layout-flex\">\n<div class=\"wp-block-column is-vertically-aligned-center is-layout-flow wp-block-column-is-layout-flow\">\n<h3 class=\"has-text-align-center has-black-color has-text-color wp-block-heading\">Produits et services<\/h3>\n\n\n\n<p class=\"has-text-align-center has-black-color has-text-color\">Les produits et services que votre entreprise offre \u00e0 ses clients.<\/p>\n\n\n\n<div class=\"wp-block-buttons is-horizontal is-content-justification-center is-layout-flex wp-container-core-buttons-is-layout-499968f5 wp-block-buttons-is-layout-flex\">\n<div class=\"wp-block-button aligncenter is-style-fill\"><a class=\"wp-block-button__link has-background\" href=\"https:\/\/webwilly.ca\/my-business-profile\/products-services\/\" style=\"background-color:#ff6600\">Produits<\/a><\/div>\n<\/div>\n<\/div>\n\n\n\n<div class=\"wp-block-column is-vertically-aligned-center is-layout-flow wp-block-column-is-layout-flow\">\n<div class=\"wp-block-image\"><figure class=\"aligncenter size-full\"><img loading=\"lazy\" decoding=\"async\" width=\"850\" height=\"568\" src=\"https:\/\/webwilly.ca\/wp-content\/uploads\/2022\/05\/small-business-internal-profile-2.jpg\" alt=\"Mon profil d'entreprise interne\" class=\"wp-image-27414\" srcset=\"https:\/\/webwilly.ca\/wp-content\/uploads\/2022\/05\/small-business-internal-profile-2.jpg 850w, https:\/\/webwilly.ca\/wp-content\/uploads\/2022\/05\/small-business-internal-profile-2-300x200.jpg 300w, https:\/\/webwilly.ca\/wp-content\/uploads\/2022\/05\/small-business-internal-profile-2-768x513.jpg 768w\" sizes=\"auto, (max-width: 850px) 100vw, 850px\" \/><\/figure><\/div>\n<\/div>\n<\/div>\n\n\n\n<div style=\"height:100px\" aria-hidden=\"true\" class=\"wp-block-spacer\"><\/div>\n\n\n\n<div class=\"wp-block-columns are-vertically-aligned-center is-layout-flex wp-container-core-columns-is-layout-9d6595d7 wp-block-columns-is-layout-flex\">\n<div class=\"wp-block-column is-vertically-aligned-center is-layout-flow wp-block-column-is-layout-flow\">\n<div class=\"wp-block-image\"><figure class=\"aligncenter size-full\"><img loading=\"lazy\" decoding=\"async\" width=\"850\" height=\"564\" src=\"https:\/\/webwilly.ca\/wp-content\/uploads\/2022\/05\/small-business-internal-profile-4.jpg\" alt=\"Mon profil d'entreprise interne\" class=\"wp-image-27416\" srcset=\"https:\/\/webwilly.ca\/wp-content\/uploads\/2022\/05\/small-business-internal-profile-4.jpg 850w, https:\/\/webwilly.ca\/wp-content\/uploads\/2022\/05\/small-business-internal-profile-4-300x199.jpg 300w, https:\/\/webwilly.ca\/wp-content\/uploads\/2022\/05\/small-business-internal-profile-4-768x510.jpg 768w\" sizes=\"auto, (max-width: 850px) 100vw, 850px\" \/><\/figure><\/div>\n<\/div>\n\n\n\n<div class=\"wp-block-column is-vertically-aligned-center is-layout-flow wp-block-column-is-layout-flow\">\n<h3 class=\"has-text-align-center has-black-color has-text-color wp-block-heading\">Marketing<\/h3>\n\n\n\n<p class=\"has-text-align-center has-black-color has-text-color\">Les efforts et strat\u00e9gies marketing de votre entreprise.<\/p>\n\n\n\n<div class=\"wp-block-buttons is-horizontal is-content-justification-center is-layout-flex wp-container-core-buttons-is-layout-499968f5 wp-block-buttons-is-layout-flex\">\n<div class=\"wp-block-button aligncenter is-style-fill\"><a class=\"wp-block-button__link has-background\" href=\"https:\/\/webwilly.ca\/my-business-profile\/marketing\/\" style=\"background-color:#ff6600\">Marketing<\/a><\/div>\n<\/div>\n<\/div>\n<\/div>\n\n\n\n<div style=\"height:100px\" aria-hidden=\"true\" class=\"wp-block-spacer\"><\/div>\n\n\n\n<div class=\"wp-block-columns are-vertically-aligned-center is-layout-flex wp-container-core-columns-is-layout-9d6595d7 wp-block-columns-is-layout-flex\">\n<div class=\"wp-block-column is-vertically-aligned-center is-layout-flow wp-block-column-is-layout-flow\">\n<h3 class=\"has-text-align-center has-black-color has-text-color wp-block-heading\">March\u00e9s cibl\u00e9s<\/h3>\n\n\n\n<p class=\"has-text-align-center has-black-color has-text-color\">Les march\u00e9s cibl\u00e9s principal et secondaire de votre entreprise.<\/p>\n\n\n\n<div class=\"wp-block-buttons is-horizontal is-content-justification-center is-layout-flex wp-container-core-buttons-is-layout-499968f5 wp-block-buttons-is-layout-flex\">\n<div class=\"wp-block-button aligncenter is-style-fill\"><a class=\"wp-block-button__link has-background\" href=\"https:\/\/webwilly.ca\/my-business-profile\/target-market\/\" style=\"background-color:#ff6600\">March\u00e9s<\/a><\/div>\n<\/div>\n<\/div>\n\n\n\n<div class=\"wp-block-column is-vertically-aligned-center is-layout-flow wp-block-column-is-layout-flow\">\n<div class=\"wp-block-image\"><figure class=\"aligncenter size-full\"><img loading=\"lazy\" decoding=\"async\" width=\"850\" height=\"567\" src=\"https:\/\/webwilly.ca\/wp-content\/uploads\/2022\/05\/small-business-internal-profile-7.jpg\" alt=\"Mon profil d'entreprise interne\" class=\"wp-image-27418\" srcset=\"https:\/\/webwilly.ca\/wp-content\/uploads\/2022\/05\/small-business-internal-profile-7.jpg 850w, https:\/\/webwilly.ca\/wp-content\/uploads\/2022\/05\/small-business-internal-profile-7-300x200.jpg 300w, https:\/\/webwilly.ca\/wp-content\/uploads\/2022\/05\/small-business-internal-profile-7-768x512.jpg 768w\" sizes=\"auto, (max-width: 850px) 100vw, 850px\" \/><\/figure><\/div>\n<\/div>\n<\/div>\n\n\n\n<div style=\"height:100px\" aria-hidden=\"true\" class=\"wp-block-spacer\"><\/div>\n\n\n\n<div class=\"wp-block-columns are-vertically-aligned-center is-layout-flex wp-container-core-columns-is-layout-9d6595d7 wp-block-columns-is-layout-flex\">\n<div class=\"wp-block-column is-vertically-aligned-center is-layout-flow wp-block-column-is-layout-flow\">\n<div class=\"wp-block-image\"><figure class=\"aligncenter size-full\"><img loading=\"lazy\" decoding=\"async\" width=\"850\" height=\"567\" src=\"https:\/\/webwilly.ca\/wp-content\/uploads\/2022\/05\/small-business-internal-profile-5.jpg\" alt=\"Mon profil d'entreprise interne\" class=\"wp-image-27420\" srcset=\"https:\/\/webwilly.ca\/wp-content\/uploads\/2022\/05\/small-business-internal-profile-5.jpg 850w, https:\/\/webwilly.ca\/wp-content\/uploads\/2022\/05\/small-business-internal-profile-5-300x200.jpg 300w, https:\/\/webwilly.ca\/wp-content\/uploads\/2022\/05\/small-business-internal-profile-5-768x512.jpg 768w\" sizes=\"auto, (max-width: 850px) 100vw, 850px\" \/><\/figure><\/div>\n<\/div>\n\n\n\n<div class=\"wp-block-column is-vertically-aligned-center is-layout-flow wp-block-column-is-layout-flow\">\n<h3 class=\"has-text-align-center has-black-color has-text-color wp-block-heading\">M\u00e9dias sociaux<\/h3>\n\n\n\n<p class=\"has-text-align-center has-black-color has-text-color\">Liens vers les comptes de r\u00e9seaux sociaux de votre entreprise.<\/p>\n\n\n\n<div class=\"wp-block-buttons is-horizontal is-content-justification-center is-layout-flex wp-container-core-buttons-is-layout-499968f5 wp-block-buttons-is-layout-flex\">\n<div class=\"wp-block-button aligncenter is-style-fill\"><a class=\"wp-block-button__link has-background\" href=\"https:\/\/webwilly.ca\/my-business-profile\/social-media-links\/\" style=\"background-color:#ff6600\">M\u00e9dias sociaux<\/a><\/div>\n<\/div>\n<\/div>\n<\/div>\n\n\n\n<div style=\"height:100px\" aria-hidden=\"true\" class=\"wp-block-spacer\"><\/div>\n\n\n\n<div class=\"wp-block-columns are-vertically-aligned-center is-layout-flex wp-container-core-columns-is-layout-9d6595d7 wp-block-columns-is-layout-flex\">\n<div class=\"wp-block-column is-vertically-aligned-center is-layout-flow wp-block-column-is-layout-flow\">\n<h3 class=\"has-text-align-center has-black-color has-text-color wp-block-heading\">Site web<\/h3>\n\n\n\n<p class=\"has-text-align-center has-black-color has-text-color\">Les sites Web de votre entreprise.<\/p>\n\n\n\n<div class=\"wp-block-buttons is-horizontal is-content-justification-center is-layout-flex wp-container-core-buttons-is-layout-499968f5 wp-block-buttons-is-layout-flex\">\n<div class=\"wp-block-button aligncenter is-style-fill\"><a class=\"wp-block-button__link has-background\" href=\"https:\/\/webwilly.ca\/my-business-profile\/website\/\" style=\"background-color:#ff6600\">Site web<\/a><\/div>\n<\/div>\n<\/div>\n\n\n\n<div class=\"wp-block-column is-vertically-aligned-center is-layout-flow wp-block-column-is-layout-flow\">\n<div class=\"wp-block-image\"><figure class=\"aligncenter size-full\"><img loading=\"lazy\" decoding=\"async\" width=\"850\" height=\"563\" src=\"https:\/\/webwilly.ca\/wp-content\/uploads\/2022\/05\/small-business-internal-profile-6.jpg\" alt=\"Mon profil d'entreprise interne\" class=\"wp-image-27422\" srcset=\"https:\/\/webwilly.ca\/wp-content\/uploads\/2022\/05\/small-business-internal-profile-6.jpg 850w, https:\/\/webwilly.ca\/wp-content\/uploads\/2022\/05\/small-business-internal-profile-6-300x199.jpg 300w, https:\/\/webwilly.ca\/wp-content\/uploads\/2022\/05\/small-business-internal-profile-6-768x509.jpg 768w\" sizes=\"auto, (max-width: 850px) 100vw, 850px\" \/><\/figure><\/div>\n<\/div>\n<\/div>\n\n\n\n<div style=\"height:100px\" aria-hidden=\"true\" class=\"wp-block-spacer\"><\/div>\n\n\n\n<div class=\"wp-block-columns are-vertically-aligned-center is-layout-flex wp-container-core-columns-is-layout-9d6595d7 wp-block-columns-is-layout-flex\">\n<div class=\"wp-block-column is-vertically-aligned-center is-layout-flow wp-block-column-is-layout-flow\">\n<div class=\"wp-block-image\"><figure class=\"aligncenter size-full\"><img loading=\"lazy\" decoding=\"async\" width=\"850\" height=\"688\" src=\"https:\/\/webwilly.ca\/wp-content\/uploads\/2022\/05\/small-business-internal-profile-9.jpg\" alt=\"Mon profil d'entreprise interne\" class=\"wp-image-27424\" srcset=\"https:\/\/webwilly.ca\/wp-content\/uploads\/2022\/05\/small-business-internal-profile-9.jpg 850w, https:\/\/webwilly.ca\/wp-content\/uploads\/2022\/05\/small-business-internal-profile-9-300x243.jpg 300w, https:\/\/webwilly.ca\/wp-content\/uploads\/2022\/05\/small-business-internal-profile-9-768x622.jpg 768w\" sizes=\"auto, (max-width: 850px) 100vw, 850px\" \/><\/figure><\/div>\n<\/div>\n\n\n\n<div class=\"wp-block-column is-vertically-aligned-center is-layout-flow wp-block-column-is-layout-flow\">\n<h3 class=\"has-text-align-center has-black-color has-text-color wp-block-heading\">Contacts par courriel<\/h3>\n\n\n\n<p class=\"has-text-align-center has-black-color has-text-color\">T\u00e9l\u00e9versez vos contacts de courriel pour le marketing par e-mail.<\/p>\n\n\n\n<div class=\"wp-block-buttons is-horizontal is-content-justification-center is-layout-flex wp-container-core-buttons-is-layout-499968f5 wp-block-buttons-is-layout-flex\">\n<div class=\"wp-block-button\"><a class=\"wp-block-button__link has-background\" href=\"https:\/\/webwilly.ca\/my-business-profile\/email-contacts\/\" style=\"background-color:#ff6600\">Contacts par courriel<\/a><\/div>\n<\/div>\n<\/div>\n<\/div>\n\n\n\n<div style=\"height:100px\" aria-hidden=\"true\" class=\"wp-block-spacer\"><\/div>\n\n\n\n<div class=\"wp-block-columns are-vertically-aligned-center is-layout-flex wp-container-core-columns-is-layout-9d6595d7 wp-block-columns-is-layout-flex\">\n<div class=\"wp-block-column is-vertically-aligned-center is-layout-flow wp-block-column-is-layout-flow\">\n<h3 class=\"has-text-align-center has-black-color has-text-color wp-block-heading\">Documents juridiques<\/h3>\n\n\n\n<p class=\"has-text-align-center has-black-color has-text-color\">Pages juridiques du site Web de votre entreprise.<\/p>\n\n\n\n<div class=\"wp-block-buttons is-horizontal is-content-justification-center is-layout-flex wp-container-core-buttons-is-layout-499968f5 wp-block-buttons-is-layout-flex\">\n<div class=\"wp-block-button\"><a class=\"wp-block-button__link has-background\" href=\"https:\/\/webwilly.ca\/my-business-profile\/legal-documents\/\" style=\"background-color:#ff6600\">Documents<\/a><\/div>\n<\/div>\n<\/div>\n\n\n\n<div class=\"wp-block-column is-vertically-aligned-center is-layout-flow wp-block-column-is-layout-flow\">\n<div class=\"wp-block-image\"><figure class=\"aligncenter size-full\"><img loading=\"lazy\" decoding=\"async\" width=\"850\" height=\"568\" src=\"https:\/\/webwilly.ca\/wp-content\/uploads\/2022\/05\/small-business-internal-profile-10.jpg\" alt=\"Mon profil d'entreprise interne\" class=\"wp-image-27426\" srcset=\"https:\/\/webwilly.ca\/wp-content\/uploads\/2022\/05\/small-business-internal-profile-10.jpg 850w, https:\/\/webwilly.ca\/wp-content\/uploads\/2022\/05\/small-business-internal-profile-10-300x200.jpg 300w, https:\/\/webwilly.ca\/wp-content\/uploads\/2022\/05\/small-business-internal-profile-10-768x513.jpg 768w\" sizes=\"auto, (max-width: 850px) 100vw, 850px\" \/><\/figure><\/div>\n<\/div>\n<\/div>\n\n\n\n<div style=\"height:100px\" aria-hidden=\"true\" class=\"wp-block-spacer\"><\/div>\n\n\n\n<div class=\"wp-block-columns are-vertically-aligned-center is-layout-flex wp-container-core-columns-is-layout-9d6595d7 wp-block-columns-is-layout-flex\">\n<div class=\"wp-block-column is-vertically-aligned-center is-layout-flow wp-block-column-is-layout-flow\">\n<div class=\"wp-block-image\"><figure class=\"aligncenter size-full\"><img loading=\"lazy\" decoding=\"async\" width=\"850\" height=\"567\" src=\"https:\/\/webwilly.ca\/wp-content\/uploads\/2022\/05\/small-business-internal-profile-11.jpg\" alt=\"Mon profil d'entreprise interne\" class=\"wp-image-27428\" srcset=\"https:\/\/webwilly.ca\/wp-content\/uploads\/2022\/05\/small-business-internal-profile-11.jpg 850w, https:\/\/webwilly.ca\/wp-content\/uploads\/2022\/05\/small-business-internal-profile-11-300x200.jpg 300w, https:\/\/webwilly.ca\/wp-content\/uploads\/2022\/05\/small-business-internal-profile-11-768x512.jpg 768w\" sizes=\"auto, (max-width: 850px) 100vw, 850px\" \/><\/figure><\/div>\n<\/div>\n\n\n\n<div class=\"wp-block-column is-vertically-aligned-center is-layout-flow wp-block-column-is-layout-flow\">\n<h3 class=\"has-text-align-center has-black-color has-text-color wp-block-heading\">D\u00e9tails de design<\/h3>\n\n\n\n<p class=\"has-text-align-center has-black-color has-text-color\">Ajoutez des d\u00e9tails de design \u00e0 votre commande.<\/p>\n\n\n\n<div class=\"wp-block-buttons is-horizontal is-content-justification-center is-layout-flex wp-container-core-buttons-is-layout-499968f5 wp-block-buttons-is-layout-flex\">\n<div class=\"wp-block-button\"><a class=\"wp-block-button__link has-background\" href=\"https:\/\/webwilly.ca\/my-business-profile\/design-details\/\" style=\"background-color:#ff6600\">D\u00e9tails de design<\/a><\/div>\n<\/div>\n<\/div>\n<\/div>\n","protected":false},"excerpt":{"rendered":"<p>Structure La structure de votre entreprise et de ses employ\u00e9s. Emplacements Les emplacements et les r\u00e9gions d&rsquo;op\u00e9ration de votre entreprise. Produits et services Les produits et services que votre entreprise offre \u00e0 ses clients. Marketing Les efforts et strat\u00e9gies marketing de votre entreprise. March\u00e9s cibl\u00e9s Les march\u00e9s cibl\u00e9s principal et secondaire de votre entreprise. M\u00e9dias [&hellip;]<\/p>\n","protected":false},"author":1,"featured_media":27410,"parent":18596,"menu_order":0,"comment_status":"closed","ping_status":"closed","template":"","meta":{"_genesis_hide_title":false,"_genesis_hide_breadcrumbs":false,"_genesis_hide_singular_image":false,"_genesis_hide_footer_widgets":false,"_genesis_custom_body_class":"","_genesis_custom_post_class":"","_genesis_layout":"","footnotes":""},"class_list":{"0":"post-27434","1":"page","2":"type-page","3":"status-publish","4":"has-post-thumbnail","6":"entry"},"_links":{"self":[{"href":"https:\/\/webwilly.ca\/fr\/wp-json\/wp\/v2\/pages\/27434","targetHints":{"allow":["GET"]}}],"collection":[{"href":"https:\/\/webwilly.ca\/fr\/wp-json\/wp\/v2\/pages"}],"about":[{"href":"https:\/\/webwilly.ca\/fr\/wp-json\/wp\/v2\/types\/page"}],"author":[{"embeddable":true,"href":"https:\/\/webwilly.ca\/fr\/wp-json\/wp\/v2\/users\/1"}],"replies":[{"embeddable":true,"href":"https:\/\/webwilly.ca\/fr\/wp-json\/wp\/v2\/comments?post=27434"}],"version-history":[{"count":5,"href":"https:\/\/webwilly.ca\/fr\/wp-json\/wp\/v2\/pages\/27434\/revisions"}],"predecessor-version":[{"id":27458,"href":"https:\/\/webwilly.ca\/fr\/wp-json\/wp\/v2\/pages\/27434\/revisions\/27458"}],"up":[{"embeddable":true,"href":"https:\/\/webwilly.ca\/fr\/wp-json\/wp\/v2\/pages\/18596"}],"wp:featuredmedia":[{"embeddable":true,"href":"https:\/\/webwilly.ca\/fr\/wp-json\/wp\/v2\/media\/27410"}],"wp:attachment":[{"href":"https:\/\/webwilly.ca\/fr\/wp-json\/wp\/v2\/media?parent=27434"}],"curies":[{"name":"wp","href":"https:\/\/api.w.org\/{rel}","templated":true}]}}