{"id":27363,"date":"2022-05-01T20:02:45","date_gmt":"2022-05-02T00:02:45","guid":{"rendered":"https:\/\/webwilly.ca\/notre-mission\/"},"modified":"2023-11-12T10:43:49","modified_gmt":"2023-11-12T15:43:49","slug":"notre-mission","status":"publish","type":"page","link":"https:\/\/webwilly.ca\/fr\/notre-mission\/","title":{"rendered":"Notre mission"},"content":{"rendered":"<div class=\"wp-block-image is-resized\">\n<figure class=\"aligncenter size-large\"><img decoding=\"async\" src=\"https:\/\/webwilly.ca\/wp-content\/uploads\/2020\/08\/web-willy-logo-1.png\" alt=\"web-willy-logo\" class=\"wp-image-15753\"\/><\/figure>\n<\/div>\n\n\n<p class=\"has-text-align-center has-black-color has-text-color\">webwilly offre des services de marketing bilingues \u00e0 un prix abordable aux entreprises du Qu\u00e9bec.<\/p>\n\n\n\n<p class=\"has-text-align-center has-black-color has-text-color\">Nous b\u00e2tirons une relation commerciale durable avec votre entreprise en utilisant un processus r\u00e9p\u00e9titif de trois \u00e9tapes.<\/p>\n\n\n\n<div style=\"height:50px\" aria-hidden=\"true\" class=\"wp-block-spacer\"><\/div>\n\n\n\n<div class=\"wp-block-columns is-layout-flex wp-container-core-columns-is-layout-9d6595d7 wp-block-columns-is-layout-flex\">\n<div class=\"wp-block-column is-layout-flow wp-block-column-is-layout-flow\">\n<h3 class=\"wp-block-heading has-text-align-center has-text-color\" style=\"color:#ff6600\"><strong>Strat\u00e9gie<\/strong><\/h3>\n\n\n\n<p class=\"has-text-align-center has-black-color has-text-color\"><strong>webwilly d\u00e9terminera les objectifs strat\u00e9giques de votre entreprise \u00e0 court et \u00e0 long terme.<\/strong><\/p>\n<\/div>\n\n\n\n<div class=\"wp-block-column is-layout-flow wp-block-column-is-layout-flow\">\n<h3 class=\"wp-block-heading has-text-align-center has-text-color\" style=\"color:#ff6600\"><strong>Tactique<\/strong><\/h3>\n\n\n\n<p class=\"has-text-align-center has-black-color has-text-color\"><strong>webwilly vous proposera des tactiques marketing efficaces pour atteindre vos objectifs.<\/strong><\/p>\n<\/div>\n\n\n\n<div class=\"wp-block-column is-layout-flow wp-block-column-is-layout-flow\">\n<h3 class=\"wp-block-heading has-text-align-center has-text-color\" style=\"color:#ff6600\"><strong>Ex\u00e9cution<\/strong><\/h3>\n\n\n\n<p class=\"has-text-align-center has-black-color has-text-color\"><strong>webwilly ex\u00e9cutera efficacement les tactiques de marketing que vous choisirez pour atteindre vos objectifs.<\/strong><\/p>\n<\/div>\n<\/div>\n\n\n\n<div style=\"height:50px\" aria-hidden=\"true\" class=\"wp-block-spacer\"><\/div>\n\n\n\n<div class=\"wp-block-columns is-layout-flex wp-container-core-columns-is-layout-9d6595d7 wp-block-columns-is-layout-flex\">\n<div class=\"wp-block-column is-layout-flow wp-block-column-is-layout-flow\"><div class=\"wp-block-image\">\n<figure class=\"aligncenter size-full\"><img loading=\"lazy\" decoding=\"async\" width=\"850\" height=\"478\" src=\"https:\/\/webwilly.ca\/wp-content\/uploads\/2022\/03\/free-marketing-plan-webwilly-3.jpg\" alt=\"Plan marketing gratuit\" class=\"wp-image-26964\" srcset=\"https:\/\/webwilly.ca\/wp-content\/uploads\/2022\/03\/free-marketing-plan-webwilly-3.jpg 850w, https:\/\/webwilly.ca\/wp-content\/uploads\/2022\/03\/free-marketing-plan-webwilly-3-300x169.jpg 300w, https:\/\/webwilly.ca\/wp-content\/uploads\/2022\/03\/free-marketing-plan-webwilly-3-768x432.jpg 768w\" sizes=\"auto, (max-width: 850px) 100vw, 850px\" \/><\/figure>\n<\/div><\/div>\n\n\n\n<div class=\"wp-block-column is-vertically-aligned-center is-layout-flow wp-block-column-is-layout-flow\">\n<h2 class=\"wp-block-heading has-text-align-center\">Plan marketing<\/h2>\n\n\n\n<p class=\"has-text-align-center\">Obtenez un plan marketing personnalis\u00e9 pour votre entreprise au Qu\u00e9bec<\/p>\n\n\n\n<div class=\"wp-block-buttons is-content-justification-center is-layout-flex wp-container-core-buttons-is-layout-16018d1d wp-block-buttons-is-layout-flex\">\n<div class=\"wp-block-button\"><a class=\"wp-block-button__link has-background wp-element-button\" href=\"\/fr?page_id=26922\" style=\"background-color:#ff6600\">Plan marketing<\/a><\/div>\n<\/div>\n<\/div>\n<\/div>\n\n\n\n<div style=\"height:50px\" aria-hidden=\"true\" class=\"wp-block-spacer\"><\/div>\n\n\n<div class=\"wp-block-image is-resized\">\n<figure class=\"aligncenter size-thumbnail\"><img loading=\"lazy\" decoding=\"async\" width=\"150\" height=\"150\" src=\"https:\/\/webwilly.ca\/wp-content\/uploads\/2021\/08\/cropped-logo-icon-2-150x150.png\" alt=\"webwilly logo\" class=\"wp-image-20798\" srcset=\"https:\/\/webwilly.ca\/wp-content\/uploads\/2021\/08\/cropped-logo-icon-2-150x150.png 150w, https:\/\/webwilly.ca\/wp-content\/uploads\/2021\/08\/cropped-logo-icon-2-300x300.png 300w, https:\/\/webwilly.ca\/wp-content\/uploads\/2021\/08\/cropped-logo-icon-2-100x100.png 100w, https:\/\/webwilly.ca\/wp-content\/uploads\/2021\/08\/cropped-logo-icon-2-270x270.png 270w, https:\/\/webwilly.ca\/wp-content\/uploads\/2021\/08\/cropped-logo-icon-2-192x192.png 192w, https:\/\/webwilly.ca\/wp-content\/uploads\/2021\/08\/cropped-logo-icon-2-180x180.png 180w, https:\/\/webwilly.ca\/wp-content\/uploads\/2021\/08\/cropped-logo-icon-2-32x32.png 32w, https:\/\/webwilly.ca\/wp-content\/uploads\/2021\/08\/cropped-logo-icon-2.png 512w\" sizes=\"auto, (max-width: 150px) 100vw, 150px\" \/><\/figure>\n<\/div>\n\n\n<div style=\"height:50px\" aria-hidden=\"true\" class=\"wp-block-spacer\"><\/div>\n\n\n\n<div class=\"wp-block-group\"><div class=\"wp-block-group__inner-container is-layout-flow wp-block-group-is-layout-flow\">\n<h2 class=\"has-text-align-center wp-block-heading\">Visitez notre boutique<\/h2>\n\n\n\n<p class=\"has-text-align-center\">Ou <a href=\"\/fr?page_id=19949\">enregistrez<\/a> votre entreprise<\/p>\n\n\n\n<div class=\"wp-block-buttons is-content-justification-center is-layout-flex wp-block-buttons-is-layout-flex\">\n<div class=\"wp-block-button\"><a class=\"wp-block-button__link has-background\" href=\"\/fr\/boutique\/\" style=\"background-color:#ff6600\">Boutique<\/a><\/div>\n<\/div>\n<\/div><\/div>\n","protected":false},"excerpt":{"rendered":"<p>webwilly offre des services de marketing bilingues \u00e0 un prix abordable aux entreprises du Qu\u00e9bec. Nous b\u00e2tirons une relation commerciale durable avec votre entreprise en utilisant un processus r\u00e9p\u00e9titif de trois \u00e9tapes. Strat\u00e9gie webwilly d\u00e9terminera les objectifs strat\u00e9giques de votre entreprise \u00e0 court et \u00e0 long terme. Tactique webwilly vous proposera des tactiques marketing efficaces [&hellip;]<\/p>\n","protected":false},"author":1,"featured_media":20796,"parent":0,"menu_order":0,"comment_status":"closed","ping_status":"closed","template":"","meta":{"_genesis_hide_title":false,"_genesis_hide_breadcrumbs":false,"_genesis_hide_singular_image":false,"_genesis_hide_footer_widgets":false,"_genesis_custom_body_class":"","_genesis_custom_post_class":"","_genesis_layout":"","footnotes":""},"class_list":{"0":"post-27363","1":"page","2":"type-page","3":"status-publish","4":"has-post-thumbnail","6":"entry"},"_links":{"self":[{"href":"https:\/\/webwilly.ca\/fr\/wp-json\/wp\/v2\/pages\/27363","targetHints":{"allow":["GET"]}}],"collection":[{"href":"https:\/\/webwilly.ca\/fr\/wp-json\/wp\/v2\/pages"}],"about":[{"href":"https:\/\/webwilly.ca\/fr\/wp-json\/wp\/v2\/types\/page"}],"author":[{"embeddable":true,"href":"https:\/\/webwilly.ca\/fr\/wp-json\/wp\/v2\/users\/1"}],"replies":[{"embeddable":true,"href":"https:\/\/webwilly.ca\/fr\/wp-json\/wp\/v2\/comments?post=27363"}],"version-history":[{"count":5,"href":"https:\/\/webwilly.ca\/fr\/wp-json\/wp\/v2\/pages\/27363\/revisions"}],"predecessor-version":[{"id":28884,"href":"https:\/\/webwilly.ca\/fr\/wp-json\/wp\/v2\/pages\/27363\/revisions\/28884"}],"wp:featuredmedia":[{"embeddable":true,"href":"https:\/\/webwilly.ca\/fr\/wp-json\/wp\/v2\/media\/20796"}],"wp:attachment":[{"href":"https:\/\/webwilly.ca\/fr\/wp-json\/wp\/v2\/media?parent=27363"}],"curies":[{"name":"wp","href":"https:\/\/api.w.org\/{rel}","templated":true}]}}