{"id":27266,"date":"2022-05-01T15:53:09","date_gmt":"2022-05-01T19:53:09","guid":{"rendered":"https:\/\/webwilly.ca\/a-propos-de-webwilly\/"},"modified":"2023-12-10T17:20:30","modified_gmt":"2023-12-10T22:20:30","slug":"a-propos-de-webwilly","status":"publish","type":"page","link":"https:\/\/webwilly.ca\/fr\/a-propos-de-webwilly\/","title":{"rendered":"\u00c0 propos de webwilly"},"content":{"rendered":"\n<div class=\"wp-block-columns is-layout-flex wp-container-core-columns-is-layout-9d6595d7 wp-block-columns-is-layout-flex\">\n<div class=\"wp-block-column is-vertically-aligned-center is-layout-flow wp-block-column-is-layout-flow\">\n<h2 class=\"wp-block-heading has-text-align-left has-black-color has-text-color\">\u00c9tudes et Dipl\u00f4mes de webwilly<\/h2>\n\n\n\n<p class=\"has-text-align-left\">webwilly est un expert en marketing et en technologie dipl\u00f4m\u00e9 de l&rsquo;Universit\u00e9 Concordia, \u00e0 Montr\u00e9al, avec un baccalaur\u00e9at en commerce, avec majeure en gestion des technologies d&rsquo;affaires. Avant d&rsquo;aller \u00e0 l&rsquo;universit\u00e9, webwilly a obtenu un dipl\u00f4me en gestion des affaires du Coll\u00e8ge Champlain, \u00e0 Saint-Lambert, ax\u00e9 sur le marketing et la gestion de la publicit\u00e9.<\/p>\n<\/div>\n\n\n\n<div class=\"wp-block-column is-layout-flow wp-block-column-is-layout-flow\"><div class=\"wp-block-image\">\n<figure class=\"aligncenter size-full\"><img loading=\"lazy\" decoding=\"async\" width=\"850\" height=\"567\" src=\"https:\/\/webwilly.ca\/wp-content\/uploads\/2023\/12\/a-propos-de-webwilly-expert-en-affaires-marketing-et-technologie-14.jpg\" alt=\"a-propos-de-webwilly-expert-en-affaires-marketing-et-technologie\" class=\"wp-image-29024\" srcset=\"https:\/\/webwilly.ca\/wp-content\/uploads\/2023\/12\/a-propos-de-webwilly-expert-en-affaires-marketing-et-technologie-14.jpg 850w, https:\/\/webwilly.ca\/wp-content\/uploads\/2023\/12\/a-propos-de-webwilly-expert-en-affaires-marketing-et-technologie-14-300x200.jpg 300w, https:\/\/webwilly.ca\/wp-content\/uploads\/2023\/12\/a-propos-de-webwilly-expert-en-affaires-marketing-et-technologie-14-768x512.jpg 768w\" sizes=\"auto, (max-width: 850px) 100vw, 850px\" \/><\/figure>\n<\/div><\/div>\n<\/div>\n\n\n\n<div style=\"height:100px\" aria-hidden=\"true\" class=\"wp-block-spacer\"><\/div>\n\n\n\n<div class=\"wp-block-columns is-layout-flex wp-container-core-columns-is-layout-9d6595d7 wp-block-columns-is-layout-flex\">\n<div class=\"wp-block-column is-vertically-aligned-center is-layout-flow wp-block-column-is-layout-flow\"><div class=\"wp-block-image\">\n<figure class=\"aligncenter size-full\"><img loading=\"lazy\" decoding=\"async\" width=\"850\" height=\"526\" src=\"https:\/\/webwilly.ca\/wp-content\/uploads\/2022\/05\/about-webwilly-business-marketing-technology-expert-11.jpg\" alt=\"\" class=\"wp-image-27234\" srcset=\"https:\/\/webwilly.ca\/wp-content\/uploads\/2022\/05\/about-webwilly-business-marketing-technology-expert-11.jpg 850w, https:\/\/webwilly.ca\/wp-content\/uploads\/2022\/05\/about-webwilly-business-marketing-technology-expert-11-300x186.jpg 300w, https:\/\/webwilly.ca\/wp-content\/uploads\/2022\/05\/about-webwilly-business-marketing-technology-expert-11-768x475.jpg 768w\" sizes=\"auto, (max-width: 850px) 100vw, 850px\" \/><\/figure>\n<\/div><\/div>\n\n\n\n<div class=\"wp-block-column is-vertically-aligned-center is-layout-flow wp-block-column-is-layout-flow\">\n<h2 class=\"wp-block-heading has-text-align-left\">Formations et cours techniques<\/h2>\n\n\n\n<p class=\"has-text-align-left\">webwilly a con\u00e7u et construit des sites Web tout au long de sa carri\u00e8re professionnelle et pendant ses \u00e9tudes universitaires pour lui-m\u00eame, pour des clients et pour le travail. webwilly a appris le c\u00f4t\u00e9 technique de ses comp\u00e9tences en pratiquant. Des cours techniques gratuits et payants en ligne aident en permanence webwilly \u00e0 se tenir au courant des formations techniques.<\/p>\n\n\n\n<p class=\"has-text-align-left\">Au fil des ans, webwilly a appris \u00e0 concevoir, g\u00e9rer et s\u00e9curiser des sites Web, du d\u00e9but \u00e0 la fin. Ces comp\u00e9tences techniques acquises incluent m\u00eame le nettoyage des sites Web pirat\u00e9s et la suppression des portes d\u00e9rob\u00e9es pour les s\u00e9curiser. D\u2019autres comp\u00e9tences plus ax\u00e9es sur le profit incluent le classement des sites Web sur la premi\u00e8re page des r\u00e9sultats de recherche organiques de Google.<\/p>\n<\/div>\n<\/div>\n\n\n\n<div style=\"height:100px\" aria-hidden=\"true\" class=\"wp-block-spacer\"><\/div>\n\n\n\n<div class=\"wp-block-columns is-layout-flex wp-container-core-columns-is-layout-9d6595d7 wp-block-columns-is-layout-flex\">\n<div class=\"wp-block-column is-vertically-aligned-center is-layout-flow wp-block-column-is-layout-flow\">\n<h2 class=\"wp-block-heading has-text-align-left\">Expertise en gestion d&rsquo;entreprise<\/h2>\n\n\n\n<p class=\"has-text-align-left\">webwilly a une compr\u00e9hension fine de la gestion d&rsquo;entreprise. Au fil du temps, en discutant avec diff\u00e9rents entrepreneurs et propri\u00e9taires d&rsquo;entreprise dans diff\u00e9rentes industries, webwilly a appris \u00e0 \u00e9couter et \u00e0 poser les bonnes questions. Comprendre votre entreprise est la premi\u00e8re \u00e9tape de la planification de votre marketing.<\/p>\n<\/div>\n\n\n\n<div class=\"wp-block-column is-layout-flow wp-block-column-is-layout-flow\"><div class=\"wp-block-image\">\n<figure class=\"aligncenter size-full\"><img loading=\"lazy\" decoding=\"async\" width=\"850\" height=\"568\" src=\"https:\/\/webwilly.ca\/wp-content\/uploads\/2022\/05\/about-webwilly-business-marketing-technology-expert-6-1.jpg\" alt=\"\" class=\"wp-image-27236\" srcset=\"https:\/\/webwilly.ca\/wp-content\/uploads\/2022\/05\/about-webwilly-business-marketing-technology-expert-6-1.jpg 850w, https:\/\/webwilly.ca\/wp-content\/uploads\/2022\/05\/about-webwilly-business-marketing-technology-expert-6-1-300x200.jpg 300w, https:\/\/webwilly.ca\/wp-content\/uploads\/2022\/05\/about-webwilly-business-marketing-technology-expert-6-1-768x513.jpg 768w\" sizes=\"auto, (max-width: 850px) 100vw, 850px\" \/><\/figure>\n<\/div><\/div>\n<\/div>\n\n\n\n<div style=\"height:100px\" aria-hidden=\"true\" class=\"wp-block-spacer\"><\/div>\n\n\n\n<div class=\"wp-block-columns are-vertically-aligned-center is-layout-flex wp-container-core-columns-is-layout-9d6595d7 wp-block-columns-is-layout-flex\">\n<div class=\"wp-block-column is-vertically-aligned-center is-layout-flow wp-block-column-is-layout-flow\"><div class=\"wp-block-image\">\n<figure class=\"aligncenter size-full\"><img loading=\"lazy\" decoding=\"async\" width=\"850\" height=\"555\" src=\"https:\/\/webwilly.ca\/wp-content\/uploads\/2022\/05\/about-webwilly-business-marketing-technology-expert-4-1.jpg\" alt=\"\" class=\"wp-image-27238\" srcset=\"https:\/\/webwilly.ca\/wp-content\/uploads\/2022\/05\/about-webwilly-business-marketing-technology-expert-4-1.jpg 850w, https:\/\/webwilly.ca\/wp-content\/uploads\/2022\/05\/about-webwilly-business-marketing-technology-expert-4-1-300x196.jpg 300w, https:\/\/webwilly.ca\/wp-content\/uploads\/2022\/05\/about-webwilly-business-marketing-technology-expert-4-1-768x501.jpg 768w\" sizes=\"auto, (max-width: 850px) 100vw, 850px\" \/><\/figure>\n<\/div><\/div>\n\n\n\n<div class=\"wp-block-column is-vertically-aligned-center is-layout-flow wp-block-column-is-layout-flow\">\n<h2 class=\"wp-block-heading has-text-align-left\">Expertise en marketing<\/h2>\n\n\n\n<p class=\"has-text-align-left\">webwilly a une facilit\u00e9 \u00e0 comprendre o\u00f9 une entreprise s&rsquo;int\u00e8gre dans un march\u00e9 et quelles strat\u00e9gies de marketing lui conviennent. Cela a \u00e9t\u00e9 acquis au fil du temps en discutant et en lisant de nombreux cas commerciaux diff\u00e9rents. webwilly a travaill\u00e9 avec des clients dans diverses industries.<\/p>\n<\/div>\n<\/div>\n\n\n\n<div style=\"height:100px\" aria-hidden=\"true\" class=\"wp-block-spacer\"><\/div>\n\n\n\n<div class=\"wp-block-columns is-layout-flex wp-container-core-columns-is-layout-9d6595d7 wp-block-columns-is-layout-flex\">\n<div class=\"wp-block-column is-vertically-aligned-center is-layout-flow wp-block-column-is-layout-flow\">\n<h2 class=\"wp-block-heading has-text-align-left\">Expertise technologique<\/h2>\n\n\n\n<p class=\"has-text-align-left\">webwilly a de l&rsquo;exp\u00e9rience dans le support technique et le conseil en technologie. Plusieurs cours universitaires ont \u00e9t\u00e9 utiles pour apprendre \u00e0 consulter et \u00e0 d\u00e9ployer des solutions technologiques. webwilly a particip\u00e9 au d\u00e9ploiement et \u00e0 la gestion de diff\u00e9rents types de solutions technologiques telles que des sites Web, des e-mails professionnels, des syst\u00e8mes t\u00e9l\u00e9phoniques, des CRM, des plateformes d&rsquo;e-mail marketing, du cryptage, d&rsquo;autres exigences de s\u00e9curit\u00e9, etc.<\/p>\n<\/div>\n\n\n\n<div class=\"wp-block-column is-layout-flow wp-block-column-is-layout-flow\"><div class=\"wp-block-image\">\n<figure class=\"aligncenter size-full\"><img loading=\"lazy\" decoding=\"async\" width=\"850\" height=\"567\" src=\"https:\/\/webwilly.ca\/wp-content\/uploads\/2022\/05\/about-webwilly-business-marketing-technology-expert-8-1.jpg\" alt=\"\" class=\"wp-image-27240\" srcset=\"https:\/\/webwilly.ca\/wp-content\/uploads\/2022\/05\/about-webwilly-business-marketing-technology-expert-8-1.jpg 850w, https:\/\/webwilly.ca\/wp-content\/uploads\/2022\/05\/about-webwilly-business-marketing-technology-expert-8-1-300x200.jpg 300w, https:\/\/webwilly.ca\/wp-content\/uploads\/2022\/05\/about-webwilly-business-marketing-technology-expert-8-1-768x512.jpg 768w\" sizes=\"auto, (max-width: 850px) 100vw, 850px\" \/><\/figure>\n<\/div><\/div>\n<\/div>\n\n\n\n<div style=\"height:100px\" aria-hidden=\"true\" class=\"wp-block-spacer\"><\/div>\n\n\n\n<div class=\"wp-block-columns are-vertically-aligned-center is-layout-flex wp-container-core-columns-is-layout-9d6595d7 wp-block-columns-is-layout-flex\">\n<div class=\"wp-block-column is-vertically-aligned-center is-layout-flow wp-block-column-is-layout-flow\"><div class=\"wp-block-image\">\n<figure class=\"aligncenter size-full\"><img loading=\"lazy\" decoding=\"async\" width=\"850\" height=\"567\" src=\"https:\/\/webwilly.ca\/wp-content\/uploads\/2022\/05\/webwilly-business-marketing-technology-expert.jpg\" alt=\"\" class=\"wp-image-27263\" srcset=\"https:\/\/webwilly.ca\/wp-content\/uploads\/2022\/05\/webwilly-business-marketing-technology-expert.jpg 850w, https:\/\/webwilly.ca\/wp-content\/uploads\/2022\/05\/webwilly-business-marketing-technology-expert-300x200.jpg 300w, https:\/\/webwilly.ca\/wp-content\/uploads\/2022\/05\/webwilly-business-marketing-technology-expert-768x512.jpg 768w\" sizes=\"auto, (max-width: 850px) 100vw, 850px\" \/><\/figure>\n<\/div><\/div>\n\n\n\n<div class=\"wp-block-column is-vertically-aligned-center is-layout-flow wp-block-column-is-layout-flow\">\n<h2 class=\"wp-block-heading has-text-align-left\">Expertise en mat\u00e9riel informatique<\/h2>\n\n\n\n<p class=\"has-text-align-left\">webwilly poss\u00e8de de l&rsquo;exp\u00e9rience dans la construction, le diagnostic et la r\u00e9paration d&rsquo;ordinateurs. Cela comprend la construction d&rsquo;ordinateurs en s\u00e9lectionnant les bons composants pour le budget, la construction de l&rsquo;ordinateur, l&rsquo;installation des programmes requis et la configuration d&rsquo;un employ\u00e9 pour commencer \u00e0 travailler. webwilly a \u00e9galement de l&rsquo;exp\u00e9rience dans le diagnostic des probl\u00e8mes informatiques et le remplacement des pi\u00e8ces cass\u00e9es.<\/p>\n<\/div>\n<\/div>\n\n\n\n<div style=\"height:100px\" aria-hidden=\"true\" class=\"wp-block-spacer\"><\/div>\n\n\n\n<div class=\"wp-block-columns is-layout-flex wp-container-core-columns-is-layout-9d6595d7 wp-block-columns-is-layout-flex\">\n<div class=\"wp-block-column is-vertically-aligned-center is-layout-flow wp-block-column-is-layout-flow\">\n<h2 class=\"wp-block-heading has-text-align-left\">Expertise en conception graphique<\/h2>\n\n\n\n<p class=\"has-text-align-left\">webwilly a de l&rsquo;exp\u00e9rience dans la conception de diff\u00e9rents types de marketing pour de nombreuses entreprises diff\u00e9rentes. Cela comprend la conception de marketing imprim\u00e9s r\u00e9guliers tels que des brochures, des d\u00e9pliants, des cartes d&rsquo;affaires, des dossiers de pr\u00e9sentation, etc. webwilly a \u00e9galement eu la chance de concevoir des articles marketing plus uniques comme des tasses \u00e0 caf\u00e9 personnalis\u00e9es, des cl\u00e9s USB, des enseignes et des tentes.<\/p>\n<\/div>\n\n\n\n<div class=\"wp-block-column is-layout-flow wp-block-column-is-layout-flow\"><div class=\"wp-block-image\">\n<figure class=\"aligncenter size-full\"><img loading=\"lazy\" decoding=\"async\" width=\"850\" height=\"567\" src=\"https:\/\/webwilly.ca\/wp-content\/uploads\/2022\/05\/about-webwilly-business-marketing-technology-expert-1-1.jpg\" alt=\"\" class=\"wp-image-27243\" srcset=\"https:\/\/webwilly.ca\/wp-content\/uploads\/2022\/05\/about-webwilly-business-marketing-technology-expert-1-1.jpg 850w, https:\/\/webwilly.ca\/wp-content\/uploads\/2022\/05\/about-webwilly-business-marketing-technology-expert-1-1-300x200.jpg 300w, https:\/\/webwilly.ca\/wp-content\/uploads\/2022\/05\/about-webwilly-business-marketing-technology-expert-1-1-768x512.jpg 768w\" sizes=\"auto, (max-width: 850px) 100vw, 850px\" \/><\/figure>\n<\/div><\/div>\n<\/div>\n\n\n\n<div style=\"height:100px\" aria-hidden=\"true\" class=\"wp-block-spacer\"><\/div>\n\n\n\n<div class=\"wp-block-columns is-layout-flex wp-container-core-columns-is-layout-9d6595d7 wp-block-columns-is-layout-flex\">\n<div class=\"wp-block-column is-vertically-aligned-center is-layout-flow wp-block-column-is-layout-flow\"><div class=\"wp-block-image\">\n<figure class=\"aligncenter size-full\"><img loading=\"lazy\" decoding=\"async\" width=\"850\" height=\"571\" src=\"https:\/\/webwilly.ca\/wp-content\/uploads\/2022\/05\/about-webwilly-business-marketing-technology-expert-9-1.jpg\" alt=\"\" class=\"wp-image-27245\" srcset=\"https:\/\/webwilly.ca\/wp-content\/uploads\/2022\/05\/about-webwilly-business-marketing-technology-expert-9-1.jpg 850w, https:\/\/webwilly.ca\/wp-content\/uploads\/2022\/05\/about-webwilly-business-marketing-technology-expert-9-1-300x202.jpg 300w, https:\/\/webwilly.ca\/wp-content\/uploads\/2022\/05\/about-webwilly-business-marketing-technology-expert-9-1-768x516.jpg 768w\" sizes=\"auto, (max-width: 850px) 100vw, 850px\" \/><\/figure>\n<\/div><\/div>\n\n\n\n<div class=\"wp-block-column is-vertically-aligned-center is-layout-flow wp-block-column-is-layout-flow\">\n<h2 class=\"wp-block-heading has-text-align-left\">Carri\u00e8re professionnelle de webwilly<\/h2>\n\n\n\n<p class=\"has-text-align-left\">La carri\u00e8re professionnelle de webwilly s&rsquo;est d\u00e9roul\u00e9e dans le secteur financier, occupant un poste dans le marketing et la gestion de la technologie. Tout en travaillant pour ce groupe financier, webwilly a \u00e9galement eu l&rsquo;occasion de consulter des conseillers financiers sur leur marketing et leur technologie. Cela a donn\u00e9 \u00e0 webwilly l&rsquo;exp\u00e9rience de travailler dans une entreprise en pleine croissance, occupant diff\u00e9rents r\u00f4les pour diff\u00e9rentes parties prenantes.<\/p>\n\n\n\n<h2 class=\"wp-block-heading has-text-align-left\">Actualit\u00e9s &amp; Recherche<\/h2>\n\n\n\n<p class=\"has-text-align-left\">webwilly aime faire des recherches sur divers sujets et se tenir au courant des actualit\u00e9s, des avanc\u00e9es technologiques, de la politique, de la sant\u00e9 et des sciences.<\/p>\n<\/div>\n<\/div>\n\n\n\n<div style=\"height:100px\" aria-hidden=\"true\" class=\"wp-block-spacer\"><\/div>\n\n\n\n<div class=\"wp-block-columns is-layout-flex wp-container-core-columns-is-layout-9d6595d7 wp-block-columns-is-layout-flex\">\n<div class=\"wp-block-column is-vertically-aligned-center is-layout-flow wp-block-column-is-layout-flow\">\n<h2 class=\"wp-block-heading has-text-align-left\">webwilly et des sous-traitants<\/h2>\n\n\n\n<p class=\"has-text-align-left\">webwilly sera votre consultant expert du d\u00e9but \u00e0 la fin, mais certains services, en partie ou en totalit\u00e9, seront sous-trait\u00e9s \u00e0 des experts tiers pour assurer une livraison efficace.<\/p>\n<\/div>\n\n\n\n<div class=\"wp-block-column is-vertically-aligned-center is-layout-flow wp-block-column-is-layout-flow\"><div class=\"wp-block-image\">\n<figure class=\"aligncenter size-full\"><img loading=\"lazy\" decoding=\"async\" width=\"850\" height=\"567\" src=\"https:\/\/webwilly.ca\/wp-content\/uploads\/2022\/05\/about-webwilly-business-marketing-technology-expert-5-1.jpg\" alt=\"\" class=\"wp-image-27249\" srcset=\"https:\/\/webwilly.ca\/wp-content\/uploads\/2022\/05\/about-webwilly-business-marketing-technology-expert-5-1.jpg 850w, https:\/\/webwilly.ca\/wp-content\/uploads\/2022\/05\/about-webwilly-business-marketing-technology-expert-5-1-300x200.jpg 300w, https:\/\/webwilly.ca\/wp-content\/uploads\/2022\/05\/about-webwilly-business-marketing-technology-expert-5-1-768x512.jpg 768w\" sizes=\"auto, (max-width: 850px) 100vw, 850px\" \/><\/figure>\n<\/div><\/div>\n<\/div>\n\n\n\n<div style=\"height:100px\" aria-hidden=\"true\" class=\"wp-block-spacer\"><\/div>\n\n\n\n<div class=\"wp-block-columns is-layout-flex wp-container-core-columns-is-layout-9d6595d7 wp-block-columns-is-layout-flex\">\n<div class=\"wp-block-column is-layout-flow wp-block-column-is-layout-flow\"><div class=\"wp-block-image\">\n<figure class=\"aligncenter size-full\"><img loading=\"lazy\" decoding=\"async\" width=\"850\" height=\"478\" src=\"https:\/\/webwilly.ca\/wp-content\/uploads\/2022\/03\/free-marketing-plan-webwilly-3.jpg\" alt=\"Plan marketing gratuit\" class=\"wp-image-26964\" srcset=\"https:\/\/webwilly.ca\/wp-content\/uploads\/2022\/03\/free-marketing-plan-webwilly-3.jpg 850w, https:\/\/webwilly.ca\/wp-content\/uploads\/2022\/03\/free-marketing-plan-webwilly-3-300x169.jpg 300w, https:\/\/webwilly.ca\/wp-content\/uploads\/2022\/03\/free-marketing-plan-webwilly-3-768x432.jpg 768w\" sizes=\"auto, (max-width: 850px) 100vw, 850px\" \/><\/figure>\n<\/div><\/div>\n\n\n\n<div class=\"wp-block-column is-vertically-aligned-center is-layout-flow wp-block-column-is-layout-flow\">\n<h2 class=\"wp-block-heading has-text-align-center\">Plan marketing<\/h2>\n\n\n\n<p class=\"has-text-align-center\">Obtenez un plan marketing personnalis\u00e9 pour votre entreprise au Qu\u00e9bec<\/p>\n\n\n\n<div class=\"wp-block-buttons is-content-justification-center is-layout-flex wp-container-core-buttons-is-layout-16018d1d wp-block-buttons-is-layout-flex\">\n<div class=\"wp-block-button\"><a class=\"wp-block-button__link has-background wp-element-button\" href=\"\/fr?page_id=26922\" style=\"background-color:#ff6600\">Plan marketing<\/a><\/div>\n<\/div>\n<\/div>\n<\/div>\n\n\n\n<div style=\"height:100px\" aria-hidden=\"true\" class=\"wp-block-spacer\"><\/div>\n\n\n\n<div class=\"wp-block-group\"><div class=\"wp-block-group__inner-container is-layout-flow wp-block-group-is-layout-flow\">\n<h2 class=\"has-text-align-center wp-block-heading\">Visitez notre boutique<\/h2>\n\n\n\n<p class=\"has-text-align-center\">Ou <a href=\"\/fr?page_id=19949\">enregistrez<\/a> votre entreprise<\/p>\n\n\n\n<div class=\"wp-block-buttons is-content-justification-center is-layout-flex wp-block-buttons-is-layout-flex\">\n<div class=\"wp-block-button\"><a class=\"wp-block-button__link has-background\" href=\"\/fr\/boutique\/\" style=\"background-color:#ff6600\">Boutique<\/a><\/div>\n<\/div>\n<\/div><\/div>\n","protected":false},"excerpt":{"rendered":"<p>\u00c9tudes et Dipl\u00f4mes de webwilly webwilly est un expert en marketing et en technologie dipl\u00f4m\u00e9 de l&rsquo;Universit\u00e9 Concordia, \u00e0 Montr\u00e9al, avec un baccalaur\u00e9at en commerce, avec majeure en gestion des technologies d&rsquo;affaires. Avant d&rsquo;aller \u00e0 l&rsquo;universit\u00e9, webwilly a obtenu un dipl\u00f4me en gestion des affaires du Coll\u00e8ge Champlain, \u00e0 Saint-Lambert, ax\u00e9 sur le marketing et [&hellip;]<\/p>\n","protected":false},"author":1,"featured_media":27209,"parent":0,"menu_order":0,"comment_status":"closed","ping_status":"closed","template":"","meta":{"_genesis_hide_title":false,"_genesis_hide_breadcrumbs":false,"_genesis_hide_singular_image":false,"_genesis_hide_footer_widgets":false,"_genesis_custom_body_class":"","_genesis_custom_post_class":"","_genesis_layout":"","footnotes":""},"class_list":{"0":"post-27266","1":"page","2":"type-page","3":"status-publish","4":"has-post-thumbnail","6":"entry"},"_links":{"self":[{"href":"https:\/\/webwilly.ca\/fr\/wp-json\/wp\/v2\/pages\/27266","targetHints":{"allow":["GET"]}}],"collection":[{"href":"https:\/\/webwilly.ca\/fr\/wp-json\/wp\/v2\/pages"}],"about":[{"href":"https:\/\/webwilly.ca\/fr\/wp-json\/wp\/v2\/types\/page"}],"author":[{"embeddable":true,"href":"https:\/\/webwilly.ca\/fr\/wp-json\/wp\/v2\/users\/1"}],"replies":[{"embeddable":true,"href":"https:\/\/webwilly.ca\/fr\/wp-json\/wp\/v2\/comments?post=27266"}],"version-history":[{"count":5,"href":"https:\/\/webwilly.ca\/fr\/wp-json\/wp\/v2\/pages\/27266\/revisions"}],"predecessor-version":[{"id":29026,"href":"https:\/\/webwilly.ca\/fr\/wp-json\/wp\/v2\/pages\/27266\/revisions\/29026"}],"wp:featuredmedia":[{"embeddable":true,"href":"https:\/\/webwilly.ca\/fr\/wp-json\/wp\/v2\/media\/27209"}],"wp:attachment":[{"href":"https:\/\/webwilly.ca\/fr\/wp-json\/wp\/v2\/media?parent=27266"}],"curies":[{"name":"wp","href":"https:\/\/api.w.org\/{rel}","templated":true}]}}