{"id":18684,"date":"2021-05-14T17:33:29","date_gmt":"2021-05-14T17:33:29","guid":{"rendered":"https:\/\/webwilly.ca\/?page_id=18684"},"modified":"2021-10-29T14:24:08","modified_gmt":"2021-10-29T18:24:08","slug":"conditions-dutilisation","status":"publish","type":"page","link":"https:\/\/webwilly.ca\/fr\/conditions-dutilisation\/","title":{"rendered":"Conditions d&rsquo;utilisation"},"content":{"rendered":"\n<p>Veuillez lire attentivement les conditions d&rsquo;utilisation qui r\u00e9gissent votre acc\u00e8s aux sites Web Webwilly et aux sites mobiles (collectivement, le \u00absite Web\u00bb). Ces conditions d&rsquo;utilisation r\u00e9gissent \u00e9galement la vente de produits et services par webwilly et \/ ou ses affili\u00e9s et \/ ou ses revendeurs et \/ ou fournisseurs et \/ ou sous-traitants si webwilly (\u00abwebwilly\u00bb, \u00abnous\u00bb, \u00abnous\u00bb, ou \u00abNotre\u00bb) est impliqu\u00e9e directement ou indirectement.<\/p>\n\n<p>En acc\u00e9dant au site Web, vous acceptez d&rsquo;\u00eatre li\u00e9 par ces conditions d&rsquo;utilisation.<\/p>\n\n<p>Pour continuer \u00e0 acc\u00e9der au site Web, vous devez avoir l&rsquo;autorisation d&rsquo;accepter et d&rsquo;accepter pleinement ces conditions d&rsquo;utilisation au nom de l&rsquo;entreprise, de l&rsquo;organisation ou de l&rsquo;entit\u00e9 de quelque nature que ce soit que vous repr\u00e9sentez.<\/p>\n\n<p>Chaque offre, produit, service, commande, transaction, accord et \u00e9change de quelque nature que ce soit sur le site Web est li\u00e9 par les pr\u00e9sentes conditions d&rsquo;utilisation. Seules les conditions d&rsquo;utilisation sp\u00e9cifi\u00e9es dans ce document s&rsquo;appliquent, toutes les autres conditions \u00e9nonc\u00e9es par le client ou au nom du client sont rejet\u00e9es et ne s&rsquo;appliquent pas.<\/p>\n\n<p>webwilly se r\u00e9serve le droit de modifier les pr\u00e9sentes conditions d&rsquo;utilisation ou le site Web sans pr\u00e9avis. Ces conditions d&rsquo;utilisation doivent \u00eatre lues chaque fois que vous acc\u00e9dez au site Web.<\/p>\n\n<p>Vous acceptez que webwilly puisse communiquer avec vous concernant des questions juridiques et autres par courrier \u00e9lectronique (e-mail) et\/ou en mettant \u00e0 jour le site Web \u00e0 notre discr\u00e9tion. Si vous n\u00e9gligez de lire les communications ou souhaitez retirer votre consentement aux communications \u00e9lectroniques, nous nous r\u00e9servons le droit de suspendre et\/ou de fermer votre compte.<\/p>\n\n<h3 class=\"wp-block-heading\">Conditions de vente<\/h3>\n\n<p>Vous devez avoir compl\u00e9t\u00e9 votre inscription en tant que client et repr\u00e9senter une entit\u00e9 qu\u00e9b\u00e9coise pour acheter ou commander tout produit ou service sur le site Web. Vous \u00eates responsable de votre compte et de chaque achat effectu\u00e9 par ce compte. webwilly peut suspendre, bloquer ou supprimer votre compte \u00e0 tout moment en cas de violation des pr\u00e9sentes conditions.<\/p>\n\n<h3 class=\"wp-block-heading\">Mat\u00e9riel prot\u00e9g\u00e9 par des droits d&rsquo;auteur \u00e0 usage limit\u00e9<\/h3>\n\n<p>webwilly conserve les droits sur tout le contenu pr\u00e9sent\u00e9, ce qui inclut, mais sans s&rsquo;y limiter, les images, textes, logos, portfolios, mod\u00e8les, descriptions, exemples, maquettes et autres formes de contenu (appel\u00e9s \u00ab\u00a0contenu\u00a0\u00bb). Il est strictement interdit de conserver, copier, distribuer, publier ou utiliser tout contenu trouv\u00e9 sur le site Web. webwilly se r\u00e9serve le droit d&rsquo;ajouter, de modifier ou de supprimer tout contenu \u00e0 tout moment et sans pr\u00e9avis.<\/p>\n\n<p>webwilly vend des services de design de logo, de design de sites Web et d&rsquo;autres services de design (appel\u00e9 \u00ab\u00a0design \u00bb) lorsqu&rsquo;une maquette, un design ou un design final peut \u00eatre similaire ou identique \u00e0 un design d\u00e9j\u00e0 existant. webwilly ne fournit aucune garantie que les designs vendus sur le site Web ne porteront pas atteinte, ou ne feront pas l&rsquo;objet d&rsquo;une r\u00e9clamation pour contrefa\u00e7on, la marque ou d&rsquo;autres droits d&rsquo;une autre partie.<\/p>\n\n<h3 class=\"wp-block-heading\">Clause de non-responsabilit\u00e9<\/h3>\n\n<p>webwilly n&rsquo;est pas responsable en cas de perte, responsabilit\u00e9 et\/ou dommage, qu&rsquo;il soit direct, indirect et\/ou cons\u00e9cutif. Cela inclut, mais sans s&rsquo;y limiter, la perte d&rsquo;affaires, de clients, d&rsquo;argent, de sant\u00e9 et de temps \u00e0 cause de l&rsquo;utilisation des produits et services de webwilly. Nous n&rsquo;exploitons pas votre entreprise et ne pouvons \u00eatre tenus responsables de ses performances. Cette clause de non-responsabilit\u00e9 s&rsquo;applique \u00e0 tous les produits et services, y compris les conseils payants et les conseils non r\u00e9mun\u00e9r\u00e9s, par webwilly. Cette clause de non-responsabilit\u00e9 n&rsquo;est pas applicable dans le cas o\u00f9 webwilly a caus\u00e9 des dommages intentionnellement ou en raison d&rsquo;une imprudence, d&rsquo;un manque de soin ou d&rsquo;une n\u00e9gligence extr\u00eame. L&rsquo;environnement commercial est rempli de forces externes, de concurrents, de r\u00e9glementations et de risques impr\u00e9visibles et webwilly ne peut \u00eatre tenu pour responsable de ses performances.<\/p>\n\n<p>Cette clause de non-responsabilit\u00e9 comprend \u00e9galement, mais sans s&rsquo;y limiter, le contenu du site Web de webwilly ou pr\u00e9sent\u00e9 par le biais d&rsquo;autres formes de m\u00e9dias par webwilly. M\u00eame lorsqu&rsquo;un sc\u00e9nario pr\u00e9sent\u00e9 par webwilly ressemble \u00e0 votre entreprise, le contenu n&rsquo;est pas une forme de conseil et ne doit pas \u00eatre pris en compte dans votre prise de d\u00e9cision. webwilly n&rsquo;est pas responsable si vous choisissez de suivre, partiellement ou compl\u00e8tement, tout contenu.<\/p>\n\n<p>webwilly fournit ce site Web \u00ab tel quel \u00bb et ne pr\u00e9tend pas que ce site Web est exempt d&rsquo;erreurs ou qu&rsquo;il restera disponible \u00e0 tout moment. Si vous rencontrez des probl\u00e8mes lors de l&rsquo;utilisation de notre site Web, veuillez nous en informer en utilisant le formulaire de contact. Toutes les suggestions ou commentaires fournis seront consid\u00e9r\u00e9s comme exempts de toute r\u00e9clamation de propri\u00e9t\u00e9 intellectuelle.<\/p>\n\n<h3 class=\"wp-block-heading\">Clause de non-responsabilit\u00e9 des affili\u00e9s<\/h3>\n\n<p>Dans une d\u00e9marche d&rsquo;offre de service unifi\u00e9e \u00e0 nos clients, webwilly entretient des relations commerciales sous forme d&rsquo;affiliation avec d&rsquo;autres entreprises de confiance. Par cons\u00e9quent, webwilly est pay\u00e9 sous la forme d&rsquo;une commission lorsqu&rsquo;un visiteur du site Web clique sur un lien qui m\u00e8ne \u00e0 l&rsquo;un de nos affili\u00e9s commerciaux de confiance et effectue un achat. Certaines conditions doivent \u00eatre remplies pour que cette transaction d&rsquo;affiliation soit correctement enregistr\u00e9e. Cela inclut, mais sans s&rsquo;y limiter, le suivi des visiteurs par webwilly et par l&rsquo;entreprise de confiance et ses partenaires.<\/p>\n\n<h3 class=\"wp-block-heading\">Protection des donn\u00e9es pour les transactions mon\u00e9taires<\/h3>\n\n<p>webwilly n&rsquo;aura jamais acc\u00e8s, traiter ou conserver les informations de votre carte de cr\u00e9dit. Stripe et d&rsquo;autres soci\u00e9t\u00e9s associ\u00e9es accepteront, traiteront et \u00e9ventuellement stockeront vos informations de paiement.<\/p>\n\n<p>Veuillez consulter la politique de confidentialit\u00e9 de Stripe pour plus de d\u00e9tails sur la protection des donn\u00e9es.<\/p>\n\n<h3 class=\"wp-block-heading\">Utilisation des informations<\/h3>\n\n<p>Les informations personnelles que vous fournissez \u00e0 webwilly seront collect\u00e9es afin de personnaliser nos services et nos communications. Les informations commerciales que vous fournissez \u00e0 webwilly seront collect\u00e9es pour aider \u00e0 \u00e9clairer le processus de prise de d\u00e9cision concernant les produits et services que vous achetez.<\/p>\n\n<h3 class=\"wp-block-heading\">Disputes<\/h3>\n\n<p>Si vous pensez que webwilly a fait quelque chose pour nuire, intentionnellement ou non, \u00e0 votre entreprise ou \u00e0 votre personne, veuillez nous en informer afin que nous puissions rectifier la situation. Les litiges juridiques entre webwilly et le client auront lieu au Qu\u00e9bec.<\/p>\n\n<h3 class=\"wp-block-heading\">Modalit\u00e9s de paiement<\/h3>\n\n<p>Le client est tenu de payer \u00e0 webwilly par carte de cr\u00e9dit la totalit\u00e9 du montant d\u00fb lors de la transaction initiale avant que tout travail ne soit effectu\u00e9. webwilly se r\u00e9serve le droit d&rsquo;attendre qu&rsquo;un paiement ait \u00e9t\u00e9 effectu\u00e9 avant de traiter la commande partiellement ou compl\u00e8tement. Dans le cas o\u00f9 le paiement n&rsquo;est pas re\u00e7u, webwilly se r\u00e9serve le droit d&rsquo;annuler la commande. Dans le cas o\u00f9 webwilly d\u00e9cide d&rsquo;attendre que le paiement soit re\u00e7u, la date de livraison du service ou du produit est calcul\u00e9e en utilisant la date \u00e0 laquelle le paiement a \u00e9t\u00e9 compens\u00e9, m\u00eame si la date de livraison a \u00e9t\u00e9 pr\u00e9alablement calcul\u00e9e en utilisant la date de paiement.<\/p>\n\n<h3 class=\"wp-block-heading\">Usage pr\u00e9vu<\/h3>\n\n<p>webwilly a cr\u00e9\u00e9 un site Web de commerce \u00e9lectronique en ligne pour rationaliser le processus de vente de ses services et produits marketing aux clients. Nos clients doivent toujours utiliser le site Web de la mani\u00e8re pr\u00e9vue pour b\u00e9n\u00e9ficier \u00e0 la fois au client et \u00e0 webwilly. L&rsquo;utilisation involontaire du site Web est interdite. Toute transaction ou action qui entra\u00eene des cons\u00e9quences involontaires pour webwilly ou le client sera consid\u00e9r\u00e9e comme une violation de nos conditions d&rsquo;utilisation. webwilly peut donc annuler toutes les transactions ill\u00e9gitimes trait\u00e9es, demander une compensation pour les ressources perdues et faire rapport aux autorit\u00e9s ou intenter une action en justice. Veuillez signaler toute possibilit\u00e9 d&rsquo;utilisation involontaire \u00e0 webwilly.<\/p>\n\n<h3 class=\"wp-block-heading\">Exigences et obligations contractuelles<\/h3>\n\n<p>webwilly est situ\u00e9 au Qu\u00e9bec, Canada et doit donc suivre les lois et r\u00e8glements du Qu\u00e9bec lorsqu&rsquo;il s&rsquo;agit de conclure des affaires en ligne. Heureusement, ces lois aident \u00e0 prot\u00e9ger le consommateur et appliquent des contraintes et des attentes \u00e0 nos processus.<\/p>\n\n<p>Vous pouvez en savoir plus sur ces lois, en fran\u00e7ais, ici:<\/p>\n\n<p><a href=\"https:\/\/www.opc.gouv.qc.ca\/commercant\/pratique-commerce\/contrats-internet\/\">Office de la protection du consommateur<\/a><\/p>\n\n<p><strong> Tous les contrats au Qu\u00e9bec sont assortis des garanties gratuites suivantes: <\/strong><\/p>\n\n<ol class=\"wp-block-list\"><li>Utilisation garantie.<\/li><li>Dur\u00e9e de vie raisonnable garantie.<\/li><li>Garanti contre les vices cach\u00e9s.<\/li><\/ol>\n\n<p><strong> Nous respecterons ces lois, car c&rsquo;est la loi et: <\/strong> <\/p>\n\n<ol class=\"wp-block-list\"><li>Nous voulons que vous utilisiez le marketing que nous vendons.<\/li><li>Diff\u00e9rents supports de marketing ont des dur\u00e9es de vie diff\u00e9rentes.<\/li><li>Nous voulons savoir si vous trouvez quelque chose de d\u00e9fectueux dans notre travail.<\/li><\/ol>\n\n<h3 class=\"wp-block-heading\">Contr\u00f4le de compte<\/h3>\n\n<p>webwilly conserve un contr\u00f4le total sur tous les comptes utilisateurs qui permettent d&rsquo;acc\u00e9der \u00e0 l&rsquo;achat de produits et services sur le site Web de commerce \u00e9lectronique webwilly et d&rsquo;autres sites Web webwilly. Si webwilly soup\u00e7onne ou d\u00e9termine qu\u2019un visiteur du site Web ou un client ne respecte pas les termes et conditions pr\u00e9sent\u00e9s dans ce document, webwilly peut restreindre l\u2019acc\u00e8s de l\u2019utilisateur. \u00c0 la discr\u00e9tion de webwilly, un utilisateur peut \u00eatre averti, suspendu, ou banni s&rsquo;il est soup\u00e7onn\u00e9 ou d\u00e9termin\u00e9 d&rsquo;avoir enfreint l&rsquo;un des termes et conditions.<\/p>\n","protected":false},"excerpt":{"rendered":"<p>Veuillez lire attentivement les conditions d&rsquo;utilisation qui r\u00e9gissent votre acc\u00e8s aux sites Web Webwilly et aux sites mobiles (collectivement, le \u00absite Web\u00bb). Ces conditions d&rsquo;utilisation r\u00e9gissent \u00e9galement la vente de produits et services par webwilly et \/ ou ses affili\u00e9s et \/ ou ses revendeurs et \/ ou fournisseurs et \/ ou sous-traitants si webwilly [&hellip;]<\/p>\n","protected":false},"author":12,"featured_media":0,"parent":0,"menu_order":0,"comment_status":"closed","ping_status":"closed","template":"","meta":{"_genesis_hide_title":false,"_genesis_hide_breadcrumbs":false,"_genesis_hide_singular_image":false,"_genesis_hide_footer_widgets":false,"_genesis_custom_body_class":"","_genesis_custom_post_class":"","_genesis_layout":"","footnotes":""},"class_list":{"0":"post-18684","1":"page","2":"type-page","3":"status-publish","5":"entry"},"_links":{"self":[{"href":"https:\/\/webwilly.ca\/fr\/wp-json\/wp\/v2\/pages\/18684","targetHints":{"allow":["GET"]}}],"collection":[{"href":"https:\/\/webwilly.ca\/fr\/wp-json\/wp\/v2\/pages"}],"about":[{"href":"https:\/\/webwilly.ca\/fr\/wp-json\/wp\/v2\/types\/page"}],"author":[{"embeddable":true,"href":"https:\/\/webwilly.ca\/fr\/wp-json\/wp\/v2\/users\/12"}],"replies":[{"embeddable":true,"href":"https:\/\/webwilly.ca\/fr\/wp-json\/wp\/v2\/comments?post=18684"}],"version-history":[{"count":0,"href":"https:\/\/webwilly.ca\/fr\/wp-json\/wp\/v2\/pages\/18684\/revisions"}],"wp:attachment":[{"href":"https:\/\/webwilly.ca\/fr\/wp-json\/wp\/v2\/media?parent=18684"}],"curies":[{"name":"wp","href":"https:\/\/api.w.org\/{rel}","templated":true}]}}