{"id":18681,"date":"2021-05-14T16:34:27","date_gmt":"2021-05-14T16:34:27","guid":{"rendered":"https:\/\/webwilly.ca\/?page_id=18681"},"modified":"2021-07-17T12:42:45","modified_gmt":"2021-07-17T16:42:45","slug":"politique-de-confidentialite","status":"publish","type":"page","link":"https:\/\/webwilly.ca\/fr\/politique-de-confidentialite\/","title":{"rendered":"Politique de confidentialit\u00e9"},"content":{"rendered":"\n<p>Cette politique de confidentialit\u00e9 s&rsquo;applique \u00e0 tous les visiteurs utilisant le site Web. Si vous n&rsquo;\u00eates pas d&rsquo;accord avec cette politique de confidentialit\u00e9, vous ne devez pas utiliser ce site Web.<\/p>\n\n<p>L&rsquo;adresse de notre site Web est : webwilly.ca<\/p>\n\n<h3 class=\"wp-block-heading\">Informations personnelles collect\u00e9es<\/h3>\n\n<p>Les seules informations personnelles que nous collectons sont les informations personnelles que vous nous fournissez lorsque vous nous contactez ou que vous enregistrez votre entreprise aupr\u00e8s de webwilly. Cela inclura, sans s&rsquo;y limiter, votre pr\u00e9nom, nom, e-mail, num\u00e9ro de t\u00e9l\u00e9phone, adresse et adresse IP.<\/p>\n\n<h3 class=\"wp-block-heading\">Informations d&rsquo;affaires<\/h3>\n\n<p>Nous collectons les informations relatives \u00e0 votre entreprise que vous nous fournissez. Cela inclut, mais sans s&rsquo;y limiter, les informations de votre entreprise telles que les noms commerciaux, les noms des employ\u00e9s, les num\u00e9ros de t\u00e9l\u00e9phone, les e-mails, les adresses. Nous essayons \u00e9galement de collecter des informations plus d\u00e9taill\u00e9es sur vos produits et services, les prix, les d\u00e9tails internes, la structure de l&rsquo;entreprise, les politiques, les concurrents, les efforts de marketing, les objectifs, les buts, les plans, etc. webwilly ne divulguera pas inutilement les informations de votre entreprise \u00e0 des tiers. webwilly ne vendra jamais les informations de votre entreprise. webwilly utilisera ces informations commerciales pour cr\u00e9er votre profil commercial interne afin de mieux personnaliser nos services.<\/p>\n\n<h3 class=\"wp-block-heading\">Cookies<\/h3>\n\n<p>Les cookies sont utilis\u00e9s pour suivre votre utilisation du site Web.<\/p>\n\n<p>Lorsque vous vous connectez, nous mettrons \u00e9galement en place plusieurs cookies pour enregistrer vos informations de connexion et vos choix d&rsquo;affichage \u00e0 l&rsquo;\u00e9cran. Les cookies de connexion durent deux jours et les cookies d&rsquo;options d&rsquo;\u00e9cran durent un an. Si vous s\u00e9lectionnez \u00ab\u00a0Se souvenir de moi\u00a0\u00bb, votre connexion persistera pendant deux semaines. Si vous vous d\u00e9connectez de votre compte, les cookies de connexion seront supprim\u00e9s.<\/p>\n\n<p>Si vous modifiez ou publiez un article, un cookie suppl\u00e9mentaire sera enregistr\u00e9 dans votre navigateur. Ce cookie ne contient aucune donn\u00e9e personnelle et indique simplement l&rsquo;ID de publication de l&rsquo;article que vous venez de modifier. Il expire apr\u00e8s 1 jour.<\/p>\n\n<h3 class=\"wp-block-heading\">Google Analytics<\/h3>\n\n<p>webwilly utilise Google Analytics pour suivre les utilisateurs visitant le site Web. Google Analytics utilise des cookies et d&rsquo;autres technologies de suivi pour surveiller le comportement et l&rsquo;utilisation de ce site Web. webwilly peut utiliser ces cookies dans des efforts de remarketing afin que les anciens visiteurs du site Web puissent voir les publicit\u00e9s de webwilly sur d&rsquo;autres sites Web. webwilly utilise \u00e9galement ces donn\u00e9es pour \u00e9valuer la performance globale du site Web.<\/p>\n\n<h3 class=\"wp-block-heading\">Plugin Facebook Pixel &amp; Messagerie<\/h3>\n\n<p>webwilly utilise le pixel Facebook pour suivre les utilisateurs visitant le site Web. Le pixel Facebook suit les visiteurs et leur utilisation du site Web. Le pixel Facebook a \u00e9galement des capacit\u00e9s de correspondance qui tenteront de faire correspondre le compte Facebook existant des visiteurs \u00e0 l&rsquo;aide de cookies et d&rsquo;informations utilisateur. webwilly peut utiliser ces capacit\u00e9s de suivi dans des efforts de remarketing afin que les anciens visiteurs du site Web puissent voir les publicit\u00e9s de webwilly sur Facebook. Le plugin de messagerie Facebook peut exiger que le visiteur se connecte \u00e0 Facebook avant d&rsquo;envoyer des messages \u00e0 webwilly. webwilly recevra ce message sur sa page professionnelle Facebook et pourra voir qui a envoy\u00e9 le message comme n&rsquo;importe quel autre message Facebook.<\/p>\n\n<h3 class=\"wp-block-heading\">Suivi de s\u00e9curit\u00e9<\/h3>\n\n<p>webwilly utilise une s\u00e9curit\u00e9 tierce pour suivre et s\u00e9curiser l&rsquo;utilisation du site Web. Ce suivi de s\u00e9curit\u00e9 utilise des cookies pour v\u00e9rifier les capacit\u00e9s du visiteur et son niveau d&rsquo;acc\u00e8s au site Web. Ce suivi de s\u00e9curit\u00e9 enregistre les informations de l&rsquo;utilisateur, telles que son adresse IP, l&rsquo;agent utilisateur et le r\u00e9f\u00e9rent, dans les bases de donn\u00e9es webwilly. Lorsqu&rsquo;une adresse IP est malveillante ou n\u00e9cessite une enqu\u00eate plus approfondie, ces informations de suivi seront envoy\u00e9es \u00e0 la soci\u00e9t\u00e9 de s\u00e9curit\u00e9 tierce.<\/p>\n\n<h3 class=\"wp-block-heading\">S\u00e9curit\u00e9 du compte<\/h3>\n\n<p>Vous \u00eates responsable de la bonne utilisation de votre compte webwilly, de son mot de passe et de sa s\u00e9curit\u00e9.<\/p>\n\n<h3 class=\"wp-block-heading\">Liens externes<\/h3>\n\n<p>Lorsque vous utilisez des liens externes pour quitter le site Web webwilly, les informations personnelles que vous fournissez \u00e0 ces sites Web externes ne sont pas couvertes par cette politique de confidentialit\u00e9.<\/p>\n\n<h3 class=\"wp-block-heading\">M\u00e9dias<\/h3>\n\n<p>Si vous t\u00e9l\u00e9chargez des images sur le site Web, vous devez \u00e9viter de t\u00e9l\u00e9charger des images avec des donn\u00e9es de localisation int\u00e9gr\u00e9es (EXIF GPS) incluses. Les visiteurs du site Web peuvent t\u00e9l\u00e9charger et extraire toutes les donn\u00e9es de localisation des images du site Web.<\/p>\n\n<h3 class=\"wp-block-heading\">Contenu int\u00e9gr\u00e9 d&rsquo;autres sites Web<\/h3>\n\n<p>Les articles de ce site peuvent inclure du contenu int\u00e9gr\u00e9 (par exemple des vid\u00e9os, des images, des articles, etc.). Le contenu int\u00e9gr\u00e9 d&rsquo;autres sites Web se comporte exactement de la m\u00eame mani\u00e8re que si le visiteur avait visit\u00e9 l&rsquo;autre site Web.<\/p>\n\n<p>Ces sites Web peuvent collecter des donn\u00e9es \u00e0 votre sujet, utiliser des cookies, int\u00e9grer un suivi tiers suppl\u00e9mentaire et surveiller votre interaction avec ce contenu int\u00e9gr\u00e9, y compris le suivi de votre interaction avec le contenu int\u00e9gr\u00e9 si vous avez un compte et \u00eates connect\u00e9 \u00e0 ce site Web.<\/p>\n\n<h2 class=\"wp-block-heading\">Combien de temps nous conservons vos donn\u00e9es<\/h2>\n\n<p>Pour les utilisateurs qui s&rsquo;inscrivent sur notre site Web, nous stockons les informations personnelles qu&rsquo;ils fournissent dans leur profil d&rsquo;utilisateur. Tous les utilisateurs peuvent voir, modifier ou supprimer leurs informations personnelles \u00e0 tout moment (sauf qu&rsquo;ils ne peuvent pas changer leur nom d&rsquo;utilisateur). Les administrateurs du site Web peuvent \u00e9galement voir et modifier ces informations.<\/p>\n\n<h2 class=\"wp-block-heading\">Quels droits vous avez sur vos donn\u00e9es<\/h2>\n\n<p>Si vous avez un compte sur ce site, vous pouvez demander \u00e0 recevoir un fichier export\u00e9 des donn\u00e9es personnelles que nous d\u00e9tenons \u00e0 votre sujet, y compris les donn\u00e9es que vous nous avez fournies. Vous pouvez \u00e9galement demander que nous effacions toutes les donn\u00e9es personnelles que nous d\u00e9tenons \u00e0 votre sujet. Cela n&rsquo;inclut pas les donn\u00e9es que nous sommes oblig\u00e9s de conserver \u00e0 des fins administratives, juridiques ou de s\u00e9curit\u00e9.<\/p>\n","protected":false},"excerpt":{"rendered":"<p>Cette politique de confidentialit\u00e9 s&rsquo;applique \u00e0 tous les visiteurs utilisant le site Web. Si vous n&rsquo;\u00eates pas d&rsquo;accord avec cette politique de confidentialit\u00e9, vous ne devez pas utiliser ce site Web. L&rsquo;adresse de notre site Web est : webwilly.ca Informations personnelles collect\u00e9es Les seules informations personnelles que nous collectons sont les informations personnelles que vous [&hellip;]<\/p>\n","protected":false},"author":12,"featured_media":0,"parent":0,"menu_order":0,"comment_status":"closed","ping_status":"open","template":"","meta":{"_genesis_hide_title":false,"_genesis_hide_breadcrumbs":false,"_genesis_hide_singular_image":false,"_genesis_hide_footer_widgets":false,"_genesis_custom_body_class":"","_genesis_custom_post_class":"","_genesis_layout":"","footnotes":""},"class_list":{"0":"post-18681","1":"page","2":"type-page","3":"status-publish","5":"entry"},"_links":{"self":[{"href":"https:\/\/webwilly.ca\/fr\/wp-json\/wp\/v2\/pages\/18681","targetHints":{"allow":["GET"]}}],"collection":[{"href":"https:\/\/webwilly.ca\/fr\/wp-json\/wp\/v2\/pages"}],"about":[{"href":"https:\/\/webwilly.ca\/fr\/wp-json\/wp\/v2\/types\/page"}],"author":[{"embeddable":true,"href":"https:\/\/webwilly.ca\/fr\/wp-json\/wp\/v2\/users\/12"}],"replies":[{"embeddable":true,"href":"https:\/\/webwilly.ca\/fr\/wp-json\/wp\/v2\/comments?post=18681"}],"version-history":[{"count":0,"href":"https:\/\/webwilly.ca\/fr\/wp-json\/wp\/v2\/pages\/18681\/revisions"}],"wp:attachment":[{"href":"https:\/\/webwilly.ca\/fr\/wp-json\/wp\/v2\/media?parent=18681"}],"curies":[{"name":"wp","href":"https:\/\/api.w.org\/{rel}","templated":true}]}}