{"id":18596,"date":"2021-05-12T01:29:12","date_gmt":"2021-05-12T01:29:12","guid":{"rendered":"https:\/\/webwilly.ca\/?page_id=18596"},"modified":"2023-10-29T22:35:14","modified_gmt":"2023-10-30T02:35:14","slug":"mon-profil-d-entreprise","status":"publish","type":"page","link":"https:\/\/webwilly.ca\/fr\/mon-profil-d-entreprise\/","title":{"rendered":"Mon profil d&rsquo;entreprise"},"content":{"rendered":"\n<div class=\"wp-block-columns has-2-columns is-layout-flex wp-container-core-columns-is-layout-9d6595d7 wp-block-columns-is-layout-flex\">\n<div class=\"wp-block-column is-layout-flow wp-block-column-is-layout-flow\">\n<p class=\"has-text-align-center has-text-color\" style=\"color:#ff6600\"><strong>Nous nous soucions de votre r\u00e9ussite<\/strong><\/p>\n\n\n<div class=\"wp-block-image\">\n<figure class=\"aligncenter size-large\"><img loading=\"lazy\" decoding=\"async\" width=\"75\" height=\"75\" src=\"https:\/\/webwilly.ca\/wp-content\/uploads\/2021\/04\/webwilly-trust-transparency-teamwork-3.png\" alt=\"\" class=\"wp-image-18542\"\/><\/figure>\n<\/div>\n\n\n<p class=\"has-text-align-center\">Utilisez cette page pour nous fournir des informations \u00e0 jour sur votre entreprise. Chacun de ces formulaires peut \u00eatre soumis de nouveau lorsque vous souhaitez nous informer d&rsquo;un changement.<\/p>\n<\/div>\n\n\n\n<div class=\"wp-block-column is-layout-flow wp-block-column-is-layout-flow\">\n<p class=\"has-text-align-center has-text-color\" style=\"color:#ff6600\"><strong> Confiance, transparence, et travail d&rsquo;\u00e9quipe <\/strong><\/p>\n\n\n<div class=\"wp-block-image\">\n<figure class=\"aligncenter size-large\"><img loading=\"lazy\" decoding=\"async\" width=\"75\" height=\"75\" src=\"https:\/\/webwilly.ca\/wp-content\/uploads\/2021\/04\/webwilly-trust-transparency-teamwork-4.png\" alt=\"\" class=\"wp-image-18544\"\/><\/figure>\n<\/div>\n\n\n<p class=\"has-text-align-center\">Nous utilisons les informations fournies ici pour cr\u00e9er votre profil d&rsquo;entreprise. Cela peut nous aider \u00e0 mieux planifier, d\u00e9signer, et ex\u00e9cuter votre marketing. Toutes les donn\u00e9es sont stock\u00e9es en toute s\u00e9curit\u00e9.<\/p>\n<\/div>\n<\/div>\n\n<div style=\"height:100px\" aria-hidden=\"true\" class=\"wp-block-spacer\"><\/div>\n\n<h2 class=\"wp-block-heading has-text-align-center has-text-color\" style=\"color:#ff6600\">Profil d&rsquo;entreprise essentiel<\/h2>\n\n<div style=\"height:50px\" aria-hidden=\"true\" class=\"wp-block-spacer\"><\/div>\n\n<div class=\"wp-block-columns are-vertically-aligned-center is-layout-flex wp-container-core-columns-is-layout-9d6595d7 wp-block-columns-is-layout-flex\">\n<div class=\"wp-block-column is-vertically-aligned-center is-layout-flow wp-block-column-is-layout-flow\">\n<h3 class=\"wp-block-heading has-text-align-center has-black-color has-text-color\">Logo<\/h3>\n\n\n\n<p class=\"has-text-align-center\">Le logo principal de votre entreprise et ses diff\u00e9rents variants.<\/p>\n\n\n\n<div class=\"wp-block-buttons is-horizontal is-content-justification-center is-layout-flex wp-container-core-buttons-is-layout-499968f5 wp-block-buttons-is-layout-flex\">\n<div class=\"wp-block-button\"><a class=\"wp-block-button__link has-background wp-element-button\" href=\"https:\/\/webwilly.ca\/my-business-profile\/logo-and-brand\/\" style=\"background-color:#ff6600\">Logo<\/a><\/div>\n<\/div>\n<\/div>\n\n\n\n<div class=\"wp-block-column is-vertically-aligned-center is-layout-flow wp-block-column-is-layout-flow\"><div class=\"wp-block-image\">\n<figure class=\"aligncenter size-full\"><img loading=\"lazy\" decoding=\"async\" width=\"850\" height=\"567\" src=\"https:\/\/webwilly.ca\/wp-content\/uploads\/2022\/05\/small-business-profile-5.jpg\" alt=\"\" class=\"wp-image-27462\" srcset=\"https:\/\/webwilly.ca\/wp-content\/uploads\/2022\/05\/small-business-profile-5.jpg 850w, https:\/\/webwilly.ca\/wp-content\/uploads\/2022\/05\/small-business-profile-5-300x200.jpg 300w, https:\/\/webwilly.ca\/wp-content\/uploads\/2022\/05\/small-business-profile-5-768x512.jpg 768w\" sizes=\"auto, (max-width: 850px) 100vw, 850px\" \/><\/figure>\n<\/div><\/div>\n<\/div>\n\n<div style=\"height:100px\" aria-hidden=\"true\" class=\"wp-block-spacer\"><\/div>\n\n<div class=\"wp-block-columns are-vertically-aligned-center is-layout-flex wp-container-core-columns-is-layout-9d6595d7 wp-block-columns-is-layout-flex\">\n<div class=\"wp-block-column is-vertically-aligned-center is-layout-flow wp-block-column-is-layout-flow\"><div class=\"wp-block-image\">\n<figure class=\"aligncenter size-full\"><img loading=\"lazy\" decoding=\"async\" width=\"850\" height=\"567\" src=\"https:\/\/webwilly.ca\/wp-content\/uploads\/2022\/05\/small-business-profile-3.jpg\" alt=\"\" class=\"wp-image-27466\" srcset=\"https:\/\/webwilly.ca\/wp-content\/uploads\/2022\/05\/small-business-profile-3.jpg 850w, https:\/\/webwilly.ca\/wp-content\/uploads\/2022\/05\/small-business-profile-3-300x200.jpg 300w, https:\/\/webwilly.ca\/wp-content\/uploads\/2022\/05\/small-business-profile-3-768x512.jpg 768w\" sizes=\"auto, (max-width: 850px) 100vw, 850px\" \/><\/figure>\n<\/div><\/div>\n\n\n\n<div class=\"wp-block-column is-vertically-aligned-center is-layout-flow wp-block-column-is-layout-flow\">\n<h3 class=\"wp-block-heading has-text-align-center has-black-color has-text-color\">Objectifs<\/h3>\n\n\n\n<p class=\"has-text-align-center\">Objectifs et strat\u00e9gies \u00e0 court et \u00e0 long terme de votre entreprise.<\/p>\n\n\n\n<div class=\"wp-block-buttons is-horizontal is-content-justification-center is-layout-flex wp-container-core-buttons-is-layout-499968f5 wp-block-buttons-is-layout-flex\">\n<div class=\"wp-block-button\"><a class=\"wp-block-button__link has-background wp-element-button\" href=\"https:\/\/webwilly.ca\/my-business-profile\/objectives-and-strategies\/\" style=\"background-color:#ff6600\">Objectifs<\/a><\/div>\n<\/div>\n<\/div>\n<\/div>\n\n<div style=\"height:100px\" aria-hidden=\"true\" class=\"wp-block-spacer\"><\/div>\n\n<div class=\"wp-block-columns are-vertically-aligned-center is-layout-flex wp-container-core-columns-is-layout-9d6595d7 wp-block-columns-is-layout-flex\">\n<div class=\"wp-block-column is-vertically-aligned-center is-layout-flow wp-block-column-is-layout-flow\">\n<h3 class=\"wp-block-heading has-text-align-center has-black-color has-text-color\">Mission et valeurs<\/h3>\n\n\n\n<p class=\"has-text-align-center\">L&rsquo;\u00e9nonc\u00e9 de mission de votre entreprise et les valeurs fondamentales qu&rsquo;elle repr\u00e9sente.<\/p>\n\n\n\n<div class=\"wp-block-buttons is-horizontal is-content-justification-center is-layout-flex wp-container-core-buttons-is-layout-499968f5 wp-block-buttons-is-layout-flex\">\n<div class=\"wp-block-button\"><a class=\"wp-block-button__link has-background wp-element-button\" href=\"https:\/\/webwilly.ca\/my-business-profile\/mission-values\/\" style=\"background-color:#ff6600\">Mission<\/a><\/div>\n<\/div>\n<\/div>\n\n\n\n<div class=\"wp-block-column is-vertically-aligned-center is-layout-flow wp-block-column-is-layout-flow\"><div class=\"wp-block-image\">\n<figure class=\"aligncenter size-full\"><img loading=\"lazy\" decoding=\"async\" width=\"850\" height=\"567\" src=\"https:\/\/webwilly.ca\/wp-content\/uploads\/2022\/05\/small-business-profile-6.jpg\" alt=\"\" class=\"wp-image-27464\" srcset=\"https:\/\/webwilly.ca\/wp-content\/uploads\/2022\/05\/small-business-profile-6.jpg 850w, https:\/\/webwilly.ca\/wp-content\/uploads\/2022\/05\/small-business-profile-6-300x200.jpg 300w, https:\/\/webwilly.ca\/wp-content\/uploads\/2022\/05\/small-business-profile-6-768x512.jpg 768w\" sizes=\"auto, (max-width: 850px) 100vw, 850px\" \/><\/figure>\n<\/div><\/div>\n<\/div>\n\n<div style=\"height:100px\" aria-hidden=\"true\" class=\"wp-block-spacer\"><\/div>\n\n<div class=\"wp-block-columns are-vertically-aligned-center is-layout-flex wp-container-core-columns-is-layout-9d6595d7 wp-block-columns-is-layout-flex\">\n<div class=\"wp-block-column is-vertically-aligned-center is-layout-flow wp-block-column-is-layout-flow\">\n<figure class=\"wp-block-image size-full\"><img loading=\"lazy\" decoding=\"async\" width=\"850\" height=\"621\" src=\"https:\/\/webwilly.ca\/wp-content\/uploads\/2022\/05\/small-business-profile-1.jpg\" alt=\"\" class=\"wp-image-27468\" srcset=\"https:\/\/webwilly.ca\/wp-content\/uploads\/2022\/05\/small-business-profile-1.jpg 850w, https:\/\/webwilly.ca\/wp-content\/uploads\/2022\/05\/small-business-profile-1-300x219.jpg 300w, https:\/\/webwilly.ca\/wp-content\/uploads\/2022\/05\/small-business-profile-1-768x561.jpg 768w\" sizes=\"auto, (max-width: 850px) 100vw, 850px\" \/><\/figure>\n<\/div>\n\n\n\n<div class=\"wp-block-column is-vertically-aligned-center is-layout-flow wp-block-column-is-layout-flow\">\n<h2 class=\"wp-block-heading has-text-align-center has-text-color\" style=\"color:#ff6600\">Profil d&rsquo;entreprise interne<\/h2>\n\n\n\n<p class=\"has-text-align-center\">Votre profil d&rsquo;entreprise interne peut \u00eatre utilis\u00e9 pour donner \u00e0 webwilly plus d&rsquo;informations sur votre entreprise.<\/p>\n\n\n\n<div class=\"wp-block-buttons is-content-justification-center is-layout-flex wp-container-core-buttons-is-layout-16018d1d wp-block-buttons-is-layout-flex\">\n<div class=\"wp-block-button\"><a class=\"wp-block-button__link has-background wp-element-button\" href=\"https:\/\/webwilly.ca\/fr\/mon-profil-d-entreprise\/mon-profil-dentreprise-interne\/\" style=\"background-color:#ff6600\">Profil interne<\/a><\/div>\n<\/div>\n<\/div>\n<\/div>\n\n<div style=\"height:100px\" aria-hidden=\"true\" class=\"wp-block-spacer\"><\/div>\n\n<div class=\"wp-block-columns are-vertically-aligned-center is-layout-flex wp-container-core-columns-is-layout-9d6595d7 wp-block-columns-is-layout-flex\">\n<div class=\"wp-block-column is-vertically-aligned-center is-layout-flow wp-block-column-is-layout-flow\">\n<h2 class=\"wp-block-heading has-text-align-center has-text-color\" style=\"color:#ff6600\">Profil d&rsquo;entreprise externe<\/h2>\n\n\n\n<p class=\"has-text-align-center\">Votre profil d&rsquo;entreprise externe peut \u00eatre utilis\u00e9 pour donner \u00e0 webwilly plus d&rsquo;informations sur votre secteur d&rsquo;activit\u00e9.<\/p>\n\n\n\n<div class=\"wp-block-buttons is-content-justification-center is-layout-flex wp-container-core-buttons-is-layout-16018d1d wp-block-buttons-is-layout-flex\">\n<div class=\"wp-block-button\"><a class=\"wp-block-button__link has-background wp-element-button\" href=\"https:\/\/webwilly.ca\/fr\/mon-profil-d-entreprise\/mon-profil-dentreprise-externe\/\" style=\"background-color:#ff6600\">Profil externe<\/a><\/div>\n<\/div>\n<\/div>\n\n\n\n<div class=\"wp-block-column is-vertically-aligned-center is-layout-flow wp-block-column-is-layout-flow\">\n<figure class=\"wp-block-image size-full\"><img loading=\"lazy\" decoding=\"async\" width=\"850\" height=\"567\" src=\"https:\/\/webwilly.ca\/wp-content\/uploads\/2022\/05\/small-business-profile-7.jpg\" alt=\"\" class=\"wp-image-27470\" srcset=\"https:\/\/webwilly.ca\/wp-content\/uploads\/2022\/05\/small-business-profile-7.jpg 850w, https:\/\/webwilly.ca\/wp-content\/uploads\/2022\/05\/small-business-profile-7-300x200.jpg 300w, https:\/\/webwilly.ca\/wp-content\/uploads\/2022\/05\/small-business-profile-7-768x512.jpg 768w\" sizes=\"auto, (max-width: 850px) 100vw, 850px\" \/><\/figure>\n<\/div>\n<\/div>\n","protected":false},"excerpt":{"rendered":"<p>Nous nous soucions de votre r\u00e9ussite Utilisez cette page pour nous fournir des informations \u00e0 jour sur votre entreprise. Chacun de ces formulaires peut \u00eatre soumis de nouveau lorsque vous souhaitez nous informer d&rsquo;un changement. Confiance, transparence, et travail d&rsquo;\u00e9quipe Nous utilisons les informations fournies ici pour cr\u00e9er votre profil d&rsquo;entreprise. Cela peut nous aider [&hellip;]<\/p>\n","protected":false},"author":12,"featured_media":27463,"parent":0,"menu_order":0,"comment_status":"closed","ping_status":"closed","template":"","meta":{"_genesis_hide_title":false,"_genesis_hide_breadcrumbs":false,"_genesis_hide_singular_image":false,"_genesis_hide_footer_widgets":false,"_genesis_custom_body_class":"","_genesis_custom_post_class":"","_genesis_layout":"full-width-content","footnotes":""},"class_list":{"0":"post-18596","1":"page","2":"type-page","3":"status-publish","4":"has-post-thumbnail","6":"entry"},"_links":{"self":[{"href":"https:\/\/webwilly.ca\/fr\/wp-json\/wp\/v2\/pages\/18596","targetHints":{"allow":["GET"]}}],"collection":[{"href":"https:\/\/webwilly.ca\/fr\/wp-json\/wp\/v2\/pages"}],"about":[{"href":"https:\/\/webwilly.ca\/fr\/wp-json\/wp\/v2\/types\/page"}],"author":[{"embeddable":true,"href":"https:\/\/webwilly.ca\/fr\/wp-json\/wp\/v2\/users\/12"}],"replies":[{"embeddable":true,"href":"https:\/\/webwilly.ca\/fr\/wp-json\/wp\/v2\/comments?post=18596"}],"version-history":[{"count":3,"href":"https:\/\/webwilly.ca\/fr\/wp-json\/wp\/v2\/pages\/18596\/revisions"}],"predecessor-version":[{"id":28743,"href":"https:\/\/webwilly.ca\/fr\/wp-json\/wp\/v2\/pages\/18596\/revisions\/28743"}],"wp:featuredmedia":[{"embeddable":true,"href":"https:\/\/webwilly.ca\/fr\/wp-json\/wp\/v2\/media\/27463"}],"wp:attachment":[{"href":"https:\/\/webwilly.ca\/fr\/wp-json\/wp\/v2\/media?parent=18596"}],"curies":[{"name":"wp","href":"https:\/\/api.w.org\/{rel}","templated":true}]}}